{"id":1283,"date":"2015-06-30T21:35:13","date_gmt":"2015-06-30T18:35:13","guid":{"rendered":"http:\/\/odysseus-contests.eu\/2016\/?page_id=1283"},"modified":"2015-07-12T02:06:57","modified_gmt":"2015-07-11T23:06:57","slug":"prix","status":"publish","type":"page","link":"https:\/\/odysseus-contests.eu\/2016\/fr\/pioneers\/prix\/","title":{"rendered":"Prix"},"content":{"rendered":"<p><img decoding=\"async\" loading=\"lazy\" class=\"img-responsive alignleft wp-image-342 size-full\" src=\"http:\/\/odysseus-contests.eu\/2016\/wp-content\/uploads\/2015\/05\/content-prizes-pioneers.jpg\" alt=\"content-prizes-pioneers\" width=\"700\" height=\"400\" srcset=\"https:\/\/odysseus-contests.eu\/2016\/wp-content\/uploads\/2015\/05\/content-prizes-pioneers.jpg 700w, https:\/\/odysseus-contests.eu\/2016\/wp-content\/uploads\/2015\/05\/content-prizes-pioneers-300x171.jpg 300w\" sizes=\"(max-width: 700px) 100vw, 700px\" \/><\/p>\n<p><strong><em>Phase nationale du Concours Odysseus<\/em><\/strong><\/p>\n<p>Chaque \u00e9quipe de candidats recevra un dipl\u00f4me attestant qu&rsquo;elle a particip\u00e9 au concours Odysseus.<\/p>\n<p>Les meilleures \u00e9quipes au niveau national recevront une m\u00e9daille et un ensemble de souvenirs du concours Odysseus, et leurs projets seront expos\u00e9s int\u00e9gralement dans l&rsquo;espace du <strong>Hall of Fame\u00a0<\/strong>du site Web d&rsquo;Odysseus. Les meilleures \u00e9quipes atteindront les demi-finales r\u00e9gionales et elles participeront \u00e0 un certain nombre d&rsquo;activit\u00e9s, d&rsquo;\u00e9v\u00e9nements et de d\u00e9placements li\u00e9s \u00e0 l&rsquo;espace qui seront organis\u00e9s en France.<\/p>\n<p><strong>Phase r\u00e9gionale du Concours Odysseus<\/strong><\/p>\n<p>Les laur\u00e9ats de toutes lesdemi-finalesr\u00e9gionales recevront un t\u00e9lescope de grande qualit\u00e9 (CelestronNexStar). Ces \u00e9quipes poursuivront le concours jusqu&rsquo;\u00e0 la finale internationale pour laquelle ils feront un d\u00e9placement \u00e0 Bruxelles ou \u00e0 Toulouse.<\/p>\n<p><strong>Phase finale du Concours Odysseus<\/strong><\/p>\n<p>Les candidats contribuant au projet gagnant lors de la finale internationale gagneront un voyage au Centre Spatial Guyanais, o\u00f9 ils participeront \u00e0 des activit\u00e9s et visites guid\u00e9es li\u00e9es \u00e0 l&rsquo;espace, et ils recevront un dipl\u00f4me de \u00ab\u00a0Jeune Ambassadeur Europ\u00e9en de l&rsquo;Espace\u00a0\u00bb, pr\u00e9sent\u00e9 lors de la finale.<\/p>\n<p>Les prix ne pourront en aucun cas \u00eatre \u00e9chang\u00e9s contre leur valeur financi\u00e8re.<\/p>\n","protected":false},"excerpt":{"rendered":"<p>Phase nationale du Concours Odysseus Chaque \u00e9quipe de candidats recevra un dipl\u00f4me attestant qu&rsquo;elle a particip\u00e9 au concours Odysseus. Les meilleures \u00e9quipes au niveau national recevront une m\u00e9daille et un ensemble de souvenirs du concours Odysseus, et leurs projets seront expos\u00e9s int\u00e9gralement dans l&rsquo;espace du Hall of Fame\u00a0du site Web d&rsquo;Odysseus. Les meilleures \u00e9quipes atteindront [&hellip;]<\/p>\n","protected":false},"author":1,"featured_media":0,"parent":1282,"menu_order":0,"comment_status":"closed","ping_status":"closed","template":"","meta":[],"acf":[],"yoast_head":"<!-- This site is optimized with the Yoast SEO plugin v19.14 - https:\/\/yoast.com\/wordpress\/plugins\/seo\/ -->\n<title>Prix - ODYSSEUS II<\/title>\n<meta name=\"robots\" content=\"index, follow, max-snippet:-1, max-image-preview:large, max-video-preview:-1\" \/>\n<link rel=\"canonical\" href=\"https:\/\/odysseus-contests.eu\/2016\/fr\/pioneers\/prix\/\" \/>\n<meta property=\"og:locale\" content=\"fr_FR\" \/>\n<meta property=\"og:type\" content=\"article\" \/>\n<meta property=\"og:title\" content=\"Prix - ODYSSEUS II\" \/>\n<meta property=\"og:description\" content=\"Phase nationale du Concours Odysseus Chaque \u00e9quipe de candidats recevra un dipl\u00f4me attestant qu&rsquo;elle a particip\u00e9 au concours Odysseus. Les meilleures \u00e9quipes au niveau national recevront une m\u00e9daille et un ensemble de souvenirs du concours Odysseus, et leurs projets seront expos\u00e9s int\u00e9gralement dans l&rsquo;espace du Hall of Fame\u00a0du site Web d&rsquo;Odysseus. Les meilleures \u00e9quipes atteindront [&hellip;]\" \/>\n<meta property=\"og:url\" content=\"https:\/\/odysseus-contests.eu\/2016\/fr\/pioneers\/prix\/\" \/>\n<meta property=\"og:site_name\" content=\"ODYSSEUS II\" \/>\n<meta property=\"article:modified_time\" content=\"2015-07-11T23:06:57+00:00\" \/>\n<meta property=\"og:image\" content=\"http:\/\/odysseus-contests.eu\/2016\/wp-content\/uploads\/2015\/05\/content-prizes-pioneers.jpg\" \/>\n<meta name=\"twitter:card\" content=\"summary_large_image\" \/>\n<meta name=\"twitter:label1\" content=\"Dur\u00e9e de lecture estim\u00e9e\" \/>\n\t<meta name=\"twitter:data1\" content=\"1 minute\" \/>\n<script type=\"application\/ld+json\" class=\"yoast-schema-graph\">{\"@context\":\"https:\/\/schema.org\",\"@graph\":[{\"@type\":\"WebPage\",\"@id\":\"https:\/\/odysseus-contests.eu\/2016\/fr\/pioneers\/prix\/\",\"url\":\"https:\/\/odysseus-contests.eu\/2016\/fr\/pioneers\/prix\/\",\"name\":\"Prix - ODYSSEUS II\",\"isPartOf\":{\"@id\":\"https:\/\/odysseus-contests.eu\/2016\/de\/#website\"},\"datePublished\":\"2015-06-30T18:35:13+00:00\",\"dateModified\":\"2015-07-11T23:06:57+00:00\",\"breadcrumb\":{\"@id\":\"https:\/\/odysseus-contests.eu\/2016\/fr\/pioneers\/prix\/#breadcrumb\"},\"inLanguage\":\"fr-FR\",\"potentialAction\":[{\"@type\":\"ReadAction\",\"target\":[\"https:\/\/odysseus-contests.eu\/2016\/fr\/pioneers\/prix\/\"]}]},{\"@type\":\"BreadcrumbList\",\"@id\":\"https:\/\/odysseus-contests.eu\/2016\/fr\/pioneers\/prix\/#breadcrumb\",\"itemListElement\":[{\"@type\":\"ListItem\",\"position\":1,\"name\":\"Home\",\"item\":\"https:\/\/odysseus-contests.eu\/2016\/fr\/\"},{\"@type\":\"ListItem\",\"position\":2,\"name\":\"Pioneers\",\"item\":\"https:\/\/odysseus-contests.eu\/2016\/fr\/pioneers\/\"},{\"@type\":\"ListItem\",\"position\":3,\"name\":\"Prix\"}]},{\"@type\":\"WebSite\",\"@id\":\"https:\/\/odysseus-contests.eu\/2016\/de\/#website\",\"url\":\"https:\/\/odysseus-contests.eu\/2016\/de\/\",\"name\":\"ODYSSEUS II\",\"description\":\"Concours spatial des jeunes\",\"potentialAction\":[{\"@type\":\"SearchAction\",\"target\":{\"@type\":\"EntryPoint\",\"urlTemplate\":\"https:\/\/odysseus-contests.eu\/2016\/de\/?s={search_term_string}\"},\"query-input\":\"required name=search_term_string\"}],\"inLanguage\":\"fr-FR\"}]}<\/script>\n<!-- \/ Yoast SEO plugin. -->","yoast_head_json":{"title":"Prix - ODYSSEUS II","robots":{"index":"index","follow":"follow","max-snippet":"max-snippet:-1","max-image-preview":"max-image-preview:large","max-video-preview":"max-video-preview:-1"},"canonical":"https:\/\/odysseus-contests.eu\/2016\/fr\/pioneers\/prix\/","og_locale":"fr_FR","og_type":"article","og_title":"Prix - ODYSSEUS II","og_description":"Phase nationale du Concours Odysseus Chaque \u00e9quipe de candidats recevra un dipl\u00f4me attestant qu&rsquo;elle a particip\u00e9 au concours Odysseus. Les meilleures \u00e9quipes au niveau national recevront une m\u00e9daille et un ensemble de souvenirs du concours Odysseus, et leurs projets seront expos\u00e9s int\u00e9gralement dans l&rsquo;espace du Hall of Fame\u00a0du site Web d&rsquo;Odysseus. Les meilleures \u00e9quipes atteindront [&hellip;]","og_url":"https:\/\/odysseus-contests.eu\/2016\/fr\/pioneers\/prix\/","og_site_name":"ODYSSEUS II","article_modified_time":"2015-07-11T23:06:57+00:00","og_image":[{"url":"http:\/\/odysseus-contests.eu\/2016\/wp-content\/uploads\/2015\/05\/content-prizes-pioneers.jpg"}],"twitter_card":"summary_large_image","twitter_misc":{"Dur\u00e9e de lecture estim\u00e9e":"1 minute"},"schema":{"@context":"https:\/\/schema.org","@graph":[{"@type":"WebPage","@id":"https:\/\/odysseus-contests.eu\/2016\/fr\/pioneers\/prix\/","url":"https:\/\/odysseus-contests.eu\/2016\/fr\/pioneers\/prix\/","name":"Prix - ODYSSEUS II","isPartOf":{"@id":"https:\/\/odysseus-contests.eu\/2016\/de\/#website"},"datePublished":"2015-06-30T18:35:13+00:00","dateModified":"2015-07-11T23:06:57+00:00","breadcrumb":{"@id":"https:\/\/odysseus-contests.eu\/2016\/fr\/pioneers\/prix\/#breadcrumb"},"inLanguage":"fr-FR","potentialAction":[{"@type":"ReadAction","target":["https:\/\/odysseus-contests.eu\/2016\/fr\/pioneers\/prix\/"]}]},{"@type":"BreadcrumbList","@id":"https:\/\/odysseus-contests.eu\/2016\/fr\/pioneers\/prix\/#breadcrumb","itemListElement":[{"@type":"ListItem","position":1,"name":"Home","item":"https:\/\/odysseus-contests.eu\/2016\/fr\/"},{"@type":"ListItem","position":2,"name":"Pioneers","item":"https:\/\/odysseus-contests.eu\/2016\/fr\/pioneers\/"},{"@type":"ListItem","position":3,"name":"Prix"}]},{"@type":"WebSite","@id":"https:\/\/odysseus-contests.eu\/2016\/de\/#website","url":"https:\/\/odysseus-contests.eu\/2016\/de\/","name":"ODYSSEUS II","description":"Concours spatial des jeunes","potentialAction":[{"@type":"SearchAction","target":{"@type":"EntryPoint","urlTemplate":"https:\/\/odysseus-contests.eu\/2016\/de\/?s={search_term_string}"},"query-input":"required name=search_term_string"}],"inLanguage":"fr-FR"}]}},"_links":{"self":[{"href":"https:\/\/odysseus-contests.eu\/2016\/fr\/wp-json\/wp\/v2\/pages\/1283"}],"collection":[{"href":"https:\/\/odysseus-contests.eu\/2016\/fr\/wp-json\/wp\/v2\/pages"}],"about":[{"href":"https:\/\/odysseus-contests.eu\/2016\/fr\/wp-json\/wp\/v2\/types\/page"}],"author":[{"embeddable":true,"href":"https:\/\/odysseus-contests.eu\/2016\/fr\/wp-json\/wp\/v2\/users\/1"}],"replies":[{"embeddable":true,"href":"https:\/\/odysseus-contests.eu\/2016\/fr\/wp-json\/wp\/v2\/comments?post=1283"}],"version-history":[{"count":0,"href":"https:\/\/odysseus-contests.eu\/2016\/fr\/wp-json\/wp\/v2\/pages\/1283\/revisions"}],"up":[{"embeddable":true,"href":"https:\/\/odysseus-contests.eu\/2016\/fr\/wp-json\/wp\/v2\/pages\/1282"}],"wp:attachment":[{"href":"https:\/\/odysseus-contests.eu\/2016\/fr\/wp-json\/wp\/v2\/media?parent=1283"}],"curies":[{"name":"wp","href":"https:\/\/api.w.org\/{rel}","templated":true}]}}