{"id":1252,"date":"2015-06-30T21:11:03","date_gmt":"2015-06-30T18:11:03","guid":{"rendered":"http:\/\/odysseus-contests.eu\/2016\/?page_id=1252"},"modified":"2015-08-19T20:21:59","modified_gmt":"2015-08-19T17:21:59","slug":"criteres-dappreciation-et-devaluation","status":"publish","type":"page","link":"https:\/\/odysseus-contests.eu\/2016\/fr\/explorers\/criteres-dappreciation-et-devaluation\/","title":{"rendered":"Crit\u00e8res d&rsquo;Appr\u00e9ciation et d&rsquo;Evaluation"},"content":{"rendered":"<p style=\"text-align: justify;\">Les projets soumis seront tout d&rsquo;abord \u00e9valu\u00e9s au niveau national. Cette \u00e9valuation sera faite en ligne entre le 1<sup>er<\/sup> f\u00e9vrier et le 31 mars 2016. Si les projets sont s\u00e9lectionn\u00e9s pour acc\u00e9der au niveau r\u00e9gional, les candidats seront invit\u00e9s \u00e0 prendre part aux demi-finales avec tous les autres gagnants nationaux dans leur r\u00e9gion. Les demi-finales r\u00e9gionales auront lieu entre le 15 mars et le 26 avril 2016. Les gagnants des finales r\u00e9gionales se rencontreront \u00e0 Bruxelles ou Toulouse pour la finale internationale afin de pr\u00e9senter leur projet \u00e0 un panel de juges europ\u00e9ens. Cette finale aura lieu entre le 4 et le 7 juillet 2016.<\/p>\n<p style=\"text-align: justify;\">Les projets se verront affecter des points en fonction en fonction des crit\u00e8res suivants\u00a0:<\/p>\n<ul style=\"text-align: justify;\">\n<li><strong>Excellence acad\u00e9mique <\/strong>(compte pour 20%)<\/li>\n<\/ul>\n<p style=\"padding-left: 30px; text-align: justify;\">Un projet d\u00e9montre son excellence acad\u00e9mique lorsqu\u2019il pr\u00e9sente des arguments bien document\u00e9s en utilisant des m\u00e9thodes scientifiques qui sont cr\u00e9dibles et v\u00e9rifiables, lorsqu\u2019il inclut des citations, fait un usage critique des ressources et contenus et met en avant le fait que les participants ont acquis des connaissances dans un contexte pertinent avec leur sujet et qu\u2019ils ont une bonne compr\u00e9hension des concepts de base et des probl\u00e9matiques inh\u00e9rentes \u00e0 leur projet.<\/p>\n<ul style=\"text-align: justify;\">\n<li><strong>Pertinence du th\u00e8me indiqu\u00e9 <\/strong>(compte pour 10%)<\/li>\n<\/ul>\n<p style=\"padding-left: 30px; text-align: justify;\">Ce crit\u00e8re \u00e9value la mesure avec laquelle le projet propos\u00e9 est en accord avec la cat\u00e9gorie th\u00e9matique choisie et la port\u00e9e du sujet. Les th\u00e9ories et documentations appropri\u00e9es doivent \u00eatre utilis\u00e9es de fa\u00e7on ad\u00e9quate.<\/p>\n<ul style=\"text-align: justify;\">\n<li><strong>Capacit\u00e9 de r\u00e9solution des probl\u00e8mes<\/strong><em>\u00a0<\/em>(compte pour 15%)<\/li>\n<\/ul>\n<p style=\"padding-left: 30px; text-align: justify;\">Ce crit\u00e8re \u00e9value les processus de r\u00e9flexion du candidat dans son approche du sujet dans la description du probl\u00e8me, la d\u00e9termination des donn\u00e9es et informations n\u00e9cessaires, la pr\u00e9vision et la mise en place de solutions ou l\u2019utilisation de solutions alternatives ainsi que l\u2019\u00e9valuation des solutions s\u00e9lectionn\u00e9es.<\/p>\n<ul style=\"text-align: justify;\">\n<li><strong>Originalit\u00e9\u00a0 <\/strong>(compte pour 20%)<\/li>\n<\/ul>\n<p style=\"padding-left: 30px; text-align: justify;\">Un crit\u00e8re cl\u00e9 pour l\u2019\u00e9valuation de l\u2019originalit\u00e9 du projet et le fait qu\u2019il soit bien le travail et l\u2019id\u00e9e de l\u2019\u00e9quipe et qu\u2019il est unique, ou nouveau ou non conventionnel. M\u00eame si le projet est appuy\u00e9 sur le travail d\u2019un tiers, il est tout de m\u00eame consid\u00e9r\u00e9 comme original si l\u2019\u00e9quipe en formule une nouvelle id\u00e9e, en fait une pr\u00e9sentation originale, adopte une nouvelle approche du probl\u00e8me ou si les candidats le mettre en \u0153uvre d\u2019une fa\u00e7on innovante.<\/p>\n<ul style=\"text-align: justify;\">\n<li><strong>Pertinence sociale <\/strong>(compte pour 10%)<\/li>\n<\/ul>\n<p style=\"padding-left: 30px; text-align: justify;\">Il est \u00e9valu\u00e9 la fa\u00e7on et la mesure avec laquelle le projet propose des solutions et des id\u00e9es qui ont un impact direct ou indirect sur la soci\u00e9t\u00e9 ou le degr\u00e9 avec lequel le probl\u00e8me est reli\u00e9 \u00e0 un d\u00e9fi actuel de nos soci\u00e9t\u00e9s (par exemple le changement climatique, l\u2019\u00e9puisement des ressources d\u2019\u00e9nergie, de nourriture et d\u2019eau\u2026)<\/p>\n<ul style=\"text-align: justify;\">\n<li><strong>Pr\u00e9sentation\u00a0<\/strong>(compte pour 10%)<\/li>\n<\/ul>\n<p style=\"padding-left: 30px; text-align: justify;\">Avec ce crit\u00e8re est \u00e9valu\u00e9 la structure et le format g\u00e9n\u00e9ral du projet et si ses objectifs, sa m\u00e9thodologie et ses r\u00e9sultats sont clairement pr\u00e9sent\u00e9s. Est \u00e9galement \u00e9valu\u00e9 l\u2019organisation logique et le lien entre les id\u00e9es, la clart\u00e9 d\u2019expression et l\u2019utilisation de mat\u00e9riels et technologies appropri\u00e9s (photos, diaporamas, dessins, audio, vid\u00e9o etc.)<\/p>\n<ul style=\"text-align: justify;\">\n<li><strong>M\u00e9rite technique et comp\u00e9tences pratiques <\/strong>(compte pour 10%)<\/li>\n<\/ul>\n<p style=\"padding-left: 30px; text-align: justify;\">Un projet d\u00e9montre son m\u00e9rite technique quand il trace un cadre conceptuel clair ou des th\u00e9ories qui s\u2019ancrent dans une documentation de fond et informe de sa conception et de ses variables cl\u00e9s. Les \u00e9valuateurs jugent aussi les comp\u00e9tences pratiques, incluant l\u2019observation, la pr\u00e9cision, la communication, l\u2019aptitude \u00e0 consigner et classer les r\u00e9sultats, l\u2019utilisation d\u2019outils technologiques ou les pures comp\u00e9tences pratiques telles que la construction, le travail du bois, la soudure \u2026<\/p>\n<ul style=\"text-align: justify;\">\n<li><strong>Durabilit\u00e9 et sensibilisation \u00e0 l&rsquo;environnement\u00a0<\/strong>(compte pour 5%)<\/li>\n<\/ul>\n<p style=\"padding-left: 30px; text-align: justify;\">Ce crit\u00e8re \u00e9value la fa\u00e7on dont les probl\u00e8mes environnementaux sont int\u00e9gr\u00e9s au projet au travers par exemple de l\u2019exploration et de la discussion de la durabilit\u00e9 du projet ou par l\u2019utilisation de mat\u00e9riel ou de m\u00e9thode d\u2019implantation \u00e9cologique, ou dans la pr\u00e9sentation du projet.<\/p>\n<p style=\"text-align: justify;\">En outre, un certain nombre de mentions sp\u00e9ciales pour les projets non retenus seront d\u00e9cern\u00e9es par les juges \u00e0 chaque \u00e9tape, lesquelles pourraient porter sur, entre autres : le graphique ayant le plus d&rsquo;impact visuel, le probl\u00e8me le plus original, la pr\u00e9sentation la plus professionnelle, la soumission la plus artistique, le meilleur usage de la musique dans un projet scientifique ou le projet le plus \u00e9cologique.<\/p>\n<p style=\"text-align: justify;\">Chaque candidat ou bin\u00f4me de candidats recevra une \u00e9valuation sommaire de leur projet par les juges au moment de la s\u00e9lection.<\/p>\n","protected":false},"excerpt":{"rendered":"<p>Les projets soumis seront tout d&rsquo;abord \u00e9valu\u00e9s au niveau national. Cette \u00e9valuation sera faite en ligne entre le 1er f\u00e9vrier et le 31 mars 2016. Si les projets sont s\u00e9lectionn\u00e9s pour acc\u00e9der au niveau r\u00e9gional, les candidats seront invit\u00e9s \u00e0 prendre part aux demi-finales avec tous les autres gagnants nationaux dans leur r\u00e9gion. Les demi-finales [&hellip;]<\/p>\n","protected":false},"author":1,"featured_media":0,"parent":1236,"menu_order":50,"comment_status":"closed","ping_status":"closed","template":"","meta":[],"acf":[],"yoast_head":"<!-- This site is optimized with the Yoast SEO plugin v19.14 - https:\/\/yoast.com\/wordpress\/plugins\/seo\/ -->\n<title>Crit\u00e8res d&#039;Appr\u00e9ciation et d&#039;Evaluation - ODYSSEUS II<\/title>\n<meta name=\"robots\" content=\"index, follow, max-snippet:-1, max-image-preview:large, max-video-preview:-1\" \/>\n<link rel=\"canonical\" href=\"https:\/\/odysseus-contests.eu\/2016\/fr\/explorers\/criteres-dappreciation-et-devaluation\/\" \/>\n<meta property=\"og:locale\" content=\"fr_FR\" \/>\n<meta property=\"og:type\" content=\"article\" \/>\n<meta property=\"og:title\" content=\"Crit\u00e8res d&#039;Appr\u00e9ciation et d&#039;Evaluation - ODYSSEUS II\" \/>\n<meta property=\"og:description\" content=\"Les projets soumis seront tout d&rsquo;abord \u00e9valu\u00e9s au niveau national. Cette \u00e9valuation sera faite en ligne entre le 1er f\u00e9vrier et le 31 mars 2016. Si les projets sont s\u00e9lectionn\u00e9s pour acc\u00e9der au niveau r\u00e9gional, les candidats seront invit\u00e9s \u00e0 prendre part aux demi-finales avec tous les autres gagnants nationaux dans leur r\u00e9gion. Les demi-finales [&hellip;]\" \/>\n<meta property=\"og:url\" content=\"https:\/\/odysseus-contests.eu\/2016\/fr\/explorers\/criteres-dappreciation-et-devaluation\/\" \/>\n<meta property=\"og:site_name\" content=\"ODYSSEUS II\" \/>\n<meta property=\"article:modified_time\" content=\"2015-08-19T17:21:59+00:00\" \/>\n<meta name=\"twitter:card\" content=\"summary_large_image\" \/>\n<meta name=\"twitter:label1\" content=\"Dur\u00e9e de lecture estim\u00e9e\" \/>\n\t<meta name=\"twitter:data1\" content=\"4 minutes\" \/>\n<script type=\"application\/ld+json\" class=\"yoast-schema-graph\">{\"@context\":\"https:\/\/schema.org\",\"@graph\":[{\"@type\":\"WebPage\",\"@id\":\"https:\/\/odysseus-contests.eu\/2016\/fr\/explorers\/criteres-dappreciation-et-devaluation\/\",\"url\":\"https:\/\/odysseus-contests.eu\/2016\/fr\/explorers\/criteres-dappreciation-et-devaluation\/\",\"name\":\"Crit\u00e8res d'Appr\u00e9ciation et d'Evaluation - ODYSSEUS II\",\"isPartOf\":{\"@id\":\"https:\/\/odysseus-contests.eu\/2016\/de\/#website\"},\"datePublished\":\"2015-06-30T18:11:03+00:00\",\"dateModified\":\"2015-08-19T17:21:59+00:00\",\"breadcrumb\":{\"@id\":\"https:\/\/odysseus-contests.eu\/2016\/fr\/explorers\/criteres-dappreciation-et-devaluation\/#breadcrumb\"},\"inLanguage\":\"fr-FR\",\"potentialAction\":[{\"@type\":\"ReadAction\",\"target\":[\"https:\/\/odysseus-contests.eu\/2016\/fr\/explorers\/criteres-dappreciation-et-devaluation\/\"]}]},{\"@type\":\"BreadcrumbList\",\"@id\":\"https:\/\/odysseus-contests.eu\/2016\/fr\/explorers\/criteres-dappreciation-et-devaluation\/#breadcrumb\",\"itemListElement\":[{\"@type\":\"ListItem\",\"position\":1,\"name\":\"Home\",\"item\":\"https:\/\/odysseus-contests.eu\/2016\/fr\/\"},{\"@type\":\"ListItem\",\"position\":2,\"name\":\"Explorers\",\"item\":\"https:\/\/odysseus-contests.eu\/2016\/fr\/explorers\/\"},{\"@type\":\"ListItem\",\"position\":3,\"name\":\"Crit\u00e8res d&rsquo;Appr\u00e9ciation et d&rsquo;Evaluation\"}]},{\"@type\":\"WebSite\",\"@id\":\"https:\/\/odysseus-contests.eu\/2016\/de\/#website\",\"url\":\"https:\/\/odysseus-contests.eu\/2016\/de\/\",\"name\":\"ODYSSEUS II\",\"description\":\"Concours spatial des jeunes\",\"potentialAction\":[{\"@type\":\"SearchAction\",\"target\":{\"@type\":\"EntryPoint\",\"urlTemplate\":\"https:\/\/odysseus-contests.eu\/2016\/de\/?s={search_term_string}\"},\"query-input\":\"required name=search_term_string\"}],\"inLanguage\":\"fr-FR\"}]}<\/script>\n<!-- \/ Yoast SEO plugin. -->","yoast_head_json":{"title":"Crit\u00e8res d'Appr\u00e9ciation et d'Evaluation - ODYSSEUS II","robots":{"index":"index","follow":"follow","max-snippet":"max-snippet:-1","max-image-preview":"max-image-preview:large","max-video-preview":"max-video-preview:-1"},"canonical":"https:\/\/odysseus-contests.eu\/2016\/fr\/explorers\/criteres-dappreciation-et-devaluation\/","og_locale":"fr_FR","og_type":"article","og_title":"Crit\u00e8res d'Appr\u00e9ciation et d'Evaluation - ODYSSEUS II","og_description":"Les projets soumis seront tout d&rsquo;abord \u00e9valu\u00e9s au niveau national. Cette \u00e9valuation sera faite en ligne entre le 1er f\u00e9vrier et le 31 mars 2016. Si les projets sont s\u00e9lectionn\u00e9s pour acc\u00e9der au niveau r\u00e9gional, les candidats seront invit\u00e9s \u00e0 prendre part aux demi-finales avec tous les autres gagnants nationaux dans leur r\u00e9gion. Les demi-finales [&hellip;]","og_url":"https:\/\/odysseus-contests.eu\/2016\/fr\/explorers\/criteres-dappreciation-et-devaluation\/","og_site_name":"ODYSSEUS II","article_modified_time":"2015-08-19T17:21:59+00:00","twitter_card":"summary_large_image","twitter_misc":{"Dur\u00e9e de lecture estim\u00e9e":"4 minutes"},"schema":{"@context":"https:\/\/schema.org","@graph":[{"@type":"WebPage","@id":"https:\/\/odysseus-contests.eu\/2016\/fr\/explorers\/criteres-dappreciation-et-devaluation\/","url":"https:\/\/odysseus-contests.eu\/2016\/fr\/explorers\/criteres-dappreciation-et-devaluation\/","name":"Crit\u00e8res d'Appr\u00e9ciation et d'Evaluation - ODYSSEUS II","isPartOf":{"@id":"https:\/\/odysseus-contests.eu\/2016\/de\/#website"},"datePublished":"2015-06-30T18:11:03+00:00","dateModified":"2015-08-19T17:21:59+00:00","breadcrumb":{"@id":"https:\/\/odysseus-contests.eu\/2016\/fr\/explorers\/criteres-dappreciation-et-devaluation\/#breadcrumb"},"inLanguage":"fr-FR","potentialAction":[{"@type":"ReadAction","target":["https:\/\/odysseus-contests.eu\/2016\/fr\/explorers\/criteres-dappreciation-et-devaluation\/"]}]},{"@type":"BreadcrumbList","@id":"https:\/\/odysseus-contests.eu\/2016\/fr\/explorers\/criteres-dappreciation-et-devaluation\/#breadcrumb","itemListElement":[{"@type":"ListItem","position":1,"name":"Home","item":"https:\/\/odysseus-contests.eu\/2016\/fr\/"},{"@type":"ListItem","position":2,"name":"Explorers","item":"https:\/\/odysseus-contests.eu\/2016\/fr\/explorers\/"},{"@type":"ListItem","position":3,"name":"Crit\u00e8res d&rsquo;Appr\u00e9ciation et d&rsquo;Evaluation"}]},{"@type":"WebSite","@id":"https:\/\/odysseus-contests.eu\/2016\/de\/#website","url":"https:\/\/odysseus-contests.eu\/2016\/de\/","name":"ODYSSEUS II","description":"Concours spatial des jeunes","potentialAction":[{"@type":"SearchAction","target":{"@type":"EntryPoint","urlTemplate":"https:\/\/odysseus-contests.eu\/2016\/de\/?s={search_term_string}"},"query-input":"required name=search_term_string"}],"inLanguage":"fr-FR"}]}},"_links":{"self":[{"href":"https:\/\/odysseus-contests.eu\/2016\/fr\/wp-json\/wp\/v2\/pages\/1252"}],"collection":[{"href":"https:\/\/odysseus-contests.eu\/2016\/fr\/wp-json\/wp\/v2\/pages"}],"about":[{"href":"https:\/\/odysseus-contests.eu\/2016\/fr\/wp-json\/wp\/v2\/types\/page"}],"author":[{"embeddable":true,"href":"https:\/\/odysseus-contests.eu\/2016\/fr\/wp-json\/wp\/v2\/users\/1"}],"replies":[{"embeddable":true,"href":"https:\/\/odysseus-contests.eu\/2016\/fr\/wp-json\/wp\/v2\/comments?post=1252"}],"version-history":[{"count":0,"href":"https:\/\/odysseus-contests.eu\/2016\/fr\/wp-json\/wp\/v2\/pages\/1252\/revisions"}],"up":[{"embeddable":true,"href":"https:\/\/odysseus-contests.eu\/2016\/fr\/wp-json\/wp\/v2\/pages\/1236"}],"wp:attachment":[{"href":"https:\/\/odysseus-contests.eu\/2016\/fr\/wp-json\/wp\/v2\/media?parent=1252"}],"curies":[{"name":"wp","href":"https:\/\/api.w.org\/{rel}","templated":true}]}}