{"id":1241,"date":"2015-06-30T20:54:24","date_gmt":"2015-06-30T17:54:24","guid":{"rendered":"http:\/\/odysseus-contests.eu\/2016\/?page_id=1241"},"modified":"2015-07-27T21:19:46","modified_gmt":"2015-07-27T18:19:46","slug":"reseau-de-mentors","status":"publish","type":"page","link":"https:\/\/odysseus-contests.eu\/2016\/fr\/ressources\/reseau-de-mentors\/","title":{"rendered":"R\u00e9seau de mentors"},"content":{"rendered":"<p><strong>Comment <\/strong><strong>\u00e7a marche\u00a0?<\/strong><\/p>\n<p>Pour offrir aux candidats dans les cat\u00e9gories Pioneers et Explorers le meilleur soutien et encadrement possibles, les organisateurs du concours Odysseus cr\u00e9eront et mobiliseront un r\u00e9seau de mentors b\u00e9n\u00e9voles. Les candidats pourront solliciter les mentors de ce r\u00e9seau. Cependant, si des participants souhaitent travailler avec un mentor qui ne figure pas sur la liste, ils seront \u00e9galement autoris\u00e9s \u00e0 trouver leurs propres mentors en dehors du r\u00e9seau fourni par les organisateurs. Les mentors peuvent agir comme conseillers pour autant de dossiers qui leur sont demand\u00e9 de soutenir.<\/p>\n<p><strong><em>\u00a0<\/em><\/strong><strong>Qu&rsquo;est-ce qu&rsquo;une offre de mentor ? <\/strong><\/p>\n<p>Les mentors devront fournir un soutien aux candidats en dispensant des conseils techniques et scientifiques. Les mentors pourront d\u00e9finir le cadre d&rsquo;un projet ou un probl\u00e8me appropri\u00e9 que les candidats investigueront. Ils ne devront pas cr\u00e9er un quelconque contenu de projet soumis au concours pour \u00e9valuation.<\/p>\n<p><strong>Qui sont les mentors ? <\/strong><\/p>\n<p>Les mentors sont des personnes ayant une expertise et une connaissance particuli\u00e8res de la science et de l\u2019espace (ex. : enseignants, chercheurs, professeurs, techniciens) et travaillent habituellement, ou ayant travaill\u00e9 dans l&rsquo;industrie spatiale, ou en tant que chercheurs, enseignants ou vulgarisateurs scientifiques. Les mentors inclus dans le r\u00e9seau seront des professionnels valid\u00e9s par les organisateurs du concours Odysseus.<\/p>\n<p><strong>Comment puis-je contacter un mentor ?<\/strong><\/p>\n<p>Vous trouverez ci-dessous une carte comportant des informations sur le lieu des mentors. Si vous cliquez sur une punaise, leurs nom et coordonn\u00e9es appara\u00eetront. Vous pouvez contacter un mentor en envoyant un email \u00e0 son adresse \u00e9lectronique.<\/p>\n<p><strong>Inscription des Mentors B\u00e9n\u00e9voles<\/strong><\/p>\n<p>Si vous souhaitez vous inscrire comme mentor b\u00e9n\u00e9vole, cliquez sur la <a href=\"http:\/\/odysseus-contests.eu\/2016\/mentors-registration\/\" target=\"_blank\">bo\u00eete d&rsquo;inscription<\/a> et suivez les instructions. Nous sommes heureux de vous inscrire au concours Odysseus!<\/p>\n","protected":false},"excerpt":{"rendered":"<p>Comment \u00e7a marche\u00a0? Pour offrir aux candidats dans les cat\u00e9gories Pioneers et Explorers le meilleur soutien et encadrement possibles, les organisateurs du concours Odysseus cr\u00e9eront et mobiliseront un r\u00e9seau de mentors b\u00e9n\u00e9voles. Les candidats pourront solliciter les mentors de ce r\u00e9seau. Cependant, si des participants souhaitent travailler avec un mentor qui ne figure pas sur [&hellip;]<\/p>\n","protected":false},"author":1,"featured_media":0,"parent":1322,"menu_order":0,"comment_status":"closed","ping_status":"closed","template":"template_mentors.php","meta":[],"acf":[],"yoast_head":"<!-- This site is optimized with the Yoast SEO plugin v19.14 - https:\/\/yoast.com\/wordpress\/plugins\/seo\/ -->\n<title>R\u00e9seau de mentors - ODYSSEUS II<\/title>\n<meta name=\"robots\" content=\"index, follow, max-snippet:-1, max-image-preview:large, max-video-preview:-1\" \/>\n<link rel=\"canonical\" href=\"https:\/\/odysseus-contests.eu\/2016\/fr\/ressources\/reseau-de-mentors\/\" \/>\n<meta property=\"og:locale\" content=\"fr_FR\" \/>\n<meta property=\"og:type\" content=\"article\" \/>\n<meta property=\"og:title\" content=\"R\u00e9seau de mentors - ODYSSEUS II\" \/>\n<meta property=\"og:description\" content=\"Comment \u00e7a marche\u00a0? Pour offrir aux candidats dans les cat\u00e9gories Pioneers et Explorers le meilleur soutien et encadrement possibles, les organisateurs du concours Odysseus cr\u00e9eront et mobiliseront un r\u00e9seau de mentors b\u00e9n\u00e9voles. Les candidats pourront solliciter les mentors de ce r\u00e9seau. Cependant, si des participants souhaitent travailler avec un mentor qui ne figure pas sur [&hellip;]\" \/>\n<meta property=\"og:url\" content=\"https:\/\/odysseus-contests.eu\/2016\/fr\/ressources\/reseau-de-mentors\/\" \/>\n<meta property=\"og:site_name\" content=\"ODYSSEUS II\" \/>\n<meta property=\"article:modified_time\" content=\"2015-07-27T18:19:46+00:00\" \/>\n<meta name=\"twitter:card\" content=\"summary_large_image\" \/>\n<meta name=\"twitter:label1\" content=\"Dur\u00e9e de lecture estim\u00e9e\" \/>\n\t<meta name=\"twitter:data1\" content=\"1 minute\" \/>\n<script type=\"application\/ld+json\" class=\"yoast-schema-graph\">{\"@context\":\"https:\/\/schema.org\",\"@graph\":[{\"@type\":\"WebPage\",\"@id\":\"https:\/\/odysseus-contests.eu\/2016\/fr\/ressources\/reseau-de-mentors\/\",\"url\":\"https:\/\/odysseus-contests.eu\/2016\/fr\/ressources\/reseau-de-mentors\/\",\"name\":\"R\u00e9seau de mentors - ODYSSEUS II\",\"isPartOf\":{\"@id\":\"https:\/\/odysseus-contests.eu\/2016\/de\/#website\"},\"datePublished\":\"2015-06-30T17:54:24+00:00\",\"dateModified\":\"2015-07-27T18:19:46+00:00\",\"breadcrumb\":{\"@id\":\"https:\/\/odysseus-contests.eu\/2016\/fr\/ressources\/reseau-de-mentors\/#breadcrumb\"},\"inLanguage\":\"fr-FR\",\"potentialAction\":[{\"@type\":\"ReadAction\",\"target\":[\"https:\/\/odysseus-contests.eu\/2016\/fr\/ressources\/reseau-de-mentors\/\"]}]},{\"@type\":\"BreadcrumbList\",\"@id\":\"https:\/\/odysseus-contests.eu\/2016\/fr\/ressources\/reseau-de-mentors\/#breadcrumb\",\"itemListElement\":[{\"@type\":\"ListItem\",\"position\":1,\"name\":\"Home\",\"item\":\"https:\/\/odysseus-contests.eu\/2016\/fr\/\"},{\"@type\":\"ListItem\",\"position\":2,\"name\":\"Ressources\",\"item\":\"https:\/\/odysseus-contests.eu\/2016\/fr\/ressources\/\"},{\"@type\":\"ListItem\",\"position\":3,\"name\":\"R\u00e9seau de mentors\"}]},{\"@type\":\"WebSite\",\"@id\":\"https:\/\/odysseus-contests.eu\/2016\/de\/#website\",\"url\":\"https:\/\/odysseus-contests.eu\/2016\/de\/\",\"name\":\"ODYSSEUS II\",\"description\":\"Concours spatial des jeunes\",\"potentialAction\":[{\"@type\":\"SearchAction\",\"target\":{\"@type\":\"EntryPoint\",\"urlTemplate\":\"https:\/\/odysseus-contests.eu\/2016\/de\/?s={search_term_string}\"},\"query-input\":\"required name=search_term_string\"}],\"inLanguage\":\"fr-FR\"}]}<\/script>\n<!-- \/ Yoast SEO plugin. -->","yoast_head_json":{"title":"R\u00e9seau de mentors - ODYSSEUS II","robots":{"index":"index","follow":"follow","max-snippet":"max-snippet:-1","max-image-preview":"max-image-preview:large","max-video-preview":"max-video-preview:-1"},"canonical":"https:\/\/odysseus-contests.eu\/2016\/fr\/ressources\/reseau-de-mentors\/","og_locale":"fr_FR","og_type":"article","og_title":"R\u00e9seau de mentors - ODYSSEUS II","og_description":"Comment \u00e7a marche\u00a0? Pour offrir aux candidats dans les cat\u00e9gories Pioneers et Explorers le meilleur soutien et encadrement possibles, les organisateurs du concours Odysseus cr\u00e9eront et mobiliseront un r\u00e9seau de mentors b\u00e9n\u00e9voles. Les candidats pourront solliciter les mentors de ce r\u00e9seau. Cependant, si des participants souhaitent travailler avec un mentor qui ne figure pas sur [&hellip;]","og_url":"https:\/\/odysseus-contests.eu\/2016\/fr\/ressources\/reseau-de-mentors\/","og_site_name":"ODYSSEUS II","article_modified_time":"2015-07-27T18:19:46+00:00","twitter_card":"summary_large_image","twitter_misc":{"Dur\u00e9e de lecture estim\u00e9e":"1 minute"},"schema":{"@context":"https:\/\/schema.org","@graph":[{"@type":"WebPage","@id":"https:\/\/odysseus-contests.eu\/2016\/fr\/ressources\/reseau-de-mentors\/","url":"https:\/\/odysseus-contests.eu\/2016\/fr\/ressources\/reseau-de-mentors\/","name":"R\u00e9seau de mentors - ODYSSEUS II","isPartOf":{"@id":"https:\/\/odysseus-contests.eu\/2016\/de\/#website"},"datePublished":"2015-06-30T17:54:24+00:00","dateModified":"2015-07-27T18:19:46+00:00","breadcrumb":{"@id":"https:\/\/odysseus-contests.eu\/2016\/fr\/ressources\/reseau-de-mentors\/#breadcrumb"},"inLanguage":"fr-FR","potentialAction":[{"@type":"ReadAction","target":["https:\/\/odysseus-contests.eu\/2016\/fr\/ressources\/reseau-de-mentors\/"]}]},{"@type":"BreadcrumbList","@id":"https:\/\/odysseus-contests.eu\/2016\/fr\/ressources\/reseau-de-mentors\/#breadcrumb","itemListElement":[{"@type":"ListItem","position":1,"name":"Home","item":"https:\/\/odysseus-contests.eu\/2016\/fr\/"},{"@type":"ListItem","position":2,"name":"Ressources","item":"https:\/\/odysseus-contests.eu\/2016\/fr\/ressources\/"},{"@type":"ListItem","position":3,"name":"R\u00e9seau de mentors"}]},{"@type":"WebSite","@id":"https:\/\/odysseus-contests.eu\/2016\/de\/#website","url":"https:\/\/odysseus-contests.eu\/2016\/de\/","name":"ODYSSEUS II","description":"Concours spatial des jeunes","potentialAction":[{"@type":"SearchAction","target":{"@type":"EntryPoint","urlTemplate":"https:\/\/odysseus-contests.eu\/2016\/de\/?s={search_term_string}"},"query-input":"required name=search_term_string"}],"inLanguage":"fr-FR"}]}},"_links":{"self":[{"href":"https:\/\/odysseus-contests.eu\/2016\/fr\/wp-json\/wp\/v2\/pages\/1241"}],"collection":[{"href":"https:\/\/odysseus-contests.eu\/2016\/fr\/wp-json\/wp\/v2\/pages"}],"about":[{"href":"https:\/\/odysseus-contests.eu\/2016\/fr\/wp-json\/wp\/v2\/types\/page"}],"author":[{"embeddable":true,"href":"https:\/\/odysseus-contests.eu\/2016\/fr\/wp-json\/wp\/v2\/users\/1"}],"replies":[{"embeddable":true,"href":"https:\/\/odysseus-contests.eu\/2016\/fr\/wp-json\/wp\/v2\/comments?post=1241"}],"version-history":[{"count":0,"href":"https:\/\/odysseus-contests.eu\/2016\/fr\/wp-json\/wp\/v2\/pages\/1241\/revisions"}],"up":[{"embeddable":true,"href":"https:\/\/odysseus-contests.eu\/2016\/fr\/wp-json\/wp\/v2\/pages\/1322"}],"wp:attachment":[{"href":"https:\/\/odysseus-contests.eu\/2016\/fr\/wp-json\/wp\/v2\/media?parent=1241"}],"curies":[{"name":"wp","href":"https:\/\/api.w.org\/{rel}","templated":true}]}}