{"id":1236,"date":"2015-06-30T20:45:28","date_gmt":"2015-06-30T17:45:28","guid":{"rendered":"http:\/\/odysseus-contests.eu\/2016\/?page_id=1236"},"modified":"2015-08-16T18:03:21","modified_gmt":"2015-08-16T15:03:21","slug":"explorers","status":"publish","type":"page","link":"https:\/\/odysseus-contests.eu\/2016\/fr\/explorers\/","title":{"rendered":"Explorers"},"content":{"rendered":"<p>Le concours Odysseus pour la cat\u00e9gorie Explorer est con\u00e7u pour donner aux \u00e9tudiants en Europe et \u00e0 travers le monde une opportunit\u00e9 de montrer leur cr\u00e9ativit\u00e9 et leur comp\u00e9tence acad\u00e9mique, en se confrontant \u00e0 un large \u00e9ventail de d\u00e9fis sur les technologies et les sciences spatiales. Suivez le lien sur la droite pour plus d\u2019information.<\/p>\n","protected":false},"excerpt":{"rendered":"<p>Le concours Odysseus pour la cat\u00e9gorie Explorer est con\u00e7u pour donner aux \u00e9tudiants en Europe et \u00e0 travers le monde une opportunit\u00e9 de montrer leur cr\u00e9ativit\u00e9 et leur comp\u00e9tence acad\u00e9mique, en se confrontant \u00e0 un large \u00e9ventail de d\u00e9fis sur les technologies et les sciences spatiales. Suivez le lien sur la droite pour plus d\u2019information.<\/p>\n","protected":false},"author":1,"featured_media":0,"parent":0,"menu_order":0,"comment_status":"closed","ping_status":"closed","template":"","meta":[],"acf":[],"yoast_head":"<!-- This site is optimized with the Yoast SEO plugin v19.14 - https:\/\/yoast.com\/wordpress\/plugins\/seo\/ -->\n<title>Explorers - ODYSSEUS II<\/title>\n<meta name=\"robots\" content=\"index, follow, max-snippet:-1, max-image-preview:large, max-video-preview:-1\" \/>\n<link rel=\"canonical\" href=\"https:\/\/odysseus-contests.eu\/2016\/fr\/explorers\/\" \/>\n<meta property=\"og:locale\" content=\"fr_FR\" \/>\n<meta property=\"og:type\" content=\"article\" \/>\n<meta property=\"og:title\" content=\"Explorers - ODYSSEUS II\" \/>\n<meta property=\"og:description\" content=\"Le concours Odysseus pour la cat\u00e9gorie Explorer est con\u00e7u pour donner aux \u00e9tudiants en Europe et \u00e0 travers le monde une opportunit\u00e9 de montrer leur cr\u00e9ativit\u00e9 et leur comp\u00e9tence acad\u00e9mique, en se confrontant \u00e0 un large \u00e9ventail de d\u00e9fis sur les technologies et les sciences spatiales. Suivez le lien sur la droite pour plus d\u2019information.\" \/>\n<meta property=\"og:url\" content=\"https:\/\/odysseus-contests.eu\/2016\/fr\/explorers\/\" \/>\n<meta property=\"og:site_name\" content=\"ODYSSEUS II\" \/>\n<meta property=\"article:modified_time\" content=\"2015-08-16T15:03:21+00:00\" \/>\n<meta name=\"twitter:card\" content=\"summary_large_image\" \/>\n<script type=\"application\/ld+json\" class=\"yoast-schema-graph\">{\"@context\":\"https:\/\/schema.org\",\"@graph\":[{\"@type\":\"WebPage\",\"@id\":\"https:\/\/odysseus-contests.eu\/2016\/fr\/explorers\/\",\"url\":\"https:\/\/odysseus-contests.eu\/2016\/fr\/explorers\/\",\"name\":\"Explorers - ODYSSEUS II\",\"isPartOf\":{\"@id\":\"https:\/\/odysseus-contests.eu\/2016\/de\/#website\"},\"datePublished\":\"2015-06-30T17:45:28+00:00\",\"dateModified\":\"2015-08-16T15:03:21+00:00\",\"breadcrumb\":{\"@id\":\"https:\/\/odysseus-contests.eu\/2016\/fr\/explorers\/#breadcrumb\"},\"inLanguage\":\"fr-FR\",\"potentialAction\":[{\"@type\":\"ReadAction\",\"target\":[\"https:\/\/odysseus-contests.eu\/2016\/fr\/explorers\/\"]}]},{\"@type\":\"BreadcrumbList\",\"@id\":\"https:\/\/odysseus-contests.eu\/2016\/fr\/explorers\/#breadcrumb\",\"itemListElement\":[{\"@type\":\"ListItem\",\"position\":1,\"name\":\"Home\",\"item\":\"https:\/\/odysseus-contests.eu\/2016\/fr\/\"},{\"@type\":\"ListItem\",\"position\":2,\"name\":\"Explorers\"}]},{\"@type\":\"WebSite\",\"@id\":\"https:\/\/odysseus-contests.eu\/2016\/de\/#website\",\"url\":\"https:\/\/odysseus-contests.eu\/2016\/de\/\",\"name\":\"ODYSSEUS II\",\"description\":\"Concours spatial des jeunes\",\"potentialAction\":[{\"@type\":\"SearchAction\",\"target\":{\"@type\":\"EntryPoint\",\"urlTemplate\":\"https:\/\/odysseus-contests.eu\/2016\/de\/?s={search_term_string}\"},\"query-input\":\"required name=search_term_string\"}],\"inLanguage\":\"fr-FR\"}]}<\/script>\n<!-- \/ Yoast SEO plugin. -->","yoast_head_json":{"title":"Explorers - ODYSSEUS II","robots":{"index":"index","follow":"follow","max-snippet":"max-snippet:-1","max-image-preview":"max-image-preview:large","max-video-preview":"max-video-preview:-1"},"canonical":"https:\/\/odysseus-contests.eu\/2016\/fr\/explorers\/","og_locale":"fr_FR","og_type":"article","og_title":"Explorers - ODYSSEUS II","og_description":"Le concours Odysseus pour la cat\u00e9gorie Explorer est con\u00e7u pour donner aux \u00e9tudiants en Europe et \u00e0 travers le monde une opportunit\u00e9 de montrer leur cr\u00e9ativit\u00e9 et leur comp\u00e9tence acad\u00e9mique, en se confrontant \u00e0 un large \u00e9ventail de d\u00e9fis sur les technologies et les sciences spatiales. Suivez le lien sur la droite pour plus d\u2019information.","og_url":"https:\/\/odysseus-contests.eu\/2016\/fr\/explorers\/","og_site_name":"ODYSSEUS II","article_modified_time":"2015-08-16T15:03:21+00:00","twitter_card":"summary_large_image","schema":{"@context":"https:\/\/schema.org","@graph":[{"@type":"WebPage","@id":"https:\/\/odysseus-contests.eu\/2016\/fr\/explorers\/","url":"https:\/\/odysseus-contests.eu\/2016\/fr\/explorers\/","name":"Explorers - ODYSSEUS II","isPartOf":{"@id":"https:\/\/odysseus-contests.eu\/2016\/de\/#website"},"datePublished":"2015-06-30T17:45:28+00:00","dateModified":"2015-08-16T15:03:21+00:00","breadcrumb":{"@id":"https:\/\/odysseus-contests.eu\/2016\/fr\/explorers\/#breadcrumb"},"inLanguage":"fr-FR","potentialAction":[{"@type":"ReadAction","target":["https:\/\/odysseus-contests.eu\/2016\/fr\/explorers\/"]}]},{"@type":"BreadcrumbList","@id":"https:\/\/odysseus-contests.eu\/2016\/fr\/explorers\/#breadcrumb","itemListElement":[{"@type":"ListItem","position":1,"name":"Home","item":"https:\/\/odysseus-contests.eu\/2016\/fr\/"},{"@type":"ListItem","position":2,"name":"Explorers"}]},{"@type":"WebSite","@id":"https:\/\/odysseus-contests.eu\/2016\/de\/#website","url":"https:\/\/odysseus-contests.eu\/2016\/de\/","name":"ODYSSEUS II","description":"Concours spatial des jeunes","potentialAction":[{"@type":"SearchAction","target":{"@type":"EntryPoint","urlTemplate":"https:\/\/odysseus-contests.eu\/2016\/de\/?s={search_term_string}"},"query-input":"required name=search_term_string"}],"inLanguage":"fr-FR"}]}},"_links":{"self":[{"href":"https:\/\/odysseus-contests.eu\/2016\/fr\/wp-json\/wp\/v2\/pages\/1236"}],"collection":[{"href":"https:\/\/odysseus-contests.eu\/2016\/fr\/wp-json\/wp\/v2\/pages"}],"about":[{"href":"https:\/\/odysseus-contests.eu\/2016\/fr\/wp-json\/wp\/v2\/types\/page"}],"author":[{"embeddable":true,"href":"https:\/\/odysseus-contests.eu\/2016\/fr\/wp-json\/wp\/v2\/users\/1"}],"replies":[{"embeddable":true,"href":"https:\/\/odysseus-contests.eu\/2016\/fr\/wp-json\/wp\/v2\/comments?post=1236"}],"version-history":[{"count":0,"href":"https:\/\/odysseus-contests.eu\/2016\/fr\/wp-json\/wp\/v2\/pages\/1236\/revisions"}],"wp:attachment":[{"href":"https:\/\/odysseus-contests.eu\/2016\/fr\/wp-json\/wp\/v2\/media?parent=1236"}],"curies":[{"name":"wp","href":"https:\/\/api.w.org\/{rel}","templated":true}]}}