{"id":4028,"date":"2015-08-16T16:02:49","date_gmt":"2015-08-16T13:02:49","guid":{"rendered":"http:\/\/odysseus-contests.eu\/2016\/?page_id=4028"},"modified":"2016-02-04T22:16:59","modified_gmt":"2016-02-04T19:16:59","slug":"preguntas-frecuentes","status":"publish","type":"page","link":"https:\/\/odysseus-contests.eu\/2016\/es\/4007-2\/preguntas-frecuentes\/","title":{"rendered":"Preguntas Frecuentes"},"content":{"rendered":"<p><strong>P: \u00bfQu\u00e9 es Odysseus II?<\/strong><\/p>\n<p>R: Odysseus II es un proyecto europeo financiado por la Comisi\u00f3n Europea. Su objetivo principal es la organizaci\u00f3n de un concurso europeo de ciencia y exploraci\u00f3n espacial para estudiantes entre 7 y 22 a\u00f1os. Si bien, aun siendo un concurso europeo, podr\u00e1n participar estudiantes de pa\u00edses no pertenecientes a la Uni\u00f3n Europea.<\/p>\n<p><strong>P: \u00bfMe gustar\u00eda inscribir un alumno en el concurso? &#8211; \u00bfC\u00f3mo puedo participar en el Concurso Odysseus II?<\/strong><\/p>\n<p>R: Para inscribirte en el Concurso Odysseus II s\u00f3lo tendr\u00e1s que reg\u00edstrate en Concurso Odysseus II introduciendo en su p\u00e1gina web el correo electr\u00f3nico y una contrase\u00f1a. Despu\u00e9s deber\u00e1s seleccionar la categor\u00eda Skywalkers y aceptar las reglas del concurso Odysseus \u0399\u0399. Una vez hecho esto, tendr\u00e1s que validar tu cuenta haciendo clic en el enlace que recibir\u00e1s autom\u00e1ticamente por correo electr\u00f3nico. Entonces, podr\u00e1s acceder a tu cuenta y cumplimentar tus datos y los del estudiante, de acuerdo al formulario establecido.<\/p>\n<p><strong>P: \u00bfQu\u00e9 requisitos adicionales tengo que cumplir para inscribir un alumno en el Concurso de Odysseus II?<\/strong><\/p>\n<p>R: El progenitor o el tutor legal del alumno deber\u00e1 firmar y enviar una autorizaci\u00f3n donde asuma las reglas del concurso y permita al alumno participar en el Concurso Odysseus II. La inscripci\u00f3n deber\u00e1 hacerse antes del d\u00eda 31 de marzo de 2016.<\/p>\n<p><strong>P: \u00bfQu\u00e9 edad tiene que tener el alumno para poder participar en el Concurso Odysseus II?<\/strong><\/p>\n<p>R: Podr\u00e1n participar en la categor\u00eda Skywalkers aquellos estudiantes nacidos entre el 1 de abril de 2002 y 31 de marzo de 2009.<\/p>\n<p><strong>P: \u00bfC\u00f3mo puedo enviar mi proyecto?<\/strong><\/p>\n<p>R: Una vez que te hayas registrado podr\u00e1s subir el dibujo haciendo clic en el enlace <em>Env\u00eda tu Proyecto<\/em>.<\/p>\n<p><strong>P: \u00bfPuedo enviar m\u00e1s de un dibujo?<\/strong><\/p>\n<p>R: No, s\u00f3lo se podr\u00e1 presentar un proyecto por participante. Si bien, cada tutor \u2013 progenitor, profesor, etc.- podr\u00e1 presentar un m\u00e1ximo de 50 dibujos correspondientes a 50 participantes Skywalker diferentes, siempre y cuando la autorizaci\u00f3n paterna haya sido firmada y presentada. (Esto facilitar\u00e1 el trabajo de los profesores en clases numerosas)<\/p>\n<p><strong>P: \u00bfQu\u00e9 debo hacer si olvido mi contrase\u00f1a de la Plataforma Odysseus II?<\/strong><\/p>\n<p>R: Haz clic en <em>Recuperar contrase\u00f1a<\/em> en la p\u00e1gina web del concurso y te enviaremos una nueva contrase\u00f1a a la direcci\u00f3n de correo electr\u00f3nico indicada para participar en el Concurso Odysseus II.<\/p>\n<p><strong>P: \u00bfCu\u00e1ndo tengo que enviar el dibujo?<\/strong><\/p>\n<p>\u0391: Los dibujos se podr\u00e1n presentar desde el 1 de septiembre de 2015 hasta las 23:59h. del 31 de marzo de 2016. Si bien, los organizadores del Concurso Odysseus II recomiendan no esperar hasta la fecha l\u00edmite para enviar el dibujo.<\/p>\n<p><strong>P: \u00bfPueden ayudarme a subir un dibujo a la p\u00e1gina web de Odysseus II?<\/strong><\/p>\n<p>R: S\u00ed. Deber\u00e1s seguir las instrucciones proporcionadas en el enlace <em>Env\u00eda tu proyecto<\/em>. Si te surge alguna duda o necesitas ayuda, por favor, cumplimenta y env\u00eda el formulario de contacto y los organizadores te ayudar\u00e1n a que tu dibujo se suba adecuadamente.<\/p>\n<p><strong>P: \u00bfPuedo ver el resto de trabajos presentados en el Concurso Odysseus II?<\/strong><\/p>\n<p>A: S\u00ed, todas las entradas se pueden ver en la p\u00e1gina web Odysseus II, en la <em>Galer\u00eda<\/em>, una vez haya finalizado el plazo de presentaci\u00f3n de im\u00e1genes.<\/p>\n<p><strong>P: \u00bfC\u00f3mo ser\u00e1n las votaciones de los participantes?<\/strong><\/p>\n<p>R: Todos los participantes podr\u00e1n votar on-line por su dibujo favorito, pero no podr\u00e1n hacerlo por el suyo. Cada participante s\u00f3lo podr\u00e1 votar por un \u00fanico dibujo de su grupo de edad y pa\u00eds.<\/p>\n<p><strong>P: \u00bfC\u00f3mo se me notificar\u00e1 si resulto ganador?<\/strong><\/p>\n<p>R: Los ganadores ser\u00e1n anunciados en la p\u00e1gina web Odysseus II.<\/p>\n<p><strong>P: \u00bfCu\u00e1les son los premios?<\/strong><\/p>\n<p>R: Los ganadores de las categor\u00edas J\u00fanior Skywalkers y Senior Skywalker, elegidos en la Final Internacional, recibir\u00e1n como <a href=\"http:\/\/odysseus-contests.eu\/2016\/es\/4007-2\/prizes\/\" target=\"_blank\">premio<\/a> un IPad Air 2 \u2013con libros electr\u00f3nicos y aplicaciones- y un diploma de <em>&#8216;Joven Embajador Europeo del Espacio <\/em><em>&#8216;<\/em>, que se les enviar\u00e1 directamente a su centro educativo o direcci\u00f3n postal que se indique.<\/p>\n","protected":false},"excerpt":{"rendered":"<p>P: \u00bfQu\u00e9 es Odysseus II? R: Odysseus II es un proyecto europeo financiado por la Comisi\u00f3n Europea. Su objetivo principal es la organizaci\u00f3n de un concurso europeo de ciencia y exploraci\u00f3n espacial para estudiantes entre 7 y 22 a\u00f1os. Si bien, aun siendo un concurso europeo, podr\u00e1n participar estudiantes de pa\u00edses no pertenecientes a la [&hellip;]<\/p>\n","protected":false},"author":2,"featured_media":0,"parent":4007,"menu_order":60,"comment_status":"closed","ping_status":"closed","template":"","meta":[],"acf":[],"yoast_head":"<!-- This site is optimized with the Yoast SEO plugin v19.14 - https:\/\/yoast.com\/wordpress\/plugins\/seo\/ -->\n<title>Preguntas Frecuentes - ODYSSEUS II<\/title>\n<meta name=\"robots\" content=\"index, follow, max-snippet:-1, max-image-preview:large, max-video-preview:-1\" \/>\n<link rel=\"canonical\" href=\"https:\/\/odysseus-contests.eu\/2016\/es\/4007-2\/preguntas-frecuentes\/\" \/>\n<meta property=\"og:locale\" content=\"es_ES\" \/>\n<meta property=\"og:type\" content=\"article\" \/>\n<meta property=\"og:title\" content=\"Preguntas Frecuentes - ODYSSEUS II\" \/>\n<meta property=\"og:description\" content=\"P: \u00bfQu\u00e9 es Odysseus II? R: Odysseus II es un proyecto europeo financiado por la Comisi\u00f3n Europea. Su objetivo principal es la organizaci\u00f3n de un concurso europeo de ciencia y exploraci\u00f3n espacial para estudiantes entre 7 y 22 a\u00f1os. Si bien, aun siendo un concurso europeo, podr\u00e1n participar estudiantes de pa\u00edses no pertenecientes a la [&hellip;]\" \/>\n<meta property=\"og:url\" content=\"https:\/\/odysseus-contests.eu\/2016\/es\/4007-2\/preguntas-frecuentes\/\" \/>\n<meta property=\"og:site_name\" content=\"ODYSSEUS II\" \/>\n<meta property=\"article:modified_time\" content=\"2016-02-04T19:16:59+00:00\" \/>\n<meta name=\"twitter:card\" content=\"summary_large_image\" \/>\n<meta name=\"twitter:label1\" content=\"Tiempo de lectura\" \/>\n\t<meta name=\"twitter:data1\" content=\"3 minutos\" \/>\n<script type=\"application\/ld+json\" class=\"yoast-schema-graph\">{\"@context\":\"https:\/\/schema.org\",\"@graph\":[{\"@type\":\"WebPage\",\"@id\":\"https:\/\/odysseus-contests.eu\/2016\/es\/4007-2\/preguntas-frecuentes\/\",\"url\":\"https:\/\/odysseus-contests.eu\/2016\/es\/4007-2\/preguntas-frecuentes\/\",\"name\":\"Preguntas Frecuentes - ODYSSEUS II\",\"isPartOf\":{\"@id\":\"https:\/\/odysseus-contests.eu\/2016\/de\/#website\"},\"datePublished\":\"2015-08-16T13:02:49+00:00\",\"dateModified\":\"2016-02-04T19:16:59+00:00\",\"breadcrumb\":{\"@id\":\"https:\/\/odysseus-contests.eu\/2016\/es\/4007-2\/preguntas-frecuentes\/#breadcrumb\"},\"inLanguage\":\"es\",\"potentialAction\":[{\"@type\":\"ReadAction\",\"target\":[\"https:\/\/odysseus-contests.eu\/2016\/es\/4007-2\/preguntas-frecuentes\/\"]}]},{\"@type\":\"BreadcrumbList\",\"@id\":\"https:\/\/odysseus-contests.eu\/2016\/es\/4007-2\/preguntas-frecuentes\/#breadcrumb\",\"itemListElement\":[{\"@type\":\"ListItem\",\"position\":1,\"name\":\"Home\",\"item\":\"https:\/\/odysseus-contests.eu\/2016\/es\/\"},{\"@type\":\"ListItem\",\"position\":2,\"name\":\"Skywalkers\",\"item\":\"https:\/\/odysseus-contests.eu\/2016\/es\/4007-2\/\"},{\"@type\":\"ListItem\",\"position\":3,\"name\":\"Preguntas Frecuentes\"}]},{\"@type\":\"WebSite\",\"@id\":\"https:\/\/odysseus-contests.eu\/2016\/de\/#website\",\"url\":\"https:\/\/odysseus-contests.eu\/2016\/de\/\",\"name\":\"ODYSSEUS II\",\"description\":\"European Youth Space Contest\",\"potentialAction\":[{\"@type\":\"SearchAction\",\"target\":{\"@type\":\"EntryPoint\",\"urlTemplate\":\"https:\/\/odysseus-contests.eu\/2016\/de\/?s={search_term_string}\"},\"query-input\":\"required name=search_term_string\"}],\"inLanguage\":\"es\"}]}<\/script>\n<!-- \/ Yoast SEO plugin. -->","yoast_head_json":{"title":"Preguntas Frecuentes - ODYSSEUS II","robots":{"index":"index","follow":"follow","max-snippet":"max-snippet:-1","max-image-preview":"max-image-preview:large","max-video-preview":"max-video-preview:-1"},"canonical":"https:\/\/odysseus-contests.eu\/2016\/es\/4007-2\/preguntas-frecuentes\/","og_locale":"es_ES","og_type":"article","og_title":"Preguntas Frecuentes - ODYSSEUS II","og_description":"P: \u00bfQu\u00e9 es Odysseus II? R: Odysseus II es un proyecto europeo financiado por la Comisi\u00f3n Europea. Su objetivo principal es la organizaci\u00f3n de un concurso europeo de ciencia y exploraci\u00f3n espacial para estudiantes entre 7 y 22 a\u00f1os. Si bien, aun siendo un concurso europeo, podr\u00e1n participar estudiantes de pa\u00edses no pertenecientes a la [&hellip;]","og_url":"https:\/\/odysseus-contests.eu\/2016\/es\/4007-2\/preguntas-frecuentes\/","og_site_name":"ODYSSEUS II","article_modified_time":"2016-02-04T19:16:59+00:00","twitter_card":"summary_large_image","twitter_misc":{"Tiempo de lectura":"3 minutos"},"schema":{"@context":"https:\/\/schema.org","@graph":[{"@type":"WebPage","@id":"https:\/\/odysseus-contests.eu\/2016\/es\/4007-2\/preguntas-frecuentes\/","url":"https:\/\/odysseus-contests.eu\/2016\/es\/4007-2\/preguntas-frecuentes\/","name":"Preguntas Frecuentes - ODYSSEUS II","isPartOf":{"@id":"https:\/\/odysseus-contests.eu\/2016\/de\/#website"},"datePublished":"2015-08-16T13:02:49+00:00","dateModified":"2016-02-04T19:16:59+00:00","breadcrumb":{"@id":"https:\/\/odysseus-contests.eu\/2016\/es\/4007-2\/preguntas-frecuentes\/#breadcrumb"},"inLanguage":"es","potentialAction":[{"@type":"ReadAction","target":["https:\/\/odysseus-contests.eu\/2016\/es\/4007-2\/preguntas-frecuentes\/"]}]},{"@type":"BreadcrumbList","@id":"https:\/\/odysseus-contests.eu\/2016\/es\/4007-2\/preguntas-frecuentes\/#breadcrumb","itemListElement":[{"@type":"ListItem","position":1,"name":"Home","item":"https:\/\/odysseus-contests.eu\/2016\/es\/"},{"@type":"ListItem","position":2,"name":"Skywalkers","item":"https:\/\/odysseus-contests.eu\/2016\/es\/4007-2\/"},{"@type":"ListItem","position":3,"name":"Preguntas Frecuentes"}]},{"@type":"WebSite","@id":"https:\/\/odysseus-contests.eu\/2016\/de\/#website","url":"https:\/\/odysseus-contests.eu\/2016\/de\/","name":"ODYSSEUS II","description":"European Youth Space Contest","potentialAction":[{"@type":"SearchAction","target":{"@type":"EntryPoint","urlTemplate":"https:\/\/odysseus-contests.eu\/2016\/de\/?s={search_term_string}"},"query-input":"required name=search_term_string"}],"inLanguage":"es"}]}},"_links":{"self":[{"href":"https:\/\/odysseus-contests.eu\/2016\/es\/wp-json\/wp\/v2\/pages\/4028"}],"collection":[{"href":"https:\/\/odysseus-contests.eu\/2016\/es\/wp-json\/wp\/v2\/pages"}],"about":[{"href":"https:\/\/odysseus-contests.eu\/2016\/es\/wp-json\/wp\/v2\/types\/page"}],"author":[{"embeddable":true,"href":"https:\/\/odysseus-contests.eu\/2016\/es\/wp-json\/wp\/v2\/users\/2"}],"replies":[{"embeddable":true,"href":"https:\/\/odysseus-contests.eu\/2016\/es\/wp-json\/wp\/v2\/comments?post=4028"}],"version-history":[{"count":2,"href":"https:\/\/odysseus-contests.eu\/2016\/es\/wp-json\/wp\/v2\/pages\/4028\/revisions"}],"predecessor-version":[{"id":7869,"href":"https:\/\/odysseus-contests.eu\/2016\/es\/wp-json\/wp\/v2\/pages\/4028\/revisions\/7869"}],"up":[{"embeddable":true,"href":"https:\/\/odysseus-contests.eu\/2016\/es\/wp-json\/wp\/v2\/pages\/4007"}],"wp:attachment":[{"href":"https:\/\/odysseus-contests.eu\/2016\/es\/wp-json\/wp\/v2\/media?parent=4028"}],"curies":[{"name":"wp","href":"https:\/\/api.w.org\/{rel}","templated":true}]}}