{"id":4016,"date":"2015-08-16T12:27:03","date_gmt":"2015-08-16T09:27:03","guid":{"rendered":"http:\/\/odysseus-contests.eu\/2016\/?page_id=4016"},"modified":"2015-08-16T16:05:47","modified_gmt":"2015-08-16T13:05:47","slug":"prizes","status":"publish","type":"page","link":"https:\/\/odysseus-contests.eu\/2016\/es\/4007-2\/prizes\/","title":{"rendered":"Premios"},"content":{"rendered":"<p><img decoding=\"async\" loading=\"lazy\" class=\"img-responsive alignleft wp-image-337 size-full\" src=\"http:\/\/odysseus-contests.eu\/2016\/wp-content\/uploads\/2015\/05\/content-prizes-skywalkers1.jpg\" alt=\"content-prizes-skywalkers\" width=\"700\" height=\"400\" srcset=\"https:\/\/odysseus-contests.eu\/2016\/wp-content\/uploads\/2015\/05\/content-prizes-skywalkers1.jpg 700w, https:\/\/odysseus-contests.eu\/2016\/wp-content\/uploads\/2015\/05\/content-prizes-skywalkers1-300x171.jpg 300w\" sizes=\"(max-width: 700px) 100vw, 700px\" \/><\/p>\n<p>Los trabajos de todos los ganadores nacionales y finalistas de las categor\u00edas Junior Skywalkers y Senior Skywalkers podr\u00e1n verse en la <em>Galer\u00eda de los Ganadores<\/em> de la segunda edici\u00f3n del Concurso Odysseus II. Igualmente, recibir\u00e1n una medalla de ganadores y un kit de montaje de un cohete que la organizaci\u00f3n enviar\u00e1, directamente, a sus centros educativos o direcci\u00f3n postal que se indique.<\/p>\n<p>En cuanto a los ganadores Skywalkers del concurso de dibujos elegidos en la Final Internacional recibir\u00e1n un iPad 2 con espacio para libros electr\u00f3nicos y aplicaciones, as\u00ed como un diploma de <em>&#8216;Joven Embajador Espacial Europeo<\/em><em>&#8216;<\/em>, que se les enviar\u00e1, directamente, a su centro educativo o direcci\u00f3n postal que se indique.<\/p>\n","protected":false},"excerpt":{"rendered":"<p>Los trabajos de todos los ganadores nacionales y finalistas de las categor\u00edas Junior Skywalkers y Senior Skywalkers podr\u00e1n verse en la Galer\u00eda de los Ganadores de la segunda edici\u00f3n del Concurso Odysseus II. Igualmente, recibir\u00e1n una medalla de ganadores y un kit de montaje de un cohete que la organizaci\u00f3n enviar\u00e1, directamente, a sus centros [&hellip;]<\/p>\n","protected":false},"author":2,"featured_media":0,"parent":4007,"menu_order":40,"comment_status":"closed","ping_status":"closed","template":"","meta":[],"acf":[],"yoast_head":"<!-- This site is optimized with the Yoast SEO plugin v19.14 - https:\/\/yoast.com\/wordpress\/plugins\/seo\/ -->\n<title>Premios - ODYSSEUS II<\/title>\n<meta name=\"robots\" content=\"index, follow, max-snippet:-1, max-image-preview:large, max-video-preview:-1\" \/>\n<link rel=\"canonical\" href=\"https:\/\/odysseus-contests.eu\/2016\/es\/4007-2\/prizes\/\" \/>\n<meta property=\"og:locale\" content=\"es_ES\" \/>\n<meta property=\"og:type\" content=\"article\" \/>\n<meta property=\"og:title\" content=\"Premios - ODYSSEUS II\" \/>\n<meta property=\"og:description\" content=\"Los trabajos de todos los ganadores nacionales y finalistas de las categor\u00edas Junior Skywalkers y Senior Skywalkers podr\u00e1n verse en la Galer\u00eda de los Ganadores de la segunda edici\u00f3n del Concurso Odysseus II. Igualmente, recibir\u00e1n una medalla de ganadores y un kit de montaje de un cohete que la organizaci\u00f3n enviar\u00e1, directamente, a sus centros [&hellip;]\" \/>\n<meta property=\"og:url\" content=\"https:\/\/odysseus-contests.eu\/2016\/es\/4007-2\/prizes\/\" \/>\n<meta property=\"og:site_name\" content=\"ODYSSEUS II\" \/>\n<meta property=\"article:modified_time\" content=\"2015-08-16T13:05:47+00:00\" \/>\n<meta property=\"og:image\" content=\"http:\/\/odysseus-contests.eu\/2016\/wp-content\/uploads\/2015\/05\/content-prizes-skywalkers1.jpg\" \/>\n<meta name=\"twitter:card\" content=\"summary_large_image\" \/>\n<meta name=\"twitter:label1\" content=\"Tiempo de lectura\" \/>\n\t<meta name=\"twitter:data1\" content=\"1 minuto\" \/>\n<script type=\"application\/ld+json\" class=\"yoast-schema-graph\">{\"@context\":\"https:\/\/schema.org\",\"@graph\":[{\"@type\":\"WebPage\",\"@id\":\"https:\/\/odysseus-contests.eu\/2016\/es\/4007-2\/prizes\/\",\"url\":\"https:\/\/odysseus-contests.eu\/2016\/es\/4007-2\/prizes\/\",\"name\":\"Premios - ODYSSEUS II\",\"isPartOf\":{\"@id\":\"https:\/\/odysseus-contests.eu\/2016\/de\/#website\"},\"datePublished\":\"2015-08-16T09:27:03+00:00\",\"dateModified\":\"2015-08-16T13:05:47+00:00\",\"breadcrumb\":{\"@id\":\"https:\/\/odysseus-contests.eu\/2016\/es\/4007-2\/prizes\/#breadcrumb\"},\"inLanguage\":\"es\",\"potentialAction\":[{\"@type\":\"ReadAction\",\"target\":[\"https:\/\/odysseus-contests.eu\/2016\/es\/4007-2\/prizes\/\"]}]},{\"@type\":\"BreadcrumbList\",\"@id\":\"https:\/\/odysseus-contests.eu\/2016\/es\/4007-2\/prizes\/#breadcrumb\",\"itemListElement\":[{\"@type\":\"ListItem\",\"position\":1,\"name\":\"Home\",\"item\":\"https:\/\/odysseus-contests.eu\/2016\/es\/\"},{\"@type\":\"ListItem\",\"position\":2,\"name\":\"Skywalkers\",\"item\":\"https:\/\/odysseus-contests.eu\/2016\/es\/4007-2\/\"},{\"@type\":\"ListItem\",\"position\":3,\"name\":\"Premios\"}]},{\"@type\":\"WebSite\",\"@id\":\"https:\/\/odysseus-contests.eu\/2016\/de\/#website\",\"url\":\"https:\/\/odysseus-contests.eu\/2016\/de\/\",\"name\":\"ODYSSEUS II\",\"description\":\"European Youth Space Contest\",\"potentialAction\":[{\"@type\":\"SearchAction\",\"target\":{\"@type\":\"EntryPoint\",\"urlTemplate\":\"https:\/\/odysseus-contests.eu\/2016\/de\/?s={search_term_string}\"},\"query-input\":\"required name=search_term_string\"}],\"inLanguage\":\"es\"}]}<\/script>\n<!-- \/ Yoast SEO plugin. -->","yoast_head_json":{"title":"Premios - ODYSSEUS II","robots":{"index":"index","follow":"follow","max-snippet":"max-snippet:-1","max-image-preview":"max-image-preview:large","max-video-preview":"max-video-preview:-1"},"canonical":"https:\/\/odysseus-contests.eu\/2016\/es\/4007-2\/prizes\/","og_locale":"es_ES","og_type":"article","og_title":"Premios - ODYSSEUS II","og_description":"Los trabajos de todos los ganadores nacionales y finalistas de las categor\u00edas Junior Skywalkers y Senior Skywalkers podr\u00e1n verse en la Galer\u00eda de los Ganadores de la segunda edici\u00f3n del Concurso Odysseus II. Igualmente, recibir\u00e1n una medalla de ganadores y un kit de montaje de un cohete que la organizaci\u00f3n enviar\u00e1, directamente, a sus centros [&hellip;]","og_url":"https:\/\/odysseus-contests.eu\/2016\/es\/4007-2\/prizes\/","og_site_name":"ODYSSEUS II","article_modified_time":"2015-08-16T13:05:47+00:00","og_image":[{"url":"http:\/\/odysseus-contests.eu\/2016\/wp-content\/uploads\/2015\/05\/content-prizes-skywalkers1.jpg"}],"twitter_card":"summary_large_image","twitter_misc":{"Tiempo de lectura":"1 minuto"},"schema":{"@context":"https:\/\/schema.org","@graph":[{"@type":"WebPage","@id":"https:\/\/odysseus-contests.eu\/2016\/es\/4007-2\/prizes\/","url":"https:\/\/odysseus-contests.eu\/2016\/es\/4007-2\/prizes\/","name":"Premios - ODYSSEUS II","isPartOf":{"@id":"https:\/\/odysseus-contests.eu\/2016\/de\/#website"},"datePublished":"2015-08-16T09:27:03+00:00","dateModified":"2015-08-16T13:05:47+00:00","breadcrumb":{"@id":"https:\/\/odysseus-contests.eu\/2016\/es\/4007-2\/prizes\/#breadcrumb"},"inLanguage":"es","potentialAction":[{"@type":"ReadAction","target":["https:\/\/odysseus-contests.eu\/2016\/es\/4007-2\/prizes\/"]}]},{"@type":"BreadcrumbList","@id":"https:\/\/odysseus-contests.eu\/2016\/es\/4007-2\/prizes\/#breadcrumb","itemListElement":[{"@type":"ListItem","position":1,"name":"Home","item":"https:\/\/odysseus-contests.eu\/2016\/es\/"},{"@type":"ListItem","position":2,"name":"Skywalkers","item":"https:\/\/odysseus-contests.eu\/2016\/es\/4007-2\/"},{"@type":"ListItem","position":3,"name":"Premios"}]},{"@type":"WebSite","@id":"https:\/\/odysseus-contests.eu\/2016\/de\/#website","url":"https:\/\/odysseus-contests.eu\/2016\/de\/","name":"ODYSSEUS II","description":"European Youth Space Contest","potentialAction":[{"@type":"SearchAction","target":{"@type":"EntryPoint","urlTemplate":"https:\/\/odysseus-contests.eu\/2016\/de\/?s={search_term_string}"},"query-input":"required name=search_term_string"}],"inLanguage":"es"}]}},"_links":{"self":[{"href":"https:\/\/odysseus-contests.eu\/2016\/es\/wp-json\/wp\/v2\/pages\/4016"}],"collection":[{"href":"https:\/\/odysseus-contests.eu\/2016\/es\/wp-json\/wp\/v2\/pages"}],"about":[{"href":"https:\/\/odysseus-contests.eu\/2016\/es\/wp-json\/wp\/v2\/types\/page"}],"author":[{"embeddable":true,"href":"https:\/\/odysseus-contests.eu\/2016\/es\/wp-json\/wp\/v2\/users\/2"}],"replies":[{"embeddable":true,"href":"https:\/\/odysseus-contests.eu\/2016\/es\/wp-json\/wp\/v2\/comments?post=4016"}],"version-history":[{"count":0,"href":"https:\/\/odysseus-contests.eu\/2016\/es\/wp-json\/wp\/v2\/pages\/4016\/revisions"}],"up":[{"embeddable":true,"href":"https:\/\/odysseus-contests.eu\/2016\/es\/wp-json\/wp\/v2\/pages\/4007"}],"wp:attachment":[{"href":"https:\/\/odysseus-contests.eu\/2016\/es\/wp-json\/wp\/v2\/media?parent=4016"}],"curies":[{"name":"wp","href":"https:\/\/api.w.org\/{rel}","templated":true}]}}