{"id":4009,"date":"2015-08-16T12:11:19","date_gmt":"2015-08-16T09:11:19","guid":{"rendered":"http:\/\/odysseus-contests.eu\/2016\/?page_id=4009"},"modified":"2015-08-16T12:11:19","modified_gmt":"2015-08-16T09:11:19","slug":"instrucciones","status":"publish","type":"page","link":"https:\/\/odysseus-contests.eu\/2016\/es\/4007-2\/instrucciones\/","title":{"rendered":"Instrucciones"},"content":{"rendered":"<p>Podr\u00e1n participar estudiantes nacidos entre el 1 de abril de 2002 y 31 de marzo de 2009. Cada estudiante, de forma individual, presentar\u00e1 un dibujo relacionado con uno de los siguientes temas:<\/p>\n<ol>\n<li>Sistema Solar y Ciencias del Espacio (p. ej.: \u00bfC\u00f3mo se ve la Tierra desde la superficie de la Luna? y \u00bfdesde la superficie de Venus?)<\/li>\n<li>Europa en el espacio (p. ej.: Caminar sobre un cometa)<\/li>\n<li>Los seres humanos en Marte<\/li>\n<li>Astrobiolog\u00eda: La b\u00fasqueda de vida en el universo (p. ej.: Dibujar una civilizaci\u00f3n que haya desarrollado una nueva tecnolog\u00eda)<\/li>\n<\/ol>\n<p>Estos son s\u00f3lo algunos ejemplos, cualquier otro dibujo, idea o trabajo producto de la creatividad e imaginaci\u00f3n de los alumnos, en el contexto de los temas propuestos, ser\u00e1 bien recibido.<\/p>\n<p>El t\u00e9rmino <em>dibujo<\/em> hace referencia a cualquier trabajo creado ya sea manualmente (dibujo, pintura, collages, etc.), o en formato electr\u00f3nico (fotograf\u00edas, dibujos realizados por ordenador, etc.). Los dibujos no creados electr\u00f3nicamente deber\u00e1n ser escaneadas y subidos a la red en uno de los formatos preestablecidos a tal efecto.<\/p>\n<p>Las im\u00e1genes ser\u00e1n presentadas on-line en la p\u00e1gina web del concurso ODYSSEUS II por un adulto (un profesor, progenitor, familiar o tutor).<\/p>\n","protected":false},"excerpt":{"rendered":"<p>Podr\u00e1n participar estudiantes nacidos entre el 1 de abril de 2002 y 31 de marzo de 2009. Cada estudiante, de forma individual, presentar\u00e1 un dibujo relacionado con uno de los siguientes temas: Sistema Solar y Ciencias del Espacio (p. ej.: \u00bfC\u00f3mo se ve la Tierra desde la superficie de la Luna? y \u00bfdesde la superficie [&hellip;]<\/p>\n","protected":false},"author":2,"featured_media":0,"parent":4007,"menu_order":10,"comment_status":"closed","ping_status":"closed","template":"","meta":[],"acf":[],"yoast_head":"<!-- This site is optimized with the Yoast SEO plugin v19.14 - https:\/\/yoast.com\/wordpress\/plugins\/seo\/ -->\n<title>Instrucciones - ODYSSEUS II<\/title>\n<meta name=\"robots\" content=\"index, follow, max-snippet:-1, max-image-preview:large, max-video-preview:-1\" \/>\n<link rel=\"canonical\" href=\"https:\/\/odysseus-contests.eu\/2016\/es\/4007-2\/instrucciones\/\" \/>\n<meta property=\"og:locale\" content=\"es_ES\" \/>\n<meta property=\"og:type\" content=\"article\" \/>\n<meta property=\"og:title\" content=\"Instrucciones - ODYSSEUS II\" \/>\n<meta property=\"og:description\" content=\"Podr\u00e1n participar estudiantes nacidos entre el 1 de abril de 2002 y 31 de marzo de 2009. Cada estudiante, de forma individual, presentar\u00e1 un dibujo relacionado con uno de los siguientes temas: Sistema Solar y Ciencias del Espacio (p. ej.: \u00bfC\u00f3mo se ve la Tierra desde la superficie de la Luna? y \u00bfdesde la superficie [&hellip;]\" \/>\n<meta property=\"og:url\" content=\"https:\/\/odysseus-contests.eu\/2016\/es\/4007-2\/instrucciones\/\" \/>\n<meta property=\"og:site_name\" content=\"ODYSSEUS II\" \/>\n<meta name=\"twitter:card\" content=\"summary_large_image\" \/>\n<meta name=\"twitter:label1\" content=\"Tiempo de lectura\" \/>\n\t<meta name=\"twitter:data1\" content=\"1 minuto\" \/>\n<script type=\"application\/ld+json\" class=\"yoast-schema-graph\">{\"@context\":\"https:\/\/schema.org\",\"@graph\":[{\"@type\":\"WebPage\",\"@id\":\"https:\/\/odysseus-contests.eu\/2016\/es\/4007-2\/instrucciones\/\",\"url\":\"https:\/\/odysseus-contests.eu\/2016\/es\/4007-2\/instrucciones\/\",\"name\":\"Instrucciones - ODYSSEUS II\",\"isPartOf\":{\"@id\":\"https:\/\/odysseus-contests.eu\/2016\/de\/#website\"},\"datePublished\":\"2015-08-16T09:11:19+00:00\",\"dateModified\":\"2015-08-16T09:11:19+00:00\",\"breadcrumb\":{\"@id\":\"https:\/\/odysseus-contests.eu\/2016\/es\/4007-2\/instrucciones\/#breadcrumb\"},\"inLanguage\":\"es\",\"potentialAction\":[{\"@type\":\"ReadAction\",\"target\":[\"https:\/\/odysseus-contests.eu\/2016\/es\/4007-2\/instrucciones\/\"]}]},{\"@type\":\"BreadcrumbList\",\"@id\":\"https:\/\/odysseus-contests.eu\/2016\/es\/4007-2\/instrucciones\/#breadcrumb\",\"itemListElement\":[{\"@type\":\"ListItem\",\"position\":1,\"name\":\"Home\",\"item\":\"https:\/\/odysseus-contests.eu\/2016\/es\/\"},{\"@type\":\"ListItem\",\"position\":2,\"name\":\"Skywalkers\",\"item\":\"https:\/\/odysseus-contests.eu\/2016\/es\/4007-2\/\"},{\"@type\":\"ListItem\",\"position\":3,\"name\":\"Instrucciones\"}]},{\"@type\":\"WebSite\",\"@id\":\"https:\/\/odysseus-contests.eu\/2016\/de\/#website\",\"url\":\"https:\/\/odysseus-contests.eu\/2016\/de\/\",\"name\":\"ODYSSEUS II\",\"description\":\"European Youth Space Contest\",\"potentialAction\":[{\"@type\":\"SearchAction\",\"target\":{\"@type\":\"EntryPoint\",\"urlTemplate\":\"https:\/\/odysseus-contests.eu\/2016\/de\/?s={search_term_string}\"},\"query-input\":\"required name=search_term_string\"}],\"inLanguage\":\"es\"}]}<\/script>\n<!-- \/ Yoast SEO plugin. -->","yoast_head_json":{"title":"Instrucciones - ODYSSEUS II","robots":{"index":"index","follow":"follow","max-snippet":"max-snippet:-1","max-image-preview":"max-image-preview:large","max-video-preview":"max-video-preview:-1"},"canonical":"https:\/\/odysseus-contests.eu\/2016\/es\/4007-2\/instrucciones\/","og_locale":"es_ES","og_type":"article","og_title":"Instrucciones - ODYSSEUS II","og_description":"Podr\u00e1n participar estudiantes nacidos entre el 1 de abril de 2002 y 31 de marzo de 2009. Cada estudiante, de forma individual, presentar\u00e1 un dibujo relacionado con uno de los siguientes temas: Sistema Solar y Ciencias del Espacio (p. ej.: \u00bfC\u00f3mo se ve la Tierra desde la superficie de la Luna? y \u00bfdesde la superficie [&hellip;]","og_url":"https:\/\/odysseus-contests.eu\/2016\/es\/4007-2\/instrucciones\/","og_site_name":"ODYSSEUS II","twitter_card":"summary_large_image","twitter_misc":{"Tiempo de lectura":"1 minuto"},"schema":{"@context":"https:\/\/schema.org","@graph":[{"@type":"WebPage","@id":"https:\/\/odysseus-contests.eu\/2016\/es\/4007-2\/instrucciones\/","url":"https:\/\/odysseus-contests.eu\/2016\/es\/4007-2\/instrucciones\/","name":"Instrucciones - ODYSSEUS II","isPartOf":{"@id":"https:\/\/odysseus-contests.eu\/2016\/de\/#website"},"datePublished":"2015-08-16T09:11:19+00:00","dateModified":"2015-08-16T09:11:19+00:00","breadcrumb":{"@id":"https:\/\/odysseus-contests.eu\/2016\/es\/4007-2\/instrucciones\/#breadcrumb"},"inLanguage":"es","potentialAction":[{"@type":"ReadAction","target":["https:\/\/odysseus-contests.eu\/2016\/es\/4007-2\/instrucciones\/"]}]},{"@type":"BreadcrumbList","@id":"https:\/\/odysseus-contests.eu\/2016\/es\/4007-2\/instrucciones\/#breadcrumb","itemListElement":[{"@type":"ListItem","position":1,"name":"Home","item":"https:\/\/odysseus-contests.eu\/2016\/es\/"},{"@type":"ListItem","position":2,"name":"Skywalkers","item":"https:\/\/odysseus-contests.eu\/2016\/es\/4007-2\/"},{"@type":"ListItem","position":3,"name":"Instrucciones"}]},{"@type":"WebSite","@id":"https:\/\/odysseus-contests.eu\/2016\/de\/#website","url":"https:\/\/odysseus-contests.eu\/2016\/de\/","name":"ODYSSEUS II","description":"European Youth Space Contest","potentialAction":[{"@type":"SearchAction","target":{"@type":"EntryPoint","urlTemplate":"https:\/\/odysseus-contests.eu\/2016\/de\/?s={search_term_string}"},"query-input":"required name=search_term_string"}],"inLanguage":"es"}]}},"_links":{"self":[{"href":"https:\/\/odysseus-contests.eu\/2016\/es\/wp-json\/wp\/v2\/pages\/4009"}],"collection":[{"href":"https:\/\/odysseus-contests.eu\/2016\/es\/wp-json\/wp\/v2\/pages"}],"about":[{"href":"https:\/\/odysseus-contests.eu\/2016\/es\/wp-json\/wp\/v2\/types\/page"}],"author":[{"embeddable":true,"href":"https:\/\/odysseus-contests.eu\/2016\/es\/wp-json\/wp\/v2\/users\/2"}],"replies":[{"embeddable":true,"href":"https:\/\/odysseus-contests.eu\/2016\/es\/wp-json\/wp\/v2\/comments?post=4009"}],"version-history":[{"count":0,"href":"https:\/\/odysseus-contests.eu\/2016\/es\/wp-json\/wp\/v2\/pages\/4009\/revisions"}],"up":[{"embeddable":true,"href":"https:\/\/odysseus-contests.eu\/2016\/es\/wp-json\/wp\/v2\/pages\/4007"}],"wp:attachment":[{"href":"https:\/\/odysseus-contests.eu\/2016\/es\/wp-json\/wp\/v2\/media?parent=4009"}],"curies":[{"name":"wp","href":"https:\/\/api.w.org\/{rel}","templated":true}]}}