{"id":4005,"date":"2015-08-16T12:04:02","date_gmt":"2015-08-16T09:04:02","guid":{"rendered":"http:\/\/odysseus-contests.eu\/2016\/?page_id=4005"},"modified":"2015-08-16T12:04:02","modified_gmt":"2015-08-16T09:04:02","slug":"proyecto-odysseus-ii","status":"publish","type":"page","link":"https:\/\/odysseus-contests.eu\/2016\/es\/proyecto-odysseus-ii\/proyecto-odysseus-ii\/","title":{"rendered":"Proyecto Odysseus II"},"content":{"rendered":"<p>El Proyecto Odysseus II tiene como principal objetivo dar a conocer el mundo de la exploraci\u00f3n espacial a todos los j\u00f3venes europeos a trav\u00e9s de diferentes actividades educativas, en las que se combinar\u00e1 el aprendizaje cient\u00edfico con experiencias pr\u00e1cticas. El Concurso Odysseus II est\u00e1 organizado en diferentes rondas eliminatorias, con un claro planteamiento formativo y l\u00fadico. Est\u00e1 dirigido a todos los estudiantes europeos, sea cual sea su procedencia e independientemente de su origen cultural y su idioma. Odysseus II tiene como fin estimular y fomentar vocaciones cient\u00edficas entre los m\u00e1s j\u00f3venes en todas aquellas \u00e1reas cient\u00edficas y tecnol\u00f3gicas de especial relevancia en el \u00e1mbito de la pol\u00edtica espacial de la Uni\u00f3n Europea.<\/p>\n<p>Odysseus II pretende seguir creciendo, apoy\u00e1ndose en los \u00e9xitos cosechados en la anterior edici\u00f3n del <a href=\"http:\/\/www.odysseus-contests.eu\" target=\"_blank\">Concurso Odysseus<\/a> y, as\u00ed, poder ofrecer a los j\u00f3venes europeos la oportunidad descubrir el mundo de la ciencia y la tecnolog\u00eda espacial. El objetivo principal de las dos futuras ediciones de Odysseus II -curso escolar 2015\/2016 y 2016\/2017- es despertar el inter\u00e9s por la investigaci\u00f3n espacial de cientos de miles de estudiantes de toda Europa.<\/p>\n<p>El proyecto Odysseus II est\u00e1 financiado por el Programa Europeo Horizonte 2020 para investigaci\u00f3n e innovaci\u00f3n, en virtud del acuerdo N\u00ba 640218. Dotado con cerca de 2 millones de euros por la Comisi\u00f3n Europea, se ha iniciado el 1 de Enero de 2015 y finalizar\u00e1 el 31 de Diciembre de 2017. Odysseus II est\u00e1 respaldado por un s\u00f3lido consorcio formado por 14 socios y 4 organizaciones de apoyo procedentes de 11 pa\u00edses europeos. Todos ellos colaboran con el \u00fanico fin de acercar a los j\u00f3venes europeos el mundo de la ciencia y la tecnolog\u00eda espacial.<\/p>\n","protected":false},"excerpt":{"rendered":"<p>El Proyecto Odysseus II tiene como principal objetivo dar a conocer el mundo de la exploraci\u00f3n espacial a todos los j\u00f3venes europeos a trav\u00e9s de diferentes actividades educativas, en las que se combinar\u00e1 el aprendizaje cient\u00edfico con experiencias pr\u00e1cticas. El Concurso Odysseus II est\u00e1 organizado en diferentes rondas eliminatorias, con un claro planteamiento formativo y [&hellip;]<\/p>\n","protected":false},"author":2,"featured_media":0,"parent":4003,"menu_order":10,"comment_status":"closed","ping_status":"closed","template":"","meta":[],"acf":[],"yoast_head":"<!-- This site is optimized with the Yoast SEO plugin v19.14 - https:\/\/yoast.com\/wordpress\/plugins\/seo\/ -->\n<title>Proyecto Odysseus II - ODYSSEUS II<\/title>\n<meta name=\"robots\" content=\"index, follow, max-snippet:-1, max-image-preview:large, max-video-preview:-1\" \/>\n<link rel=\"canonical\" href=\"https:\/\/odysseus-contests.eu\/2016\/es\/proyecto-odysseus-ii\/proyecto-odysseus-ii\/\" \/>\n<meta property=\"og:locale\" content=\"es_ES\" \/>\n<meta property=\"og:type\" content=\"article\" \/>\n<meta property=\"og:title\" content=\"Proyecto Odysseus II - ODYSSEUS II\" \/>\n<meta property=\"og:description\" content=\"El Proyecto Odysseus II tiene como principal objetivo dar a conocer el mundo de la exploraci\u00f3n espacial a todos los j\u00f3venes europeos a trav\u00e9s de diferentes actividades educativas, en las que se combinar\u00e1 el aprendizaje cient\u00edfico con experiencias pr\u00e1cticas. El Concurso Odysseus II est\u00e1 organizado en diferentes rondas eliminatorias, con un claro planteamiento formativo y [&hellip;]\" \/>\n<meta property=\"og:url\" content=\"https:\/\/odysseus-contests.eu\/2016\/es\/proyecto-odysseus-ii\/proyecto-odysseus-ii\/\" \/>\n<meta property=\"og:site_name\" content=\"ODYSSEUS II\" \/>\n<meta name=\"twitter:card\" content=\"summary_large_image\" \/>\n<meta name=\"twitter:label1\" content=\"Tiempo de lectura\" \/>\n\t<meta name=\"twitter:data1\" content=\"1 minuto\" \/>\n<script type=\"application\/ld+json\" class=\"yoast-schema-graph\">{\"@context\":\"https:\/\/schema.org\",\"@graph\":[{\"@type\":\"WebPage\",\"@id\":\"https:\/\/odysseus-contests.eu\/2016\/es\/proyecto-odysseus-ii\/proyecto-odysseus-ii\/\",\"url\":\"https:\/\/odysseus-contests.eu\/2016\/es\/proyecto-odysseus-ii\/proyecto-odysseus-ii\/\",\"name\":\"Proyecto Odysseus II - ODYSSEUS II\",\"isPartOf\":{\"@id\":\"https:\/\/odysseus-contests.eu\/2016\/de\/#website\"},\"datePublished\":\"2015-08-16T09:04:02+00:00\",\"dateModified\":\"2015-08-16T09:04:02+00:00\",\"breadcrumb\":{\"@id\":\"https:\/\/odysseus-contests.eu\/2016\/es\/proyecto-odysseus-ii\/proyecto-odysseus-ii\/#breadcrumb\"},\"inLanguage\":\"es\",\"potentialAction\":[{\"@type\":\"ReadAction\",\"target\":[\"https:\/\/odysseus-contests.eu\/2016\/es\/proyecto-odysseus-ii\/proyecto-odysseus-ii\/\"]}]},{\"@type\":\"BreadcrumbList\",\"@id\":\"https:\/\/odysseus-contests.eu\/2016\/es\/proyecto-odysseus-ii\/proyecto-odysseus-ii\/#breadcrumb\",\"itemListElement\":[{\"@type\":\"ListItem\",\"position\":1,\"name\":\"Home\",\"item\":\"https:\/\/odysseus-contests.eu\/2016\/es\/\"},{\"@type\":\"ListItem\",\"position\":2,\"name\":\"Proyecto Odysseus II\",\"item\":\"https:\/\/odysseus-contests.eu\/2016\/es\/proyecto-odysseus-ii\/\"},{\"@type\":\"ListItem\",\"position\":3,\"name\":\"Proyecto Odysseus II\"}]},{\"@type\":\"WebSite\",\"@id\":\"https:\/\/odysseus-contests.eu\/2016\/de\/#website\",\"url\":\"https:\/\/odysseus-contests.eu\/2016\/de\/\",\"name\":\"ODYSSEUS II\",\"description\":\"European Youth Space Contest\",\"potentialAction\":[{\"@type\":\"SearchAction\",\"target\":{\"@type\":\"EntryPoint\",\"urlTemplate\":\"https:\/\/odysseus-contests.eu\/2016\/de\/?s={search_term_string}\"},\"query-input\":\"required name=search_term_string\"}],\"inLanguage\":\"es\"}]}<\/script>\n<!-- \/ Yoast SEO plugin. -->","yoast_head_json":{"title":"Proyecto Odysseus II - ODYSSEUS II","robots":{"index":"index","follow":"follow","max-snippet":"max-snippet:-1","max-image-preview":"max-image-preview:large","max-video-preview":"max-video-preview:-1"},"canonical":"https:\/\/odysseus-contests.eu\/2016\/es\/proyecto-odysseus-ii\/proyecto-odysseus-ii\/","og_locale":"es_ES","og_type":"article","og_title":"Proyecto Odysseus II - ODYSSEUS II","og_description":"El Proyecto Odysseus II tiene como principal objetivo dar a conocer el mundo de la exploraci\u00f3n espacial a todos los j\u00f3venes europeos a trav\u00e9s de diferentes actividades educativas, en las que se combinar\u00e1 el aprendizaje cient\u00edfico con experiencias pr\u00e1cticas. El Concurso Odysseus II est\u00e1 organizado en diferentes rondas eliminatorias, con un claro planteamiento formativo y [&hellip;]","og_url":"https:\/\/odysseus-contests.eu\/2016\/es\/proyecto-odysseus-ii\/proyecto-odysseus-ii\/","og_site_name":"ODYSSEUS II","twitter_card":"summary_large_image","twitter_misc":{"Tiempo de lectura":"1 minuto"},"schema":{"@context":"https:\/\/schema.org","@graph":[{"@type":"WebPage","@id":"https:\/\/odysseus-contests.eu\/2016\/es\/proyecto-odysseus-ii\/proyecto-odysseus-ii\/","url":"https:\/\/odysseus-contests.eu\/2016\/es\/proyecto-odysseus-ii\/proyecto-odysseus-ii\/","name":"Proyecto Odysseus II - ODYSSEUS II","isPartOf":{"@id":"https:\/\/odysseus-contests.eu\/2016\/de\/#website"},"datePublished":"2015-08-16T09:04:02+00:00","dateModified":"2015-08-16T09:04:02+00:00","breadcrumb":{"@id":"https:\/\/odysseus-contests.eu\/2016\/es\/proyecto-odysseus-ii\/proyecto-odysseus-ii\/#breadcrumb"},"inLanguage":"es","potentialAction":[{"@type":"ReadAction","target":["https:\/\/odysseus-contests.eu\/2016\/es\/proyecto-odysseus-ii\/proyecto-odysseus-ii\/"]}]},{"@type":"BreadcrumbList","@id":"https:\/\/odysseus-contests.eu\/2016\/es\/proyecto-odysseus-ii\/proyecto-odysseus-ii\/#breadcrumb","itemListElement":[{"@type":"ListItem","position":1,"name":"Home","item":"https:\/\/odysseus-contests.eu\/2016\/es\/"},{"@type":"ListItem","position":2,"name":"Proyecto Odysseus II","item":"https:\/\/odysseus-contests.eu\/2016\/es\/proyecto-odysseus-ii\/"},{"@type":"ListItem","position":3,"name":"Proyecto Odysseus II"}]},{"@type":"WebSite","@id":"https:\/\/odysseus-contests.eu\/2016\/de\/#website","url":"https:\/\/odysseus-contests.eu\/2016\/de\/","name":"ODYSSEUS II","description":"European Youth Space Contest","potentialAction":[{"@type":"SearchAction","target":{"@type":"EntryPoint","urlTemplate":"https:\/\/odysseus-contests.eu\/2016\/de\/?s={search_term_string}"},"query-input":"required name=search_term_string"}],"inLanguage":"es"}]}},"_links":{"self":[{"href":"https:\/\/odysseus-contests.eu\/2016\/es\/wp-json\/wp\/v2\/pages\/4005"}],"collection":[{"href":"https:\/\/odysseus-contests.eu\/2016\/es\/wp-json\/wp\/v2\/pages"}],"about":[{"href":"https:\/\/odysseus-contests.eu\/2016\/es\/wp-json\/wp\/v2\/types\/page"}],"author":[{"embeddable":true,"href":"https:\/\/odysseus-contests.eu\/2016\/es\/wp-json\/wp\/v2\/users\/2"}],"replies":[{"embeddable":true,"href":"https:\/\/odysseus-contests.eu\/2016\/es\/wp-json\/wp\/v2\/comments?post=4005"}],"version-history":[{"count":0,"href":"https:\/\/odysseus-contests.eu\/2016\/es\/wp-json\/wp\/v2\/pages\/4005\/revisions"}],"up":[{"embeddable":true,"href":"https:\/\/odysseus-contests.eu\/2016\/es\/wp-json\/wp\/v2\/pages\/4003"}],"wp:attachment":[{"href":"https:\/\/odysseus-contests.eu\/2016\/es\/wp-json\/wp\/v2\/media?parent=4005"}],"curies":[{"name":"wp","href":"https:\/\/api.w.org\/{rel}","templated":true}]}}