{"id":3995,"date":"2015-08-16T11:58:41","date_gmt":"2015-08-16T08:58:41","guid":{"rendered":"http:\/\/odysseus-contests.eu\/2016\/?page_id=3995"},"modified":"2015-08-16T11:58:41","modified_gmt":"2015-08-16T08:58:41","slug":"asesores","status":"publish","type":"page","link":"https:\/\/odysseus-contests.eu\/2016\/es\/proyecto-odysseus-ii\/asesores\/","title":{"rendered":"Asesores"},"content":{"rendered":"<p style=\"text-align: justify;\"><b><img decoding=\"async\" loading=\"lazy\" class=\"alignleft size-full wp-image-419\" src=\"http:\/\/odysseus-contests.eu\/2016\/wp-content\/uploads\/2015\/05\/image001.png\" alt=\"image001\" width=\"155\" height=\"215\" \/>Jean-Pierre Swings<\/b> es Profesor Honorario de la Universidad de Liege (B\u00e9lgica) donde se Doctor\u00f3 en Astrof\u00edsica y consigui\u00f3 su Master en Ingenier\u00eda Espacial. Sus \u00e1reas de investigaci\u00f3n preferidas son las relacionadas con la f\u00edsica solar, las bandas de emisi\u00f3n y los infrarrojos. Poco a poco, ha ido evolucionado desde la astrof\u00edsica observacional a la \u201castropol\u00edtica\u201d, de ah\u00ed que sea Secretario General de la Uni\u00f3n Astron\u00f3mica Internacional, miembro de numerosos comit\u00e9s de la Agencia Espacial Europea, miembro del Consejo del Observatorio Europeo Austral y miembro de la Sociedad Astron\u00f3mica Europea, de la que fue uno de los cuatro fundadores. Actualmente, Jean-Pierre Swings es el Presidente del Comit\u00e9 Europeo de Ciencias del Espacio de la Fundaci\u00f3n Europea de la Ciencia y miembro del Consejo Espacial de la Comisi\u00f3n Europea para el 7\u00ba Programa Marco. (Miembro del Jurado Odysseus 2012-2013).<\/p>\n<p style=\"text-align: justify;\"><b><img decoding=\"async\" loading=\"lazy\" class=\"alignleft size-full wp-image-425\" src=\"http:\/\/odysseus-contests.eu\/2016\/wp-content\/uploads\/2015\/05\/image003.png\" alt=\"image003\" width=\"149\" height=\"215\" \/><\/b><strong>Athena Coustenis<\/strong> es Directora de Investigaci\u00f3n del Centro Nacional para la Investigaci\u00f3n Cient\u00edfica (CNRS) de Francia. Su especialidad es la Planetolog\u00eda (exploraci\u00f3n del Sistema Solar y observaciones espaciales). Su investigaci\u00f3n est\u00e1 dirigida al entorno de atm\u00f3sferas planetarias, fundamentalmente en Titan -el sat\u00e9lite m\u00e1s grande de Saturno- con el que nuestro planeta comparte muchas similitudes. Igualmente, su investigaci\u00f3n est\u00e1 dirigida a exoplanetas. En los \u00faltimos a\u00f1os ha trabajado liderando investigaciones para futuras misiones espaciales. (Miembro del Jurado Odysseus II 2012-2013).<\/p>\n<p>&nbsp;<\/p>\n<p style=\"text-align: justify;\"><b><img decoding=\"async\" loading=\"lazy\" class=\"alignleft size-full wp-image-430\" src=\"http:\/\/odysseus-contests.eu\/2016\/wp-content\/uploads\/2015\/05\/image005.png\" alt=\"image005\" width=\"155\" height=\"203\" \/>Frank De Winne<\/b> es astronauta de la Agencia Espacial Europea. Experto piloto de pruebas del Ej\u00e9rcito Belga, se incorpor\u00f3 al Cuerpo de Astronautas de la Agencia Espacial Europea. En 2002, De Winne particip\u00f3 en la misi\u00f3n Odissea un vuelo a la Estaci\u00f3n Espacial Internacional ISS. Durante los 11 primeros d\u00edas de la misi\u00f3n llev\u00f3 a cabo un programa de 23 experimentos. La segunda misi\u00f3n de De Winne tuvo lugar entre Mayo y Diciembre de 2009 un vuelo espacial de larga duraci\u00f3n a la ISS denominada OasISS. Durante este vuelo De Winne se convirti\u00f3 en el primer Comandante Europeo de la ISS. Durante la misi\u00f3n se hizo un programa integral de divulgaci\u00f3n dedicado a la ciencia. El 1 de Agosto de 2012 De Winne se convirti\u00f3 en Director de Departamento del Centro Europeo de Astronautas. (Miembro del Jurado Odysseus II 2012-2013).<\/p>\n<p><b><img decoding=\"async\" loading=\"lazy\" class=\"alignleft size-full wp-image-436\" src=\"http:\/\/odysseus-contests.eu\/2016\/wp-content\/uploads\/2015\/05\/image007.png\" alt=\"image007\" width=\"155\" height=\"215\" \/><\/b><\/p>\n<p style=\"text-align: justify;\"><strong>Manolis K. Georgoulis<\/strong> es investigador en el Centro de Investigaci\u00f3n para la Astronom\u00eda y Matem\u00e1ticas Aplicadas de la Academia de Atenas. Es el Delegado Nacional Griego del Comit\u00e9 del Programa Cient\u00edfico de la Agencia Espacial Europea (ESA\/SPC) (2011- actualmente), Vice-Presidente de la Divisi\u00f3n F\u00edsica Solar Europea (ESPD) de la Sociedad F\u00edsica Europea (EPS) (2011-2014), nombrado Miembro del Comit\u00e9 Griego Nacional para la Astronom\u00eda (GNCA) (2012-actualmente), y Miembro Marie Curie de la Comisi\u00f3n Europea (2010-2014). Obtuvo el Doctorado en F\u00edsica en la Universidad Aristot\u00e9lica de Tesal\u00f3nica (1993), un Doctorado en F\u00edsica Plasma Solar de la misma Universidad (2000). Ha participado en el Equipo Cient\u00edfico en tres de las misiones espaciales de la NASA y dos de la ESA. (Miembro del Jurado Odysseus II 2012-2013).<\/p>\n<p style=\"text-align: justify;\">\n<p style=\"text-align: justify;\"><b><img decoding=\"async\" loading=\"lazy\" class=\"alignleft wp-image-441\" src=\"http:\/\/odysseus-contests.eu\/2016\/wp-content\/uploads\/2015\/05\/image009.jpg\" alt=\"image009\" width=\"170\" height=\"187\" srcset=\"https:\/\/odysseus-contests.eu\/2016\/wp-content\/uploads\/2015\/05\/image009.jpg 282w, https:\/\/odysseus-contests.eu\/2016\/wp-content\/uploads\/2015\/05\/image009-272x300.jpg 272w\" sizes=\"(max-width: 170px) 100vw, 170px\" \/>Ya\u00ebl Naz\u00e9 <\/b>es Investigadora Asociada FNRS en la Universidad de Liege (B\u00e9lgica). Estudi\u00f3 las supernovas a trav\u00e9s de observaciones de longitud de ondas obtenidas con observaciones realizadas tanto con instrumentos emplazados en observatorios terrestres, como con instrumentaci\u00f3n embarcada en sat\u00e9lites (Marzo de 2014: 39 publicaciones como primer autor, h-index 25). Ha prestado servicio como experta en los comit\u00e9s de direcci\u00f3n de varios observatorios (ESA, ESO, NASA) y como <em>referee<\/em> para publicaciones de astrof\u00edsica. Tambi\u00e9n ha estado involucrada en actividades de divulgaci\u00f3n interdisciplinar (incluyendo 9 libros publicados).<\/p>\n<p>\u00a0 \u00a0 <b><img decoding=\"async\" loading=\"lazy\" class=\"alignleft size-full wp-image-446\" src=\"http:\/\/odysseus-contests.eu\/2016\/wp-content\/uploads\/2015\/05\/image011.jpg\" alt=\"image011\" width=\"184\" height=\"207\" \/>Rosa M. Ros Ferr\u00e9<\/b> es la Vice-Presidenta de la Unidad Internacional de Astronom\u00eda (IAU) Comm. 46. Adem\u00e1s es la Vice-Presidenta de la Asociaci\u00f3n Europea para la Educaci\u00f3n en Astronom\u00eda (EAAE) y Directora del Programa \u201cCiencia en Acci\u00f3n\u201d y \u201cAdopta una estrella\u201d. Igualmente, da clases de Matem\u00e1ticas en los grados de Ingenier\u00eda y Telecomunicaciones de la Escuela Polit\u00e9cnica Superior de Castelldefels. Apoya la Presidencia de Publicaciones de la Junta Directiva de la Asociaci\u00f3n para la Ense\u00f1anza de la Astronom\u00eda (ApEA), es Miembro del Comit\u00e9 del Conocimiento del Universo (UNAWE), Miembro Consultivo del Comit\u00e9 Ejecutivo de EIROforum y Miembro del Plantel Consultor de Educaci\u00f3n en F\u00edsica. Ha sido Representante Nacional Espa\u00f1ola para IAU Comm. 46 desde 1994, Representante Nacional Espa\u00f1ol para F\u00edsica en Plataforma y Ciencia desde 1999 y Representante Nacional Espa\u00f1ol para UNAWE- Explora el Universo desde 2006.<\/p>\n","protected":false},"excerpt":{"rendered":"<p>Jean-Pierre Swings es Profesor Honorario de la Universidad de Liege (B\u00e9lgica) donde se Doctor\u00f3 en Astrof\u00edsica y consigui\u00f3 su Master en Ingenier\u00eda Espacial. Sus \u00e1reas de investigaci\u00f3n preferidas son las relacionadas con la f\u00edsica solar, las bandas de emisi\u00f3n y los infrarrojos. Poco a poco, ha ido evolucionado desde la astrof\u00edsica observacional a la \u201castropol\u00edtica\u201d, [&hellip;]<\/p>\n","protected":false},"author":2,"featured_media":0,"parent":4003,"menu_order":40,"comment_status":"closed","ping_status":"closed","template":"","meta":[],"acf":[],"yoast_head":"<!-- This site is optimized with the Yoast SEO plugin v19.14 - https:\/\/yoast.com\/wordpress\/plugins\/seo\/ -->\n<title>Asesores - ODYSSEUS II<\/title>\n<meta name=\"robots\" content=\"index, follow, max-snippet:-1, max-image-preview:large, max-video-preview:-1\" \/>\n<link rel=\"canonical\" href=\"https:\/\/odysseus-contests.eu\/2016\/es\/proyecto-odysseus-ii\/asesores\/\" \/>\n<meta property=\"og:locale\" content=\"es_ES\" \/>\n<meta property=\"og:type\" content=\"article\" \/>\n<meta property=\"og:title\" content=\"Asesores - ODYSSEUS II\" \/>\n<meta property=\"og:description\" content=\"Jean-Pierre Swings es Profesor Honorario de la Universidad de Liege (B\u00e9lgica) donde se Doctor\u00f3 en Astrof\u00edsica y consigui\u00f3 su Master en Ingenier\u00eda Espacial. Sus \u00e1reas de investigaci\u00f3n preferidas son las relacionadas con la f\u00edsica solar, las bandas de emisi\u00f3n y los infrarrojos. Poco a poco, ha ido evolucionado desde la astrof\u00edsica observacional a la \u201castropol\u00edtica\u201d, [&hellip;]\" \/>\n<meta property=\"og:url\" content=\"https:\/\/odysseus-contests.eu\/2016\/es\/proyecto-odysseus-ii\/asesores\/\" \/>\n<meta property=\"og:site_name\" content=\"ODYSSEUS II\" \/>\n<meta property=\"og:image\" content=\"http:\/\/odysseus-contests.eu\/2016\/wp-content\/uploads\/2015\/05\/image001.png\" \/>\n<meta name=\"twitter:card\" content=\"summary_large_image\" \/>\n<meta name=\"twitter:label1\" content=\"Tiempo de lectura\" \/>\n\t<meta name=\"twitter:data1\" content=\"4 minutos\" \/>\n<script type=\"application\/ld+json\" class=\"yoast-schema-graph\">{\"@context\":\"https:\/\/schema.org\",\"@graph\":[{\"@type\":\"WebPage\",\"@id\":\"https:\/\/odysseus-contests.eu\/2016\/es\/proyecto-odysseus-ii\/asesores\/\",\"url\":\"https:\/\/odysseus-contests.eu\/2016\/es\/proyecto-odysseus-ii\/asesores\/\",\"name\":\"Asesores - ODYSSEUS II\",\"isPartOf\":{\"@id\":\"https:\/\/odysseus-contests.eu\/2016\/de\/#website\"},\"datePublished\":\"2015-08-16T08:58:41+00:00\",\"dateModified\":\"2015-08-16T08:58:41+00:00\",\"breadcrumb\":{\"@id\":\"https:\/\/odysseus-contests.eu\/2016\/es\/proyecto-odysseus-ii\/asesores\/#breadcrumb\"},\"inLanguage\":\"es\",\"potentialAction\":[{\"@type\":\"ReadAction\",\"target\":[\"https:\/\/odysseus-contests.eu\/2016\/es\/proyecto-odysseus-ii\/asesores\/\"]}]},{\"@type\":\"BreadcrumbList\",\"@id\":\"https:\/\/odysseus-contests.eu\/2016\/es\/proyecto-odysseus-ii\/asesores\/#breadcrumb\",\"itemListElement\":[{\"@type\":\"ListItem\",\"position\":1,\"name\":\"Home\",\"item\":\"https:\/\/odysseus-contests.eu\/2016\/es\/\"},{\"@type\":\"ListItem\",\"position\":2,\"name\":\"Proyecto Odysseus II\",\"item\":\"https:\/\/odysseus-contests.eu\/2016\/es\/proyecto-odysseus-ii\/\"},{\"@type\":\"ListItem\",\"position\":3,\"name\":\"Asesores\"}]},{\"@type\":\"WebSite\",\"@id\":\"https:\/\/odysseus-contests.eu\/2016\/de\/#website\",\"url\":\"https:\/\/odysseus-contests.eu\/2016\/de\/\",\"name\":\"ODYSSEUS II\",\"description\":\"European Youth Space Contest\",\"potentialAction\":[{\"@type\":\"SearchAction\",\"target\":{\"@type\":\"EntryPoint\",\"urlTemplate\":\"https:\/\/odysseus-contests.eu\/2016\/de\/?s={search_term_string}\"},\"query-input\":\"required name=search_term_string\"}],\"inLanguage\":\"es\"}]}<\/script>\n<!-- \/ Yoast SEO plugin. -->","yoast_head_json":{"title":"Asesores - ODYSSEUS II","robots":{"index":"index","follow":"follow","max-snippet":"max-snippet:-1","max-image-preview":"max-image-preview:large","max-video-preview":"max-video-preview:-1"},"canonical":"https:\/\/odysseus-contests.eu\/2016\/es\/proyecto-odysseus-ii\/asesores\/","og_locale":"es_ES","og_type":"article","og_title":"Asesores - ODYSSEUS II","og_description":"Jean-Pierre Swings es Profesor Honorario de la Universidad de Liege (B\u00e9lgica) donde se Doctor\u00f3 en Astrof\u00edsica y consigui\u00f3 su Master en Ingenier\u00eda Espacial. Sus \u00e1reas de investigaci\u00f3n preferidas son las relacionadas con la f\u00edsica solar, las bandas de emisi\u00f3n y los infrarrojos. Poco a poco, ha ido evolucionado desde la astrof\u00edsica observacional a la \u201castropol\u00edtica\u201d, [&hellip;]","og_url":"https:\/\/odysseus-contests.eu\/2016\/es\/proyecto-odysseus-ii\/asesores\/","og_site_name":"ODYSSEUS II","og_image":[{"url":"http:\/\/odysseus-contests.eu\/2016\/wp-content\/uploads\/2015\/05\/image001.png"}],"twitter_card":"summary_large_image","twitter_misc":{"Tiempo de lectura":"4 minutos"},"schema":{"@context":"https:\/\/schema.org","@graph":[{"@type":"WebPage","@id":"https:\/\/odysseus-contests.eu\/2016\/es\/proyecto-odysseus-ii\/asesores\/","url":"https:\/\/odysseus-contests.eu\/2016\/es\/proyecto-odysseus-ii\/asesores\/","name":"Asesores - ODYSSEUS II","isPartOf":{"@id":"https:\/\/odysseus-contests.eu\/2016\/de\/#website"},"datePublished":"2015-08-16T08:58:41+00:00","dateModified":"2015-08-16T08:58:41+00:00","breadcrumb":{"@id":"https:\/\/odysseus-contests.eu\/2016\/es\/proyecto-odysseus-ii\/asesores\/#breadcrumb"},"inLanguage":"es","potentialAction":[{"@type":"ReadAction","target":["https:\/\/odysseus-contests.eu\/2016\/es\/proyecto-odysseus-ii\/asesores\/"]}]},{"@type":"BreadcrumbList","@id":"https:\/\/odysseus-contests.eu\/2016\/es\/proyecto-odysseus-ii\/asesores\/#breadcrumb","itemListElement":[{"@type":"ListItem","position":1,"name":"Home","item":"https:\/\/odysseus-contests.eu\/2016\/es\/"},{"@type":"ListItem","position":2,"name":"Proyecto Odysseus II","item":"https:\/\/odysseus-contests.eu\/2016\/es\/proyecto-odysseus-ii\/"},{"@type":"ListItem","position":3,"name":"Asesores"}]},{"@type":"WebSite","@id":"https:\/\/odysseus-contests.eu\/2016\/de\/#website","url":"https:\/\/odysseus-contests.eu\/2016\/de\/","name":"ODYSSEUS II","description":"European Youth Space Contest","potentialAction":[{"@type":"SearchAction","target":{"@type":"EntryPoint","urlTemplate":"https:\/\/odysseus-contests.eu\/2016\/de\/?s={search_term_string}"},"query-input":"required name=search_term_string"}],"inLanguage":"es"}]}},"_links":{"self":[{"href":"https:\/\/odysseus-contests.eu\/2016\/es\/wp-json\/wp\/v2\/pages\/3995"}],"collection":[{"href":"https:\/\/odysseus-contests.eu\/2016\/es\/wp-json\/wp\/v2\/pages"}],"about":[{"href":"https:\/\/odysseus-contests.eu\/2016\/es\/wp-json\/wp\/v2\/types\/page"}],"author":[{"embeddable":true,"href":"https:\/\/odysseus-contests.eu\/2016\/es\/wp-json\/wp\/v2\/users\/2"}],"replies":[{"embeddable":true,"href":"https:\/\/odysseus-contests.eu\/2016\/es\/wp-json\/wp\/v2\/comments?post=3995"}],"version-history":[{"count":0,"href":"https:\/\/odysseus-contests.eu\/2016\/es\/wp-json\/wp\/v2\/pages\/3995\/revisions"}],"up":[{"embeddable":true,"href":"https:\/\/odysseus-contests.eu\/2016\/es\/wp-json\/wp\/v2\/pages\/4003"}],"wp:attachment":[{"href":"https:\/\/odysseus-contests.eu\/2016\/es\/wp-json\/wp\/v2\/media?parent=3995"}],"curies":[{"name":"wp","href":"https:\/\/api.w.org\/{rel}","templated":true}]}}