{"id":3960,"date":"2015-08-15T00:37:03","date_gmt":"2015-08-14T21:37:03","guid":{"rendered":"http:\/\/odysseus-contests.eu\/2016\/?page_id=3960"},"modified":"2015-08-15T00:37:03","modified_gmt":"2015-08-14T21:37:03","slug":"tutores-y-mentores","status":"publish","type":"page","link":"https:\/\/odysseus-contests.eu\/2016\/es\/rules\/tutores-y-mentores\/","title":{"rendered":"Tutores y mentores"},"content":{"rendered":"<ul>\n<li>Es de esperar que tanto los tutores de los equipos como los estudiantes participantes est\u00e9n familiarizados con las normas del concurso, incluyendo la letra peque\u00f1a.<\/li>\n<li>Todos los equipos Pioneers tendr\u00e1n un tutor y cada participante Skywalker tendr\u00e1 un profesor, un miembro de su familia o un tutor que le ayude.<\/li>\n<li>Los mentores ofrecer\u00e1n a los equipos y participantes Pioneers y Explorers asesoramiento t\u00e9cnico y cient\u00edfico, exclusivamente. Los mentores podr\u00e1n ejercer como asesores en tantos equipos como deseen.<\/li>\n<li>Para obtener m\u00e1s informaci\u00f3n, consultar la p\u00e1gina de los <a href=\"http:\/\/odysseus-contests.eu\/2016\/es\/pioneers\/\" target=\"_blank\">Pioneers<\/a> (para tutores) y la secci\u00f3n de <em><a href=\"http:\/\/odysseus-contests.eu\/2016\/es\/resources\/network-of-mentors\/\" target=\"_blank\">Mentores<\/a><\/em><em> y <\/em><em><a href=\"http:\/\/odysseus-contests.eu\/2016\/es\/resources\/evaluadores\/\" target=\"_blank\">Evaluadores<\/a><\/em>.<\/li>\n<\/ul>\n","protected":false},"excerpt":{"rendered":"<p>Es de esperar que tanto los tutores de los equipos como los estudiantes participantes est\u00e9n familiarizados con las normas del concurso, incluyendo la letra peque\u00f1a. Todos los equipos Pioneers tendr\u00e1n un tutor y cada participante Skywalker tendr\u00e1 un profesor, un miembro de su familia o un tutor que le ayude. Los mentores ofrecer\u00e1n a los [&hellip;]<\/p>\n","protected":false},"author":5,"featured_media":0,"parent":3937,"menu_order":130,"comment_status":"closed","ping_status":"closed","template":"","meta":[],"acf":[],"yoast_head":"<!-- This site is optimized with the Yoast SEO plugin v19.14 - https:\/\/yoast.com\/wordpress\/plugins\/seo\/ -->\n<title>Tutores y mentores - ODYSSEUS II<\/title>\n<meta name=\"robots\" content=\"index, follow, max-snippet:-1, max-image-preview:large, max-video-preview:-1\" \/>\n<link rel=\"canonical\" href=\"https:\/\/odysseus-contests.eu\/2016\/es\/rules\/tutores-y-mentores\/\" \/>\n<meta property=\"og:locale\" content=\"es_ES\" \/>\n<meta property=\"og:type\" content=\"article\" \/>\n<meta property=\"og:title\" content=\"Tutores y mentores - ODYSSEUS II\" \/>\n<meta property=\"og:description\" content=\"Es de esperar que tanto los tutores de los equipos como los estudiantes participantes est\u00e9n familiarizados con las normas del concurso, incluyendo la letra peque\u00f1a. Todos los equipos Pioneers tendr\u00e1n un tutor y cada participante Skywalker tendr\u00e1 un profesor, un miembro de su familia o un tutor que le ayude. Los mentores ofrecer\u00e1n a los [&hellip;]\" \/>\n<meta property=\"og:url\" content=\"https:\/\/odysseus-contests.eu\/2016\/es\/rules\/tutores-y-mentores\/\" \/>\n<meta property=\"og:site_name\" content=\"ODYSSEUS II\" \/>\n<meta name=\"twitter:card\" content=\"summary_large_image\" \/>\n<meta name=\"twitter:label1\" content=\"Tiempo de lectura\" \/>\n\t<meta name=\"twitter:data1\" content=\"1 minuto\" \/>\n<script type=\"application\/ld+json\" class=\"yoast-schema-graph\">{\"@context\":\"https:\/\/schema.org\",\"@graph\":[{\"@type\":\"WebPage\",\"@id\":\"https:\/\/odysseus-contests.eu\/2016\/es\/rules\/tutores-y-mentores\/\",\"url\":\"https:\/\/odysseus-contests.eu\/2016\/es\/rules\/tutores-y-mentores\/\",\"name\":\"Tutores y mentores - ODYSSEUS II\",\"isPartOf\":{\"@id\":\"https:\/\/odysseus-contests.eu\/2016\/de\/#website\"},\"datePublished\":\"2015-08-14T21:37:03+00:00\",\"dateModified\":\"2015-08-14T21:37:03+00:00\",\"breadcrumb\":{\"@id\":\"https:\/\/odysseus-contests.eu\/2016\/es\/rules\/tutores-y-mentores\/#breadcrumb\"},\"inLanguage\":\"es\",\"potentialAction\":[{\"@type\":\"ReadAction\",\"target\":[\"https:\/\/odysseus-contests.eu\/2016\/es\/rules\/tutores-y-mentores\/\"]}]},{\"@type\":\"BreadcrumbList\",\"@id\":\"https:\/\/odysseus-contests.eu\/2016\/es\/rules\/tutores-y-mentores\/#breadcrumb\",\"itemListElement\":[{\"@type\":\"ListItem\",\"position\":1,\"name\":\"Home\",\"item\":\"https:\/\/odysseus-contests.eu\/2016\/es\/\"},{\"@type\":\"ListItem\",\"position\":2,\"name\":\"Bases\",\"item\":\"https:\/\/odysseus-contests.eu\/2016\/es\/rules\/\"},{\"@type\":\"ListItem\",\"position\":3,\"name\":\"Tutores y mentores\"}]},{\"@type\":\"WebSite\",\"@id\":\"https:\/\/odysseus-contests.eu\/2016\/de\/#website\",\"url\":\"https:\/\/odysseus-contests.eu\/2016\/de\/\",\"name\":\"ODYSSEUS II\",\"description\":\"European Youth Space Contest\",\"potentialAction\":[{\"@type\":\"SearchAction\",\"target\":{\"@type\":\"EntryPoint\",\"urlTemplate\":\"https:\/\/odysseus-contests.eu\/2016\/de\/?s={search_term_string}\"},\"query-input\":\"required name=search_term_string\"}],\"inLanguage\":\"es\"}]}<\/script>\n<!-- \/ Yoast SEO plugin. -->","yoast_head_json":{"title":"Tutores y mentores - ODYSSEUS II","robots":{"index":"index","follow":"follow","max-snippet":"max-snippet:-1","max-image-preview":"max-image-preview:large","max-video-preview":"max-video-preview:-1"},"canonical":"https:\/\/odysseus-contests.eu\/2016\/es\/rules\/tutores-y-mentores\/","og_locale":"es_ES","og_type":"article","og_title":"Tutores y mentores - ODYSSEUS II","og_description":"Es de esperar que tanto los tutores de los equipos como los estudiantes participantes est\u00e9n familiarizados con las normas del concurso, incluyendo la letra peque\u00f1a. Todos los equipos Pioneers tendr\u00e1n un tutor y cada participante Skywalker tendr\u00e1 un profesor, un miembro de su familia o un tutor que le ayude. Los mentores ofrecer\u00e1n a los [&hellip;]","og_url":"https:\/\/odysseus-contests.eu\/2016\/es\/rules\/tutores-y-mentores\/","og_site_name":"ODYSSEUS II","twitter_card":"summary_large_image","twitter_misc":{"Tiempo de lectura":"1 minuto"},"schema":{"@context":"https:\/\/schema.org","@graph":[{"@type":"WebPage","@id":"https:\/\/odysseus-contests.eu\/2016\/es\/rules\/tutores-y-mentores\/","url":"https:\/\/odysseus-contests.eu\/2016\/es\/rules\/tutores-y-mentores\/","name":"Tutores y mentores - ODYSSEUS II","isPartOf":{"@id":"https:\/\/odysseus-contests.eu\/2016\/de\/#website"},"datePublished":"2015-08-14T21:37:03+00:00","dateModified":"2015-08-14T21:37:03+00:00","breadcrumb":{"@id":"https:\/\/odysseus-contests.eu\/2016\/es\/rules\/tutores-y-mentores\/#breadcrumb"},"inLanguage":"es","potentialAction":[{"@type":"ReadAction","target":["https:\/\/odysseus-contests.eu\/2016\/es\/rules\/tutores-y-mentores\/"]}]},{"@type":"BreadcrumbList","@id":"https:\/\/odysseus-contests.eu\/2016\/es\/rules\/tutores-y-mentores\/#breadcrumb","itemListElement":[{"@type":"ListItem","position":1,"name":"Home","item":"https:\/\/odysseus-contests.eu\/2016\/es\/"},{"@type":"ListItem","position":2,"name":"Bases","item":"https:\/\/odysseus-contests.eu\/2016\/es\/rules\/"},{"@type":"ListItem","position":3,"name":"Tutores y mentores"}]},{"@type":"WebSite","@id":"https:\/\/odysseus-contests.eu\/2016\/de\/#website","url":"https:\/\/odysseus-contests.eu\/2016\/de\/","name":"ODYSSEUS II","description":"European Youth Space Contest","potentialAction":[{"@type":"SearchAction","target":{"@type":"EntryPoint","urlTemplate":"https:\/\/odysseus-contests.eu\/2016\/de\/?s={search_term_string}"},"query-input":"required name=search_term_string"}],"inLanguage":"es"}]}},"_links":{"self":[{"href":"https:\/\/odysseus-contests.eu\/2016\/es\/wp-json\/wp\/v2\/pages\/3960"}],"collection":[{"href":"https:\/\/odysseus-contests.eu\/2016\/es\/wp-json\/wp\/v2\/pages"}],"about":[{"href":"https:\/\/odysseus-contests.eu\/2016\/es\/wp-json\/wp\/v2\/types\/page"}],"author":[{"embeddable":true,"href":"https:\/\/odysseus-contests.eu\/2016\/es\/wp-json\/wp\/v2\/users\/5"}],"replies":[{"embeddable":true,"href":"https:\/\/odysseus-contests.eu\/2016\/es\/wp-json\/wp\/v2\/comments?post=3960"}],"version-history":[{"count":0,"href":"https:\/\/odysseus-contests.eu\/2016\/es\/wp-json\/wp\/v2\/pages\/3960\/revisions"}],"up":[{"embeddable":true,"href":"https:\/\/odysseus-contests.eu\/2016\/es\/wp-json\/wp\/v2\/pages\/3937"}],"wp:attachment":[{"href":"https:\/\/odysseus-contests.eu\/2016\/es\/wp-json\/wp\/v2\/media?parent=3960"}],"curies":[{"name":"wp","href":"https:\/\/api.w.org\/{rel}","templated":true}]}}