{"id":3956,"date":"2015-08-15T00:31:41","date_gmt":"2015-08-14T21:31:41","guid":{"rendered":"http:\/\/odysseus-contests.eu\/2016\/?page_id=3956"},"modified":"2015-08-15T00:31:41","modified_gmt":"2015-08-14T21:31:41","slug":"descalificacion-y-desacuerdos","status":"publish","type":"page","link":"https:\/\/odysseus-contests.eu\/2016\/es\/rules\/descalificacion-y-desacuerdos\/","title":{"rendered":"Descalificaci\u00f3n y desacuerdos"},"content":{"rendered":"<ul>\n<li>La organizaci\u00f3n del Concurso Odysseus II, bajo criterio exclusivo, podr\u00e1 descalificar aquellos trabajos enviados fuera de plazo -despu\u00e9s de la medianoche de la fecha l\u00edmite de presentaci\u00f3n de proyectos establecida en las bases del Concurso Odysseus II-, as\u00ed como los trabajos que no cumplan con las normas del concurso, los t\u00e9rminos legales y o las directrices definidas en la p\u00e1gina web del concurso.<\/li>\n<li>El fallo de evaluadores y jueces ser\u00e1 determinante e inapelable. Bajo ning\u00fan concepto se negociar\u00e1 con los equipos participantes, sus tutores o mentores.<\/li>\n<li>Los equipos que sean sorprendidos violando las normas aqu\u00ed descritas ser\u00e1n inmediatamente descalificados y expulsados del Concurso Odysseus II.<\/li>\n<li>La organizaci\u00f3n del Concurso Odysseus II se reserva el derecho a descalificar a cualquier participante y enviarlo a casa antes de tiempo si tiene un comportamiento inapropiado durante los viajes de las Finales Regionales o a la Final Internacional.<\/li>\n<\/ul>\n","protected":false},"excerpt":{"rendered":"<p>La organizaci\u00f3n del Concurso Odysseus II, bajo criterio exclusivo, podr\u00e1 descalificar aquellos trabajos enviados fuera de plazo -despu\u00e9s de la medianoche de la fecha l\u00edmite de presentaci\u00f3n de proyectos establecida en las bases del Concurso Odysseus II-, as\u00ed como los trabajos que no cumplan con las normas del concurso, los t\u00e9rminos legales y o las [&hellip;]<\/p>\n","protected":false},"author":5,"featured_media":0,"parent":3937,"menu_order":100,"comment_status":"closed","ping_status":"closed","template":"","meta":[],"acf":[],"yoast_head":"<!-- This site is optimized with the Yoast SEO plugin v19.14 - https:\/\/yoast.com\/wordpress\/plugins\/seo\/ -->\n<title>Descalificaci\u00f3n y desacuerdos - ODYSSEUS II<\/title>\n<meta name=\"robots\" content=\"index, follow, max-snippet:-1, max-image-preview:large, max-video-preview:-1\" \/>\n<link rel=\"canonical\" href=\"https:\/\/odysseus-contests.eu\/2016\/es\/rules\/descalificacion-y-desacuerdos\/\" \/>\n<meta property=\"og:locale\" content=\"es_ES\" \/>\n<meta property=\"og:type\" content=\"article\" \/>\n<meta property=\"og:title\" content=\"Descalificaci\u00f3n y desacuerdos - ODYSSEUS II\" \/>\n<meta property=\"og:description\" content=\"La organizaci\u00f3n del Concurso Odysseus II, bajo criterio exclusivo, podr\u00e1 descalificar aquellos trabajos enviados fuera de plazo -despu\u00e9s de la medianoche de la fecha l\u00edmite de presentaci\u00f3n de proyectos establecida en las bases del Concurso Odysseus II-, as\u00ed como los trabajos que no cumplan con las normas del concurso, los t\u00e9rminos legales y o las [&hellip;]\" \/>\n<meta property=\"og:url\" content=\"https:\/\/odysseus-contests.eu\/2016\/es\/rules\/descalificacion-y-desacuerdos\/\" \/>\n<meta property=\"og:site_name\" content=\"ODYSSEUS II\" \/>\n<meta name=\"twitter:card\" content=\"summary_large_image\" \/>\n<meta name=\"twitter:label1\" content=\"Tiempo de lectura\" \/>\n\t<meta name=\"twitter:data1\" content=\"1 minuto\" \/>\n<script type=\"application\/ld+json\" class=\"yoast-schema-graph\">{\"@context\":\"https:\/\/schema.org\",\"@graph\":[{\"@type\":\"WebPage\",\"@id\":\"https:\/\/odysseus-contests.eu\/2016\/es\/rules\/descalificacion-y-desacuerdos\/\",\"url\":\"https:\/\/odysseus-contests.eu\/2016\/es\/rules\/descalificacion-y-desacuerdos\/\",\"name\":\"Descalificaci\u00f3n y desacuerdos - ODYSSEUS II\",\"isPartOf\":{\"@id\":\"https:\/\/odysseus-contests.eu\/2016\/de\/#website\"},\"datePublished\":\"2015-08-14T21:31:41+00:00\",\"dateModified\":\"2015-08-14T21:31:41+00:00\",\"breadcrumb\":{\"@id\":\"https:\/\/odysseus-contests.eu\/2016\/es\/rules\/descalificacion-y-desacuerdos\/#breadcrumb\"},\"inLanguage\":\"es\",\"potentialAction\":[{\"@type\":\"ReadAction\",\"target\":[\"https:\/\/odysseus-contests.eu\/2016\/es\/rules\/descalificacion-y-desacuerdos\/\"]}]},{\"@type\":\"BreadcrumbList\",\"@id\":\"https:\/\/odysseus-contests.eu\/2016\/es\/rules\/descalificacion-y-desacuerdos\/#breadcrumb\",\"itemListElement\":[{\"@type\":\"ListItem\",\"position\":1,\"name\":\"Home\",\"item\":\"https:\/\/odysseus-contests.eu\/2016\/es\/\"},{\"@type\":\"ListItem\",\"position\":2,\"name\":\"Bases\",\"item\":\"https:\/\/odysseus-contests.eu\/2016\/es\/rules\/\"},{\"@type\":\"ListItem\",\"position\":3,\"name\":\"Descalificaci\u00f3n y desacuerdos\"}]},{\"@type\":\"WebSite\",\"@id\":\"https:\/\/odysseus-contests.eu\/2016\/de\/#website\",\"url\":\"https:\/\/odysseus-contests.eu\/2016\/de\/\",\"name\":\"ODYSSEUS II\",\"description\":\"European Youth Space Contest\",\"potentialAction\":[{\"@type\":\"SearchAction\",\"target\":{\"@type\":\"EntryPoint\",\"urlTemplate\":\"https:\/\/odysseus-contests.eu\/2016\/de\/?s={search_term_string}\"},\"query-input\":\"required name=search_term_string\"}],\"inLanguage\":\"es\"}]}<\/script>\n<!-- \/ Yoast SEO plugin. -->","yoast_head_json":{"title":"Descalificaci\u00f3n y desacuerdos - ODYSSEUS II","robots":{"index":"index","follow":"follow","max-snippet":"max-snippet:-1","max-image-preview":"max-image-preview:large","max-video-preview":"max-video-preview:-1"},"canonical":"https:\/\/odysseus-contests.eu\/2016\/es\/rules\/descalificacion-y-desacuerdos\/","og_locale":"es_ES","og_type":"article","og_title":"Descalificaci\u00f3n y desacuerdos - ODYSSEUS II","og_description":"La organizaci\u00f3n del Concurso Odysseus II, bajo criterio exclusivo, podr\u00e1 descalificar aquellos trabajos enviados fuera de plazo -despu\u00e9s de la medianoche de la fecha l\u00edmite de presentaci\u00f3n de proyectos establecida en las bases del Concurso Odysseus II-, as\u00ed como los trabajos que no cumplan con las normas del concurso, los t\u00e9rminos legales y o las [&hellip;]","og_url":"https:\/\/odysseus-contests.eu\/2016\/es\/rules\/descalificacion-y-desacuerdos\/","og_site_name":"ODYSSEUS II","twitter_card":"summary_large_image","twitter_misc":{"Tiempo de lectura":"1 minuto"},"schema":{"@context":"https:\/\/schema.org","@graph":[{"@type":"WebPage","@id":"https:\/\/odysseus-contests.eu\/2016\/es\/rules\/descalificacion-y-desacuerdos\/","url":"https:\/\/odysseus-contests.eu\/2016\/es\/rules\/descalificacion-y-desacuerdos\/","name":"Descalificaci\u00f3n y desacuerdos - ODYSSEUS II","isPartOf":{"@id":"https:\/\/odysseus-contests.eu\/2016\/de\/#website"},"datePublished":"2015-08-14T21:31:41+00:00","dateModified":"2015-08-14T21:31:41+00:00","breadcrumb":{"@id":"https:\/\/odysseus-contests.eu\/2016\/es\/rules\/descalificacion-y-desacuerdos\/#breadcrumb"},"inLanguage":"es","potentialAction":[{"@type":"ReadAction","target":["https:\/\/odysseus-contests.eu\/2016\/es\/rules\/descalificacion-y-desacuerdos\/"]}]},{"@type":"BreadcrumbList","@id":"https:\/\/odysseus-contests.eu\/2016\/es\/rules\/descalificacion-y-desacuerdos\/#breadcrumb","itemListElement":[{"@type":"ListItem","position":1,"name":"Home","item":"https:\/\/odysseus-contests.eu\/2016\/es\/"},{"@type":"ListItem","position":2,"name":"Bases","item":"https:\/\/odysseus-contests.eu\/2016\/es\/rules\/"},{"@type":"ListItem","position":3,"name":"Descalificaci\u00f3n y desacuerdos"}]},{"@type":"WebSite","@id":"https:\/\/odysseus-contests.eu\/2016\/de\/#website","url":"https:\/\/odysseus-contests.eu\/2016\/de\/","name":"ODYSSEUS II","description":"European Youth Space Contest","potentialAction":[{"@type":"SearchAction","target":{"@type":"EntryPoint","urlTemplate":"https:\/\/odysseus-contests.eu\/2016\/de\/?s={search_term_string}"},"query-input":"required name=search_term_string"}],"inLanguage":"es"}]}},"_links":{"self":[{"href":"https:\/\/odysseus-contests.eu\/2016\/es\/wp-json\/wp\/v2\/pages\/3956"}],"collection":[{"href":"https:\/\/odysseus-contests.eu\/2016\/es\/wp-json\/wp\/v2\/pages"}],"about":[{"href":"https:\/\/odysseus-contests.eu\/2016\/es\/wp-json\/wp\/v2\/types\/page"}],"author":[{"embeddable":true,"href":"https:\/\/odysseus-contests.eu\/2016\/es\/wp-json\/wp\/v2\/users\/5"}],"replies":[{"embeddable":true,"href":"https:\/\/odysseus-contests.eu\/2016\/es\/wp-json\/wp\/v2\/comments?post=3956"}],"version-history":[{"count":0,"href":"https:\/\/odysseus-contests.eu\/2016\/es\/wp-json\/wp\/v2\/pages\/3956\/revisions"}],"up":[{"embeddable":true,"href":"https:\/\/odysseus-contests.eu\/2016\/es\/wp-json\/wp\/v2\/pages\/3937"}],"wp:attachment":[{"href":"https:\/\/odysseus-contests.eu\/2016\/es\/wp-json\/wp\/v2\/media?parent=3956"}],"curies":[{"name":"wp","href":"https:\/\/api.w.org\/{rel}","templated":true}]}}