{"id":3954,"date":"2015-08-15T00:29:47","date_gmt":"2015-08-14T21:29:47","guid":{"rendered":"http:\/\/odysseus-contests.eu\/2016\/?page_id=3954"},"modified":"2015-09-02T13:52:13","modified_gmt":"2015-09-02T10:52:13","slug":"publicacion-y-publicidad","status":"publish","type":"page","link":"https:\/\/odysseus-contests.eu\/2016\/es\/rules\/publicacion-y-publicidad\/","title":{"rendered":"Publicaci\u00f3n y publicidad"},"content":{"rendered":"<ul>\n<li>Los documentos y el proyecto no ser\u00e1n devueltos, ser\u00e1n propiedad del Concurso Odysseus II, de tal forma que podr\u00e1n utilizarse con fines publicitarios, exposiciones p\u00fablicas y otros prop\u00f3sitos sin \u00e1nimo de lucro.<\/li>\n<li>Una vez cerrado el periodo de env\u00edos, todos los trabajos ser\u00e1n p\u00fablicos en la p\u00e1gina web del Concurso Odysseus II.<\/li>\n<li>La inscripci\u00f3n de un equipo en el Concurso Odysseus II lleva impl\u00edcito el derecho de los organizadores del concurso a publicar nombre, edad y nacionalidad de los miembros del equipo ganador en la p\u00e1gina web del Concurso Odysseus II.<\/li>\n<li>Los organizadores del Concurso podr\u00e1n solicitar a cualquier equipo que env\u00ede a Bruselas los objetos f\u00edsicos asociados con su proyecto para exhibirlos. Los costes asociados al env\u00edo de los objetos correr\u00e1n a cargo de los organizadores.<\/li>\n<li>Los miembros de los equipos ganadores de la Final Internacional actuar\u00e1n como <em>J\u00f3venes Embajadores Europeos del Espacio,<\/em> lo que conllevar\u00e1 la realizaci\u00f3n de entrevista y art\u00edculos para la p\u00e1gina web del Concurso Odysseus II, as\u00ed como participaci\u00f3n en iniciativas y\u00a0 actividades relacionadas de la Uni\u00f3n Europea.<\/li>\n<\/ul>\n","protected":false},"excerpt":{"rendered":"<p>Los documentos y el proyecto no ser\u00e1n devueltos, ser\u00e1n propiedad del Concurso Odysseus II, de tal forma que podr\u00e1n utilizarse con fines publicitarios, exposiciones p\u00fablicas y otros prop\u00f3sitos sin \u00e1nimo de lucro. Una vez cerrado el periodo de env\u00edos, todos los trabajos ser\u00e1n p\u00fablicos en la p\u00e1gina web del Concurso Odysseus II. La inscripci\u00f3n de [&hellip;]<\/p>\n","protected":false},"author":5,"featured_media":0,"parent":3937,"menu_order":90,"comment_status":"closed","ping_status":"closed","template":"","meta":[],"acf":[],"yoast_head":"<!-- This site is optimized with the Yoast SEO plugin v19.14 - https:\/\/yoast.com\/wordpress\/plugins\/seo\/ -->\n<title>Publicaci\u00f3n y publicidad - ODYSSEUS II<\/title>\n<meta name=\"robots\" content=\"index, follow, max-snippet:-1, max-image-preview:large, max-video-preview:-1\" \/>\n<link rel=\"canonical\" href=\"https:\/\/odysseus-contests.eu\/2016\/es\/rules\/publicacion-y-publicidad\/\" \/>\n<meta property=\"og:locale\" content=\"es_ES\" \/>\n<meta property=\"og:type\" content=\"article\" \/>\n<meta property=\"og:title\" content=\"Publicaci\u00f3n y publicidad - ODYSSEUS II\" \/>\n<meta property=\"og:description\" content=\"Los documentos y el proyecto no ser\u00e1n devueltos, ser\u00e1n propiedad del Concurso Odysseus II, de tal forma que podr\u00e1n utilizarse con fines publicitarios, exposiciones p\u00fablicas y otros prop\u00f3sitos sin \u00e1nimo de lucro. Una vez cerrado el periodo de env\u00edos, todos los trabajos ser\u00e1n p\u00fablicos en la p\u00e1gina web del Concurso Odysseus II. La inscripci\u00f3n de [&hellip;]\" \/>\n<meta property=\"og:url\" content=\"https:\/\/odysseus-contests.eu\/2016\/es\/rules\/publicacion-y-publicidad\/\" \/>\n<meta property=\"og:site_name\" content=\"ODYSSEUS II\" \/>\n<meta property=\"article:modified_time\" content=\"2015-09-02T10:52:13+00:00\" \/>\n<meta name=\"twitter:card\" content=\"summary_large_image\" \/>\n<meta name=\"twitter:label1\" content=\"Tiempo de lectura\" \/>\n\t<meta name=\"twitter:data1\" content=\"1 minuto\" \/>\n<script type=\"application\/ld+json\" class=\"yoast-schema-graph\">{\"@context\":\"https:\/\/schema.org\",\"@graph\":[{\"@type\":\"WebPage\",\"@id\":\"https:\/\/odysseus-contests.eu\/2016\/es\/rules\/publicacion-y-publicidad\/\",\"url\":\"https:\/\/odysseus-contests.eu\/2016\/es\/rules\/publicacion-y-publicidad\/\",\"name\":\"Publicaci\u00f3n y publicidad - ODYSSEUS II\",\"isPartOf\":{\"@id\":\"https:\/\/odysseus-contests.eu\/2016\/de\/#website\"},\"datePublished\":\"2015-08-14T21:29:47+00:00\",\"dateModified\":\"2015-09-02T10:52:13+00:00\",\"breadcrumb\":{\"@id\":\"https:\/\/odysseus-contests.eu\/2016\/es\/rules\/publicacion-y-publicidad\/#breadcrumb\"},\"inLanguage\":\"es\",\"potentialAction\":[{\"@type\":\"ReadAction\",\"target\":[\"https:\/\/odysseus-contests.eu\/2016\/es\/rules\/publicacion-y-publicidad\/\"]}]},{\"@type\":\"BreadcrumbList\",\"@id\":\"https:\/\/odysseus-contests.eu\/2016\/es\/rules\/publicacion-y-publicidad\/#breadcrumb\",\"itemListElement\":[{\"@type\":\"ListItem\",\"position\":1,\"name\":\"Home\",\"item\":\"https:\/\/odysseus-contests.eu\/2016\/es\/\"},{\"@type\":\"ListItem\",\"position\":2,\"name\":\"Bases\",\"item\":\"https:\/\/odysseus-contests.eu\/2016\/es\/rules\/\"},{\"@type\":\"ListItem\",\"position\":3,\"name\":\"Publicaci\u00f3n y publicidad\"}]},{\"@type\":\"WebSite\",\"@id\":\"https:\/\/odysseus-contests.eu\/2016\/de\/#website\",\"url\":\"https:\/\/odysseus-contests.eu\/2016\/de\/\",\"name\":\"ODYSSEUS II\",\"description\":\"European Youth Space Contest\",\"potentialAction\":[{\"@type\":\"SearchAction\",\"target\":{\"@type\":\"EntryPoint\",\"urlTemplate\":\"https:\/\/odysseus-contests.eu\/2016\/de\/?s={search_term_string}\"},\"query-input\":\"required name=search_term_string\"}],\"inLanguage\":\"es\"}]}<\/script>\n<!-- \/ Yoast SEO plugin. -->","yoast_head_json":{"title":"Publicaci\u00f3n y publicidad - ODYSSEUS II","robots":{"index":"index","follow":"follow","max-snippet":"max-snippet:-1","max-image-preview":"max-image-preview:large","max-video-preview":"max-video-preview:-1"},"canonical":"https:\/\/odysseus-contests.eu\/2016\/es\/rules\/publicacion-y-publicidad\/","og_locale":"es_ES","og_type":"article","og_title":"Publicaci\u00f3n y publicidad - ODYSSEUS II","og_description":"Los documentos y el proyecto no ser\u00e1n devueltos, ser\u00e1n propiedad del Concurso Odysseus II, de tal forma que podr\u00e1n utilizarse con fines publicitarios, exposiciones p\u00fablicas y otros prop\u00f3sitos sin \u00e1nimo de lucro. Una vez cerrado el periodo de env\u00edos, todos los trabajos ser\u00e1n p\u00fablicos en la p\u00e1gina web del Concurso Odysseus II. La inscripci\u00f3n de [&hellip;]","og_url":"https:\/\/odysseus-contests.eu\/2016\/es\/rules\/publicacion-y-publicidad\/","og_site_name":"ODYSSEUS II","article_modified_time":"2015-09-02T10:52:13+00:00","twitter_card":"summary_large_image","twitter_misc":{"Tiempo de lectura":"1 minuto"},"schema":{"@context":"https:\/\/schema.org","@graph":[{"@type":"WebPage","@id":"https:\/\/odysseus-contests.eu\/2016\/es\/rules\/publicacion-y-publicidad\/","url":"https:\/\/odysseus-contests.eu\/2016\/es\/rules\/publicacion-y-publicidad\/","name":"Publicaci\u00f3n y publicidad - ODYSSEUS II","isPartOf":{"@id":"https:\/\/odysseus-contests.eu\/2016\/de\/#website"},"datePublished":"2015-08-14T21:29:47+00:00","dateModified":"2015-09-02T10:52:13+00:00","breadcrumb":{"@id":"https:\/\/odysseus-contests.eu\/2016\/es\/rules\/publicacion-y-publicidad\/#breadcrumb"},"inLanguage":"es","potentialAction":[{"@type":"ReadAction","target":["https:\/\/odysseus-contests.eu\/2016\/es\/rules\/publicacion-y-publicidad\/"]}]},{"@type":"BreadcrumbList","@id":"https:\/\/odysseus-contests.eu\/2016\/es\/rules\/publicacion-y-publicidad\/#breadcrumb","itemListElement":[{"@type":"ListItem","position":1,"name":"Home","item":"https:\/\/odysseus-contests.eu\/2016\/es\/"},{"@type":"ListItem","position":2,"name":"Bases","item":"https:\/\/odysseus-contests.eu\/2016\/es\/rules\/"},{"@type":"ListItem","position":3,"name":"Publicaci\u00f3n y publicidad"}]},{"@type":"WebSite","@id":"https:\/\/odysseus-contests.eu\/2016\/de\/#website","url":"https:\/\/odysseus-contests.eu\/2016\/de\/","name":"ODYSSEUS II","description":"European Youth Space Contest","potentialAction":[{"@type":"SearchAction","target":{"@type":"EntryPoint","urlTemplate":"https:\/\/odysseus-contests.eu\/2016\/de\/?s={search_term_string}"},"query-input":"required name=search_term_string"}],"inLanguage":"es"}]}},"_links":{"self":[{"href":"https:\/\/odysseus-contests.eu\/2016\/es\/wp-json\/wp\/v2\/pages\/3954"}],"collection":[{"href":"https:\/\/odysseus-contests.eu\/2016\/es\/wp-json\/wp\/v2\/pages"}],"about":[{"href":"https:\/\/odysseus-contests.eu\/2016\/es\/wp-json\/wp\/v2\/types\/page"}],"author":[{"embeddable":true,"href":"https:\/\/odysseus-contests.eu\/2016\/es\/wp-json\/wp\/v2\/users\/5"}],"replies":[{"embeddable":true,"href":"https:\/\/odysseus-contests.eu\/2016\/es\/wp-json\/wp\/v2\/comments?post=3954"}],"version-history":[{"count":0,"href":"https:\/\/odysseus-contests.eu\/2016\/es\/wp-json\/wp\/v2\/pages\/3954\/revisions"}],"up":[{"embeddable":true,"href":"https:\/\/odysseus-contests.eu\/2016\/es\/wp-json\/wp\/v2\/pages\/3937"}],"wp:attachment":[{"href":"https:\/\/odysseus-contests.eu\/2016\/es\/wp-json\/wp\/v2\/media?parent=3954"}],"curies":[{"name":"wp","href":"https:\/\/api.w.org\/{rel}","templated":true}]}}