{"id":3952,"date":"2015-08-15T00:28:52","date_gmt":"2015-08-14T21:28:52","guid":{"rendered":"http:\/\/odysseus-contests.eu\/2016\/?page_id=3952"},"modified":"2015-09-02T13:48:07","modified_gmt":"2015-09-02T10:48:07","slug":"premios","status":"publish","type":"page","link":"https:\/\/odysseus-contests.eu\/2016\/es\/rules\/premios\/","title":{"rendered":"Premios"},"content":{"rendered":"<ul>\n<li>Los premios de los ganadores y finalistas del Concurso Odysseus II son intransferibles y en ning\u00fan caso negociables. Nunca podr\u00e1 canjearse un premio por su equivalente econ\u00f3mico.<\/li>\n<li>Los organizadores se reservan el derecho a reclamar la devoluci\u00f3n de un premio, dentro del medio a\u00f1o siguiente a su concesi\u00f3n, si descubren que un equipo o un participante de la categor\u00eda de Skywalkers ha trasgredido \u2013de cualquier forma- las normas descritas en este documento.<\/li>\n<\/ul>\n","protected":false},"excerpt":{"rendered":"<p>Los premios de los ganadores y finalistas del Concurso Odysseus II son intransferibles y en ning\u00fan caso negociables. Nunca podr\u00e1 canjearse un premio por su equivalente econ\u00f3mico. Los organizadores se reservan el derecho a reclamar la devoluci\u00f3n de un premio, dentro del medio a\u00f1o siguiente a su concesi\u00f3n, si descubren que un equipo o un [&hellip;]<\/p>\n","protected":false},"author":5,"featured_media":0,"parent":3937,"menu_order":80,"comment_status":"closed","ping_status":"closed","template":"","meta":[],"acf":[],"yoast_head":"<!-- This site is optimized with the Yoast SEO plugin v19.14 - https:\/\/yoast.com\/wordpress\/plugins\/seo\/ -->\n<title>Premios - ODYSSEUS II<\/title>\n<meta name=\"robots\" content=\"index, follow, max-snippet:-1, max-image-preview:large, max-video-preview:-1\" \/>\n<link rel=\"canonical\" href=\"https:\/\/odysseus-contests.eu\/2016\/es\/rules\/premios\/\" \/>\n<meta property=\"og:locale\" content=\"es_ES\" \/>\n<meta property=\"og:type\" content=\"article\" \/>\n<meta property=\"og:title\" content=\"Premios - ODYSSEUS II\" \/>\n<meta property=\"og:description\" content=\"Los premios de los ganadores y finalistas del Concurso Odysseus II son intransferibles y en ning\u00fan caso negociables. Nunca podr\u00e1 canjearse un premio por su equivalente econ\u00f3mico. Los organizadores se reservan el derecho a reclamar la devoluci\u00f3n de un premio, dentro del medio a\u00f1o siguiente a su concesi\u00f3n, si descubren que un equipo o un [&hellip;]\" \/>\n<meta property=\"og:url\" content=\"https:\/\/odysseus-contests.eu\/2016\/es\/rules\/premios\/\" \/>\n<meta property=\"og:site_name\" content=\"ODYSSEUS II\" \/>\n<meta property=\"article:modified_time\" content=\"2015-09-02T10:48:07+00:00\" \/>\n<meta name=\"twitter:card\" content=\"summary_large_image\" \/>\n<script type=\"application\/ld+json\" class=\"yoast-schema-graph\">{\"@context\":\"https:\/\/schema.org\",\"@graph\":[{\"@type\":\"WebPage\",\"@id\":\"https:\/\/odysseus-contests.eu\/2016\/es\/rules\/premios\/\",\"url\":\"https:\/\/odysseus-contests.eu\/2016\/es\/rules\/premios\/\",\"name\":\"Premios - ODYSSEUS II\",\"isPartOf\":{\"@id\":\"https:\/\/odysseus-contests.eu\/2016\/de\/#website\"},\"datePublished\":\"2015-08-14T21:28:52+00:00\",\"dateModified\":\"2015-09-02T10:48:07+00:00\",\"breadcrumb\":{\"@id\":\"https:\/\/odysseus-contests.eu\/2016\/es\/rules\/premios\/#breadcrumb\"},\"inLanguage\":\"es\",\"potentialAction\":[{\"@type\":\"ReadAction\",\"target\":[\"https:\/\/odysseus-contests.eu\/2016\/es\/rules\/premios\/\"]}]},{\"@type\":\"BreadcrumbList\",\"@id\":\"https:\/\/odysseus-contests.eu\/2016\/es\/rules\/premios\/#breadcrumb\",\"itemListElement\":[{\"@type\":\"ListItem\",\"position\":1,\"name\":\"Home\",\"item\":\"https:\/\/odysseus-contests.eu\/2016\/es\/\"},{\"@type\":\"ListItem\",\"position\":2,\"name\":\"Bases\",\"item\":\"https:\/\/odysseus-contests.eu\/2016\/es\/rules\/\"},{\"@type\":\"ListItem\",\"position\":3,\"name\":\"Premios\"}]},{\"@type\":\"WebSite\",\"@id\":\"https:\/\/odysseus-contests.eu\/2016\/de\/#website\",\"url\":\"https:\/\/odysseus-contests.eu\/2016\/de\/\",\"name\":\"ODYSSEUS II\",\"description\":\"European Youth Space Contest\",\"potentialAction\":[{\"@type\":\"SearchAction\",\"target\":{\"@type\":\"EntryPoint\",\"urlTemplate\":\"https:\/\/odysseus-contests.eu\/2016\/de\/?s={search_term_string}\"},\"query-input\":\"required name=search_term_string\"}],\"inLanguage\":\"es\"}]}<\/script>\n<!-- \/ Yoast SEO plugin. -->","yoast_head_json":{"title":"Premios - ODYSSEUS II","robots":{"index":"index","follow":"follow","max-snippet":"max-snippet:-1","max-image-preview":"max-image-preview:large","max-video-preview":"max-video-preview:-1"},"canonical":"https:\/\/odysseus-contests.eu\/2016\/es\/rules\/premios\/","og_locale":"es_ES","og_type":"article","og_title":"Premios - ODYSSEUS II","og_description":"Los premios de los ganadores y finalistas del Concurso Odysseus II son intransferibles y en ning\u00fan caso negociables. Nunca podr\u00e1 canjearse un premio por su equivalente econ\u00f3mico. Los organizadores se reservan el derecho a reclamar la devoluci\u00f3n de un premio, dentro del medio a\u00f1o siguiente a su concesi\u00f3n, si descubren que un equipo o un [&hellip;]","og_url":"https:\/\/odysseus-contests.eu\/2016\/es\/rules\/premios\/","og_site_name":"ODYSSEUS II","article_modified_time":"2015-09-02T10:48:07+00:00","twitter_card":"summary_large_image","schema":{"@context":"https:\/\/schema.org","@graph":[{"@type":"WebPage","@id":"https:\/\/odysseus-contests.eu\/2016\/es\/rules\/premios\/","url":"https:\/\/odysseus-contests.eu\/2016\/es\/rules\/premios\/","name":"Premios - ODYSSEUS II","isPartOf":{"@id":"https:\/\/odysseus-contests.eu\/2016\/de\/#website"},"datePublished":"2015-08-14T21:28:52+00:00","dateModified":"2015-09-02T10:48:07+00:00","breadcrumb":{"@id":"https:\/\/odysseus-contests.eu\/2016\/es\/rules\/premios\/#breadcrumb"},"inLanguage":"es","potentialAction":[{"@type":"ReadAction","target":["https:\/\/odysseus-contests.eu\/2016\/es\/rules\/premios\/"]}]},{"@type":"BreadcrumbList","@id":"https:\/\/odysseus-contests.eu\/2016\/es\/rules\/premios\/#breadcrumb","itemListElement":[{"@type":"ListItem","position":1,"name":"Home","item":"https:\/\/odysseus-contests.eu\/2016\/es\/"},{"@type":"ListItem","position":2,"name":"Bases","item":"https:\/\/odysseus-contests.eu\/2016\/es\/rules\/"},{"@type":"ListItem","position":3,"name":"Premios"}]},{"@type":"WebSite","@id":"https:\/\/odysseus-contests.eu\/2016\/de\/#website","url":"https:\/\/odysseus-contests.eu\/2016\/de\/","name":"ODYSSEUS II","description":"European Youth Space Contest","potentialAction":[{"@type":"SearchAction","target":{"@type":"EntryPoint","urlTemplate":"https:\/\/odysseus-contests.eu\/2016\/de\/?s={search_term_string}"},"query-input":"required name=search_term_string"}],"inLanguage":"es"}]}},"_links":{"self":[{"href":"https:\/\/odysseus-contests.eu\/2016\/es\/wp-json\/wp\/v2\/pages\/3952"}],"collection":[{"href":"https:\/\/odysseus-contests.eu\/2016\/es\/wp-json\/wp\/v2\/pages"}],"about":[{"href":"https:\/\/odysseus-contests.eu\/2016\/es\/wp-json\/wp\/v2\/types\/page"}],"author":[{"embeddable":true,"href":"https:\/\/odysseus-contests.eu\/2016\/es\/wp-json\/wp\/v2\/users\/5"}],"replies":[{"embeddable":true,"href":"https:\/\/odysseus-contests.eu\/2016\/es\/wp-json\/wp\/v2\/comments?post=3952"}],"version-history":[{"count":0,"href":"https:\/\/odysseus-contests.eu\/2016\/es\/wp-json\/wp\/v2\/pages\/3952\/revisions"}],"up":[{"embeddable":true,"href":"https:\/\/odysseus-contests.eu\/2016\/es\/wp-json\/wp\/v2\/pages\/3937"}],"wp:attachment":[{"href":"https:\/\/odysseus-contests.eu\/2016\/es\/wp-json\/wp\/v2\/media?parent=3952"}],"curies":[{"name":"wp","href":"https:\/\/api.w.org\/{rel}","templated":true}]}}