{"id":3940,"date":"2015-08-15T00:17:17","date_gmt":"2015-08-14T21:17:17","guid":{"rendered":"http:\/\/odysseus-contests.eu\/2016\/?page_id=3940"},"modified":"2015-08-15T00:17:17","modified_gmt":"2015-08-14T21:17:17","slug":"normas","status":"publish","type":"page","link":"https:\/\/odysseus-contests.eu\/2016\/es\/rules\/normas\/","title":{"rendered":"Normas"},"content":{"rendered":"<ul>\n<li>El concurso est\u00e1 dirigido a estudiantes y universitarios con edades comprendidas entre los 7 y los 22 a\u00f1os. Podr\u00e1n participar:\n<ul>\n<li><u>Skywalkers<\/u>: estudiantes de 7 a 13 a\u00f1os (escolares nacidos entre el 1 de abril de 2002 y el 31 de marzo de 2009, ambos incluidos)<\/li>\n<li><u>Pioneers<\/u>: estudiantes de 14 a 18 a\u00f1os (alumnos de Secundaria, nacidos entre el 1 de abril de 1997 y el 31 de marzo de 2002, ambos incluidos)<\/li>\n<li><u>Explorers<\/u>: estudiantes de 17 a 22 a\u00f1os (estudiantes universitarios, nacidos entre el 1 de abril de 1993 y el 31 de marzo de 1999, ambos incluidos)<\/li>\n<\/ul>\n<\/li>\n<li>Participar en el Concurso es gratuito. Los gastos de viaje y alojamiento -billetes de avi\u00f3n \/ tren, alojamiento, comidas y seguro- para participar en las Finales Regionales e Internacional estar\u00e1n cubiertos por la organizaci\u00f3n del Concurso Odysseus II, de acuerdo con lo establecido, y dentro de unos l\u00edmites razonables. Los gastos derivados de\u00a0 acompa\u00f1antes, gastos corrientes, etc., correr\u00e1n a cargo de los participantes o sus patrocinadores. En cuanto a los participantes en las Finales Regionales de pa\u00edses que no pertenezcan a la Uni\u00f3n Europea tendr\u00e1n que asumir sus propios gastos de viaje a la ciudad donde se celebre la semifinal, tanto de ida como de vuelta.<\/li>\n<li>Podr\u00e1n participar en el concurso estudiantes que durante el a\u00f1o acad\u00e9mico en curso residan en un pa\u00eds miembro de la Uni\u00f3n Europea, concretamente en: Alemania, Austria, B\u00e9lgica, Bulgaria, Croacia, Chipre, Dinamarca, Eslovaquia, Eslovenia, Espa\u00f1a, Estonia, Finlandia, Francia, Grecia, Hungr\u00eda, Irlanda, Italia, Letonia, Lituania, Luxemburgo, Malta, Pa\u00edses Bajos, Polonia, Portugal, Reino Unido, Rep\u00fablica Checa, Ruman\u00eda y Suecia.<\/li>\n<li>Los estudiantes de pa\u00edses que no sean de la Uni\u00f3n Europea -por ejemplo: Albania, Armenia, Bielorrusia, Georgia, Islandia, Israel, Lichtenstein, Moldavia, Montenegro, Noruega, Antigua Rep\u00fablica Yugoslava de Macedonia, Rusia, Serbia, Suiza, M\u00f3naco, San Marino, Turqu\u00eda y Ucrania- tambi\u00e9n podr\u00e1n participar, pero tendr\u00e1n que presentar toda la documentaci\u00f3n y proyecto en una de las 24 lenguas oficiales de la Uni\u00f3n Europea. Esta lista no es excluyente por lo que los estudiantes de cualquier otro pa\u00eds ser\u00e1n bienvenidos, siempre y cuando cumplan con todas normas establecidas.<\/li>\n<li>Los familiares de los organizadores no podr\u00e1n participar en el Concurso Odysseus II.<\/li>\n<\/ul>\n","protected":false},"excerpt":{"rendered":"<p>El concurso est\u00e1 dirigido a estudiantes y universitarios con edades comprendidas entre los 7 y los 22 a\u00f1os. Podr\u00e1n participar: Skywalkers: estudiantes de 7 a 13 a\u00f1os (escolares nacidos entre el 1 de abril de 2002 y el 31 de marzo de 2009, ambos incluidos) Pioneers: estudiantes de 14 a 18 a\u00f1os (alumnos de Secundaria, [&hellip;]<\/p>\n","protected":false},"author":5,"featured_media":0,"parent":3937,"menu_order":10,"comment_status":"closed","ping_status":"closed","template":"","meta":[],"acf":[],"yoast_head":"<!-- This site is optimized with the Yoast SEO plugin v19.14 - https:\/\/yoast.com\/wordpress\/plugins\/seo\/ -->\n<title>Normas - ODYSSEUS II<\/title>\n<meta name=\"robots\" content=\"index, follow, max-snippet:-1, max-image-preview:large, max-video-preview:-1\" \/>\n<link rel=\"canonical\" href=\"https:\/\/odysseus-contests.eu\/2016\/es\/rules\/normas\/\" \/>\n<meta property=\"og:locale\" content=\"es_ES\" \/>\n<meta property=\"og:type\" content=\"article\" \/>\n<meta property=\"og:title\" content=\"Normas - ODYSSEUS II\" \/>\n<meta property=\"og:description\" content=\"El concurso est\u00e1 dirigido a estudiantes y universitarios con edades comprendidas entre los 7 y los 22 a\u00f1os. Podr\u00e1n participar: Skywalkers: estudiantes de 7 a 13 a\u00f1os (escolares nacidos entre el 1 de abril de 2002 y el 31 de marzo de 2009, ambos incluidos) Pioneers: estudiantes de 14 a 18 a\u00f1os (alumnos de Secundaria, [&hellip;]\" \/>\n<meta property=\"og:url\" content=\"https:\/\/odysseus-contests.eu\/2016\/es\/rules\/normas\/\" \/>\n<meta property=\"og:site_name\" content=\"ODYSSEUS II\" \/>\n<meta name=\"twitter:card\" content=\"summary_large_image\" \/>\n<meta name=\"twitter:label1\" content=\"Tiempo de lectura\" \/>\n\t<meta name=\"twitter:data1\" content=\"2 minutos\" \/>\n<script type=\"application\/ld+json\" class=\"yoast-schema-graph\">{\"@context\":\"https:\/\/schema.org\",\"@graph\":[{\"@type\":\"WebPage\",\"@id\":\"https:\/\/odysseus-contests.eu\/2016\/es\/rules\/normas\/\",\"url\":\"https:\/\/odysseus-contests.eu\/2016\/es\/rules\/normas\/\",\"name\":\"Normas - ODYSSEUS II\",\"isPartOf\":{\"@id\":\"https:\/\/odysseus-contests.eu\/2016\/de\/#website\"},\"datePublished\":\"2015-08-14T21:17:17+00:00\",\"dateModified\":\"2015-08-14T21:17:17+00:00\",\"breadcrumb\":{\"@id\":\"https:\/\/odysseus-contests.eu\/2016\/es\/rules\/normas\/#breadcrumb\"},\"inLanguage\":\"es\",\"potentialAction\":[{\"@type\":\"ReadAction\",\"target\":[\"https:\/\/odysseus-contests.eu\/2016\/es\/rules\/normas\/\"]}]},{\"@type\":\"BreadcrumbList\",\"@id\":\"https:\/\/odysseus-contests.eu\/2016\/es\/rules\/normas\/#breadcrumb\",\"itemListElement\":[{\"@type\":\"ListItem\",\"position\":1,\"name\":\"Home\",\"item\":\"https:\/\/odysseus-contests.eu\/2016\/es\/\"},{\"@type\":\"ListItem\",\"position\":2,\"name\":\"Bases\",\"item\":\"https:\/\/odysseus-contests.eu\/2016\/es\/rules\/\"},{\"@type\":\"ListItem\",\"position\":3,\"name\":\"Normas\"}]},{\"@type\":\"WebSite\",\"@id\":\"https:\/\/odysseus-contests.eu\/2016\/de\/#website\",\"url\":\"https:\/\/odysseus-contests.eu\/2016\/de\/\",\"name\":\"ODYSSEUS II\",\"description\":\"European Youth Space Contest\",\"potentialAction\":[{\"@type\":\"SearchAction\",\"target\":{\"@type\":\"EntryPoint\",\"urlTemplate\":\"https:\/\/odysseus-contests.eu\/2016\/de\/?s={search_term_string}\"},\"query-input\":\"required name=search_term_string\"}],\"inLanguage\":\"es\"}]}<\/script>\n<!-- \/ Yoast SEO plugin. -->","yoast_head_json":{"title":"Normas - ODYSSEUS II","robots":{"index":"index","follow":"follow","max-snippet":"max-snippet:-1","max-image-preview":"max-image-preview:large","max-video-preview":"max-video-preview:-1"},"canonical":"https:\/\/odysseus-contests.eu\/2016\/es\/rules\/normas\/","og_locale":"es_ES","og_type":"article","og_title":"Normas - ODYSSEUS II","og_description":"El concurso est\u00e1 dirigido a estudiantes y universitarios con edades comprendidas entre los 7 y los 22 a\u00f1os. Podr\u00e1n participar: Skywalkers: estudiantes de 7 a 13 a\u00f1os (escolares nacidos entre el 1 de abril de 2002 y el 31 de marzo de 2009, ambos incluidos) Pioneers: estudiantes de 14 a 18 a\u00f1os (alumnos de Secundaria, [&hellip;]","og_url":"https:\/\/odysseus-contests.eu\/2016\/es\/rules\/normas\/","og_site_name":"ODYSSEUS II","twitter_card":"summary_large_image","twitter_misc":{"Tiempo de lectura":"2 minutos"},"schema":{"@context":"https:\/\/schema.org","@graph":[{"@type":"WebPage","@id":"https:\/\/odysseus-contests.eu\/2016\/es\/rules\/normas\/","url":"https:\/\/odysseus-contests.eu\/2016\/es\/rules\/normas\/","name":"Normas - ODYSSEUS II","isPartOf":{"@id":"https:\/\/odysseus-contests.eu\/2016\/de\/#website"},"datePublished":"2015-08-14T21:17:17+00:00","dateModified":"2015-08-14T21:17:17+00:00","breadcrumb":{"@id":"https:\/\/odysseus-contests.eu\/2016\/es\/rules\/normas\/#breadcrumb"},"inLanguage":"es","potentialAction":[{"@type":"ReadAction","target":["https:\/\/odysseus-contests.eu\/2016\/es\/rules\/normas\/"]}]},{"@type":"BreadcrumbList","@id":"https:\/\/odysseus-contests.eu\/2016\/es\/rules\/normas\/#breadcrumb","itemListElement":[{"@type":"ListItem","position":1,"name":"Home","item":"https:\/\/odysseus-contests.eu\/2016\/es\/"},{"@type":"ListItem","position":2,"name":"Bases","item":"https:\/\/odysseus-contests.eu\/2016\/es\/rules\/"},{"@type":"ListItem","position":3,"name":"Normas"}]},{"@type":"WebSite","@id":"https:\/\/odysseus-contests.eu\/2016\/de\/#website","url":"https:\/\/odysseus-contests.eu\/2016\/de\/","name":"ODYSSEUS II","description":"European Youth Space Contest","potentialAction":[{"@type":"SearchAction","target":{"@type":"EntryPoint","urlTemplate":"https:\/\/odysseus-contests.eu\/2016\/de\/?s={search_term_string}"},"query-input":"required name=search_term_string"}],"inLanguage":"es"}]}},"_links":{"self":[{"href":"https:\/\/odysseus-contests.eu\/2016\/es\/wp-json\/wp\/v2\/pages\/3940"}],"collection":[{"href":"https:\/\/odysseus-contests.eu\/2016\/es\/wp-json\/wp\/v2\/pages"}],"about":[{"href":"https:\/\/odysseus-contests.eu\/2016\/es\/wp-json\/wp\/v2\/types\/page"}],"author":[{"embeddable":true,"href":"https:\/\/odysseus-contests.eu\/2016\/es\/wp-json\/wp\/v2\/users\/5"}],"replies":[{"embeddable":true,"href":"https:\/\/odysseus-contests.eu\/2016\/es\/wp-json\/wp\/v2\/comments?post=3940"}],"version-history":[{"count":0,"href":"https:\/\/odysseus-contests.eu\/2016\/es\/wp-json\/wp\/v2\/pages\/3940\/revisions"}],"up":[{"embeddable":true,"href":"https:\/\/odysseus-contests.eu\/2016\/es\/wp-json\/wp\/v2\/pages\/3937"}],"wp:attachment":[{"href":"https:\/\/odysseus-contests.eu\/2016\/es\/wp-json\/wp\/v2\/media?parent=3940"}],"curies":[{"name":"wp","href":"https:\/\/api.w.org\/{rel}","templated":true}]}}