{"id":3939,"date":"2015-08-15T00:23:32","date_gmt":"2015-08-14T21:23:32","guid":{"rendered":"http:\/\/odysseus-contests.eu\/2016\/?page_id=3939"},"modified":"2015-09-02T13:42:47","modified_gmt":"2015-09-02T10:42:47","slug":"envios-on-line","status":"publish","type":"page","link":"https:\/\/odysseus-contests.eu\/2016\/es\/rules\/envios-on-line\/","title":{"rendered":"Env\u00edos online"},"content":{"rendered":"<ul>\n<li>Todos los participantes o equipos deben presentar un dibujo original de ciencia espacial o un proyecto basado en los temas y desaf\u00edos especificados en cada categor\u00eda de edad.<\/li>\n<li>Los equipos y participantes individuales pueden enviar un trabajo digital en las fechas establecidas en cada categor\u00eda de edad:\n<ul>\n<li>Skywalkers: del 1 de septiembre de 2015 al 31 de marzo de 2016<\/li>\n<li>Pioneers y Explorers: del 1 de septiembre de 2015 al 15 de enero de 2016<\/li>\n<\/ul>\n<\/li>\n<li>No se aceptar\u00e1n ning\u00fan proyecto enviado despu\u00e9s de la medianoche (23:59) de la fecha de cierre, a menos que se produzca un grave problema t\u00e9cnico en la plataforma de env\u00edos on-line. Si el sistema de env\u00edo on-line no funcionara durante m\u00e1s de dos horas el \u00faltimo d\u00eda del plazo (el 15 de enero de 2016 o el 31 de marzo de 2016), los organizadores habilitar\u00e1n sistema de env\u00edo entre las 08:00h. y las 18:00h. del d\u00eda siguiente a la fecha final de env\u00edo, es decir, el 16 de enero de 2016 o el 1 de abril de 2016.<\/li>\n<li>Si los documentos enviados se pierden o se eliminan debido a un virus en el sistema on-line del Concurso Odysseus II al equipo afectado se le permitir\u00e1 reenviar su trabajo, incluso despu\u00e9s de la fecha l\u00edmite de env\u00edo, si fuera necesario. Sin embargo, no ser\u00e1 as\u00ed si son los propios participantes quienes hayan eliminado o da\u00f1ado sus archivos.<\/li>\n<li>Los trabajos para el Concurso Odysseus II deben enviarse s\u00f3lo a trav\u00e9s de la p\u00e1gina web de Odysseus II. Antes de que un equipo o participante env\u00ede un trabajo deben inscribirse y ser aceptados por los organizadores (consulta tambi\u00e9n Inscripci\u00f3n).<\/li>\n<li>Cada trabajo debe abordar un \u00fanico tema de los propuestos por los organizadores. No obstante, los participantes podr\u00e1n elegir el \u00e1rea que prefieran: electr\u00f3nica, f\u00edsica, qu\u00edmica, arte, dise\u00f1o, arquitectura, psicolog\u00eda\u2026 Todas ser\u00e1n v\u00e1lidas para presentar cualquier aspecto de la tem\u00e1tica elegida.<\/li>\n<li>Los archivos electr\u00f3nicos presentados para documentar cada proyecto pueden incluir: ensayos ilustrados, presentaciones de Power Point, v\u00eddeos, posters, enlaces a p\u00e1ginas web dedicadas al proyecto, as\u00ed como archivos de audio.<\/li>\n<li>Los formatos de archivo permitidos son:\n<ul>\n<li><em>Documentos<\/em><em>: Microsoft Word (.docx, .doc), Abobe PDF(.pdf), .txt, Adobe PostScript (.ps), Microsoft PowerPoint (.ppt, .pptx, .pps, .ppsx)<\/em><\/li>\n<li><em>Im\u00e1genes<\/em><em>: .png,\u00a0 .jpg\u00a0 .bmp,\u00a0 .gif<\/em><\/li>\n<li>Videos: Todos los videos se deben cargar en youtube o vimeo y proporcionar el enlace.<\/li>\n<li>Audio: .mp3<\/li>\n<li>Formatos para comprimir: .tar .gz .zip .7z<\/li>\n<\/ul>\n<\/li>\n<li>El t\u00e9rmino <em>dibujo<\/em> podr\u00e1 aplicarse a im\u00e1genes creadas por cualquier medio, ya sea manual (dibujo, pintura, mosaicos, etc.), o electr\u00f3nico (fotograf\u00edas, dibujos realizados con programas de dise\u00f1o inform\u00e1tico, etc.). Los dibujos que no hayan sido creados electr\u00f3nicamente deben escanearse y subirse en uno de los formatos permitidos.<\/li>\n<li>Una plantilla de presentaci\u00f3n de proyecto estar\u00e1 disponible en la p\u00e1gina web oficial durante el proceso de env\u00edo, lo que permitir\u00e1 a los participantes compilar sus env\u00edos. El uso de esta plantilla es opcional.<\/li>\n<li>El l\u00edmite m\u00e1ximo del tama\u00f1o total de archivos sin comprimir para cada trabajo es de 20 MB. Los participantes pueden reunir m\u00faltiples archivos en un mismo paquete para su env\u00edo. Tambi\u00e9n pueden comprimir los archivos en un formato: .gz o .zip, siempre y cuando los archivos sin comprimir cumplan con el l\u00edmite de tama\u00f1o de 20 MB.<\/li>\n<li>El coste total de los materiales utilizados en cada proyecto no podr\u00e1 superar los 150\u20ac.<\/li>\n<li>Los trabajos deber\u00e1n contar con un apartado (p\u00e1gina) de agradecimientos y reconocimientos de todas aquellas personas que hayan contribuido de alguna forma al proyecto, incluyendo cualquier entidad que les haya dado apoyo financiero. En este apartado podr\u00e1 aparecer el logo del patrocinador. Si bien, en ning\u00fan caso se permitir\u00e1 forma alguna de publicidad en los materiales enviados.<\/li>\n<li>Ser\u00e1 responsabilidad de los participantes convertir otros formatos de archivo al formato de env\u00edo establecido.<\/li>\n<li>Los participantes ser\u00e1n responsables del contenido de su trabajo. Si en sus proyectos revelar\u00e1n informaci\u00f3n personal ser\u00eda, sola y exclusivamente, bajo su propia responsabilidad.<\/li>\n<li>Los organizadores no son responsables del contenido enviado por los participantes.<\/li>\n<li>Los participantes se comprometen a no enviar material que sea difamatorio, agresivo, hostigador, amenazador o insultante para cualquier persona; as\u00ed como intolerante, que demuestre odio, xenofobia o sea racialmente ofensivo, vulgar, obsceno o sexualmente expl\u00edcito o ilegal (o que promueva una actividad ilegal) de cualquier forma.<\/li>\n<\/ul>\n","protected":false},"excerpt":{"rendered":"<p>Todos los participantes o equipos deben presentar un dibujo original de ciencia espacial o un proyecto basado en los temas y desaf\u00edos especificados en cada categor\u00eda de edad. Los equipos y participantes individuales pueden enviar un trabajo digital en las fechas establecidas en cada categor\u00eda de edad: Skywalkers: del 1 de septiembre de 2015 al [&hellip;]<\/p>\n","protected":false},"author":5,"featured_media":0,"parent":3937,"menu_order":0,"comment_status":"closed","ping_status":"closed","template":"","meta":[],"acf":[],"yoast_head":"<!-- This site is optimized with the Yoast SEO plugin v19.14 - https:\/\/yoast.com\/wordpress\/plugins\/seo\/ -->\n<title>Env\u00edos online - ODYSSEUS II<\/title>\n<meta name=\"robots\" content=\"index, follow, max-snippet:-1, max-image-preview:large, max-video-preview:-1\" \/>\n<link rel=\"canonical\" href=\"https:\/\/odysseus-contests.eu\/2016\/es\/rules\/envios-on-line\/\" \/>\n<meta property=\"og:locale\" content=\"es_ES\" \/>\n<meta property=\"og:type\" content=\"article\" \/>\n<meta property=\"og:title\" content=\"Env\u00edos online - ODYSSEUS II\" \/>\n<meta property=\"og:description\" content=\"Todos los participantes o equipos deben presentar un dibujo original de ciencia espacial o un proyecto basado en los temas y desaf\u00edos especificados en cada categor\u00eda de edad. Los equipos y participantes individuales pueden enviar un trabajo digital en las fechas establecidas en cada categor\u00eda de edad: Skywalkers: del 1 de septiembre de 2015 al [&hellip;]\" \/>\n<meta property=\"og:url\" content=\"https:\/\/odysseus-contests.eu\/2016\/es\/rules\/envios-on-line\/\" \/>\n<meta property=\"og:site_name\" content=\"ODYSSEUS II\" \/>\n<meta property=\"article:modified_time\" content=\"2015-09-02T10:42:47+00:00\" \/>\n<meta name=\"twitter:card\" content=\"summary_large_image\" \/>\n<meta name=\"twitter:label1\" content=\"Tiempo de lectura\" \/>\n\t<meta name=\"twitter:data1\" content=\"4 minutos\" \/>\n<script type=\"application\/ld+json\" class=\"yoast-schema-graph\">{\"@context\":\"https:\/\/schema.org\",\"@graph\":[{\"@type\":\"WebPage\",\"@id\":\"https:\/\/odysseus-contests.eu\/2016\/es\/rules\/envios-on-line\/\",\"url\":\"https:\/\/odysseus-contests.eu\/2016\/es\/rules\/envios-on-line\/\",\"name\":\"Env\u00edos online - ODYSSEUS II\",\"isPartOf\":{\"@id\":\"https:\/\/odysseus-contests.eu\/2016\/de\/#website\"},\"datePublished\":\"2015-08-14T21:23:32+00:00\",\"dateModified\":\"2015-09-02T10:42:47+00:00\",\"breadcrumb\":{\"@id\":\"https:\/\/odysseus-contests.eu\/2016\/es\/rules\/envios-on-line\/#breadcrumb\"},\"inLanguage\":\"es\",\"potentialAction\":[{\"@type\":\"ReadAction\",\"target\":[\"https:\/\/odysseus-contests.eu\/2016\/es\/rules\/envios-on-line\/\"]}]},{\"@type\":\"BreadcrumbList\",\"@id\":\"https:\/\/odysseus-contests.eu\/2016\/es\/rules\/envios-on-line\/#breadcrumb\",\"itemListElement\":[{\"@type\":\"ListItem\",\"position\":1,\"name\":\"Home\",\"item\":\"https:\/\/odysseus-contests.eu\/2016\/es\/\"},{\"@type\":\"ListItem\",\"position\":2,\"name\":\"Bases\",\"item\":\"https:\/\/odysseus-contests.eu\/2016\/es\/rules\/\"},{\"@type\":\"ListItem\",\"position\":3,\"name\":\"Env\u00edos online\"}]},{\"@type\":\"WebSite\",\"@id\":\"https:\/\/odysseus-contests.eu\/2016\/de\/#website\",\"url\":\"https:\/\/odysseus-contests.eu\/2016\/de\/\",\"name\":\"ODYSSEUS II\",\"description\":\"European Youth Space Contest\",\"potentialAction\":[{\"@type\":\"SearchAction\",\"target\":{\"@type\":\"EntryPoint\",\"urlTemplate\":\"https:\/\/odysseus-contests.eu\/2016\/de\/?s={search_term_string}\"},\"query-input\":\"required name=search_term_string\"}],\"inLanguage\":\"es\"}]}<\/script>\n<!-- \/ Yoast SEO plugin. -->","yoast_head_json":{"title":"Env\u00edos online - ODYSSEUS II","robots":{"index":"index","follow":"follow","max-snippet":"max-snippet:-1","max-image-preview":"max-image-preview:large","max-video-preview":"max-video-preview:-1"},"canonical":"https:\/\/odysseus-contests.eu\/2016\/es\/rules\/envios-on-line\/","og_locale":"es_ES","og_type":"article","og_title":"Env\u00edos online - ODYSSEUS II","og_description":"Todos los participantes o equipos deben presentar un dibujo original de ciencia espacial o un proyecto basado en los temas y desaf\u00edos especificados en cada categor\u00eda de edad. Los equipos y participantes individuales pueden enviar un trabajo digital en las fechas establecidas en cada categor\u00eda de edad: Skywalkers: del 1 de septiembre de 2015 al [&hellip;]","og_url":"https:\/\/odysseus-contests.eu\/2016\/es\/rules\/envios-on-line\/","og_site_name":"ODYSSEUS II","article_modified_time":"2015-09-02T10:42:47+00:00","twitter_card":"summary_large_image","twitter_misc":{"Tiempo de lectura":"4 minutos"},"schema":{"@context":"https:\/\/schema.org","@graph":[{"@type":"WebPage","@id":"https:\/\/odysseus-contests.eu\/2016\/es\/rules\/envios-on-line\/","url":"https:\/\/odysseus-contests.eu\/2016\/es\/rules\/envios-on-line\/","name":"Env\u00edos online - ODYSSEUS II","isPartOf":{"@id":"https:\/\/odysseus-contests.eu\/2016\/de\/#website"},"datePublished":"2015-08-14T21:23:32+00:00","dateModified":"2015-09-02T10:42:47+00:00","breadcrumb":{"@id":"https:\/\/odysseus-contests.eu\/2016\/es\/rules\/envios-on-line\/#breadcrumb"},"inLanguage":"es","potentialAction":[{"@type":"ReadAction","target":["https:\/\/odysseus-contests.eu\/2016\/es\/rules\/envios-on-line\/"]}]},{"@type":"BreadcrumbList","@id":"https:\/\/odysseus-contests.eu\/2016\/es\/rules\/envios-on-line\/#breadcrumb","itemListElement":[{"@type":"ListItem","position":1,"name":"Home","item":"https:\/\/odysseus-contests.eu\/2016\/es\/"},{"@type":"ListItem","position":2,"name":"Bases","item":"https:\/\/odysseus-contests.eu\/2016\/es\/rules\/"},{"@type":"ListItem","position":3,"name":"Env\u00edos online"}]},{"@type":"WebSite","@id":"https:\/\/odysseus-contests.eu\/2016\/de\/#website","url":"https:\/\/odysseus-contests.eu\/2016\/de\/","name":"ODYSSEUS II","description":"European Youth Space Contest","potentialAction":[{"@type":"SearchAction","target":{"@type":"EntryPoint","urlTemplate":"https:\/\/odysseus-contests.eu\/2016\/de\/?s={search_term_string}"},"query-input":"required name=search_term_string"}],"inLanguage":"es"}]}},"_links":{"self":[{"href":"https:\/\/odysseus-contests.eu\/2016\/es\/wp-json\/wp\/v2\/pages\/3939"}],"collection":[{"href":"https:\/\/odysseus-contests.eu\/2016\/es\/wp-json\/wp\/v2\/pages"}],"about":[{"href":"https:\/\/odysseus-contests.eu\/2016\/es\/wp-json\/wp\/v2\/types\/page"}],"author":[{"embeddable":true,"href":"https:\/\/odysseus-contests.eu\/2016\/es\/wp-json\/wp\/v2\/users\/5"}],"replies":[{"embeddable":true,"href":"https:\/\/odysseus-contests.eu\/2016\/es\/wp-json\/wp\/v2\/comments?post=3939"}],"version-history":[{"count":0,"href":"https:\/\/odysseus-contests.eu\/2016\/es\/wp-json\/wp\/v2\/pages\/3939\/revisions"}],"up":[{"embeddable":true,"href":"https:\/\/odysseus-contests.eu\/2016\/es\/wp-json\/wp\/v2\/pages\/3937"}],"wp:attachment":[{"href":"https:\/\/odysseus-contests.eu\/2016\/es\/wp-json\/wp\/v2\/media?parent=3939"}],"curies":[{"name":"wp","href":"https:\/\/api.w.org\/{rel}","templated":true}]}}