{"id":3924,"date":"2015-08-14T23:36:50","date_gmt":"2015-08-14T20:36:50","guid":{"rendered":"http:\/\/odysseus-contests.eu\/2016\/?page_id=3924"},"modified":"2015-08-14T23:36:50","modified_gmt":"2015-08-14T20:36:50","slug":"evaluadores","status":"publish","type":"page","link":"https:\/\/odysseus-contests.eu\/2016\/es\/resources\/evaluadores\/","title":{"rendered":"Evaluadores"},"content":{"rendered":"<p>Todos los trabajos ser\u00e1n evaluados por su respectivo jurado nacional de expertos evaluadores. Para ser m\u00e1s espec\u00edficos, cada jurado nacional de evaluaci\u00f3n estar\u00e1 formado por expertos en el entorno de la exploraci\u00f3n espacial, profesores, educadores de los diferentes niveles acad\u00e9micos, as\u00ed como personas de reconocido prestigio y experiencia en el \u00e1mbito cient\u00edfico.<\/p>\n<p>De igual forma, los jueces a nivel regional podr\u00e1n ser voluntarios -investigadores, profesores, educadores, divulgadores con experiencia en el \u00e1mbito espacial, etc.-. Todos los costes derivados de los viajes para asistir a las Finales Regionales y a la Final Internacional ser\u00e1n sufragados por el proyecto Odysseus II.<\/p>\n<p>El comit\u00e9 cient\u00edfico internacional tambi\u00e9n estar\u00e1 formado por expertos en exploraci\u00f3n espacial y profesionales de la educaci\u00f3n con experiencia en ciencias. Los tutores de los equipos inscritos en el Concurso Odysseus II no podr\u00e1n participar en calidad de jueces.<\/p>\n","protected":false},"excerpt":{"rendered":"<p>Todos los trabajos ser\u00e1n evaluados por su respectivo jurado nacional de expertos evaluadores. Para ser m\u00e1s espec\u00edficos, cada jurado nacional de evaluaci\u00f3n estar\u00e1 formado por expertos en el entorno de la exploraci\u00f3n espacial, profesores, educadores de los diferentes niveles acad\u00e9micos, as\u00ed como personas de reconocido prestigio y experiencia en el \u00e1mbito cient\u00edfico. De igual forma, [&hellip;]<\/p>\n","protected":false},"author":5,"featured_media":0,"parent":3917,"menu_order":0,"comment_status":"closed","ping_status":"closed","template":"template_evaluators.php","meta":[],"acf":[],"yoast_head":"<!-- This site is optimized with the Yoast SEO plugin v19.14 - https:\/\/yoast.com\/wordpress\/plugins\/seo\/ -->\n<title>Evaluadores - ODYSSEUS II<\/title>\n<meta name=\"robots\" content=\"index, follow, max-snippet:-1, max-image-preview:large, max-video-preview:-1\" \/>\n<link rel=\"canonical\" href=\"https:\/\/odysseus-contests.eu\/2016\/es\/resources\/evaluadores\/\" \/>\n<meta property=\"og:locale\" content=\"es_ES\" \/>\n<meta property=\"og:type\" content=\"article\" \/>\n<meta property=\"og:title\" content=\"Evaluadores - ODYSSEUS II\" \/>\n<meta property=\"og:description\" content=\"Todos los trabajos ser\u00e1n evaluados por su respectivo jurado nacional de expertos evaluadores. Para ser m\u00e1s espec\u00edficos, cada jurado nacional de evaluaci\u00f3n estar\u00e1 formado por expertos en el entorno de la exploraci\u00f3n espacial, profesores, educadores de los diferentes niveles acad\u00e9micos, as\u00ed como personas de reconocido prestigio y experiencia en el \u00e1mbito cient\u00edfico. De igual forma, [&hellip;]\" \/>\n<meta property=\"og:url\" content=\"https:\/\/odysseus-contests.eu\/2016\/es\/resources\/evaluadores\/\" \/>\n<meta property=\"og:site_name\" content=\"ODYSSEUS II\" \/>\n<meta name=\"twitter:card\" content=\"summary_large_image\" \/>\n<meta name=\"twitter:label1\" content=\"Tiempo de lectura\" \/>\n\t<meta name=\"twitter:data1\" content=\"1 minuto\" \/>\n<script type=\"application\/ld+json\" class=\"yoast-schema-graph\">{\"@context\":\"https:\/\/schema.org\",\"@graph\":[{\"@type\":\"WebPage\",\"@id\":\"https:\/\/odysseus-contests.eu\/2016\/es\/resources\/evaluadores\/\",\"url\":\"https:\/\/odysseus-contests.eu\/2016\/es\/resources\/evaluadores\/\",\"name\":\"Evaluadores - ODYSSEUS II\",\"isPartOf\":{\"@id\":\"https:\/\/odysseus-contests.eu\/2016\/de\/#website\"},\"datePublished\":\"2015-08-14T20:36:50+00:00\",\"dateModified\":\"2015-08-14T20:36:50+00:00\",\"breadcrumb\":{\"@id\":\"https:\/\/odysseus-contests.eu\/2016\/es\/resources\/evaluadores\/#breadcrumb\"},\"inLanguage\":\"es\",\"potentialAction\":[{\"@type\":\"ReadAction\",\"target\":[\"https:\/\/odysseus-contests.eu\/2016\/es\/resources\/evaluadores\/\"]}]},{\"@type\":\"BreadcrumbList\",\"@id\":\"https:\/\/odysseus-contests.eu\/2016\/es\/resources\/evaluadores\/#breadcrumb\",\"itemListElement\":[{\"@type\":\"ListItem\",\"position\":1,\"name\":\"Home\",\"item\":\"https:\/\/odysseus-contests.eu\/2016\/es\/\"},{\"@type\":\"ListItem\",\"position\":2,\"name\":\"Recursos\",\"item\":\"https:\/\/odysseus-contests.eu\/2016\/es\/resources\/\"},{\"@type\":\"ListItem\",\"position\":3,\"name\":\"Evaluadores\"}]},{\"@type\":\"WebSite\",\"@id\":\"https:\/\/odysseus-contests.eu\/2016\/de\/#website\",\"url\":\"https:\/\/odysseus-contests.eu\/2016\/de\/\",\"name\":\"ODYSSEUS II\",\"description\":\"European Youth Space Contest\",\"potentialAction\":[{\"@type\":\"SearchAction\",\"target\":{\"@type\":\"EntryPoint\",\"urlTemplate\":\"https:\/\/odysseus-contests.eu\/2016\/de\/?s={search_term_string}\"},\"query-input\":\"required name=search_term_string\"}],\"inLanguage\":\"es\"}]}<\/script>\n<!-- \/ Yoast SEO plugin. -->","yoast_head_json":{"title":"Evaluadores - ODYSSEUS II","robots":{"index":"index","follow":"follow","max-snippet":"max-snippet:-1","max-image-preview":"max-image-preview:large","max-video-preview":"max-video-preview:-1"},"canonical":"https:\/\/odysseus-contests.eu\/2016\/es\/resources\/evaluadores\/","og_locale":"es_ES","og_type":"article","og_title":"Evaluadores - ODYSSEUS II","og_description":"Todos los trabajos ser\u00e1n evaluados por su respectivo jurado nacional de expertos evaluadores. Para ser m\u00e1s espec\u00edficos, cada jurado nacional de evaluaci\u00f3n estar\u00e1 formado por expertos en el entorno de la exploraci\u00f3n espacial, profesores, educadores de los diferentes niveles acad\u00e9micos, as\u00ed como personas de reconocido prestigio y experiencia en el \u00e1mbito cient\u00edfico. De igual forma, [&hellip;]","og_url":"https:\/\/odysseus-contests.eu\/2016\/es\/resources\/evaluadores\/","og_site_name":"ODYSSEUS II","twitter_card":"summary_large_image","twitter_misc":{"Tiempo de lectura":"1 minuto"},"schema":{"@context":"https:\/\/schema.org","@graph":[{"@type":"WebPage","@id":"https:\/\/odysseus-contests.eu\/2016\/es\/resources\/evaluadores\/","url":"https:\/\/odysseus-contests.eu\/2016\/es\/resources\/evaluadores\/","name":"Evaluadores - ODYSSEUS II","isPartOf":{"@id":"https:\/\/odysseus-contests.eu\/2016\/de\/#website"},"datePublished":"2015-08-14T20:36:50+00:00","dateModified":"2015-08-14T20:36:50+00:00","breadcrumb":{"@id":"https:\/\/odysseus-contests.eu\/2016\/es\/resources\/evaluadores\/#breadcrumb"},"inLanguage":"es","potentialAction":[{"@type":"ReadAction","target":["https:\/\/odysseus-contests.eu\/2016\/es\/resources\/evaluadores\/"]}]},{"@type":"BreadcrumbList","@id":"https:\/\/odysseus-contests.eu\/2016\/es\/resources\/evaluadores\/#breadcrumb","itemListElement":[{"@type":"ListItem","position":1,"name":"Home","item":"https:\/\/odysseus-contests.eu\/2016\/es\/"},{"@type":"ListItem","position":2,"name":"Recursos","item":"https:\/\/odysseus-contests.eu\/2016\/es\/resources\/"},{"@type":"ListItem","position":3,"name":"Evaluadores"}]},{"@type":"WebSite","@id":"https:\/\/odysseus-contests.eu\/2016\/de\/#website","url":"https:\/\/odysseus-contests.eu\/2016\/de\/","name":"ODYSSEUS II","description":"European Youth Space Contest","potentialAction":[{"@type":"SearchAction","target":{"@type":"EntryPoint","urlTemplate":"https:\/\/odysseus-contests.eu\/2016\/de\/?s={search_term_string}"},"query-input":"required name=search_term_string"}],"inLanguage":"es"}]}},"_links":{"self":[{"href":"https:\/\/odysseus-contests.eu\/2016\/es\/wp-json\/wp\/v2\/pages\/3924"}],"collection":[{"href":"https:\/\/odysseus-contests.eu\/2016\/es\/wp-json\/wp\/v2\/pages"}],"about":[{"href":"https:\/\/odysseus-contests.eu\/2016\/es\/wp-json\/wp\/v2\/types\/page"}],"author":[{"embeddable":true,"href":"https:\/\/odysseus-contests.eu\/2016\/es\/wp-json\/wp\/v2\/users\/5"}],"replies":[{"embeddable":true,"href":"https:\/\/odysseus-contests.eu\/2016\/es\/wp-json\/wp\/v2\/comments?post=3924"}],"version-history":[{"count":0,"href":"https:\/\/odysseus-contests.eu\/2016\/es\/wp-json\/wp\/v2\/pages\/3924\/revisions"}],"up":[{"embeddable":true,"href":"https:\/\/odysseus-contests.eu\/2016\/es\/wp-json\/wp\/v2\/pages\/3917"}],"wp:attachment":[{"href":"https:\/\/odysseus-contests.eu\/2016\/es\/wp-json\/wp\/v2\/media?parent=3924"}],"curies":[{"name":"wp","href":"https:\/\/api.w.org\/{rel}","templated":true}]}}