{"id":3901,"date":"2015-08-14T23:21:23","date_gmt":"2015-08-14T20:21:23","guid":{"rendered":"http:\/\/odysseus-contests.eu\/2016\/?page_id=3901"},"modified":"2015-08-14T23:23:30","modified_gmt":"2015-08-14T20:23:30","slug":"categoria-explorers","status":"publish","type":"page","link":"https:\/\/odysseus-contests.eu\/2016\/es\/premios\/categoria-explorers\/","title":{"rendered":"Categor\u00eda Explorers"},"content":{"rendered":"<h4>Primer premio:<\/h4>\n<ul>\n<li>Viaje al Centro Espacial de Kourou en Guayana. (Billetes de avi\u00f3n, alojamiento, comidas, seguro, participaci\u00f3n en eventos y visitas al Centro Espacial y otras actividades para todos los miembros del equipo y su tutor).<\/li>\n<li>\u00a0Diploma \u201c<em>Joven Embajador Europeo del Espacio<\/em>\u201d.<\/li>\n<\/ul>\n<h4>Premio Adicional:<\/h4>\n<ul>\n<li>Cinco estancias de pr\u00e1cticas en la Agencia Espacial Europea (ESA) o en una instituci\u00f3n aeroespacial Las pr\u00e1cticas podr\u00e1n ser de tres a seis meses. A todos ellos se les costear\u00e1n los gastos de viaje, seguro m\u00e9dico y se les dotar\u00e1 con una asignaci\u00f3n mensual suficiente para cubrir los gastos derivados de la estancia.<\/li>\n<\/ul>\n<h4>Premio a los ganadores regionales:<\/h4>\n<ul>\n<li>Un telescopio de alta gama (Celestron Nexstar o similar) para cada miembro del equipo de los diez equipos finalistas \u2013los ganadores de las Finales Regionales.<\/li>\n<li>Viaje a la ciudad donde se celebre la Final Internacional. (Gastos de viaje, alojamiento, comidas, seguro, visitas y participaci\u00f3n a eventos para todos los miembros del equipo y sus tutores).<\/li>\n<\/ul>\n<h4>Ganadores nacionales:<\/h4>\n<ul>\n<li>Viaje a la ciudad donde se celebren las Finales Regionales. (Gastos de viaje, alojamiento, comidas, seguro, visitas y participaci\u00f3n en eventos para todos los miembros del equipo y sus tutores).<\/li>\n<li>Un pack de recuerdo del Concurso Odysseus II.<\/li>\n<li>Medalla conmemorativa de ganador.<\/li>\n<\/ul>\n<p>Todos los participantes recibir\u00e1n un certificado de participaci\u00f3n en el Concurso Odysseus II.<\/p>\n","protected":false},"excerpt":{"rendered":"<p>Primer premio: Viaje al Centro Espacial de Kourou en Guayana. (Billetes de avi\u00f3n, alojamiento, comidas, seguro, participaci\u00f3n en eventos y visitas al Centro Espacial y otras actividades para todos los miembros del equipo y su tutor). \u00a0Diploma \u201cJoven Embajador Europeo del Espacio\u201d. Premio Adicional: Cinco estancias de pr\u00e1cticas en la Agencia Espacial Europea (ESA) o [&hellip;]<\/p>\n","protected":false},"author":5,"featured_media":1142,"parent":3891,"menu_order":0,"comment_status":"closed","ping_status":"closed","template":"","meta":[],"acf":[],"yoast_head":"<!-- This site is optimized with the Yoast SEO plugin v19.14 - https:\/\/yoast.com\/wordpress\/plugins\/seo\/ -->\n<title>Categor\u00eda Explorers - ODYSSEUS II<\/title>\n<meta name=\"robots\" content=\"index, follow, max-snippet:-1, max-image-preview:large, max-video-preview:-1\" \/>\n<link rel=\"canonical\" href=\"https:\/\/odysseus-contests.eu\/2016\/es\/premios\/categoria-explorers\/\" \/>\n<meta property=\"og:locale\" content=\"es_ES\" \/>\n<meta property=\"og:type\" content=\"article\" \/>\n<meta property=\"og:title\" content=\"Categor\u00eda Explorers - ODYSSEUS II\" \/>\n<meta property=\"og:description\" content=\"Primer premio: Viaje al Centro Espacial de Kourou en Guayana. (Billetes de avi\u00f3n, alojamiento, comidas, seguro, participaci\u00f3n en eventos y visitas al Centro Espacial y otras actividades para todos los miembros del equipo y su tutor). \u00a0Diploma \u201cJoven Embajador Europeo del Espacio\u201d. Premio Adicional: Cinco estancias de pr\u00e1cticas en la Agencia Espacial Europea (ESA) o [&hellip;]\" \/>\n<meta property=\"og:url\" content=\"https:\/\/odysseus-contests.eu\/2016\/es\/premios\/categoria-explorers\/\" \/>\n<meta property=\"og:site_name\" content=\"ODYSSEUS II\" \/>\n<meta property=\"article:modified_time\" content=\"2015-08-14T20:23:30+00:00\" \/>\n<meta property=\"og:image\" content=\"https:\/\/odysseus-contests.eu\/2016\/wp-content\/uploads\/2015\/05\/about-prizes-pioneers-main.jpg\" \/>\n\t<meta property=\"og:image:width\" content=\"1920\" \/>\n\t<meta property=\"og:image:height\" content=\"666\" \/>\n\t<meta property=\"og:image:type\" content=\"image\/jpeg\" \/>\n<meta name=\"twitter:card\" content=\"summary_large_image\" \/>\n<meta name=\"twitter:label1\" content=\"Tiempo de lectura\" \/>\n\t<meta name=\"twitter:data1\" content=\"1 minuto\" \/>\n<script type=\"application\/ld+json\" class=\"yoast-schema-graph\">{\"@context\":\"https:\/\/schema.org\",\"@graph\":[{\"@type\":\"WebPage\",\"@id\":\"https:\/\/odysseus-contests.eu\/2016\/es\/premios\/categoria-explorers\/\",\"url\":\"https:\/\/odysseus-contests.eu\/2016\/es\/premios\/categoria-explorers\/\",\"name\":\"Categor\u00eda Explorers - ODYSSEUS II\",\"isPartOf\":{\"@id\":\"https:\/\/odysseus-contests.eu\/2016\/de\/#website\"},\"datePublished\":\"2015-08-14T20:21:23+00:00\",\"dateModified\":\"2015-08-14T20:23:30+00:00\",\"breadcrumb\":{\"@id\":\"https:\/\/odysseus-contests.eu\/2016\/es\/premios\/categoria-explorers\/#breadcrumb\"},\"inLanguage\":\"es\",\"potentialAction\":[{\"@type\":\"ReadAction\",\"target\":[\"https:\/\/odysseus-contests.eu\/2016\/es\/premios\/categoria-explorers\/\"]}]},{\"@type\":\"BreadcrumbList\",\"@id\":\"https:\/\/odysseus-contests.eu\/2016\/es\/premios\/categoria-explorers\/#breadcrumb\",\"itemListElement\":[{\"@type\":\"ListItem\",\"position\":1,\"name\":\"Home\",\"item\":\"https:\/\/odysseus-contests.eu\/2016\/es\/\"},{\"@type\":\"ListItem\",\"position\":2,\"name\":\"Premios\",\"item\":\"https:\/\/odysseus-contests.eu\/2016\/es\/premios\/\"},{\"@type\":\"ListItem\",\"position\":3,\"name\":\"Categor\u00eda Explorers\"}]},{\"@type\":\"WebSite\",\"@id\":\"https:\/\/odysseus-contests.eu\/2016\/de\/#website\",\"url\":\"https:\/\/odysseus-contests.eu\/2016\/de\/\",\"name\":\"ODYSSEUS II\",\"description\":\"European Youth Space Contest\",\"potentialAction\":[{\"@type\":\"SearchAction\",\"target\":{\"@type\":\"EntryPoint\",\"urlTemplate\":\"https:\/\/odysseus-contests.eu\/2016\/de\/?s={search_term_string}\"},\"query-input\":\"required name=search_term_string\"}],\"inLanguage\":\"es\"}]}<\/script>\n<!-- \/ Yoast SEO plugin. -->","yoast_head_json":{"title":"Categor\u00eda Explorers - ODYSSEUS II","robots":{"index":"index","follow":"follow","max-snippet":"max-snippet:-1","max-image-preview":"max-image-preview:large","max-video-preview":"max-video-preview:-1"},"canonical":"https:\/\/odysseus-contests.eu\/2016\/es\/premios\/categoria-explorers\/","og_locale":"es_ES","og_type":"article","og_title":"Categor\u00eda Explorers - ODYSSEUS II","og_description":"Primer premio: Viaje al Centro Espacial de Kourou en Guayana. (Billetes de avi\u00f3n, alojamiento, comidas, seguro, participaci\u00f3n en eventos y visitas al Centro Espacial y otras actividades para todos los miembros del equipo y su tutor). \u00a0Diploma \u201cJoven Embajador Europeo del Espacio\u201d. Premio Adicional: Cinco estancias de pr\u00e1cticas en la Agencia Espacial Europea (ESA) o [&hellip;]","og_url":"https:\/\/odysseus-contests.eu\/2016\/es\/premios\/categoria-explorers\/","og_site_name":"ODYSSEUS II","article_modified_time":"2015-08-14T20:23:30+00:00","og_image":[{"width":1920,"height":666,"url":"https:\/\/odysseus-contests.eu\/2016\/wp-content\/uploads\/2015\/05\/about-prizes-pioneers-main.jpg","type":"image\/jpeg"}],"twitter_card":"summary_large_image","twitter_misc":{"Tiempo de lectura":"1 minuto"},"schema":{"@context":"https:\/\/schema.org","@graph":[{"@type":"WebPage","@id":"https:\/\/odysseus-contests.eu\/2016\/es\/premios\/categoria-explorers\/","url":"https:\/\/odysseus-contests.eu\/2016\/es\/premios\/categoria-explorers\/","name":"Categor\u00eda Explorers - ODYSSEUS II","isPartOf":{"@id":"https:\/\/odysseus-contests.eu\/2016\/de\/#website"},"datePublished":"2015-08-14T20:21:23+00:00","dateModified":"2015-08-14T20:23:30+00:00","breadcrumb":{"@id":"https:\/\/odysseus-contests.eu\/2016\/es\/premios\/categoria-explorers\/#breadcrumb"},"inLanguage":"es","potentialAction":[{"@type":"ReadAction","target":["https:\/\/odysseus-contests.eu\/2016\/es\/premios\/categoria-explorers\/"]}]},{"@type":"BreadcrumbList","@id":"https:\/\/odysseus-contests.eu\/2016\/es\/premios\/categoria-explorers\/#breadcrumb","itemListElement":[{"@type":"ListItem","position":1,"name":"Home","item":"https:\/\/odysseus-contests.eu\/2016\/es\/"},{"@type":"ListItem","position":2,"name":"Premios","item":"https:\/\/odysseus-contests.eu\/2016\/es\/premios\/"},{"@type":"ListItem","position":3,"name":"Categor\u00eda Explorers"}]},{"@type":"WebSite","@id":"https:\/\/odysseus-contests.eu\/2016\/de\/#website","url":"https:\/\/odysseus-contests.eu\/2016\/de\/","name":"ODYSSEUS II","description":"European Youth Space Contest","potentialAction":[{"@type":"SearchAction","target":{"@type":"EntryPoint","urlTemplate":"https:\/\/odysseus-contests.eu\/2016\/de\/?s={search_term_string}"},"query-input":"required name=search_term_string"}],"inLanguage":"es"}]}},"_links":{"self":[{"href":"https:\/\/odysseus-contests.eu\/2016\/es\/wp-json\/wp\/v2\/pages\/3901"}],"collection":[{"href":"https:\/\/odysseus-contests.eu\/2016\/es\/wp-json\/wp\/v2\/pages"}],"about":[{"href":"https:\/\/odysseus-contests.eu\/2016\/es\/wp-json\/wp\/v2\/types\/page"}],"author":[{"embeddable":true,"href":"https:\/\/odysseus-contests.eu\/2016\/es\/wp-json\/wp\/v2\/users\/5"}],"replies":[{"embeddable":true,"href":"https:\/\/odysseus-contests.eu\/2016\/es\/wp-json\/wp\/v2\/comments?post=3901"}],"version-history":[{"count":0,"href":"https:\/\/odysseus-contests.eu\/2016\/es\/wp-json\/wp\/v2\/pages\/3901\/revisions"}],"up":[{"embeddable":true,"href":"https:\/\/odysseus-contests.eu\/2016\/es\/wp-json\/wp\/v2\/pages\/3891"}],"wp:featuredmedia":[{"embeddable":true,"href":"https:\/\/odysseus-contests.eu\/2016\/es\/wp-json\/wp\/v2\/media\/1142"}],"wp:attachment":[{"href":"https:\/\/odysseus-contests.eu\/2016\/es\/wp-json\/wp\/v2\/media?parent=3901"}],"curies":[{"name":"wp","href":"https:\/\/api.w.org\/{rel}","templated":true}]}}