{"id":3880,"date":"2015-08-14T23:04:54","date_gmt":"2015-08-14T20:04:54","guid":{"rendered":"http:\/\/odysseus-contests.eu\/2016\/?page_id=3880"},"modified":"2015-09-07T10:53:07","modified_gmt":"2015-09-07T07:53:07","slug":"como-lograr-el-exito","status":"publish","type":"page","link":"https:\/\/odysseus-contests.eu\/2016\/es\/pioneers\/como-lograr-el-exito\/","title":{"rendered":"C\u00f3mo lograr el \u00e9xito"},"content":{"rendered":"<ul>\n<li style=\"text-align: justify;\">Entender el concurso. Leer atentamente la p\u00e1gina general del concurso y todo lo relacionado.<\/li>\n<li style=\"text-align: justify;\">Centrar nuestros esfuerzos en responder a los criterios espec\u00edficos de evaluaci\u00f3n. Los jurados estar\u00e1n compuestos por un grupo de investigadores, educadores y cient\u00edficos profesionales que se encargar\u00e1n de la evaluaci\u00f3n de todos los trabajos presentados de acuerdo a unos criterios prestablecidos. Ser\u00e1 el rigor cient\u00edfico y la excelencia lo que guiar\u00e1 sus decisiones. Por lo tanto, es fundamental tratar de ser preciso y no escribir nada que no haya sido previamente contrastado. Y lo m\u00e1s importante, no escribir nada que no se entienda. Intentar ser coherente y no extenderse demasiado, organizar el trabajo de forma estructurada y racional. Y, por su puesto, que el dise\u00f1o del trabajo sea creativo. Este tipo de trabajos, al ser m\u00e1s rigurosos y exhaustivos, ser\u00e1n los que tenga m\u00e1s probabilidades de \u00e9xito.<\/li>\n<li style=\"text-align: justify;\">Lo fundamental es trabajar. Presentar un trabajo con aspecto cuidado a menudo es sin\u00f3nimo de esfuerzo por parte de los autores. Igualmente, si el proyecto tiene una presentaci\u00f3n ordenada, bien editado, con entradas legibles y sin errores ortogr\u00e1ficos, siempre ser\u00e1 m\u00e1s competitivo. Asimismo, si el trabajo es un ensayo, lo m\u00e1s recomendable es que, adem\u00e1s de sus autores, lo revise otra persona.<\/li>\n<li style=\"text-align: justify;\">Hacer un anteproyecto resumiendo las acciones principales. Establecer un calendario de trabajo que te permita dejar un tiempo extra para revisarlo y corregirlo.<\/li>\n<li style=\"text-align: justify;\">Buscar un profesor o tutor que dirija el trabajo. Un profesor din\u00e1mico e innovador puede ser de gran ayuda para evaluar el dise\u00f1o del trabajo antes de comenzar su desarrollo, la revisi\u00f3n de los experimentos, documentos, videos, prototipos, etc., y ser la persona de referencia para responder a preguntas y dar consejos. Una persona adecuada podr\u00eda ser el profesor de ciencias de tu centro educativo o de cualquier otro, un profesor de universidad o tambi\u00e9n una persona con experiencia en el sector espacial o relacionado con la investigaci\u00f3n. Recordad, sin embargo, que el proyecto real, incluyendo el dise\u00f1o del proyecto y el an\u00e1lisis de los datos, debe ser trabajo exclusivo del estudiante. Si no se tiene fluidez en ingl\u00e9s o se necesita ayuda con la bibliograf\u00eda -dado que gran parte de la informaci\u00f3n est\u00e1 en este idioma- deb\u00e9is buscar a una persona con buen dominio de ingl\u00e9s para ayudar al equipo. Dependiendo de la naturaleza del proyecto podr\u00eda incluir, aparte de los profesores de ciencias, profesores de tecnolog\u00eda, arte o de cualquier otra rama que pueda contribuir a que el proyecto tenga m\u00e1s probabilidades de \u00e9xito.<\/li>\n<li style=\"text-align: justify;\">Formar tu equipo. El Concurso Odysseys II est\u00e1 pensado para equipos de 2 a 3 estudiantes. Selecciona con cuidado a tus compa\u00f1eros para formar un buen equipo y divide las responsabilidades entre ellos.<\/li>\n<li style=\"text-align: justify;\">Buscar el apoyo de un mentor. Consulta la <a href=\"http:\/\/odysseus-contests.eu\/2016\/es\/resources\/network-of-mentors\/\" target=\"_blank\">p\u00e1gina web del concurso Odysseus II<\/a> y elige un mentor de tu pa\u00eds.<\/li>\n<li style=\"text-align: justify;\">Realizar un b<em>rainstorming<\/em> con tus compa\u00f1eros, profesores o miembros de tu familia te ayudar\u00e1 definir temas que puedan interesar al equipo.<\/li>\n<li style=\"text-align: justify;\">Utilizar la plantilla proporcionada por los organizadores para apoyar y documentar el proyecto.<\/li>\n<li style=\"text-align: justify;\">Plantear un tema de investigaci\u00f3n concreto os ayudar\u00e1 a definir cu\u00e1l es el prop\u00f3sito de vuestro proyecto. Preg\u00fantate a ti mismo sobre la relaci\u00f3n entre el enfoque de tu proyecto y el resultado que buscas. Piensa en ello como en el objetivo o hip\u00f3tesis de tu trabajo.<\/li>\n<li style=\"text-align: justify;\">Hacer esquemas os ayudar\u00e1 a organizar la informaci\u00f3n que vay\u00e1is recogiendo sobre el espacio en general, y el tema elegido en particular. Esto os proporcionar\u00e1 la posibilidad de transformar toda esa informaci\u00f3n en valiosos contenidos para vuestro proyecto.<\/li>\n<li style=\"text-align: justify;\">Hacer todas las preguntas necesarias a los organizadores, siempre a trav\u00e9s de las v\u00edas de contacto establecidas.<\/li>\n<li style=\"text-align: justify;\">Organizar herramientas, materiales, recursos y fuentes de informaci\u00f3n para el concurso.<\/li>\n<li style=\"text-align: justify;\">Encontrar sitios web y recursos \u00fatiles sobre el espacio as\u00ed como material relevante para el proyecto, fuentes acreditadas y de confianza (por ejemplo: las p\u00e1ginas webs de ESA, de NASA y en otras webs con terminaci\u00f3n .edu). Tambi\u00e9n puedes aprovechar los <a href=\"http:\/\/odysseus-contests.eu\/2016\/es\/resources\/\" target=\"_blank\">RECURSOS<\/a> que proporciona la web de Odysseus II.<\/li>\n<li style=\"text-align: justify;\">Dedicar todo el tiempo que sea necesario a la recopilaci\u00f3n de informaci\u00f3n b\u00e1sica sobre el tema elegido.<\/li>\n<li style=\"text-align: justify;\">Asegurarse de que cualquier informaci\u00f3n utilizada en el trabajo est\u00e9 debidamente contrastada y proviene de fuentes dignas de confianza antes de considerarla como v\u00e1lida.<\/li>\n<li style=\"text-align: justify;\">Realizar una investigaci\u00f3n meticulosa sobre el tema del proyecto, tratando de asimilar conceptos cient\u00edficos y hacer una exposici\u00f3n lo m\u00e1s detallada posible.<\/li>\n<li style=\"text-align: justify;\">No desanimarse ante las adversidades. Recuerda: \u00a1Zamora no se gan\u00f3 en una hora!<\/li>\n<li style=\"text-align: justify;\">\u00a1P\u00e1salo bien! y \u00a1Disfruta de la aventura espacial!<\/li>\n<\/ul>\n","protected":false},"excerpt":{"rendered":"<p>Entender el concurso. Leer atentamente la p\u00e1gina general del concurso y todo lo relacionado. Centrar nuestros esfuerzos en responder a los criterios espec\u00edficos de evaluaci\u00f3n. Los jurados estar\u00e1n compuestos por un grupo de investigadores, educadores y cient\u00edficos profesionales que se encargar\u00e1n de la evaluaci\u00f3n de todos los trabajos presentados de acuerdo a unos criterios prestablecidos. [&hellip;]<\/p>\n","protected":false},"author":5,"featured_media":0,"parent":3845,"menu_order":80,"comment_status":"closed","ping_status":"closed","template":"","meta":[],"acf":[],"yoast_head":"<!-- This site is optimized with the Yoast SEO plugin v19.14 - https:\/\/yoast.com\/wordpress\/plugins\/seo\/ -->\n<title>C\u00f3mo lograr el \u00e9xito - ODYSSEUS II<\/title>\n<meta name=\"robots\" content=\"index, follow, max-snippet:-1, max-image-preview:large, max-video-preview:-1\" \/>\n<link rel=\"canonical\" href=\"https:\/\/odysseus-contests.eu\/2016\/es\/pioneers\/como-lograr-el-exito\/\" \/>\n<meta property=\"og:locale\" content=\"es_ES\" \/>\n<meta property=\"og:type\" content=\"article\" \/>\n<meta property=\"og:title\" content=\"C\u00f3mo lograr el \u00e9xito - ODYSSEUS II\" \/>\n<meta property=\"og:description\" content=\"Entender el concurso. Leer atentamente la p\u00e1gina general del concurso y todo lo relacionado. Centrar nuestros esfuerzos en responder a los criterios espec\u00edficos de evaluaci\u00f3n. Los jurados estar\u00e1n compuestos por un grupo de investigadores, educadores y cient\u00edficos profesionales que se encargar\u00e1n de la evaluaci\u00f3n de todos los trabajos presentados de acuerdo a unos criterios prestablecidos. [&hellip;]\" \/>\n<meta property=\"og:url\" content=\"https:\/\/odysseus-contests.eu\/2016\/es\/pioneers\/como-lograr-el-exito\/\" \/>\n<meta property=\"og:site_name\" content=\"ODYSSEUS II\" \/>\n<meta property=\"article:modified_time\" content=\"2015-09-07T07:53:07+00:00\" \/>\n<meta name=\"twitter:card\" content=\"summary_large_image\" \/>\n<meta name=\"twitter:label1\" content=\"Tiempo de lectura\" \/>\n\t<meta name=\"twitter:data1\" content=\"4 minutos\" \/>\n<script type=\"application\/ld+json\" class=\"yoast-schema-graph\">{\"@context\":\"https:\/\/schema.org\",\"@graph\":[{\"@type\":\"WebPage\",\"@id\":\"https:\/\/odysseus-contests.eu\/2016\/es\/pioneers\/como-lograr-el-exito\/\",\"url\":\"https:\/\/odysseus-contests.eu\/2016\/es\/pioneers\/como-lograr-el-exito\/\",\"name\":\"C\u00f3mo lograr el \u00e9xito - ODYSSEUS II\",\"isPartOf\":{\"@id\":\"https:\/\/odysseus-contests.eu\/2016\/de\/#website\"},\"datePublished\":\"2015-08-14T20:04:54+00:00\",\"dateModified\":\"2015-09-07T07:53:07+00:00\",\"breadcrumb\":{\"@id\":\"https:\/\/odysseus-contests.eu\/2016\/es\/pioneers\/como-lograr-el-exito\/#breadcrumb\"},\"inLanguage\":\"es\",\"potentialAction\":[{\"@type\":\"ReadAction\",\"target\":[\"https:\/\/odysseus-contests.eu\/2016\/es\/pioneers\/como-lograr-el-exito\/\"]}]},{\"@type\":\"BreadcrumbList\",\"@id\":\"https:\/\/odysseus-contests.eu\/2016\/es\/pioneers\/como-lograr-el-exito\/#breadcrumb\",\"itemListElement\":[{\"@type\":\"ListItem\",\"position\":1,\"name\":\"Home\",\"item\":\"https:\/\/odysseus-contests.eu\/2016\/es\/\"},{\"@type\":\"ListItem\",\"position\":2,\"name\":\"Pioneers\",\"item\":\"https:\/\/odysseus-contests.eu\/2016\/es\/pioneers\/\"},{\"@type\":\"ListItem\",\"position\":3,\"name\":\"C\u00f3mo lograr el \u00e9xito\"}]},{\"@type\":\"WebSite\",\"@id\":\"https:\/\/odysseus-contests.eu\/2016\/de\/#website\",\"url\":\"https:\/\/odysseus-contests.eu\/2016\/de\/\",\"name\":\"ODYSSEUS II\",\"description\":\"European Youth Space Contest\",\"potentialAction\":[{\"@type\":\"SearchAction\",\"target\":{\"@type\":\"EntryPoint\",\"urlTemplate\":\"https:\/\/odysseus-contests.eu\/2016\/de\/?s={search_term_string}\"},\"query-input\":\"required name=search_term_string\"}],\"inLanguage\":\"es\"}]}<\/script>\n<!-- \/ Yoast SEO plugin. -->","yoast_head_json":{"title":"C\u00f3mo lograr el \u00e9xito - ODYSSEUS II","robots":{"index":"index","follow":"follow","max-snippet":"max-snippet:-1","max-image-preview":"max-image-preview:large","max-video-preview":"max-video-preview:-1"},"canonical":"https:\/\/odysseus-contests.eu\/2016\/es\/pioneers\/como-lograr-el-exito\/","og_locale":"es_ES","og_type":"article","og_title":"C\u00f3mo lograr el \u00e9xito - ODYSSEUS II","og_description":"Entender el concurso. Leer atentamente la p\u00e1gina general del concurso y todo lo relacionado. Centrar nuestros esfuerzos en responder a los criterios espec\u00edficos de evaluaci\u00f3n. Los jurados estar\u00e1n compuestos por un grupo de investigadores, educadores y cient\u00edficos profesionales que se encargar\u00e1n de la evaluaci\u00f3n de todos los trabajos presentados de acuerdo a unos criterios prestablecidos. [&hellip;]","og_url":"https:\/\/odysseus-contests.eu\/2016\/es\/pioneers\/como-lograr-el-exito\/","og_site_name":"ODYSSEUS II","article_modified_time":"2015-09-07T07:53:07+00:00","twitter_card":"summary_large_image","twitter_misc":{"Tiempo de lectura":"4 minutos"},"schema":{"@context":"https:\/\/schema.org","@graph":[{"@type":"WebPage","@id":"https:\/\/odysseus-contests.eu\/2016\/es\/pioneers\/como-lograr-el-exito\/","url":"https:\/\/odysseus-contests.eu\/2016\/es\/pioneers\/como-lograr-el-exito\/","name":"C\u00f3mo lograr el \u00e9xito - ODYSSEUS II","isPartOf":{"@id":"https:\/\/odysseus-contests.eu\/2016\/de\/#website"},"datePublished":"2015-08-14T20:04:54+00:00","dateModified":"2015-09-07T07:53:07+00:00","breadcrumb":{"@id":"https:\/\/odysseus-contests.eu\/2016\/es\/pioneers\/como-lograr-el-exito\/#breadcrumb"},"inLanguage":"es","potentialAction":[{"@type":"ReadAction","target":["https:\/\/odysseus-contests.eu\/2016\/es\/pioneers\/como-lograr-el-exito\/"]}]},{"@type":"BreadcrumbList","@id":"https:\/\/odysseus-contests.eu\/2016\/es\/pioneers\/como-lograr-el-exito\/#breadcrumb","itemListElement":[{"@type":"ListItem","position":1,"name":"Home","item":"https:\/\/odysseus-contests.eu\/2016\/es\/"},{"@type":"ListItem","position":2,"name":"Pioneers","item":"https:\/\/odysseus-contests.eu\/2016\/es\/pioneers\/"},{"@type":"ListItem","position":3,"name":"C\u00f3mo lograr el \u00e9xito"}]},{"@type":"WebSite","@id":"https:\/\/odysseus-contests.eu\/2016\/de\/#website","url":"https:\/\/odysseus-contests.eu\/2016\/de\/","name":"ODYSSEUS II","description":"European Youth Space Contest","potentialAction":[{"@type":"SearchAction","target":{"@type":"EntryPoint","urlTemplate":"https:\/\/odysseus-contests.eu\/2016\/de\/?s={search_term_string}"},"query-input":"required name=search_term_string"}],"inLanguage":"es"}]}},"_links":{"self":[{"href":"https:\/\/odysseus-contests.eu\/2016\/es\/wp-json\/wp\/v2\/pages\/3880"}],"collection":[{"href":"https:\/\/odysseus-contests.eu\/2016\/es\/wp-json\/wp\/v2\/pages"}],"about":[{"href":"https:\/\/odysseus-contests.eu\/2016\/es\/wp-json\/wp\/v2\/types\/page"}],"author":[{"embeddable":true,"href":"https:\/\/odysseus-contests.eu\/2016\/es\/wp-json\/wp\/v2\/users\/5"}],"replies":[{"embeddable":true,"href":"https:\/\/odysseus-contests.eu\/2016\/es\/wp-json\/wp\/v2\/comments?post=3880"}],"version-history":[{"count":0,"href":"https:\/\/odysseus-contests.eu\/2016\/es\/wp-json\/wp\/v2\/pages\/3880\/revisions"}],"up":[{"embeddable":true,"href":"https:\/\/odysseus-contests.eu\/2016\/es\/wp-json\/wp\/v2\/pages\/3845"}],"wp:attachment":[{"href":"https:\/\/odysseus-contests.eu\/2016\/es\/wp-json\/wp\/v2\/media?parent=3880"}],"curies":[{"name":"wp","href":"https:\/\/api.w.org\/{rel}","templated":true}]}}