{"id":3876,"date":"2015-08-14T23:10:07","date_gmt":"2015-08-14T20:10:07","guid":{"rendered":"http:\/\/odysseus-contests.eu\/2016\/?page_id=3876"},"modified":"2015-08-14T23:10:07","modified_gmt":"2015-08-14T20:10:07","slug":"recursos","status":"publish","type":"page","link":"https:\/\/odysseus-contests.eu\/2016\/es\/pioneers\/recursos\/","title":{"rendered":"Recursos"},"content":{"rendered":"<h4>Sistema Solar y Ciencias del Espacio<\/h4>\n<p><em>Pr\u00f3ximamente<\/em><\/p>\n<p>&nbsp;<\/p>\n<h4>\u00a0<strong>Europa en misiones espaciales<\/strong><\/h4>\n<p><em>Pr\u00f3ximamente<\/em><\/p>\n<p><strong>\u00a0<\/strong><\/p>\n<h4><strong>Seres humanos en Marte<\/strong><\/h4>\n<p><em>Pr\u00f3ximamente<\/em><\/p>\n<p><strong>\u00a0<\/strong><\/p>\n<h4><strong>Astrobiolog\u00eda: La b\u00fasqueda de vida en el universo<\/strong><\/h4>\n<p><em>Pr\u00f3ximamente <\/em><\/p>\n","protected":false},"excerpt":{"rendered":"<p>Sistema Solar y Ciencias del Espacio Pr\u00f3ximamente &nbsp; \u00a0Europa en misiones espaciales Pr\u00f3ximamente \u00a0 Seres humanos en Marte Pr\u00f3ximamente \u00a0 Astrobiolog\u00eda: La b\u00fasqueda de vida en el universo Pr\u00f3ximamente<\/p>\n","protected":false},"author":5,"featured_media":0,"parent":3845,"menu_order":70,"comment_status":"closed","ping_status":"closed","template":"","meta":[],"acf":[],"yoast_head":"<!-- This site is optimized with the Yoast SEO plugin v19.14 - https:\/\/yoast.com\/wordpress\/plugins\/seo\/ -->\n<title>Recursos - ODYSSEUS II<\/title>\n<meta name=\"robots\" content=\"index, follow, max-snippet:-1, max-image-preview:large, max-video-preview:-1\" \/>\n<link rel=\"canonical\" href=\"https:\/\/odysseus-contests.eu\/2016\/es\/pioneers\/recursos\/\" \/>\n<meta property=\"og:locale\" content=\"es_ES\" \/>\n<meta property=\"og:type\" content=\"article\" \/>\n<meta property=\"og:title\" content=\"Recursos - ODYSSEUS II\" \/>\n<meta property=\"og:description\" content=\"Sistema Solar y Ciencias del Espacio Pr\u00f3ximamente &nbsp; \u00a0Europa en misiones espaciales Pr\u00f3ximamente \u00a0 Seres humanos en Marte Pr\u00f3ximamente \u00a0 Astrobiolog\u00eda: La b\u00fasqueda de vida en el universo Pr\u00f3ximamente\" \/>\n<meta property=\"og:url\" content=\"https:\/\/odysseus-contests.eu\/2016\/es\/pioneers\/recursos\/\" \/>\n<meta property=\"og:site_name\" content=\"ODYSSEUS II\" \/>\n<meta name=\"twitter:card\" content=\"summary_large_image\" \/>\n<script type=\"application\/ld+json\" class=\"yoast-schema-graph\">{\"@context\":\"https:\/\/schema.org\",\"@graph\":[{\"@type\":\"WebPage\",\"@id\":\"https:\/\/odysseus-contests.eu\/2016\/es\/pioneers\/recursos\/\",\"url\":\"https:\/\/odysseus-contests.eu\/2016\/es\/pioneers\/recursos\/\",\"name\":\"Recursos - ODYSSEUS II\",\"isPartOf\":{\"@id\":\"https:\/\/odysseus-contests.eu\/2016\/de\/#website\"},\"datePublished\":\"2015-08-14T20:10:07+00:00\",\"dateModified\":\"2015-08-14T20:10:07+00:00\",\"breadcrumb\":{\"@id\":\"https:\/\/odysseus-contests.eu\/2016\/es\/pioneers\/recursos\/#breadcrumb\"},\"inLanguage\":\"es\",\"potentialAction\":[{\"@type\":\"ReadAction\",\"target\":[\"https:\/\/odysseus-contests.eu\/2016\/es\/pioneers\/recursos\/\"]}]},{\"@type\":\"BreadcrumbList\",\"@id\":\"https:\/\/odysseus-contests.eu\/2016\/es\/pioneers\/recursos\/#breadcrumb\",\"itemListElement\":[{\"@type\":\"ListItem\",\"position\":1,\"name\":\"Home\",\"item\":\"https:\/\/odysseus-contests.eu\/2016\/es\/\"},{\"@type\":\"ListItem\",\"position\":2,\"name\":\"Pioneers\",\"item\":\"https:\/\/odysseus-contests.eu\/2016\/es\/pioneers\/\"},{\"@type\":\"ListItem\",\"position\":3,\"name\":\"Recursos\"}]},{\"@type\":\"WebSite\",\"@id\":\"https:\/\/odysseus-contests.eu\/2016\/de\/#website\",\"url\":\"https:\/\/odysseus-contests.eu\/2016\/de\/\",\"name\":\"ODYSSEUS II\",\"description\":\"European Youth Space Contest\",\"potentialAction\":[{\"@type\":\"SearchAction\",\"target\":{\"@type\":\"EntryPoint\",\"urlTemplate\":\"https:\/\/odysseus-contests.eu\/2016\/de\/?s={search_term_string}\"},\"query-input\":\"required name=search_term_string\"}],\"inLanguage\":\"es\"}]}<\/script>\n<!-- \/ Yoast SEO plugin. -->","yoast_head_json":{"title":"Recursos - ODYSSEUS II","robots":{"index":"index","follow":"follow","max-snippet":"max-snippet:-1","max-image-preview":"max-image-preview:large","max-video-preview":"max-video-preview:-1"},"canonical":"https:\/\/odysseus-contests.eu\/2016\/es\/pioneers\/recursos\/","og_locale":"es_ES","og_type":"article","og_title":"Recursos - ODYSSEUS II","og_description":"Sistema Solar y Ciencias del Espacio Pr\u00f3ximamente &nbsp; \u00a0Europa en misiones espaciales Pr\u00f3ximamente \u00a0 Seres humanos en Marte Pr\u00f3ximamente \u00a0 Astrobiolog\u00eda: La b\u00fasqueda de vida en el universo Pr\u00f3ximamente","og_url":"https:\/\/odysseus-contests.eu\/2016\/es\/pioneers\/recursos\/","og_site_name":"ODYSSEUS II","twitter_card":"summary_large_image","schema":{"@context":"https:\/\/schema.org","@graph":[{"@type":"WebPage","@id":"https:\/\/odysseus-contests.eu\/2016\/es\/pioneers\/recursos\/","url":"https:\/\/odysseus-contests.eu\/2016\/es\/pioneers\/recursos\/","name":"Recursos - ODYSSEUS II","isPartOf":{"@id":"https:\/\/odysseus-contests.eu\/2016\/de\/#website"},"datePublished":"2015-08-14T20:10:07+00:00","dateModified":"2015-08-14T20:10:07+00:00","breadcrumb":{"@id":"https:\/\/odysseus-contests.eu\/2016\/es\/pioneers\/recursos\/#breadcrumb"},"inLanguage":"es","potentialAction":[{"@type":"ReadAction","target":["https:\/\/odysseus-contests.eu\/2016\/es\/pioneers\/recursos\/"]}]},{"@type":"BreadcrumbList","@id":"https:\/\/odysseus-contests.eu\/2016\/es\/pioneers\/recursos\/#breadcrumb","itemListElement":[{"@type":"ListItem","position":1,"name":"Home","item":"https:\/\/odysseus-contests.eu\/2016\/es\/"},{"@type":"ListItem","position":2,"name":"Pioneers","item":"https:\/\/odysseus-contests.eu\/2016\/es\/pioneers\/"},{"@type":"ListItem","position":3,"name":"Recursos"}]},{"@type":"WebSite","@id":"https:\/\/odysseus-contests.eu\/2016\/de\/#website","url":"https:\/\/odysseus-contests.eu\/2016\/de\/","name":"ODYSSEUS II","description":"European Youth Space Contest","potentialAction":[{"@type":"SearchAction","target":{"@type":"EntryPoint","urlTemplate":"https:\/\/odysseus-contests.eu\/2016\/de\/?s={search_term_string}"},"query-input":"required name=search_term_string"}],"inLanguage":"es"}]}},"_links":{"self":[{"href":"https:\/\/odysseus-contests.eu\/2016\/es\/wp-json\/wp\/v2\/pages\/3876"}],"collection":[{"href":"https:\/\/odysseus-contests.eu\/2016\/es\/wp-json\/wp\/v2\/pages"}],"about":[{"href":"https:\/\/odysseus-contests.eu\/2016\/es\/wp-json\/wp\/v2\/types\/page"}],"author":[{"embeddable":true,"href":"https:\/\/odysseus-contests.eu\/2016\/es\/wp-json\/wp\/v2\/users\/5"}],"replies":[{"embeddable":true,"href":"https:\/\/odysseus-contests.eu\/2016\/es\/wp-json\/wp\/v2\/comments?post=3876"}],"version-history":[{"count":0,"href":"https:\/\/odysseus-contests.eu\/2016\/es\/wp-json\/wp\/v2\/pages\/3876\/revisions"}],"up":[{"embeddable":true,"href":"https:\/\/odysseus-contests.eu\/2016\/es\/wp-json\/wp\/v2\/pages\/3845"}],"wp:attachment":[{"href":"https:\/\/odysseus-contests.eu\/2016\/es\/wp-json\/wp\/v2\/media?parent=3876"}],"curies":[{"name":"wp","href":"https:\/\/api.w.org\/{rel}","templated":true}]}}