{"id":3863,"date":"2015-08-14T22:53:58","date_gmt":"2015-08-14T19:53:58","guid":{"rendered":"http:\/\/odysseus-contests.eu\/2016\/?page_id=3863"},"modified":"2015-08-14T22:53:58","modified_gmt":"2015-08-14T19:53:58","slug":"prizes","status":"publish","type":"page","link":"https:\/\/odysseus-contests.eu\/2016\/es\/pioneers\/prizes\/","title":{"rendered":"Premios"},"content":{"rendered":"<p><img decoding=\"async\" loading=\"lazy\" class=\"img-responsive alignleft wp-image-342 size-full\" src=\"http:\/\/odysseus-contests.eu\/2016\/wp-content\/uploads\/2015\/05\/content-prizes-pioneers.jpg\" alt=\"content-prizes-pioneers\" width=\"700\" height=\"400\" srcset=\"https:\/\/odysseus-contests.eu\/2016\/wp-content\/uploads\/2015\/05\/content-prizes-pioneers.jpg 700w, https:\/\/odysseus-contests.eu\/2016\/wp-content\/uploads\/2015\/05\/content-prizes-pioneers-300x171.jpg 300w\" sizes=\"(max-width: 700px) 100vw, 700px\" \/> \u00a0\u00a0<strong><em>Fase Nacional<\/em><\/strong><\/p>\n<p><strong><em>\u00a0<\/em><\/strong>Todos los equipos concursantes recibir\u00e1n un diploma acreditativo de su participaci\u00f3n en el Concurso Odysseus \u0399\u0399.<\/p>\n<p>Los ganadores nacionales recibir\u00e1n una medalla conmemorativa y una serie de recuerdos del Concurso Odysseus II. Adem\u00e1s, sus proyectos se exhibir\u00e1n (en su totalidad) en el <em>Sal\u00f3n de la Fama<\/em> de la p\u00e1gina web de Odysseus \u0399\u0399. Los mejores equipos pasar\u00e1n a las Finales Regionales, donde participar\u00e1n en una serie de actividades y visitas a instituciones relacionadas con el espacio. Las Finales Regionales se organizar\u00e1n en los siguientes pa\u00edses: Austria, B\u00e9lgica, Dinamarca, Espa\u00f1a, Francia, Grecia, Italia, Reino Unido, Rep\u00fablica Checa y Polonia.<\/p>\n<p><strong>Fase Regional<\/strong><\/p>\n<p>Los integrantes de los equipos de los proyectos ganadores en las finales regionales recibir\u00e1n como premio un telescopio de alta gama (Celestron Nexstar o similar). Los equipos ganadores de las Finales Regionales viajar\u00e1n a Bruselas o Toulouse donde tendr\u00e1 lugar la Final Internacional.<\/p>\n<p><strong>Fase final<\/strong><\/p>\n<p>Los integrantes de los equipos vencedores de la Final Internacional ganar\u00e1n un viaje al Centro Espacial de Kourou en la Guayana Francesa, donde, adem\u00e1s de visitar el Centro, participar\u00e1n en diferentes actividades relacionadas con el espacio y recibir\u00e1n un diploma de <em>&#8216;Joven Embajador Europeo del Espacio&#8217;<\/em>&#8216;.<\/p>\n<p>En ning\u00fan caso, los premios podr\u00e1n canjearse por su equivalente econ\u00f3mico.<\/p>\n","protected":false},"excerpt":{"rendered":"<p>\u00a0\u00a0Fase Nacional \u00a0Todos los equipos concursantes recibir\u00e1n un diploma acreditativo de su participaci\u00f3n en el Concurso Odysseus \u0399\u0399. Los ganadores nacionales recibir\u00e1n una medalla conmemorativa y una serie de recuerdos del Concurso Odysseus II. Adem\u00e1s, sus proyectos se exhibir\u00e1n (en su totalidad) en el Sal\u00f3n de la Fama de la p\u00e1gina web de Odysseus \u0399\u0399. [&hellip;]<\/p>\n","protected":false},"author":5,"featured_media":0,"parent":3845,"menu_order":0,"comment_status":"closed","ping_status":"closed","template":"","meta":[],"acf":[],"yoast_head":"<!-- This site is optimized with the Yoast SEO plugin v19.14 - https:\/\/yoast.com\/wordpress\/plugins\/seo\/ -->\n<title>Premios - ODYSSEUS II<\/title>\n<meta name=\"robots\" content=\"index, follow, max-snippet:-1, max-image-preview:large, max-video-preview:-1\" \/>\n<link rel=\"canonical\" href=\"https:\/\/odysseus-contests.eu\/2016\/es\/pioneers\/prizes\/\" \/>\n<meta property=\"og:locale\" content=\"es_ES\" \/>\n<meta property=\"og:type\" content=\"article\" \/>\n<meta property=\"og:title\" content=\"Premios - ODYSSEUS II\" \/>\n<meta property=\"og:description\" content=\"\u00a0\u00a0Fase Nacional \u00a0Todos los equipos concursantes recibir\u00e1n un diploma acreditativo de su participaci\u00f3n en el Concurso Odysseus \u0399\u0399. Los ganadores nacionales recibir\u00e1n una medalla conmemorativa y una serie de recuerdos del Concurso Odysseus II. Adem\u00e1s, sus proyectos se exhibir\u00e1n (en su totalidad) en el Sal\u00f3n de la Fama de la p\u00e1gina web de Odysseus \u0399\u0399. [&hellip;]\" \/>\n<meta property=\"og:url\" content=\"https:\/\/odysseus-contests.eu\/2016\/es\/pioneers\/prizes\/\" \/>\n<meta property=\"og:site_name\" content=\"ODYSSEUS II\" \/>\n<meta property=\"og:image\" content=\"http:\/\/odysseus-contests.eu\/2016\/wp-content\/uploads\/2015\/05\/content-prizes-pioneers.jpg\" \/>\n<meta name=\"twitter:card\" content=\"summary_large_image\" \/>\n<meta name=\"twitter:label1\" content=\"Tiempo de lectura\" \/>\n\t<meta name=\"twitter:data1\" content=\"1 minuto\" \/>\n<script type=\"application\/ld+json\" class=\"yoast-schema-graph\">{\"@context\":\"https:\/\/schema.org\",\"@graph\":[{\"@type\":\"WebPage\",\"@id\":\"https:\/\/odysseus-contests.eu\/2016\/es\/pioneers\/prizes\/\",\"url\":\"https:\/\/odysseus-contests.eu\/2016\/es\/pioneers\/prizes\/\",\"name\":\"Premios - ODYSSEUS II\",\"isPartOf\":{\"@id\":\"https:\/\/odysseus-contests.eu\/2016\/de\/#website\"},\"datePublished\":\"2015-08-14T19:53:58+00:00\",\"dateModified\":\"2015-08-14T19:53:58+00:00\",\"breadcrumb\":{\"@id\":\"https:\/\/odysseus-contests.eu\/2016\/es\/pioneers\/prizes\/#breadcrumb\"},\"inLanguage\":\"es\",\"potentialAction\":[{\"@type\":\"ReadAction\",\"target\":[\"https:\/\/odysseus-contests.eu\/2016\/es\/pioneers\/prizes\/\"]}]},{\"@type\":\"BreadcrumbList\",\"@id\":\"https:\/\/odysseus-contests.eu\/2016\/es\/pioneers\/prizes\/#breadcrumb\",\"itemListElement\":[{\"@type\":\"ListItem\",\"position\":1,\"name\":\"Home\",\"item\":\"https:\/\/odysseus-contests.eu\/2016\/es\/\"},{\"@type\":\"ListItem\",\"position\":2,\"name\":\"Pioneers\",\"item\":\"https:\/\/odysseus-contests.eu\/2016\/es\/pioneers\/\"},{\"@type\":\"ListItem\",\"position\":3,\"name\":\"Premios\"}]},{\"@type\":\"WebSite\",\"@id\":\"https:\/\/odysseus-contests.eu\/2016\/de\/#website\",\"url\":\"https:\/\/odysseus-contests.eu\/2016\/de\/\",\"name\":\"ODYSSEUS II\",\"description\":\"European Youth Space Contest\",\"potentialAction\":[{\"@type\":\"SearchAction\",\"target\":{\"@type\":\"EntryPoint\",\"urlTemplate\":\"https:\/\/odysseus-contests.eu\/2016\/de\/?s={search_term_string}\"},\"query-input\":\"required name=search_term_string\"}],\"inLanguage\":\"es\"}]}<\/script>\n<!-- \/ Yoast SEO plugin. -->","yoast_head_json":{"title":"Premios - ODYSSEUS II","robots":{"index":"index","follow":"follow","max-snippet":"max-snippet:-1","max-image-preview":"max-image-preview:large","max-video-preview":"max-video-preview:-1"},"canonical":"https:\/\/odysseus-contests.eu\/2016\/es\/pioneers\/prizes\/","og_locale":"es_ES","og_type":"article","og_title":"Premios - ODYSSEUS II","og_description":"\u00a0\u00a0Fase Nacional \u00a0Todos los equipos concursantes recibir\u00e1n un diploma acreditativo de su participaci\u00f3n en el Concurso Odysseus \u0399\u0399. Los ganadores nacionales recibir\u00e1n una medalla conmemorativa y una serie de recuerdos del Concurso Odysseus II. Adem\u00e1s, sus proyectos se exhibir\u00e1n (en su totalidad) en el Sal\u00f3n de la Fama de la p\u00e1gina web de Odysseus \u0399\u0399. [&hellip;]","og_url":"https:\/\/odysseus-contests.eu\/2016\/es\/pioneers\/prizes\/","og_site_name":"ODYSSEUS II","og_image":[{"url":"http:\/\/odysseus-contests.eu\/2016\/wp-content\/uploads\/2015\/05\/content-prizes-pioneers.jpg"}],"twitter_card":"summary_large_image","twitter_misc":{"Tiempo de lectura":"1 minuto"},"schema":{"@context":"https:\/\/schema.org","@graph":[{"@type":"WebPage","@id":"https:\/\/odysseus-contests.eu\/2016\/es\/pioneers\/prizes\/","url":"https:\/\/odysseus-contests.eu\/2016\/es\/pioneers\/prizes\/","name":"Premios - ODYSSEUS II","isPartOf":{"@id":"https:\/\/odysseus-contests.eu\/2016\/de\/#website"},"datePublished":"2015-08-14T19:53:58+00:00","dateModified":"2015-08-14T19:53:58+00:00","breadcrumb":{"@id":"https:\/\/odysseus-contests.eu\/2016\/es\/pioneers\/prizes\/#breadcrumb"},"inLanguage":"es","potentialAction":[{"@type":"ReadAction","target":["https:\/\/odysseus-contests.eu\/2016\/es\/pioneers\/prizes\/"]}]},{"@type":"BreadcrumbList","@id":"https:\/\/odysseus-contests.eu\/2016\/es\/pioneers\/prizes\/#breadcrumb","itemListElement":[{"@type":"ListItem","position":1,"name":"Home","item":"https:\/\/odysseus-contests.eu\/2016\/es\/"},{"@type":"ListItem","position":2,"name":"Pioneers","item":"https:\/\/odysseus-contests.eu\/2016\/es\/pioneers\/"},{"@type":"ListItem","position":3,"name":"Premios"}]},{"@type":"WebSite","@id":"https:\/\/odysseus-contests.eu\/2016\/de\/#website","url":"https:\/\/odysseus-contests.eu\/2016\/de\/","name":"ODYSSEUS II","description":"European Youth Space Contest","potentialAction":[{"@type":"SearchAction","target":{"@type":"EntryPoint","urlTemplate":"https:\/\/odysseus-contests.eu\/2016\/de\/?s={search_term_string}"},"query-input":"required name=search_term_string"}],"inLanguage":"es"}]}},"_links":{"self":[{"href":"https:\/\/odysseus-contests.eu\/2016\/es\/wp-json\/wp\/v2\/pages\/3863"}],"collection":[{"href":"https:\/\/odysseus-contests.eu\/2016\/es\/wp-json\/wp\/v2\/pages"}],"about":[{"href":"https:\/\/odysseus-contests.eu\/2016\/es\/wp-json\/wp\/v2\/types\/page"}],"author":[{"embeddable":true,"href":"https:\/\/odysseus-contests.eu\/2016\/es\/wp-json\/wp\/v2\/users\/5"}],"replies":[{"embeddable":true,"href":"https:\/\/odysseus-contests.eu\/2016\/es\/wp-json\/wp\/v2\/comments?post=3863"}],"version-history":[{"count":0,"href":"https:\/\/odysseus-contests.eu\/2016\/es\/wp-json\/wp\/v2\/pages\/3863\/revisions"}],"up":[{"embeddable":true,"href":"https:\/\/odysseus-contests.eu\/2016\/es\/wp-json\/wp\/v2\/pages\/3845"}],"wp:attachment":[{"href":"https:\/\/odysseus-contests.eu\/2016\/es\/wp-json\/wp\/v2\/media?parent=3863"}],"curies":[{"name":"wp","href":"https:\/\/api.w.org\/{rel}","templated":true}]}}