{"id":3861,"date":"2015-08-14T22:51:49","date_gmt":"2015-08-14T19:51:49","guid":{"rendered":"http:\/\/odysseus-contests.eu\/2016\/?page_id=3861"},"modified":"2016-04-10T13:04:40","modified_gmt":"2016-04-10T10:04:40","slug":"calendario","status":"publish","type":"page","link":"https:\/\/odysseus-contests.eu\/2016\/es\/pioneers\/calendario\/","title":{"rendered":"Calendario"},"content":{"rendered":"<ul>\n<li>Se abre la convocatoria de inscripciones: 01 de septiembre de 2015<\/li>\n<li>Plazo l\u00edmite de presentaci\u00f3n de proyectos: 15 de enero de 2016<\/li>\n<li>Per\u00edodo de evaluaci\u00f3n de proyectos: desde el 16 de enero hasta el 26 de febrero de 2016<\/li>\n<li>Anuncio de losganadores nacionales: 28 de febrero de 2016<\/li>\n<li>Finales Regionales: Entre el 30 marzo y el 15 mayo de 2016<\/li>\n<li>Anuncio de los finalistas: 15 de mayo de 2016<\/li>\n<li>Fase Internacional: entre el 5 y el 8 julio de 2016<\/li>\n<li>Entrega de premios: 08 de julio de 2016<\/li>\n<\/ul>\n","protected":false},"excerpt":{"rendered":"<p>Se abre la convocatoria de inscripciones: 01 de septiembre de 2015 Plazo l\u00edmite de presentaci\u00f3n de proyectos: 15 de enero de 2016 Per\u00edodo de evaluaci\u00f3n de proyectos: desde el 16 de enero hasta el 26 de febrero de 2016 Anuncio de losganadores nacionales: 28 de febrero de 2016 Finales Regionales: Entre el 30 marzo y [&hellip;]<\/p>\n","protected":false},"author":5,"featured_media":0,"parent":3845,"menu_order":0,"comment_status":"closed","ping_status":"closed","template":"","meta":[],"acf":[],"yoast_head":"<!-- This site is optimized with the Yoast SEO plugin v19.14 - https:\/\/yoast.com\/wordpress\/plugins\/seo\/ -->\n<title>Calendario - ODYSSEUS II<\/title>\n<meta name=\"robots\" content=\"index, follow, max-snippet:-1, max-image-preview:large, max-video-preview:-1\" \/>\n<link rel=\"canonical\" href=\"https:\/\/odysseus-contests.eu\/2016\/es\/pioneers\/calendario\/\" \/>\n<meta property=\"og:locale\" content=\"es_ES\" \/>\n<meta property=\"og:type\" content=\"article\" \/>\n<meta property=\"og:title\" content=\"Calendario - ODYSSEUS II\" \/>\n<meta property=\"og:description\" content=\"Se abre la convocatoria de inscripciones: 01 de septiembre de 2015 Plazo l\u00edmite de presentaci\u00f3n de proyectos: 15 de enero de 2016 Per\u00edodo de evaluaci\u00f3n de proyectos: desde el 16 de enero hasta el 26 de febrero de 2016 Anuncio de losganadores nacionales: 28 de febrero de 2016 Finales Regionales: Entre el 30 marzo y [&hellip;]\" \/>\n<meta property=\"og:url\" content=\"https:\/\/odysseus-contests.eu\/2016\/es\/pioneers\/calendario\/\" \/>\n<meta property=\"og:site_name\" content=\"ODYSSEUS II\" \/>\n<meta property=\"article:modified_time\" content=\"2016-04-10T10:04:40+00:00\" \/>\n<meta name=\"twitter:card\" content=\"summary_large_image\" \/>\n<script type=\"application\/ld+json\" class=\"yoast-schema-graph\">{\"@context\":\"https:\/\/schema.org\",\"@graph\":[{\"@type\":\"WebPage\",\"@id\":\"https:\/\/odysseus-contests.eu\/2016\/es\/pioneers\/calendario\/\",\"url\":\"https:\/\/odysseus-contests.eu\/2016\/es\/pioneers\/calendario\/\",\"name\":\"Calendario - ODYSSEUS II\",\"isPartOf\":{\"@id\":\"https:\/\/odysseus-contests.eu\/2016\/de\/#website\"},\"datePublished\":\"2015-08-14T19:51:49+00:00\",\"dateModified\":\"2016-04-10T10:04:40+00:00\",\"breadcrumb\":{\"@id\":\"https:\/\/odysseus-contests.eu\/2016\/es\/pioneers\/calendario\/#breadcrumb\"},\"inLanguage\":\"es\",\"potentialAction\":[{\"@type\":\"ReadAction\",\"target\":[\"https:\/\/odysseus-contests.eu\/2016\/es\/pioneers\/calendario\/\"]}]},{\"@type\":\"BreadcrumbList\",\"@id\":\"https:\/\/odysseus-contests.eu\/2016\/es\/pioneers\/calendario\/#breadcrumb\",\"itemListElement\":[{\"@type\":\"ListItem\",\"position\":1,\"name\":\"Home\",\"item\":\"https:\/\/odysseus-contests.eu\/2016\/es\/\"},{\"@type\":\"ListItem\",\"position\":2,\"name\":\"Pioneers\",\"item\":\"https:\/\/odysseus-contests.eu\/2016\/es\/pioneers\/\"},{\"@type\":\"ListItem\",\"position\":3,\"name\":\"Calendario\"}]},{\"@type\":\"WebSite\",\"@id\":\"https:\/\/odysseus-contests.eu\/2016\/de\/#website\",\"url\":\"https:\/\/odysseus-contests.eu\/2016\/de\/\",\"name\":\"ODYSSEUS II\",\"description\":\"European Youth Space Contest\",\"potentialAction\":[{\"@type\":\"SearchAction\",\"target\":{\"@type\":\"EntryPoint\",\"urlTemplate\":\"https:\/\/odysseus-contests.eu\/2016\/de\/?s={search_term_string}\"},\"query-input\":\"required name=search_term_string\"}],\"inLanguage\":\"es\"}]}<\/script>\n<!-- \/ Yoast SEO plugin. -->","yoast_head_json":{"title":"Calendario - ODYSSEUS II","robots":{"index":"index","follow":"follow","max-snippet":"max-snippet:-1","max-image-preview":"max-image-preview:large","max-video-preview":"max-video-preview:-1"},"canonical":"https:\/\/odysseus-contests.eu\/2016\/es\/pioneers\/calendario\/","og_locale":"es_ES","og_type":"article","og_title":"Calendario - ODYSSEUS II","og_description":"Se abre la convocatoria de inscripciones: 01 de septiembre de 2015 Plazo l\u00edmite de presentaci\u00f3n de proyectos: 15 de enero de 2016 Per\u00edodo de evaluaci\u00f3n de proyectos: desde el 16 de enero hasta el 26 de febrero de 2016 Anuncio de losganadores nacionales: 28 de febrero de 2016 Finales Regionales: Entre el 30 marzo y [&hellip;]","og_url":"https:\/\/odysseus-contests.eu\/2016\/es\/pioneers\/calendario\/","og_site_name":"ODYSSEUS II","article_modified_time":"2016-04-10T10:04:40+00:00","twitter_card":"summary_large_image","schema":{"@context":"https:\/\/schema.org","@graph":[{"@type":"WebPage","@id":"https:\/\/odysseus-contests.eu\/2016\/es\/pioneers\/calendario\/","url":"https:\/\/odysseus-contests.eu\/2016\/es\/pioneers\/calendario\/","name":"Calendario - ODYSSEUS II","isPartOf":{"@id":"https:\/\/odysseus-contests.eu\/2016\/de\/#website"},"datePublished":"2015-08-14T19:51:49+00:00","dateModified":"2016-04-10T10:04:40+00:00","breadcrumb":{"@id":"https:\/\/odysseus-contests.eu\/2016\/es\/pioneers\/calendario\/#breadcrumb"},"inLanguage":"es","potentialAction":[{"@type":"ReadAction","target":["https:\/\/odysseus-contests.eu\/2016\/es\/pioneers\/calendario\/"]}]},{"@type":"BreadcrumbList","@id":"https:\/\/odysseus-contests.eu\/2016\/es\/pioneers\/calendario\/#breadcrumb","itemListElement":[{"@type":"ListItem","position":1,"name":"Home","item":"https:\/\/odysseus-contests.eu\/2016\/es\/"},{"@type":"ListItem","position":2,"name":"Pioneers","item":"https:\/\/odysseus-contests.eu\/2016\/es\/pioneers\/"},{"@type":"ListItem","position":3,"name":"Calendario"}]},{"@type":"WebSite","@id":"https:\/\/odysseus-contests.eu\/2016\/de\/#website","url":"https:\/\/odysseus-contests.eu\/2016\/de\/","name":"ODYSSEUS II","description":"European Youth Space Contest","potentialAction":[{"@type":"SearchAction","target":{"@type":"EntryPoint","urlTemplate":"https:\/\/odysseus-contests.eu\/2016\/de\/?s={search_term_string}"},"query-input":"required name=search_term_string"}],"inLanguage":"es"}]}},"_links":{"self":[{"href":"https:\/\/odysseus-contests.eu\/2016\/es\/wp-json\/wp\/v2\/pages\/3861"}],"collection":[{"href":"https:\/\/odysseus-contests.eu\/2016\/es\/wp-json\/wp\/v2\/pages"}],"about":[{"href":"https:\/\/odysseus-contests.eu\/2016\/es\/wp-json\/wp\/v2\/types\/page"}],"author":[{"embeddable":true,"href":"https:\/\/odysseus-contests.eu\/2016\/es\/wp-json\/wp\/v2\/users\/5"}],"replies":[{"embeddable":true,"href":"https:\/\/odysseus-contests.eu\/2016\/es\/wp-json\/wp\/v2\/comments?post=3861"}],"version-history":[{"count":3,"href":"https:\/\/odysseus-contests.eu\/2016\/es\/wp-json\/wp\/v2\/pages\/3861\/revisions"}],"predecessor-version":[{"id":9754,"href":"https:\/\/odysseus-contests.eu\/2016\/es\/wp-json\/wp\/v2\/pages\/3861\/revisions\/9754"}],"up":[{"embeddable":true,"href":"https:\/\/odysseus-contests.eu\/2016\/es\/wp-json\/wp\/v2\/pages\/3845"}],"wp:attachment":[{"href":"https:\/\/odysseus-contests.eu\/2016\/es\/wp-json\/wp\/v2\/media?parent=3861"}],"curies":[{"name":"wp","href":"https:\/\/api.w.org\/{rel}","templated":true}]}}