{"id":3777,"date":"2015-08-14T22:16:14","date_gmt":"2015-08-14T19:16:14","guid":{"rendered":"http:\/\/odysseus-contests.eu\/2016\/?page_id=3777"},"modified":"2016-01-22T17:43:54","modified_gmt":"2016-01-22T14:43:54","slug":"galileo-daily-benefits-of-space-applications","status":"publish","type":"page","link":"https:\/\/odysseus-contests.eu\/2016\/es\/library\/galileo-daily-benefits-of-space-applications\/","title":{"rendered":"Galileo: Beneficios de las aplicaciones espaciales"},"content":{"rendered":"<p><img decoding=\"async\" loading=\"lazy\" class=\"img-responsive alignleft wp-image-287 size-full\" src=\"http:\/\/odysseus-contests.eu\/2016\/wp-content\/uploads\/2015\/06\/content-resources-library-galileo.jpg\" alt=\"content-resources-library-galileo\" width=\"700\" height=\"400\" srcset=\"https:\/\/odysseus-contests.eu\/2016\/wp-content\/uploads\/2015\/06\/content-resources-library-galileo.jpg 700w, https:\/\/odysseus-contests.eu\/2016\/wp-content\/uploads\/2015\/06\/content-resources-library-galileo-300x171.jpg 300w\" sizes=\"(max-width: 700px) 100vw, 700px\" \/><\/p>\n<p>&nbsp;<\/p>\n<p>&nbsp;<\/p>\n<p>&nbsp;<\/p>\n<p>&nbsp;<\/p>\n<p>&nbsp;<\/p>\n<p>&nbsp;<\/p>\n<p>&nbsp;<\/p>\n<p>&nbsp;<\/p>\n<p>&nbsp;<\/p>\n<p>&nbsp;<\/p>\n<ul>\n<li><a href=\"http:\/\/www.esa.int\/Our_Activities\/Navigation\/The_future_-_Galileo\/What_is_Galileo\">http:\/\/www.esa.int\/Our_Activities\/Navigation\/The_future_-_Galileo\/What_is_Galileo<\/a><\/li>\n<li><a href=\"http:\/\/www.gsa.europa.eu\/\">http:\/\/www.gsa.europa.eu\/<\/a><\/li>\n<li><a href=\"http:\/\/ec.europa.eu\/growth\/sectors\/space\/index_en.htm\">http:\/\/ec.europa.eu\/growth\/sectors\/space\/index_en.htm<\/a><\/li>\n<\/ul>\n<p>&nbsp;<\/p>\n<ul>\n<li><a href=\"http:\/\/europa.eu\/rapid\/press-release_IP-15-4717_fr.htm\">http:\/\/europa.eu\/rapid\/press-release_IP-15-4717_fr.htm<\/a><\/li>\n<li><a href=\"http:\/\/ec.europa.eu\/enterprise\/magazine\/articles\/sustainable-industry-innovation\/article_11114_fr.htm\">http:\/\/ec.europa.eu\/enterprise\/magazine\/articles\/sustainable-industry-innovation\/article_11114_fr.htm<\/a><\/li>\n<li><a href=\"https:\/\/copernicus.cnes.fr\/fr\/2-cest-beau-la-techno\/galileo-2-satellites-de-plus-en-orbite\">https:\/\/copernicus.cnes.fr\/fr\/2-cest-beau-la-techno\/galileo-2-satellites-de-plus-en-orbite<\/a><\/li>\n<\/ul>\n<p>&nbsp;<\/p>\n<p>Enlaces en otros idiomas<\/p>\n<ul>\n<li><a href=\"http:\/\/odysseus-contests.eu\/2016\/?p=192\" target=\"_blank\">Ingl\u00e9s<\/a><\/li>\n<li><a href=\"http:\/\/odysseus-contests.eu\/2016\/?p=1371\" target=\"_blank\">Franc\u00e9s<\/a><\/li>\n<li><a href=\"http:\/\/odysseus-contests.eu\/2016\/?p=1069\" target=\"_blank\">Alem\u00e1n<\/a><\/li>\n<li><a href=\"http:\/\/odysseus-contests.eu\/2016\/?p=2124\" target=\"_blank\">Italiano<\/a><\/li>\n<\/ul>\n","protected":false},"excerpt":{"rendered":"<p>&nbsp; &nbsp; &nbsp; &nbsp; &nbsp; &nbsp; &nbsp; &nbsp; &nbsp; &nbsp; http:\/\/www.esa.int\/Our_Activities\/Navigation\/The_future_-_Galileo\/What_is_Galileo http:\/\/www.gsa.europa.eu\/ http:\/\/ec.europa.eu\/growth\/sectors\/space\/index_en.htm &nbsp; http:\/\/europa.eu\/rapid\/press-release_IP-15-4717_fr.htm http:\/\/ec.europa.eu\/enterprise\/magazine\/articles\/sustainable-industry-innovation\/article_11114_fr.htm https:\/\/copernicus.cnes.fr\/fr\/2-cest-beau-la-techno\/galileo-2-satellites-de-plus-en-orbite &nbsp; Enlaces en otros idiomas Ingl\u00e9s Franc\u00e9s Alem\u00e1n Italiano<\/p>\n","protected":false},"author":5,"featured_media":0,"parent":3771,"menu_order":50,"comment_status":"closed","ping_status":"closed","template":"","meta":[],"acf":[],"yoast_head":"<!-- This site is optimized with the Yoast SEO plugin v19.14 - https:\/\/yoast.com\/wordpress\/plugins\/seo\/ -->\n<title>Galileo: Beneficios de las aplicaciones espaciales - ODYSSEUS II<\/title>\n<meta name=\"robots\" content=\"index, follow, max-snippet:-1, max-image-preview:large, max-video-preview:-1\" \/>\n<link rel=\"canonical\" href=\"https:\/\/odysseus-contests.eu\/2016\/es\/library\/galileo-daily-benefits-of-space-applications\/\" \/>\n<meta property=\"og:locale\" content=\"es_ES\" \/>\n<meta property=\"og:type\" content=\"article\" \/>\n<meta property=\"og:title\" content=\"Galileo: Beneficios de las aplicaciones espaciales - ODYSSEUS II\" \/>\n<meta property=\"og:description\" content=\"&nbsp; &nbsp; &nbsp; &nbsp; &nbsp; &nbsp; &nbsp; &nbsp; &nbsp; &nbsp; http:\/\/www.esa.int\/Our_Activities\/Navigation\/The_future_-_Galileo\/What_is_Galileo http:\/\/www.gsa.europa.eu\/ http:\/\/ec.europa.eu\/growth\/sectors\/space\/index_en.htm &nbsp; http:\/\/europa.eu\/rapid\/press-release_IP-15-4717_fr.htm http:\/\/ec.europa.eu\/enterprise\/magazine\/articles\/sustainable-industry-innovation\/article_11114_fr.htm https:\/\/copernicus.cnes.fr\/fr\/2-cest-beau-la-techno\/galileo-2-satellites-de-plus-en-orbite &nbsp; Enlaces en otros idiomas Ingl\u00e9s Franc\u00e9s Alem\u00e1n Italiano\" \/>\n<meta property=\"og:url\" content=\"https:\/\/odysseus-contests.eu\/2016\/es\/library\/galileo-daily-benefits-of-space-applications\/\" \/>\n<meta property=\"og:site_name\" content=\"ODYSSEUS II\" \/>\n<meta property=\"article:modified_time\" content=\"2016-01-22T14:43:54+00:00\" \/>\n<meta property=\"og:image\" content=\"http:\/\/odysseus-contests.eu\/2016\/wp-content\/uploads\/2015\/06\/content-resources-library-galileo.jpg\" \/>\n<meta name=\"twitter:card\" content=\"summary_large_image\" \/>\n<script type=\"application\/ld+json\" class=\"yoast-schema-graph\">{\"@context\":\"https:\/\/schema.org\",\"@graph\":[{\"@type\":\"WebPage\",\"@id\":\"https:\/\/odysseus-contests.eu\/2016\/es\/library\/galileo-daily-benefits-of-space-applications\/\",\"url\":\"https:\/\/odysseus-contests.eu\/2016\/es\/library\/galileo-daily-benefits-of-space-applications\/\",\"name\":\"Galileo: Beneficios de las aplicaciones espaciales - ODYSSEUS II\",\"isPartOf\":{\"@id\":\"https:\/\/odysseus-contests.eu\/2016\/de\/#website\"},\"datePublished\":\"2015-08-14T19:16:14+00:00\",\"dateModified\":\"2016-01-22T14:43:54+00:00\",\"breadcrumb\":{\"@id\":\"https:\/\/odysseus-contests.eu\/2016\/es\/library\/galileo-daily-benefits-of-space-applications\/#breadcrumb\"},\"inLanguage\":\"es\",\"potentialAction\":[{\"@type\":\"ReadAction\",\"target\":[\"https:\/\/odysseus-contests.eu\/2016\/es\/library\/galileo-daily-benefits-of-space-applications\/\"]}]},{\"@type\":\"BreadcrumbList\",\"@id\":\"https:\/\/odysseus-contests.eu\/2016\/es\/library\/galileo-daily-benefits-of-space-applications\/#breadcrumb\",\"itemListElement\":[{\"@type\":\"ListItem\",\"position\":1,\"name\":\"Home\",\"item\":\"https:\/\/odysseus-contests.eu\/2016\/es\/\"},{\"@type\":\"ListItem\",\"position\":2,\"name\":\"Recursos y Materiales\",\"item\":\"https:\/\/odysseus-contests.eu\/2016\/es\/library\/\"},{\"@type\":\"ListItem\",\"position\":3,\"name\":\"Galileo: Beneficios de las aplicaciones espaciales\"}]},{\"@type\":\"WebSite\",\"@id\":\"https:\/\/odysseus-contests.eu\/2016\/de\/#website\",\"url\":\"https:\/\/odysseus-contests.eu\/2016\/de\/\",\"name\":\"ODYSSEUS II\",\"description\":\"European Youth Space Contest\",\"potentialAction\":[{\"@type\":\"SearchAction\",\"target\":{\"@type\":\"EntryPoint\",\"urlTemplate\":\"https:\/\/odysseus-contests.eu\/2016\/de\/?s={search_term_string}\"},\"query-input\":\"required name=search_term_string\"}],\"inLanguage\":\"es\"}]}<\/script>\n<!-- \/ Yoast SEO plugin. -->","yoast_head_json":{"title":"Galileo: Beneficios de las aplicaciones espaciales - ODYSSEUS II","robots":{"index":"index","follow":"follow","max-snippet":"max-snippet:-1","max-image-preview":"max-image-preview:large","max-video-preview":"max-video-preview:-1"},"canonical":"https:\/\/odysseus-contests.eu\/2016\/es\/library\/galileo-daily-benefits-of-space-applications\/","og_locale":"es_ES","og_type":"article","og_title":"Galileo: Beneficios de las aplicaciones espaciales - ODYSSEUS II","og_description":"&nbsp; &nbsp; &nbsp; &nbsp; &nbsp; &nbsp; &nbsp; &nbsp; &nbsp; &nbsp; http:\/\/www.esa.int\/Our_Activities\/Navigation\/The_future_-_Galileo\/What_is_Galileo http:\/\/www.gsa.europa.eu\/ http:\/\/ec.europa.eu\/growth\/sectors\/space\/index_en.htm &nbsp; http:\/\/europa.eu\/rapid\/press-release_IP-15-4717_fr.htm http:\/\/ec.europa.eu\/enterprise\/magazine\/articles\/sustainable-industry-innovation\/article_11114_fr.htm https:\/\/copernicus.cnes.fr\/fr\/2-cest-beau-la-techno\/galileo-2-satellites-de-plus-en-orbite &nbsp; Enlaces en otros idiomas Ingl\u00e9s Franc\u00e9s Alem\u00e1n Italiano","og_url":"https:\/\/odysseus-contests.eu\/2016\/es\/library\/galileo-daily-benefits-of-space-applications\/","og_site_name":"ODYSSEUS II","article_modified_time":"2016-01-22T14:43:54+00:00","og_image":[{"url":"http:\/\/odysseus-contests.eu\/2016\/wp-content\/uploads\/2015\/06\/content-resources-library-galileo.jpg"}],"twitter_card":"summary_large_image","schema":{"@context":"https:\/\/schema.org","@graph":[{"@type":"WebPage","@id":"https:\/\/odysseus-contests.eu\/2016\/es\/library\/galileo-daily-benefits-of-space-applications\/","url":"https:\/\/odysseus-contests.eu\/2016\/es\/library\/galileo-daily-benefits-of-space-applications\/","name":"Galileo: Beneficios de las aplicaciones espaciales - ODYSSEUS II","isPartOf":{"@id":"https:\/\/odysseus-contests.eu\/2016\/de\/#website"},"datePublished":"2015-08-14T19:16:14+00:00","dateModified":"2016-01-22T14:43:54+00:00","breadcrumb":{"@id":"https:\/\/odysseus-contests.eu\/2016\/es\/library\/galileo-daily-benefits-of-space-applications\/#breadcrumb"},"inLanguage":"es","potentialAction":[{"@type":"ReadAction","target":["https:\/\/odysseus-contests.eu\/2016\/es\/library\/galileo-daily-benefits-of-space-applications\/"]}]},{"@type":"BreadcrumbList","@id":"https:\/\/odysseus-contests.eu\/2016\/es\/library\/galileo-daily-benefits-of-space-applications\/#breadcrumb","itemListElement":[{"@type":"ListItem","position":1,"name":"Home","item":"https:\/\/odysseus-contests.eu\/2016\/es\/"},{"@type":"ListItem","position":2,"name":"Recursos y Materiales","item":"https:\/\/odysseus-contests.eu\/2016\/es\/library\/"},{"@type":"ListItem","position":3,"name":"Galileo: Beneficios de las aplicaciones espaciales"}]},{"@type":"WebSite","@id":"https:\/\/odysseus-contests.eu\/2016\/de\/#website","url":"https:\/\/odysseus-contests.eu\/2016\/de\/","name":"ODYSSEUS II","description":"European Youth Space Contest","potentialAction":[{"@type":"SearchAction","target":{"@type":"EntryPoint","urlTemplate":"https:\/\/odysseus-contests.eu\/2016\/de\/?s={search_term_string}"},"query-input":"required name=search_term_string"}],"inLanguage":"es"}]}},"_links":{"self":[{"href":"https:\/\/odysseus-contests.eu\/2016\/es\/wp-json\/wp\/v2\/pages\/3777"}],"collection":[{"href":"https:\/\/odysseus-contests.eu\/2016\/es\/wp-json\/wp\/v2\/pages"}],"about":[{"href":"https:\/\/odysseus-contests.eu\/2016\/es\/wp-json\/wp\/v2\/types\/page"}],"author":[{"embeddable":true,"href":"https:\/\/odysseus-contests.eu\/2016\/es\/wp-json\/wp\/v2\/users\/5"}],"replies":[{"embeddable":true,"href":"https:\/\/odysseus-contests.eu\/2016\/es\/wp-json\/wp\/v2\/comments?post=3777"}],"version-history":[{"count":1,"href":"https:\/\/odysseus-contests.eu\/2016\/es\/wp-json\/wp\/v2\/pages\/3777\/revisions"}],"predecessor-version":[{"id":7200,"href":"https:\/\/odysseus-contests.eu\/2016\/es\/wp-json\/wp\/v2\/pages\/3777\/revisions\/7200"}],"up":[{"embeddable":true,"href":"https:\/\/odysseus-contests.eu\/2016\/es\/wp-json\/wp\/v2\/pages\/3771"}],"wp:attachment":[{"href":"https:\/\/odysseus-contests.eu\/2016\/es\/wp-json\/wp\/v2\/media?parent=3777"}],"curies":[{"name":"wp","href":"https:\/\/api.w.org\/{rel}","templated":true}]}}