{"id":3764,"date":"2015-08-13T12:32:46","date_gmt":"2015-08-13T09:32:46","guid":{"rendered":"http:\/\/odysseus-contests.eu\/2016\/?page_id=3764"},"modified":"2015-08-13T12:32:46","modified_gmt":"2015-08-13T09:32:46","slug":"preguntas-mas-frecuentes","status":"publish","type":"page","link":"https:\/\/odysseus-contests.eu\/2016\/es\/explorers\/preguntas-mas-frecuentes\/","title":{"rendered":"Preguntas m\u00e1s frecuentes"},"content":{"rendered":"<h4>P: \u00bfQu\u00e9 es Odysseus II?<\/h4>\n<p>R: Odysseus II es un Proyecto Europeo financiado por la Comisi\u00f3n Europea. Su objetivo principal es la organizaci\u00f3n de un concurso europeo dirigido a estudiantes de 7 a 22 a\u00f1os sobre la exploraci\u00f3n y la ciencia espacial. Aun siendo un concurso europeo, igualmente, podr\u00e1n participar estudiantes de pa\u00edses no pertenecientes a la Uni\u00f3n Europea.<\/p>\n<h4>P: Me gustar\u00eda inscribirme en el concurso \u2013 \u00bfC\u00f3mo puedo participar en Odysseus II?<\/h4>\n<p>R: Podr\u00e1s inscribirte enviando tu correo electr\u00f3nico, tu contrase\u00f1a y seleccionando la categor\u00eda (Explorers), aceptando as\u00ed las normas del Concurso Odysseus II. A continuaci\u00f3n, recibir\u00e1s autom\u00e1ticamente un correo electr\u00f3nico para que as\u00ed puedas confirmar tu cuenta pinchando en el enlace incluido. Despu\u00e9s, podr\u00e1s acceder a tu cuenta y rellenar el formulario de inscripci\u00f3n con tus datos y, en caso de que los haya, con el de tu compa\u00f1eros de equipo.<\/p>\n<h4>P: \u00bfQu\u00e9 edad debo tener para participar en la categor\u00eda Explorers del Concurso Odysseus \u0399\u0399?<\/h4>\n<p>R: Podr\u00e1n participar en esta categor\u00eda estudiantes entre 17 y 22 a\u00f1os, es decir los nacidos entre el 1 de abril de 1993 y el 31 de marzo de 1999. Adem\u00e1s, tendr\u00e1n que\u00a0 estar matriculados en la universidad durante el curso acad\u00e9mico 2015-2016.<\/p>\n<h4>P:\u00a0\u00a0 \u00bfEn qu\u00e9 idioma debo presentar mi trabajo?<\/h4>\n<p>R:\u00a0 Podr\u00e1s presentarlo en cualquiera de los siguientes idiomas: alem\u00e1n, b\u00falgaro, checo, croata, dan\u00e9s, eslovaco, esloveno, espa\u00f1ol, estonio, fin\u00e9s, franc\u00e9s, ga\u00e9lico, griego, holand\u00e9s, h\u00fangaro, ingl\u00e9s, italiano, let\u00f3n, lituano, malt\u00e9s, polaco, portugu\u00e9s, rumano y sueco. Los participantes de pa\u00edses que no sean de la Uni\u00f3n Europea tendr\u00e1n que presentar sus proyectos en cualquiera de estas lenguas.<\/p>\n<p>Si el trabajo llegase a la Final Internacional del concurso, los participantes deber\u00e1n presentar una traducci\u00f3n completa de su proyecto al ingl\u00e9s, en caso de que el trabajo original se hubiese presentado en otra lengua.<\/p>\n<h4>P: \u00bfDisponen de alguna informaci\u00f3n sobre c\u00f3mo hacer un trabajo?<\/h4>\n<p>R: Eres libre de escoger el tema que prefieras entre los temas seleccionado para el concurso (tambi\u00e9n podr\u00e1s consultar el apartado \u201c<em>Instrucciones<\/em>\u201d en la p\u00e1gina de Explorers). Podr\u00e1s elegir el formato y el dise\u00f1o de tu proyecto (texto, presentaci\u00f3n Power Point, v\u00eddeo, experimento, formato multimedia, etc.). En cualquier caso, te aconsejamos incluir un borrador en la plantilla que te proporcionamos,\u00a0 en ella podr\u00e1s plasmar la idea que tienes para tu proyecto. Podr\u00e1s enviar tantos documentos de apoyo como consideres necesario.<\/p>\n<h4>P: \u00bfC\u00f3mo presento un trabajo?<\/h4>\n<p>R: Deber\u00e1s subir tu trabajo junto con un resumen del mismo (en el formato proporcionado) accediendo al enlace <strong><em>Env\u00eda tu trabajo <\/em><\/strong>\u00a0y siguiendo las instrucciones.<\/p>\n<h4>P: \u00bfPuedo presentar m\u00e1s de un trabajo?<\/h4>\n<p>R: No.\u00a0 Cada participante solo podr\u00e1 presentar un trabajo al Concurso Odysseus II.<\/p>\n<h4>P: \u00bfQu\u00e9 hago si olvido mi contrase\u00f1a para acceder a la Plataforma Odysseus?<\/h4>\n<p>R: En la p\u00e1gina de inicio encontrar\u00e1s el enlace <strong><em>Olvid\u00e9 mi contrase\u00f1a<\/em><\/strong>. Pincha en este enlace y te enviar\u00e1n una nueva contrase\u00f1a a la direcci\u00f3n de correo electr\u00f3nico que hayas registrado para tu cuenta Odysseus.<\/p>\n<h4>P: \u00bfCu\u00e1ndo tengo que presentar mi trabajo?<\/h4>\n<p>R: Podr\u00e1s presentar tu trabajo desde el d\u00eda 1 de septiembre de 2015 hasta las 23:59h.\u00a0 del 15 de enero de 2016. Si bien, la organizaci\u00f3n de Odysseus II recomienda no esperar hasta la fecha l\u00edmite para enviar tu proyecto.<\/p>\n<h4>P: \u00bfPodr\u00edan ayudarme a subir mi trabajo a la plataforma Odysseus?<\/h4>\n<p>R: S\u00ed. S\u00f3lo tendr\u00e1s que seguir las instrucciones que aparecen en el enlace <strong><em>Env\u00eda tu trabajo<\/em><\/strong>. Si tienes alguna duda o necesitas ayuda para subir el trabajo, por favor, rellena el formulario de contacto y los organizadores te ayudar\u00e1n asegur\u00e1ndose de que se sube correctamente.<\/p>\n<h4>P: \u00bfRecibir\u00e9 comentarios de los evaluadores?<\/h4>\n<p>R: Durante la fase de evaluaci\u00f3n, todos los participantes recibir\u00e1n de los jueces un resumen de la evaluaci\u00f3n de su proyecto.<\/p>\n<h4>P: \u00bfQu\u00e9 criterios de evaluaci\u00f3n se emplear\u00e1n?<\/h4>\n<p>R: Para obtener todos los detalles de los criterios de evaluaci\u00f3n, por favor, dir\u00edgete a la secci\u00f3n de <strong><a href=\"http:\/\/odysseus-contests.eu\/2016\/es\/explorers\/seleccion-y-criterios-de-evaluacion\/\" target=\"_blank\">Criterios de Selecci\u00f3n y Evaluaci\u00f3n<\/a><\/strong> en la p\u00e1gina de Explorers.<\/p>\n<h4>P: \u00bfCu\u00e1ntos participantes llegar\u00e1n a la Final Regional y a la Final Internacional?<\/h4>\n<p>R: El n\u00famero de participantes que pasen a la Final Regional ser\u00e1 en funci\u00f3n del volumen de poblaci\u00f3n de los pa\u00edses participantes y el n\u00famero de env\u00edos por cada regi\u00f3n y categor\u00eda tem\u00e1tica. Teniendo esto en consideraci\u00f3n, los organizadores del concurso Odysseus II anunciar\u00e1n cu\u00e1ntos concursantes de cada pa\u00eds participar\u00e1n en las regionales a trav\u00e9s de la p\u00e1gina web oficial. Los diez concursantes, individuales o por equipos que hayan ganado las Finales Regionales participar\u00e1n en la Final Internacional.<\/p>\n<h4>P: \u00bfPuedo ver otros trabajos presentados al Concurso Odysseus II?<\/h4>\n<p>R: S\u00ed, todos los trabajos se podr\u00e1n ver en la p\u00e1gina web de Odysseus una vez haya finalizado el plazo de env\u00edo de trabajos.<\/p>\n<h4>P:\u00a0\u00a0 \u00bfCu\u00e1ndo sabr\u00e9 si estoy seleccionado para la Final Regional?<\/h4>\n<p>R: Los ganadores nacionales del concurso se anunciar\u00e1n el 28 de febrero de 2016.<\/p>\n<h4>P:\u00a0\u00a0 \u00bfC\u00f3mo se me notificar\u00e1 si gano la Fase Regional del concurso?<\/h4>\n<p>R: El ganador de cada Final Regional se anunciar\u00e1 al final del evento, una vez se completen las deliberaciones de los jueces. Igualmente, los nombres de los ganadores regionales se anunciar\u00e1n en la p\u00e1gina web del concurso Odysseus II el 30 de abril de 2016.<\/p>\n<h4>P: \u00bfCu\u00e1les son los premios?<\/h4>\n<p>R: Para obtener m\u00e1s informaci\u00f3n sobre los premios, por favor, visita la p\u00e1gina <strong><em><a href=\"http:\/\/odysseus-contests.eu\/2016\/es\/explorers\/premios\/\" target=\"_blank\">Premios<\/a>.<\/em><\/strong><\/p>\n","protected":false},"excerpt":{"rendered":"<p>P: \u00bfQu\u00e9 es Odysseus II? R: Odysseus II es un Proyecto Europeo financiado por la Comisi\u00f3n Europea. Su objetivo principal es la organizaci\u00f3n de un concurso europeo dirigido a estudiantes de 7 a 22 a\u00f1os sobre la exploraci\u00f3n y la ciencia espacial. Aun siendo un concurso europeo, igualmente, podr\u00e1n participar estudiantes de pa\u00edses no pertenecientes [&hellip;]<\/p>\n","protected":false},"author":5,"featured_media":0,"parent":3736,"menu_order":100,"comment_status":"closed","ping_status":"closed","template":"","meta":[],"acf":[],"yoast_head":"<!-- This site is optimized with the Yoast SEO plugin v19.14 - https:\/\/yoast.com\/wordpress\/plugins\/seo\/ -->\n<title>Preguntas m\u00e1s frecuentes - ODYSSEUS II<\/title>\n<meta name=\"robots\" content=\"index, follow, max-snippet:-1, max-image-preview:large, max-video-preview:-1\" \/>\n<link rel=\"canonical\" href=\"https:\/\/odysseus-contests.eu\/2016\/es\/explorers\/preguntas-mas-frecuentes\/\" \/>\n<meta property=\"og:locale\" content=\"es_ES\" \/>\n<meta property=\"og:type\" content=\"article\" \/>\n<meta property=\"og:title\" content=\"Preguntas m\u00e1s frecuentes - ODYSSEUS II\" \/>\n<meta property=\"og:description\" content=\"P: \u00bfQu\u00e9 es Odysseus II? R: Odysseus II es un Proyecto Europeo financiado por la Comisi\u00f3n Europea. Su objetivo principal es la organizaci\u00f3n de un concurso europeo dirigido a estudiantes de 7 a 22 a\u00f1os sobre la exploraci\u00f3n y la ciencia espacial. Aun siendo un concurso europeo, igualmente, podr\u00e1n participar estudiantes de pa\u00edses no pertenecientes [&hellip;]\" \/>\n<meta property=\"og:url\" content=\"https:\/\/odysseus-contests.eu\/2016\/es\/explorers\/preguntas-mas-frecuentes\/\" \/>\n<meta property=\"og:site_name\" content=\"ODYSSEUS II\" \/>\n<meta name=\"twitter:card\" content=\"summary_large_image\" \/>\n<meta name=\"twitter:label1\" content=\"Tiempo de lectura\" \/>\n\t<meta name=\"twitter:data1\" content=\"5 minutos\" \/>\n<script type=\"application\/ld+json\" class=\"yoast-schema-graph\">{\"@context\":\"https:\/\/schema.org\",\"@graph\":[{\"@type\":\"WebPage\",\"@id\":\"https:\/\/odysseus-contests.eu\/2016\/es\/explorers\/preguntas-mas-frecuentes\/\",\"url\":\"https:\/\/odysseus-contests.eu\/2016\/es\/explorers\/preguntas-mas-frecuentes\/\",\"name\":\"Preguntas m\u00e1s frecuentes - ODYSSEUS II\",\"isPartOf\":{\"@id\":\"https:\/\/odysseus-contests.eu\/2016\/de\/#website\"},\"datePublished\":\"2015-08-13T09:32:46+00:00\",\"dateModified\":\"2015-08-13T09:32:46+00:00\",\"breadcrumb\":{\"@id\":\"https:\/\/odysseus-contests.eu\/2016\/es\/explorers\/preguntas-mas-frecuentes\/#breadcrumb\"},\"inLanguage\":\"es\",\"potentialAction\":[{\"@type\":\"ReadAction\",\"target\":[\"https:\/\/odysseus-contests.eu\/2016\/es\/explorers\/preguntas-mas-frecuentes\/\"]}]},{\"@type\":\"BreadcrumbList\",\"@id\":\"https:\/\/odysseus-contests.eu\/2016\/es\/explorers\/preguntas-mas-frecuentes\/#breadcrumb\",\"itemListElement\":[{\"@type\":\"ListItem\",\"position\":1,\"name\":\"Home\",\"item\":\"https:\/\/odysseus-contests.eu\/2016\/es\/\"},{\"@type\":\"ListItem\",\"position\":2,\"name\":\"Explorers\",\"item\":\"https:\/\/odysseus-contests.eu\/2016\/es\/explorers\/\"},{\"@type\":\"ListItem\",\"position\":3,\"name\":\"Preguntas m\u00e1s frecuentes\"}]},{\"@type\":\"WebSite\",\"@id\":\"https:\/\/odysseus-contests.eu\/2016\/de\/#website\",\"url\":\"https:\/\/odysseus-contests.eu\/2016\/de\/\",\"name\":\"ODYSSEUS II\",\"description\":\"European Youth Space Contest\",\"potentialAction\":[{\"@type\":\"SearchAction\",\"target\":{\"@type\":\"EntryPoint\",\"urlTemplate\":\"https:\/\/odysseus-contests.eu\/2016\/de\/?s={search_term_string}\"},\"query-input\":\"required name=search_term_string\"}],\"inLanguage\":\"es\"}]}<\/script>\n<!-- \/ Yoast SEO plugin. -->","yoast_head_json":{"title":"Preguntas m\u00e1s frecuentes - ODYSSEUS II","robots":{"index":"index","follow":"follow","max-snippet":"max-snippet:-1","max-image-preview":"max-image-preview:large","max-video-preview":"max-video-preview:-1"},"canonical":"https:\/\/odysseus-contests.eu\/2016\/es\/explorers\/preguntas-mas-frecuentes\/","og_locale":"es_ES","og_type":"article","og_title":"Preguntas m\u00e1s frecuentes - ODYSSEUS II","og_description":"P: \u00bfQu\u00e9 es Odysseus II? R: Odysseus II es un Proyecto Europeo financiado por la Comisi\u00f3n Europea. Su objetivo principal es la organizaci\u00f3n de un concurso europeo dirigido a estudiantes de 7 a 22 a\u00f1os sobre la exploraci\u00f3n y la ciencia espacial. Aun siendo un concurso europeo, igualmente, podr\u00e1n participar estudiantes de pa\u00edses no pertenecientes [&hellip;]","og_url":"https:\/\/odysseus-contests.eu\/2016\/es\/explorers\/preguntas-mas-frecuentes\/","og_site_name":"ODYSSEUS II","twitter_card":"summary_large_image","twitter_misc":{"Tiempo de lectura":"5 minutos"},"schema":{"@context":"https:\/\/schema.org","@graph":[{"@type":"WebPage","@id":"https:\/\/odysseus-contests.eu\/2016\/es\/explorers\/preguntas-mas-frecuentes\/","url":"https:\/\/odysseus-contests.eu\/2016\/es\/explorers\/preguntas-mas-frecuentes\/","name":"Preguntas m\u00e1s frecuentes - ODYSSEUS II","isPartOf":{"@id":"https:\/\/odysseus-contests.eu\/2016\/de\/#website"},"datePublished":"2015-08-13T09:32:46+00:00","dateModified":"2015-08-13T09:32:46+00:00","breadcrumb":{"@id":"https:\/\/odysseus-contests.eu\/2016\/es\/explorers\/preguntas-mas-frecuentes\/#breadcrumb"},"inLanguage":"es","potentialAction":[{"@type":"ReadAction","target":["https:\/\/odysseus-contests.eu\/2016\/es\/explorers\/preguntas-mas-frecuentes\/"]}]},{"@type":"BreadcrumbList","@id":"https:\/\/odysseus-contests.eu\/2016\/es\/explorers\/preguntas-mas-frecuentes\/#breadcrumb","itemListElement":[{"@type":"ListItem","position":1,"name":"Home","item":"https:\/\/odysseus-contests.eu\/2016\/es\/"},{"@type":"ListItem","position":2,"name":"Explorers","item":"https:\/\/odysseus-contests.eu\/2016\/es\/explorers\/"},{"@type":"ListItem","position":3,"name":"Preguntas m\u00e1s frecuentes"}]},{"@type":"WebSite","@id":"https:\/\/odysseus-contests.eu\/2016\/de\/#website","url":"https:\/\/odysseus-contests.eu\/2016\/de\/","name":"ODYSSEUS II","description":"European Youth Space Contest","potentialAction":[{"@type":"SearchAction","target":{"@type":"EntryPoint","urlTemplate":"https:\/\/odysseus-contests.eu\/2016\/de\/?s={search_term_string}"},"query-input":"required name=search_term_string"}],"inLanguage":"es"}]}},"_links":{"self":[{"href":"https:\/\/odysseus-contests.eu\/2016\/es\/wp-json\/wp\/v2\/pages\/3764"}],"collection":[{"href":"https:\/\/odysseus-contests.eu\/2016\/es\/wp-json\/wp\/v2\/pages"}],"about":[{"href":"https:\/\/odysseus-contests.eu\/2016\/es\/wp-json\/wp\/v2\/types\/page"}],"author":[{"embeddable":true,"href":"https:\/\/odysseus-contests.eu\/2016\/es\/wp-json\/wp\/v2\/users\/5"}],"replies":[{"embeddable":true,"href":"https:\/\/odysseus-contests.eu\/2016\/es\/wp-json\/wp\/v2\/comments?post=3764"}],"version-history":[{"count":0,"href":"https:\/\/odysseus-contests.eu\/2016\/es\/wp-json\/wp\/v2\/pages\/3764\/revisions"}],"up":[{"embeddable":true,"href":"https:\/\/odysseus-contests.eu\/2016\/es\/wp-json\/wp\/v2\/pages\/3736"}],"wp:attachment":[{"href":"https:\/\/odysseus-contests.eu\/2016\/es\/wp-json\/wp\/v2\/media?parent=3764"}],"curies":[{"name":"wp","href":"https:\/\/api.w.org\/{rel}","templated":true}]}}