{"id":3762,"date":"2015-08-13T12:27:56","date_gmt":"2015-08-13T09:27:56","guid":{"rendered":"http:\/\/odysseus-contests.eu\/2016\/?page_id=3762"},"modified":"2015-09-07T10:23:10","modified_gmt":"2015-09-07T07:23:10","slug":"como-lograr-el-exito","status":"publish","type":"page","link":"https:\/\/odysseus-contests.eu\/2016\/es\/explorers\/como-lograr-el-exito\/","title":{"rendered":"C\u00f3mo lograr el \u00e9xito"},"content":{"rendered":"<ul>\n<li>Entender el concurso. Leer, atentamente, la p\u00e1gina general del concurso y todo lo relacionado.<\/li>\n<li>Centrar nuestros esfuerzos en responder a los criterios espec\u00edficos de evaluaci\u00f3n. El jurado estar\u00e1 compuesto por un grupo de investigadores, educadores y cient\u00edficos profesionales que se encargar\u00e1n de la evaluaci\u00f3n de todos los trabajos presentados, de acuerdo con unos criterios prestablecidos. Ser\u00e1 el rigor cient\u00edfico y la excelencia lo que guiar\u00e1 sus decisiones. Por lo tanto, es importante Intentar ser espec\u00edfico y no escribir nada que no haya sido previamente contrastado. Y lo m\u00e1s importante, no escribir nada que no se entienda. Intentar ser coherente y no extenderse demasiado, organizar el trabajo de forma estructurada y racional. Y, por su puesto, que el dise\u00f1o del trabajo sea creativo. Este tipo de trabajos, al ser m\u00e1s rigurosos y exhaustivos, ser\u00e1n los que tenga m\u00e1s probabilidades de \u00e9xito.<\/li>\n<li>Lo fundamental es trabajar. Presentar un trabajo con aspecto cuidado a menudo es sin\u00f3nimo de esfuerzo por parte de los estudiantes. Igualmente, si el proyecto tiene una presentaci\u00f3n ordenada, est\u00e1 bien editado, con entradas legibles y sin errores ortogr\u00e1ficos, siempre ser\u00e1 m\u00e1s competitivo. Asimismo, si el trabajo es un ensayo lo m\u00e1s recomendable es que, adem\u00e1s de sus autores, lo revise otra persona.<\/li>\n<li>Buscar el apoyo de un mentor. Consultar la <a href=\"http:\/\/odysseus-contests.eu\/2016\/es\/resources\/network-of-mentors\/\" target=\"_blank\">p\u00e1gina web del Concurso Odysseus II<\/a> y elegir un mentor de tu pa\u00eds.<\/li>\n<li>Hacer un anteproyecto resumiendo las acciones principales. Establecer un calendario de trabajo que te permita dejar un tiempo extra para revisarlo y corregirlo.<\/li>\n<li>Utilizar la plantilla proporcionada por los organizadores como forma de apoyar y documentar el proyecto.<\/li>\n<li>Seleccionar un tema que te interese. Te ayudar\u00e1 a centrarte e invertir tiempo en tu proyecto.<\/li>\n<li>Plantear un tema de investigaci\u00f3n concreto te ayudar\u00e1 a definir cu\u00e1l es el prop\u00f3sito de tu proyecto. Preg\u00fantate a ti mismo sobre la relaci\u00f3n entre el enfoque de tu proyecto y el resultado que buscas. Piensa en ello como en el objetivo o hip\u00f3tesis de tu trabajo.<\/li>\n<li>Hacer esquemas para organizar la informaci\u00f3n que recopiles sobre espacio y, en particular, sobre tu tema, te ayudar\u00e1 a transformar esa informaci\u00f3n en algo con sentido.<\/li>\n<li>Leer y estudiar los ejemplos de proyectos que aparecen en la p\u00e1gina web de Odysseus II y el apartado \u201c<a href=\"http:\/\/odysseus-contests.eu\/2016\/es\/explorers\/preguntas-mas-frecuentes\/\" target=\"_blank\"><em>Preguntas m\u00e1s frecuentes<\/em><\/a>\u201d.<\/li>\n<li>Hacer todas las preguntas necesarias a los organizadores, siempre a trav\u00e9s de las v\u00edas de contacto establecidas.<\/li>\n<li>Organizar herramientas, materiales y fuentes de informaci\u00f3n para el concurso.<\/li>\n<li>Encontrar p\u00e1ginas web.<\/li>\n<li>Buscar sitios web \u00fatiles sobre espacio y p\u00e1ginas web de recursos \u00fatiles para el proyecto, sitios acreditados y fiables (por ejemplo, las webs de ESA o sitios web de la NASA u otras webs con terminaci\u00f3n .edu). Comprobar los <a href=\"http:\/\/odysseus-contests.eu\/2016\/es\/explorers\/recursos\/\" target=\"_blank\">RECURSOS<\/a> que proporciona la web de Odysseus II.<\/li>\n<li>Recopilar toda la informaci\u00f3n posible sobre el tema elegido.<\/li>\n<li>Asegurarse de que cualquier informaci\u00f3n utilizada en el trabajo est\u00e1 contrastada y las fuentes utilizadas son fiables antes de considerarlas v\u00e1lidas.<\/li>\n<li>Profundizar en la investigaci\u00f3n. Tratar de aprender conceptos cient\u00edficos nuevos y ser lo m\u00e1s exacto posible en la exposici\u00f3n.<\/li>\n<li>No desanimarse ante las adversidades. Recuerda: \u00a1Zamora no se gan\u00f3 en una hora!<\/li>\n<li>\u00a1P\u00e1salo bien!<\/li>\n<li>y \u00a1Disfruta de la aventura espacial!<\/li>\n<\/ul>\n","protected":false},"excerpt":{"rendered":"<p>Entender el concurso. Leer, atentamente, la p\u00e1gina general del concurso y todo lo relacionado. Centrar nuestros esfuerzos en responder a los criterios espec\u00edficos de evaluaci\u00f3n. El jurado estar\u00e1 compuesto por un grupo de investigadores, educadores y cient\u00edficos profesionales que se encargar\u00e1n de la evaluaci\u00f3n de todos los trabajos presentados, de acuerdo con unos criterios prestablecidos. [&hellip;]<\/p>\n","protected":false},"author":5,"featured_media":0,"parent":3736,"menu_order":80,"comment_status":"closed","ping_status":"closed","template":"","meta":[],"acf":[],"yoast_head":"<!-- This site is optimized with the Yoast SEO plugin v19.14 - https:\/\/yoast.com\/wordpress\/plugins\/seo\/ -->\n<title>C\u00f3mo lograr el \u00e9xito - ODYSSEUS II<\/title>\n<meta name=\"robots\" content=\"index, follow, max-snippet:-1, max-image-preview:large, max-video-preview:-1\" \/>\n<link rel=\"canonical\" href=\"https:\/\/odysseus-contests.eu\/2016\/es\/explorers\/como-lograr-el-exito\/\" \/>\n<meta property=\"og:locale\" content=\"es_ES\" \/>\n<meta property=\"og:type\" content=\"article\" \/>\n<meta property=\"og:title\" content=\"C\u00f3mo lograr el \u00e9xito - ODYSSEUS II\" \/>\n<meta property=\"og:description\" content=\"Entender el concurso. Leer, atentamente, la p\u00e1gina general del concurso y todo lo relacionado. Centrar nuestros esfuerzos en responder a los criterios espec\u00edficos de evaluaci\u00f3n. El jurado estar\u00e1 compuesto por un grupo de investigadores, educadores y cient\u00edficos profesionales que se encargar\u00e1n de la evaluaci\u00f3n de todos los trabajos presentados, de acuerdo con unos criterios prestablecidos. [&hellip;]\" \/>\n<meta property=\"og:url\" content=\"https:\/\/odysseus-contests.eu\/2016\/es\/explorers\/como-lograr-el-exito\/\" \/>\n<meta property=\"og:site_name\" content=\"ODYSSEUS II\" \/>\n<meta property=\"article:modified_time\" content=\"2015-09-07T07:23:10+00:00\" \/>\n<meta name=\"twitter:card\" content=\"summary_large_image\" \/>\n<meta name=\"twitter:label1\" content=\"Tiempo de lectura\" \/>\n\t<meta name=\"twitter:data1\" content=\"3 minutos\" \/>\n<script type=\"application\/ld+json\" class=\"yoast-schema-graph\">{\"@context\":\"https:\/\/schema.org\",\"@graph\":[{\"@type\":\"WebPage\",\"@id\":\"https:\/\/odysseus-contests.eu\/2016\/es\/explorers\/como-lograr-el-exito\/\",\"url\":\"https:\/\/odysseus-contests.eu\/2016\/es\/explorers\/como-lograr-el-exito\/\",\"name\":\"C\u00f3mo lograr el \u00e9xito - ODYSSEUS II\",\"isPartOf\":{\"@id\":\"https:\/\/odysseus-contests.eu\/2016\/de\/#website\"},\"datePublished\":\"2015-08-13T09:27:56+00:00\",\"dateModified\":\"2015-09-07T07:23:10+00:00\",\"breadcrumb\":{\"@id\":\"https:\/\/odysseus-contests.eu\/2016\/es\/explorers\/como-lograr-el-exito\/#breadcrumb\"},\"inLanguage\":\"es\",\"potentialAction\":[{\"@type\":\"ReadAction\",\"target\":[\"https:\/\/odysseus-contests.eu\/2016\/es\/explorers\/como-lograr-el-exito\/\"]}]},{\"@type\":\"BreadcrumbList\",\"@id\":\"https:\/\/odysseus-contests.eu\/2016\/es\/explorers\/como-lograr-el-exito\/#breadcrumb\",\"itemListElement\":[{\"@type\":\"ListItem\",\"position\":1,\"name\":\"Home\",\"item\":\"https:\/\/odysseus-contests.eu\/2016\/es\/\"},{\"@type\":\"ListItem\",\"position\":2,\"name\":\"Explorers\",\"item\":\"https:\/\/odysseus-contests.eu\/2016\/es\/explorers\/\"},{\"@type\":\"ListItem\",\"position\":3,\"name\":\"C\u00f3mo lograr el \u00e9xito\"}]},{\"@type\":\"WebSite\",\"@id\":\"https:\/\/odysseus-contests.eu\/2016\/de\/#website\",\"url\":\"https:\/\/odysseus-contests.eu\/2016\/de\/\",\"name\":\"ODYSSEUS II\",\"description\":\"European Youth Space Contest\",\"potentialAction\":[{\"@type\":\"SearchAction\",\"target\":{\"@type\":\"EntryPoint\",\"urlTemplate\":\"https:\/\/odysseus-contests.eu\/2016\/de\/?s={search_term_string}\"},\"query-input\":\"required name=search_term_string\"}],\"inLanguage\":\"es\"}]}<\/script>\n<!-- \/ Yoast SEO plugin. -->","yoast_head_json":{"title":"C\u00f3mo lograr el \u00e9xito - ODYSSEUS II","robots":{"index":"index","follow":"follow","max-snippet":"max-snippet:-1","max-image-preview":"max-image-preview:large","max-video-preview":"max-video-preview:-1"},"canonical":"https:\/\/odysseus-contests.eu\/2016\/es\/explorers\/como-lograr-el-exito\/","og_locale":"es_ES","og_type":"article","og_title":"C\u00f3mo lograr el \u00e9xito - ODYSSEUS II","og_description":"Entender el concurso. Leer, atentamente, la p\u00e1gina general del concurso y todo lo relacionado. Centrar nuestros esfuerzos en responder a los criterios espec\u00edficos de evaluaci\u00f3n. El jurado estar\u00e1 compuesto por un grupo de investigadores, educadores y cient\u00edficos profesionales que se encargar\u00e1n de la evaluaci\u00f3n de todos los trabajos presentados, de acuerdo con unos criterios prestablecidos. [&hellip;]","og_url":"https:\/\/odysseus-contests.eu\/2016\/es\/explorers\/como-lograr-el-exito\/","og_site_name":"ODYSSEUS II","article_modified_time":"2015-09-07T07:23:10+00:00","twitter_card":"summary_large_image","twitter_misc":{"Tiempo de lectura":"3 minutos"},"schema":{"@context":"https:\/\/schema.org","@graph":[{"@type":"WebPage","@id":"https:\/\/odysseus-contests.eu\/2016\/es\/explorers\/como-lograr-el-exito\/","url":"https:\/\/odysseus-contests.eu\/2016\/es\/explorers\/como-lograr-el-exito\/","name":"C\u00f3mo lograr el \u00e9xito - ODYSSEUS II","isPartOf":{"@id":"https:\/\/odysseus-contests.eu\/2016\/de\/#website"},"datePublished":"2015-08-13T09:27:56+00:00","dateModified":"2015-09-07T07:23:10+00:00","breadcrumb":{"@id":"https:\/\/odysseus-contests.eu\/2016\/es\/explorers\/como-lograr-el-exito\/#breadcrumb"},"inLanguage":"es","potentialAction":[{"@type":"ReadAction","target":["https:\/\/odysseus-contests.eu\/2016\/es\/explorers\/como-lograr-el-exito\/"]}]},{"@type":"BreadcrumbList","@id":"https:\/\/odysseus-contests.eu\/2016\/es\/explorers\/como-lograr-el-exito\/#breadcrumb","itemListElement":[{"@type":"ListItem","position":1,"name":"Home","item":"https:\/\/odysseus-contests.eu\/2016\/es\/"},{"@type":"ListItem","position":2,"name":"Explorers","item":"https:\/\/odysseus-contests.eu\/2016\/es\/explorers\/"},{"@type":"ListItem","position":3,"name":"C\u00f3mo lograr el \u00e9xito"}]},{"@type":"WebSite","@id":"https:\/\/odysseus-contests.eu\/2016\/de\/#website","url":"https:\/\/odysseus-contests.eu\/2016\/de\/","name":"ODYSSEUS II","description":"European Youth Space Contest","potentialAction":[{"@type":"SearchAction","target":{"@type":"EntryPoint","urlTemplate":"https:\/\/odysseus-contests.eu\/2016\/de\/?s={search_term_string}"},"query-input":"required name=search_term_string"}],"inLanguage":"es"}]}},"_links":{"self":[{"href":"https:\/\/odysseus-contests.eu\/2016\/es\/wp-json\/wp\/v2\/pages\/3762"}],"collection":[{"href":"https:\/\/odysseus-contests.eu\/2016\/es\/wp-json\/wp\/v2\/pages"}],"about":[{"href":"https:\/\/odysseus-contests.eu\/2016\/es\/wp-json\/wp\/v2\/types\/page"}],"author":[{"embeddable":true,"href":"https:\/\/odysseus-contests.eu\/2016\/es\/wp-json\/wp\/v2\/users\/5"}],"replies":[{"embeddable":true,"href":"https:\/\/odysseus-contests.eu\/2016\/es\/wp-json\/wp\/v2\/comments?post=3762"}],"version-history":[{"count":0,"href":"https:\/\/odysseus-contests.eu\/2016\/es\/wp-json\/wp\/v2\/pages\/3762\/revisions"}],"up":[{"embeddable":true,"href":"https:\/\/odysseus-contests.eu\/2016\/es\/wp-json\/wp\/v2\/pages\/3736"}],"wp:attachment":[{"href":"https:\/\/odysseus-contests.eu\/2016\/es\/wp-json\/wp\/v2\/media?parent=3762"}],"curies":[{"name":"wp","href":"https:\/\/api.w.org\/{rel}","templated":true}]}}