{"id":3756,"date":"2015-08-13T12:25:13","date_gmt":"2015-08-13T09:25:13","guid":{"rendered":"http:\/\/odysseus-contests.eu\/2016\/?page_id=3756"},"modified":"2015-09-10T16:15:57","modified_gmt":"2015-09-10T13:15:57","slug":"seleccion-y-criterios-de-evaluacion","status":"publish","type":"page","link":"https:\/\/odysseus-contests.eu\/2016\/es\/explorers\/seleccion-y-criterios-de-evaluacion\/","title":{"rendered":"Selecci\u00f3n y Criterios de Evaluaci\u00f3n"},"content":{"rendered":"<p style=\"text-align: justify;\">Los proyectos presentados se evaluaran, en primer lugar, a nivel nacional. La evaluaci\u00f3n se\u00a0 har\u00e1 on-line entre el 16 de enero y el 26 de febrero de 2016. Los seleccionados pasar\u00e1n a la Final Regional en la que participar\u00e1n todos los ganadores nacionales en su regi\u00f3n. Las Finales Regionales tendr\u00e1n lugar entre el 15 de marzo y 26 de abril de 2016. Los ganadores de las Regionales se reunir\u00e1n en Bruselas o Toulouse para la Final Internacional donde presentar\u00e1n sus proyectos ante un jurado internacional. Esta final se llevar\u00e1 a cabo del 4 al 07 de julio de 2016.<\/p>\n<p style=\"text-align: justify;\">Los proyectos ser\u00e1n puntuados siguiendo los siguientes criterios:<\/p>\n<ul style=\"text-align: justify;\">\n<li><strong>Excelencia acad\u00e9mica<\/strong> (20%)<\/li>\n<\/ul>\n<p style=\"padding-left: 30px; text-align: justify;\">Un trabajo demuestra excelencia acad\u00e9mica cuando se ha desarrollado de acuerdo con el m\u00e9todo cient\u00edfico, los argumentos que ofrece para respaldar su investigaci\u00f3n son cre\u00edbles, contrastables y est\u00e1 bien documentado. Demuestra que sus autores han tenido criterio a la hora de manejar los recursos cient\u00edficos, y han profundizado en la compresi\u00f3n de los conceptos b\u00e1sicos y el contexto de su \u00e1rea de investigaci\u00f3n. Adem\u00e1s, de incluir citas y dejar constancia de los recursos bibliogr\u00e1ficos que han utilizado.<\/p>\n<ul style=\"text-align: justify;\">\n<li><strong>Adecuaci\u00f3n y relevancia tem\u00e1tica <\/strong>(10%)<\/li>\n<\/ul>\n<p style=\"padding-left: 30px; text-align: justify;\">Con este criterio se evaluar\u00e1 la adecuaci\u00f3n del proyecto a la categor\u00eda tem\u00e1tica seleccionada. As\u00ed mismo se valorar\u00e1 el adecuado uso de los conceptos y la documentaci\u00f3n pertinentes.<\/p>\n<ul style=\"text-align: justify;\">\n<li><strong>Habilidad en resoluci\u00f3n de problemas<\/strong> (15%)<\/li>\n<\/ul>\n<p style=\"padding-left: 30px; text-align: justify;\">Se valorar\u00e1 la capacidad cr\u00edtica del participante a la hora de abordar la tem\u00e1tica del proyecto, definir el problema, planificar el trabajo, precisar los datos y la informaci\u00f3n, para finalmente plantear las posibles soluciones y establecer la mejor.<\/p>\n<ul style=\"text-align: justify;\">\n<li><strong>Originalidad <\/strong>(20%)<\/li>\n<\/ul>\n<p style=\"padding-left: 30px; text-align: justify;\">El criterio clave para evaluar la originalidad de un proyecto es que sea creativo, \u00fanico, novedoso o poco convencional, y por supuesto trabajo del participante. Incluso si el proyecto est\u00e1 basado en el trabajo de otra persona contar\u00eda como original si el participante le diera un enfoque diferente, o lo presentara de forma moderna e innovadora.<\/p>\n<ul style=\"text-align: justify;\">\n<li><strong>Relevancia social<\/strong> (10%)<\/li>\n<\/ul>\n<p style=\"padding-left: 30px; text-align: justify;\">Se valorar\u00e1 la formar y val\u00eda de las posibles ideas y soluciones que aporte el proyecto para hacer frente a los desaf\u00edos sociales actuales y que pudieran aportar beneficios, directos o indirectos, a largo plazo. (p.ej.: el cambio clim\u00e1tico, la escasez de suministros energ\u00e9ticos, alimenticios, de agua, etc.)<\/p>\n<ul style=\"text-align: justify;\">\n<li><strong>Presentaci\u00f3n<\/strong> (10%)<\/li>\n<\/ul>\n<p style=\"padding-left: 30px; text-align: justify;\">Con este criterio se evaluar\u00e1 no solo la forma y la coherencia del proyecto en general, y si sus objetivos, metodolog\u00eda y resultados se prestan de una forma clara. Tambi\u00e9n, se valorar\u00e1 que el trabajo est\u00e9 estructurado de forma l\u00f3gica, claro y bien escrito, relacionando adecuadamente las ideas presentadas y habiendo utilizado la tecnolog\u00eda y los recursos adecuados (fotos, dibujos, diapositivas, audio, v\u00eddeo, etc.)<\/p>\n<ul style=\"text-align: justify;\">\n<li><strong>M\u00e9ritos t\u00e9cnicos y habilidades pr\u00e1cticas <\/strong>(10%)<\/li>\n<\/ul>\n<p style=\"padding-left: 30px; text-align: justify;\">Un proyecto demuestra su m\u00e9rito t\u00e9cnico cuando se apoya en un marco conceptual claro, en el rigor cient\u00edfico y define perfectamente su estructura y las claves de la investigaci\u00f3n. As\u00ed mismo los jueces valorar\u00e1n las habilidades pr\u00e1cticas de los participantes, su capacidad de observaci\u00f3n, precisi\u00f3n, comunicaci\u00f3n, documentaci\u00f3n, presentaci\u00f3n gr\u00e1fica de los datos y manejo de la tecnolog\u00eda; o sus destrezas pr\u00e1cticas como soldar, construir, la carpinter\u00eda, etc.<\/p>\n<ul style=\"text-align: justify;\">\n<li><strong>Sostenibilidad y conciencia medioambiental <\/strong>(5%)<\/li>\n<\/ul>\n<p style=\"padding-left: 30px; text-align: justify;\">Con este criterio se evaluar\u00e1 la integraci\u00f3n de las consideraciones medioambientales en el proyecto, mediante el estudio y an\u00e1lisis de la sostenibilidad del proyecto y la utilizaci\u00f3n de materiales y medios ecol\u00f3gicos para la puesta en pr\u00e1ctica y presentaci\u00f3n del proyecto.<\/p>\n<p style=\"text-align: justify;\">Adem\u00e1s, los jueces podr\u00e1n ofrecer en cada etapa una serie de menciones especiales a equipos no ganadores por aspectos como: la mejor ilustraci\u00f3n, el problema m\u00e1s original, la presentaci\u00f3n m\u00e1s profesional, la presentaci\u00f3n m\u00e1s art\u00edstica, la mejor m\u00fasica o banda sonora en un proyecto de ciencias o el proyecto m\u00e1s comprometido con el medioambiente\u2026<\/p>\n<p style=\"text-align: justify;\">Todos los participantes, en el momento de la revisi\u00f3n, recibir\u00e1n de los jueces un resumen de la evaluaci\u00f3n de su proyecto.<\/p>\n","protected":false},"excerpt":{"rendered":"<p>Los proyectos presentados se evaluaran, en primer lugar, a nivel nacional. La evaluaci\u00f3n se\u00a0 har\u00e1 on-line entre el 16 de enero y el 26 de febrero de 2016. Los seleccionados pasar\u00e1n a la Final Regional en la que participar\u00e1n todos los ganadores nacionales en su regi\u00f3n. Las Finales Regionales tendr\u00e1n lugar entre el 15 de [&hellip;]<\/p>\n","protected":false},"author":5,"featured_media":0,"parent":3736,"menu_order":50,"comment_status":"closed","ping_status":"closed","template":"","meta":[],"acf":[],"yoast_head":"<!-- This site is optimized with the Yoast SEO plugin v19.14 - https:\/\/yoast.com\/wordpress\/plugins\/seo\/ -->\n<title>Selecci\u00f3n y Criterios de Evaluaci\u00f3n - ODYSSEUS II<\/title>\n<meta name=\"robots\" content=\"index, follow, max-snippet:-1, max-image-preview:large, max-video-preview:-1\" \/>\n<link rel=\"canonical\" href=\"https:\/\/odysseus-contests.eu\/2016\/es\/explorers\/seleccion-y-criterios-de-evaluacion\/\" \/>\n<meta property=\"og:locale\" content=\"es_ES\" \/>\n<meta property=\"og:type\" content=\"article\" \/>\n<meta property=\"og:title\" content=\"Selecci\u00f3n y Criterios de Evaluaci\u00f3n - ODYSSEUS II\" \/>\n<meta property=\"og:description\" content=\"Los proyectos presentados se evaluaran, en primer lugar, a nivel nacional. La evaluaci\u00f3n se\u00a0 har\u00e1 on-line entre el 16 de enero y el 26 de febrero de 2016. Los seleccionados pasar\u00e1n a la Final Regional en la que participar\u00e1n todos los ganadores nacionales en su regi\u00f3n. Las Finales Regionales tendr\u00e1n lugar entre el 15 de [&hellip;]\" \/>\n<meta property=\"og:url\" content=\"https:\/\/odysseus-contests.eu\/2016\/es\/explorers\/seleccion-y-criterios-de-evaluacion\/\" \/>\n<meta property=\"og:site_name\" content=\"ODYSSEUS II\" \/>\n<meta property=\"article:modified_time\" content=\"2015-09-10T13:15:57+00:00\" \/>\n<meta name=\"twitter:card\" content=\"summary_large_image\" \/>\n<meta name=\"twitter:label1\" content=\"Tiempo de lectura\" \/>\n\t<meta name=\"twitter:data1\" content=\"3 minutos\" \/>\n<script type=\"application\/ld+json\" class=\"yoast-schema-graph\">{\"@context\":\"https:\/\/schema.org\",\"@graph\":[{\"@type\":\"WebPage\",\"@id\":\"https:\/\/odysseus-contests.eu\/2016\/es\/explorers\/seleccion-y-criterios-de-evaluacion\/\",\"url\":\"https:\/\/odysseus-contests.eu\/2016\/es\/explorers\/seleccion-y-criterios-de-evaluacion\/\",\"name\":\"Selecci\u00f3n y Criterios de Evaluaci\u00f3n - ODYSSEUS II\",\"isPartOf\":{\"@id\":\"https:\/\/odysseus-contests.eu\/2016\/de\/#website\"},\"datePublished\":\"2015-08-13T09:25:13+00:00\",\"dateModified\":\"2015-09-10T13:15:57+00:00\",\"breadcrumb\":{\"@id\":\"https:\/\/odysseus-contests.eu\/2016\/es\/explorers\/seleccion-y-criterios-de-evaluacion\/#breadcrumb\"},\"inLanguage\":\"es\",\"potentialAction\":[{\"@type\":\"ReadAction\",\"target\":[\"https:\/\/odysseus-contests.eu\/2016\/es\/explorers\/seleccion-y-criterios-de-evaluacion\/\"]}]},{\"@type\":\"BreadcrumbList\",\"@id\":\"https:\/\/odysseus-contests.eu\/2016\/es\/explorers\/seleccion-y-criterios-de-evaluacion\/#breadcrumb\",\"itemListElement\":[{\"@type\":\"ListItem\",\"position\":1,\"name\":\"Home\",\"item\":\"https:\/\/odysseus-contests.eu\/2016\/es\/\"},{\"@type\":\"ListItem\",\"position\":2,\"name\":\"Explorers\",\"item\":\"https:\/\/odysseus-contests.eu\/2016\/es\/explorers\/\"},{\"@type\":\"ListItem\",\"position\":3,\"name\":\"Selecci\u00f3n y Criterios de Evaluaci\u00f3n\"}]},{\"@type\":\"WebSite\",\"@id\":\"https:\/\/odysseus-contests.eu\/2016\/de\/#website\",\"url\":\"https:\/\/odysseus-contests.eu\/2016\/de\/\",\"name\":\"ODYSSEUS II\",\"description\":\"European Youth Space Contest\",\"potentialAction\":[{\"@type\":\"SearchAction\",\"target\":{\"@type\":\"EntryPoint\",\"urlTemplate\":\"https:\/\/odysseus-contests.eu\/2016\/de\/?s={search_term_string}\"},\"query-input\":\"required name=search_term_string\"}],\"inLanguage\":\"es\"}]}<\/script>\n<!-- \/ Yoast SEO plugin. -->","yoast_head_json":{"title":"Selecci\u00f3n y Criterios de Evaluaci\u00f3n - ODYSSEUS II","robots":{"index":"index","follow":"follow","max-snippet":"max-snippet:-1","max-image-preview":"max-image-preview:large","max-video-preview":"max-video-preview:-1"},"canonical":"https:\/\/odysseus-contests.eu\/2016\/es\/explorers\/seleccion-y-criterios-de-evaluacion\/","og_locale":"es_ES","og_type":"article","og_title":"Selecci\u00f3n y Criterios de Evaluaci\u00f3n - ODYSSEUS II","og_description":"Los proyectos presentados se evaluaran, en primer lugar, a nivel nacional. La evaluaci\u00f3n se\u00a0 har\u00e1 on-line entre el 16 de enero y el 26 de febrero de 2016. Los seleccionados pasar\u00e1n a la Final Regional en la que participar\u00e1n todos los ganadores nacionales en su regi\u00f3n. Las Finales Regionales tendr\u00e1n lugar entre el 15 de [&hellip;]","og_url":"https:\/\/odysseus-contests.eu\/2016\/es\/explorers\/seleccion-y-criterios-de-evaluacion\/","og_site_name":"ODYSSEUS II","article_modified_time":"2015-09-10T13:15:57+00:00","twitter_card":"summary_large_image","twitter_misc":{"Tiempo de lectura":"3 minutos"},"schema":{"@context":"https:\/\/schema.org","@graph":[{"@type":"WebPage","@id":"https:\/\/odysseus-contests.eu\/2016\/es\/explorers\/seleccion-y-criterios-de-evaluacion\/","url":"https:\/\/odysseus-contests.eu\/2016\/es\/explorers\/seleccion-y-criterios-de-evaluacion\/","name":"Selecci\u00f3n y Criterios de Evaluaci\u00f3n - ODYSSEUS II","isPartOf":{"@id":"https:\/\/odysseus-contests.eu\/2016\/de\/#website"},"datePublished":"2015-08-13T09:25:13+00:00","dateModified":"2015-09-10T13:15:57+00:00","breadcrumb":{"@id":"https:\/\/odysseus-contests.eu\/2016\/es\/explorers\/seleccion-y-criterios-de-evaluacion\/#breadcrumb"},"inLanguage":"es","potentialAction":[{"@type":"ReadAction","target":["https:\/\/odysseus-contests.eu\/2016\/es\/explorers\/seleccion-y-criterios-de-evaluacion\/"]}]},{"@type":"BreadcrumbList","@id":"https:\/\/odysseus-contests.eu\/2016\/es\/explorers\/seleccion-y-criterios-de-evaluacion\/#breadcrumb","itemListElement":[{"@type":"ListItem","position":1,"name":"Home","item":"https:\/\/odysseus-contests.eu\/2016\/es\/"},{"@type":"ListItem","position":2,"name":"Explorers","item":"https:\/\/odysseus-contests.eu\/2016\/es\/explorers\/"},{"@type":"ListItem","position":3,"name":"Selecci\u00f3n y Criterios de Evaluaci\u00f3n"}]},{"@type":"WebSite","@id":"https:\/\/odysseus-contests.eu\/2016\/de\/#website","url":"https:\/\/odysseus-contests.eu\/2016\/de\/","name":"ODYSSEUS II","description":"European Youth Space Contest","potentialAction":[{"@type":"SearchAction","target":{"@type":"EntryPoint","urlTemplate":"https:\/\/odysseus-contests.eu\/2016\/de\/?s={search_term_string}"},"query-input":"required name=search_term_string"}],"inLanguage":"es"}]}},"_links":{"self":[{"href":"https:\/\/odysseus-contests.eu\/2016\/es\/wp-json\/wp\/v2\/pages\/3756"}],"collection":[{"href":"https:\/\/odysseus-contests.eu\/2016\/es\/wp-json\/wp\/v2\/pages"}],"about":[{"href":"https:\/\/odysseus-contests.eu\/2016\/es\/wp-json\/wp\/v2\/types\/page"}],"author":[{"embeddable":true,"href":"https:\/\/odysseus-contests.eu\/2016\/es\/wp-json\/wp\/v2\/users\/5"}],"replies":[{"embeddable":true,"href":"https:\/\/odysseus-contests.eu\/2016\/es\/wp-json\/wp\/v2\/comments?post=3756"}],"version-history":[{"count":0,"href":"https:\/\/odysseus-contests.eu\/2016\/es\/wp-json\/wp\/v2\/pages\/3756\/revisions"}],"up":[{"embeddable":true,"href":"https:\/\/odysseus-contests.eu\/2016\/es\/wp-json\/wp\/v2\/pages\/3736"}],"wp:attachment":[{"href":"https:\/\/odysseus-contests.eu\/2016\/es\/wp-json\/wp\/v2\/media?parent=3756"}],"curies":[{"name":"wp","href":"https:\/\/api.w.org\/{rel}","templated":true}]}}