{"id":3750,"date":"2015-08-13T11:57:59","date_gmt":"2015-08-13T08:57:59","guid":{"rendered":"http:\/\/odysseus-contests.eu\/2016\/?page_id=3750"},"modified":"2015-08-13T11:57:59","modified_gmt":"2015-08-13T08:57:59","slug":"premios","status":"publish","type":"page","link":"https:\/\/odysseus-contests.eu\/2016\/es\/explorers\/premios\/","title":{"rendered":"Premios"},"content":{"rendered":"<p><strong>Fase Nacional<\/strong><\/p>\n<p>Todos los participantes recibir\u00e1n un diploma acreditativo por haber participado en el concurso de Odysseus II.<br \/>\nLos ganadores nacionales recibir\u00e1n una medalla de conmemorativa y una serie de recuerdos del Concurso Odysseus \u0399\u0399, adem\u00e1s, sus proyectos se publicar\u00e1n en el \u201cSal\u00f3n de la Fama\u201d de la p\u00e1gina web de Odysseus II. Estos participantes ser\u00e1n los que pasar\u00e1n a las Finales Regionales, donde participar\u00e1n en una serie de actividades, eventos y viajes relacionados con el espacio en uno de los siguientes pa\u00edses: Austria, B\u00e9lgica, Dinamarca, Espa\u00f1a, Francia, Grecia, Italia, Reino Unido, Rep\u00fablica Checa y Polonia.<\/p>\n<p><strong>Fase Regional<\/strong><\/p>\n<p>Los ganadores de las Finales Regionales recibir\u00e1n como premio un telescopio de alta gama (Celestron Nexstar o similar) y pasar\u00e1n a la Final Internacional que tendr\u00e1 lugar en Bruselas o Toulouse.<\/p>\n<p><strong>Fase Final<\/strong><\/p>\n<p>Los ganadores de la Final Internacional viajar\u00e1n al Centro Espacial de Kourou de Guayana, donde participar\u00e1n en actividades y visitas guiadas a entornos relacionados con el mundo de la investigaci\u00f3n espacial. Adem\u00e1s, recibir\u00e1n un diploma de &#8216;J\u00f3ven Embajador Europeo del Espacio&#8217;.<br \/>\nLos 5 mejores participantes ser\u00e1n premiados con la realizaci\u00f3n de unas pr\u00e1cticas en la ESA o alguna otra industria aeroespacial europea. Las pr\u00e1cticas podr\u00e1n ser por periodos de tres a seis meses. A todos ellos se les costear\u00e1n los gastos de viaje, seguro m\u00e9dico y se les dotar\u00e1 con una asignaci\u00f3n mensual suficiente para cubrir los gastos derivados de la estancia.<br \/>\nEn ning\u00fan caso, los premios podr\u00e1n canjearse por dinero en efectivo<\/p>\n","protected":false},"excerpt":{"rendered":"<p>Fase Nacional Todos los participantes recibir\u00e1n un diploma acreditativo por haber participado en el concurso de Odysseus II. Los ganadores nacionales recibir\u00e1n una medalla de conmemorativa y una serie de recuerdos del Concurso Odysseus \u0399\u0399, adem\u00e1s, sus proyectos se publicar\u00e1n en el \u201cSal\u00f3n de la Fama\u201d de la p\u00e1gina web de Odysseus II. Estos participantes [&hellip;]<\/p>\n","protected":false},"author":5,"featured_media":0,"parent":3736,"menu_order":40,"comment_status":"closed","ping_status":"closed","template":"","meta":[],"acf":[],"yoast_head":"<!-- This site is optimized with the Yoast SEO plugin v19.14 - https:\/\/yoast.com\/wordpress\/plugins\/seo\/ -->\n<title>Premios - ODYSSEUS II<\/title>\n<meta name=\"robots\" content=\"index, follow, max-snippet:-1, max-image-preview:large, max-video-preview:-1\" \/>\n<link rel=\"canonical\" href=\"https:\/\/odysseus-contests.eu\/2016\/es\/explorers\/premios\/\" \/>\n<meta property=\"og:locale\" content=\"es_ES\" \/>\n<meta property=\"og:type\" content=\"article\" \/>\n<meta property=\"og:title\" content=\"Premios - ODYSSEUS II\" \/>\n<meta property=\"og:description\" content=\"Fase Nacional Todos los participantes recibir\u00e1n un diploma acreditativo por haber participado en el concurso de Odysseus II. Los ganadores nacionales recibir\u00e1n una medalla de conmemorativa y una serie de recuerdos del Concurso Odysseus \u0399\u0399, adem\u00e1s, sus proyectos se publicar\u00e1n en el \u201cSal\u00f3n de la Fama\u201d de la p\u00e1gina web de Odysseus II. Estos participantes [&hellip;]\" \/>\n<meta property=\"og:url\" content=\"https:\/\/odysseus-contests.eu\/2016\/es\/explorers\/premios\/\" \/>\n<meta property=\"og:site_name\" content=\"ODYSSEUS II\" \/>\n<meta name=\"twitter:card\" content=\"summary_large_image\" \/>\n<meta name=\"twitter:label1\" content=\"Tiempo de lectura\" \/>\n\t<meta name=\"twitter:data1\" content=\"1 minuto\" \/>\n<script type=\"application\/ld+json\" class=\"yoast-schema-graph\">{\"@context\":\"https:\/\/schema.org\",\"@graph\":[{\"@type\":\"WebPage\",\"@id\":\"https:\/\/odysseus-contests.eu\/2016\/es\/explorers\/premios\/\",\"url\":\"https:\/\/odysseus-contests.eu\/2016\/es\/explorers\/premios\/\",\"name\":\"Premios - ODYSSEUS II\",\"isPartOf\":{\"@id\":\"https:\/\/odysseus-contests.eu\/2016\/de\/#website\"},\"datePublished\":\"2015-08-13T08:57:59+00:00\",\"dateModified\":\"2015-08-13T08:57:59+00:00\",\"breadcrumb\":{\"@id\":\"https:\/\/odysseus-contests.eu\/2016\/es\/explorers\/premios\/#breadcrumb\"},\"inLanguage\":\"es\",\"potentialAction\":[{\"@type\":\"ReadAction\",\"target\":[\"https:\/\/odysseus-contests.eu\/2016\/es\/explorers\/premios\/\"]}]},{\"@type\":\"BreadcrumbList\",\"@id\":\"https:\/\/odysseus-contests.eu\/2016\/es\/explorers\/premios\/#breadcrumb\",\"itemListElement\":[{\"@type\":\"ListItem\",\"position\":1,\"name\":\"Home\",\"item\":\"https:\/\/odysseus-contests.eu\/2016\/es\/\"},{\"@type\":\"ListItem\",\"position\":2,\"name\":\"Explorers\",\"item\":\"https:\/\/odysseus-contests.eu\/2016\/es\/explorers\/\"},{\"@type\":\"ListItem\",\"position\":3,\"name\":\"Premios\"}]},{\"@type\":\"WebSite\",\"@id\":\"https:\/\/odysseus-contests.eu\/2016\/de\/#website\",\"url\":\"https:\/\/odysseus-contests.eu\/2016\/de\/\",\"name\":\"ODYSSEUS II\",\"description\":\"European Youth Space Contest\",\"potentialAction\":[{\"@type\":\"SearchAction\",\"target\":{\"@type\":\"EntryPoint\",\"urlTemplate\":\"https:\/\/odysseus-contests.eu\/2016\/de\/?s={search_term_string}\"},\"query-input\":\"required name=search_term_string\"}],\"inLanguage\":\"es\"}]}<\/script>\n<!-- \/ Yoast SEO plugin. -->","yoast_head_json":{"title":"Premios - ODYSSEUS II","robots":{"index":"index","follow":"follow","max-snippet":"max-snippet:-1","max-image-preview":"max-image-preview:large","max-video-preview":"max-video-preview:-1"},"canonical":"https:\/\/odysseus-contests.eu\/2016\/es\/explorers\/premios\/","og_locale":"es_ES","og_type":"article","og_title":"Premios - ODYSSEUS II","og_description":"Fase Nacional Todos los participantes recibir\u00e1n un diploma acreditativo por haber participado en el concurso de Odysseus II. Los ganadores nacionales recibir\u00e1n una medalla de conmemorativa y una serie de recuerdos del Concurso Odysseus \u0399\u0399, adem\u00e1s, sus proyectos se publicar\u00e1n en el \u201cSal\u00f3n de la Fama\u201d de la p\u00e1gina web de Odysseus II. Estos participantes [&hellip;]","og_url":"https:\/\/odysseus-contests.eu\/2016\/es\/explorers\/premios\/","og_site_name":"ODYSSEUS II","twitter_card":"summary_large_image","twitter_misc":{"Tiempo de lectura":"1 minuto"},"schema":{"@context":"https:\/\/schema.org","@graph":[{"@type":"WebPage","@id":"https:\/\/odysseus-contests.eu\/2016\/es\/explorers\/premios\/","url":"https:\/\/odysseus-contests.eu\/2016\/es\/explorers\/premios\/","name":"Premios - ODYSSEUS II","isPartOf":{"@id":"https:\/\/odysseus-contests.eu\/2016\/de\/#website"},"datePublished":"2015-08-13T08:57:59+00:00","dateModified":"2015-08-13T08:57:59+00:00","breadcrumb":{"@id":"https:\/\/odysseus-contests.eu\/2016\/es\/explorers\/premios\/#breadcrumb"},"inLanguage":"es","potentialAction":[{"@type":"ReadAction","target":["https:\/\/odysseus-contests.eu\/2016\/es\/explorers\/premios\/"]}]},{"@type":"BreadcrumbList","@id":"https:\/\/odysseus-contests.eu\/2016\/es\/explorers\/premios\/#breadcrumb","itemListElement":[{"@type":"ListItem","position":1,"name":"Home","item":"https:\/\/odysseus-contests.eu\/2016\/es\/"},{"@type":"ListItem","position":2,"name":"Explorers","item":"https:\/\/odysseus-contests.eu\/2016\/es\/explorers\/"},{"@type":"ListItem","position":3,"name":"Premios"}]},{"@type":"WebSite","@id":"https:\/\/odysseus-contests.eu\/2016\/de\/#website","url":"https:\/\/odysseus-contests.eu\/2016\/de\/","name":"ODYSSEUS II","description":"European Youth Space Contest","potentialAction":[{"@type":"SearchAction","target":{"@type":"EntryPoint","urlTemplate":"https:\/\/odysseus-contests.eu\/2016\/de\/?s={search_term_string}"},"query-input":"required name=search_term_string"}],"inLanguage":"es"}]}},"_links":{"self":[{"href":"https:\/\/odysseus-contests.eu\/2016\/es\/wp-json\/wp\/v2\/pages\/3750"}],"collection":[{"href":"https:\/\/odysseus-contests.eu\/2016\/es\/wp-json\/wp\/v2\/pages"}],"about":[{"href":"https:\/\/odysseus-contests.eu\/2016\/es\/wp-json\/wp\/v2\/types\/page"}],"author":[{"embeddable":true,"href":"https:\/\/odysseus-contests.eu\/2016\/es\/wp-json\/wp\/v2\/users\/5"}],"replies":[{"embeddable":true,"href":"https:\/\/odysseus-contests.eu\/2016\/es\/wp-json\/wp\/v2\/comments?post=3750"}],"version-history":[{"count":0,"href":"https:\/\/odysseus-contests.eu\/2016\/es\/wp-json\/wp\/v2\/pages\/3750\/revisions"}],"up":[{"embeddable":true,"href":"https:\/\/odysseus-contests.eu\/2016\/es\/wp-json\/wp\/v2\/pages\/3736"}],"wp:attachment":[{"href":"https:\/\/odysseus-contests.eu\/2016\/es\/wp-json\/wp\/v2\/media?parent=3750"}],"curies":[{"name":"wp","href":"https:\/\/api.w.org\/{rel}","templated":true}]}}