{"id":3748,"date":"2015-08-13T11:55:57","date_gmt":"2015-08-13T08:55:57","guid":{"rendered":"http:\/\/odysseus-contests.eu\/2016\/?page_id=3748"},"modified":"2016-04-10T00:23:10","modified_gmt":"2016-04-09T21:23:10","slug":"calendario","status":"publish","type":"page","link":"https:\/\/odysseus-contests.eu\/2016\/es\/explorers\/calendario\/","title":{"rendered":"Calendario"},"content":{"rendered":"<ul>\n<li>Plazo de Inscripci\u00f3n desde el 01 de septiembre de 2015<\/li>\n<li>Finalizaci\u00f3n plazo presentaci\u00f3n de proyectos el 15 de enero de 2016<\/li>\n<li>Per\u00edodo de evaluaci\u00f3n del 16 enero al 26 febrero de 2016<\/li>\n<li>Anuncio de los Ganadores Nacionales el 28 de febrero de 2016<\/li>\n<li>Fase Regional del 30 marzo de 2016 al 15 mayo de 2016<\/li>\n<li>Anuncio de los finalistas el 15 de mayo de 2016<\/li>\n<li>Fase final del 5 hasta 8 julio de 2016<\/li>\n<li>Entrega de premios el 8 de julio de 2016<\/li>\n<\/ul>\n","protected":false},"excerpt":{"rendered":"<p>Plazo de Inscripci\u00f3n desde el 01 de septiembre de 2015 Finalizaci\u00f3n plazo presentaci\u00f3n de proyectos el 15 de enero de 2016 Per\u00edodo de evaluaci\u00f3n del 16 enero al 26 febrero de 2016 Anuncio de los Ganadores Nacionales el 28 de febrero de 2016 Fase Regional del 30 marzo de 2016 al 15 mayo de 2016 [&hellip;]<\/p>\n","protected":false},"author":5,"featured_media":0,"parent":3736,"menu_order":30,"comment_status":"closed","ping_status":"closed","template":"","meta":[],"acf":[],"yoast_head":"<!-- This site is optimized with the Yoast SEO plugin v19.14 - https:\/\/yoast.com\/wordpress\/plugins\/seo\/ -->\n<title>Calendario - ODYSSEUS II<\/title>\n<meta name=\"robots\" content=\"index, follow, max-snippet:-1, max-image-preview:large, max-video-preview:-1\" \/>\n<link rel=\"canonical\" href=\"https:\/\/odysseus-contests.eu\/2016\/es\/explorers\/calendario\/\" \/>\n<meta property=\"og:locale\" content=\"es_ES\" \/>\n<meta property=\"og:type\" content=\"article\" \/>\n<meta property=\"og:title\" content=\"Calendario - ODYSSEUS II\" \/>\n<meta property=\"og:description\" content=\"Plazo de Inscripci\u00f3n desde el 01 de septiembre de 2015 Finalizaci\u00f3n plazo presentaci\u00f3n de proyectos el 15 de enero de 2016 Per\u00edodo de evaluaci\u00f3n del 16 enero al 26 febrero de 2016 Anuncio de los Ganadores Nacionales el 28 de febrero de 2016 Fase Regional del 30 marzo de 2016 al 15 mayo de 2016 [&hellip;]\" \/>\n<meta property=\"og:url\" content=\"https:\/\/odysseus-contests.eu\/2016\/es\/explorers\/calendario\/\" \/>\n<meta property=\"og:site_name\" content=\"ODYSSEUS II\" \/>\n<meta property=\"article:modified_time\" content=\"2016-04-09T21:23:10+00:00\" \/>\n<meta name=\"twitter:card\" content=\"summary_large_image\" \/>\n<script type=\"application\/ld+json\" class=\"yoast-schema-graph\">{\"@context\":\"https:\/\/schema.org\",\"@graph\":[{\"@type\":\"WebPage\",\"@id\":\"https:\/\/odysseus-contests.eu\/2016\/es\/explorers\/calendario\/\",\"url\":\"https:\/\/odysseus-contests.eu\/2016\/es\/explorers\/calendario\/\",\"name\":\"Calendario - ODYSSEUS II\",\"isPartOf\":{\"@id\":\"https:\/\/odysseus-contests.eu\/2016\/de\/#website\"},\"datePublished\":\"2015-08-13T08:55:57+00:00\",\"dateModified\":\"2016-04-09T21:23:10+00:00\",\"breadcrumb\":{\"@id\":\"https:\/\/odysseus-contests.eu\/2016\/es\/explorers\/calendario\/#breadcrumb\"},\"inLanguage\":\"es\",\"potentialAction\":[{\"@type\":\"ReadAction\",\"target\":[\"https:\/\/odysseus-contests.eu\/2016\/es\/explorers\/calendario\/\"]}]},{\"@type\":\"BreadcrumbList\",\"@id\":\"https:\/\/odysseus-contests.eu\/2016\/es\/explorers\/calendario\/#breadcrumb\",\"itemListElement\":[{\"@type\":\"ListItem\",\"position\":1,\"name\":\"Home\",\"item\":\"https:\/\/odysseus-contests.eu\/2016\/es\/\"},{\"@type\":\"ListItem\",\"position\":2,\"name\":\"Explorers\",\"item\":\"https:\/\/odysseus-contests.eu\/2016\/es\/explorers\/\"},{\"@type\":\"ListItem\",\"position\":3,\"name\":\"Calendario\"}]},{\"@type\":\"WebSite\",\"@id\":\"https:\/\/odysseus-contests.eu\/2016\/de\/#website\",\"url\":\"https:\/\/odysseus-contests.eu\/2016\/de\/\",\"name\":\"ODYSSEUS II\",\"description\":\"European Youth Space Contest\",\"potentialAction\":[{\"@type\":\"SearchAction\",\"target\":{\"@type\":\"EntryPoint\",\"urlTemplate\":\"https:\/\/odysseus-contests.eu\/2016\/de\/?s={search_term_string}\"},\"query-input\":\"required name=search_term_string\"}],\"inLanguage\":\"es\"}]}<\/script>\n<!-- \/ Yoast SEO plugin. -->","yoast_head_json":{"title":"Calendario - ODYSSEUS II","robots":{"index":"index","follow":"follow","max-snippet":"max-snippet:-1","max-image-preview":"max-image-preview:large","max-video-preview":"max-video-preview:-1"},"canonical":"https:\/\/odysseus-contests.eu\/2016\/es\/explorers\/calendario\/","og_locale":"es_ES","og_type":"article","og_title":"Calendario - ODYSSEUS II","og_description":"Plazo de Inscripci\u00f3n desde el 01 de septiembre de 2015 Finalizaci\u00f3n plazo presentaci\u00f3n de proyectos el 15 de enero de 2016 Per\u00edodo de evaluaci\u00f3n del 16 enero al 26 febrero de 2016 Anuncio de los Ganadores Nacionales el 28 de febrero de 2016 Fase Regional del 30 marzo de 2016 al 15 mayo de 2016 [&hellip;]","og_url":"https:\/\/odysseus-contests.eu\/2016\/es\/explorers\/calendario\/","og_site_name":"ODYSSEUS II","article_modified_time":"2016-04-09T21:23:10+00:00","twitter_card":"summary_large_image","schema":{"@context":"https:\/\/schema.org","@graph":[{"@type":"WebPage","@id":"https:\/\/odysseus-contests.eu\/2016\/es\/explorers\/calendario\/","url":"https:\/\/odysseus-contests.eu\/2016\/es\/explorers\/calendario\/","name":"Calendario - ODYSSEUS II","isPartOf":{"@id":"https:\/\/odysseus-contests.eu\/2016\/de\/#website"},"datePublished":"2015-08-13T08:55:57+00:00","dateModified":"2016-04-09T21:23:10+00:00","breadcrumb":{"@id":"https:\/\/odysseus-contests.eu\/2016\/es\/explorers\/calendario\/#breadcrumb"},"inLanguage":"es","potentialAction":[{"@type":"ReadAction","target":["https:\/\/odysseus-contests.eu\/2016\/es\/explorers\/calendario\/"]}]},{"@type":"BreadcrumbList","@id":"https:\/\/odysseus-contests.eu\/2016\/es\/explorers\/calendario\/#breadcrumb","itemListElement":[{"@type":"ListItem","position":1,"name":"Home","item":"https:\/\/odysseus-contests.eu\/2016\/es\/"},{"@type":"ListItem","position":2,"name":"Explorers","item":"https:\/\/odysseus-contests.eu\/2016\/es\/explorers\/"},{"@type":"ListItem","position":3,"name":"Calendario"}]},{"@type":"WebSite","@id":"https:\/\/odysseus-contests.eu\/2016\/de\/#website","url":"https:\/\/odysseus-contests.eu\/2016\/de\/","name":"ODYSSEUS II","description":"European Youth Space Contest","potentialAction":[{"@type":"SearchAction","target":{"@type":"EntryPoint","urlTemplate":"https:\/\/odysseus-contests.eu\/2016\/de\/?s={search_term_string}"},"query-input":"required name=search_term_string"}],"inLanguage":"es"}]}},"_links":{"self":[{"href":"https:\/\/odysseus-contests.eu\/2016\/es\/wp-json\/wp\/v2\/pages\/3748"}],"collection":[{"href":"https:\/\/odysseus-contests.eu\/2016\/es\/wp-json\/wp\/v2\/pages"}],"about":[{"href":"https:\/\/odysseus-contests.eu\/2016\/es\/wp-json\/wp\/v2\/types\/page"}],"author":[{"embeddable":true,"href":"https:\/\/odysseus-contests.eu\/2016\/es\/wp-json\/wp\/v2\/users\/5"}],"replies":[{"embeddable":true,"href":"https:\/\/odysseus-contests.eu\/2016\/es\/wp-json\/wp\/v2\/comments?post=3748"}],"version-history":[{"count":3,"href":"https:\/\/odysseus-contests.eu\/2016\/es\/wp-json\/wp\/v2\/pages\/3748\/revisions"}],"predecessor-version":[{"id":9672,"href":"https:\/\/odysseus-contests.eu\/2016\/es\/wp-json\/wp\/v2\/pages\/3748\/revisions\/9672"}],"up":[{"embeddable":true,"href":"https:\/\/odysseus-contests.eu\/2016\/es\/wp-json\/wp\/v2\/pages\/3736"}],"wp:attachment":[{"href":"https:\/\/odysseus-contests.eu\/2016\/es\/wp-json\/wp\/v2\/media?parent=3748"}],"curies":[{"name":"wp","href":"https:\/\/api.w.org\/{rel}","templated":true}]}}