{"id":3746,"date":"2015-08-13T11:53:24","date_gmt":"2015-08-13T08:53:24","guid":{"rendered":"http:\/\/odysseus-contests.eu\/2016\/?page_id=3746"},"modified":"2015-10-07T16:10:03","modified_gmt":"2015-10-07T13:10:03","slug":"instrucciones","status":"publish","type":"page","link":"https:\/\/odysseus-contests.eu\/2016\/es\/explorers\/instrucciones\/","title":{"rendered":"Instrucciones"},"content":{"rendered":"<div class=\"panel-group\" id=\"custom-collapse-0\"> <div class=\"panel panel-default\">\n        <div class=\"panel-heading\">\n          <h4 class=\"panel-title\">\n            <a class=\"\" data-toggle=\"collapse\" data-parent=\"#custom-collapse-0\"\" href=\"#custom-collapse-0-0\">Paso uno<\/a>\n          <\/h4>\n        <\/div>\n        <div id=\"custom-collapse-0-0\" class=\"panel-collapse in\">\n          <div class=\"panel-body\"> Reg\u00edstrate en el concurso, rellena el formulario de inscripci\u00f3n y acepta las reglas. <\/div>\n        <\/div>\n      <\/div> <div class=\"panel panel-default\">\n        <div class=\"panel-heading\">\n          <h4 class=\"panel-title\">\n            <a class=\"collapsed\" data-toggle=\"collapse\" data-parent=\"#custom-collapse-0\"\" href=\"#custom-collapse-0-1\">Paso dos<\/a>\n          <\/h4>\n        <\/div>\n        <div id=\"custom-collapse-0-1\" class=\"panel-collapse collapse\">\n          <div class=\"panel-body\"> Elegir el tema del proyecto.<\/p>\n<p>El tema general del concurso es la Utilizaci\u00f3n del Espacio y todos aquellos proyectos relacionados como las misiones Galileo, Cop\u00e9rnico, Rosetta y Gaia (las misiones respaldadas por la Uni\u00f3n Europea, la ESA y la industria espacial). Estas misiones nos facilitan el camino en nuestra vida cotidiana y nos abren las puertas a nuevos conocimientos del Universo. Los estudiantes universitarios de todas las disciplinas acad\u00e9micas podr\u00e1n participar en la categor\u00eda Explorers. El listado de posibles temas no solo incluye \u00e1reas de conocimiento relacionados como la ingenier\u00eda, la tecnolog\u00eda y las ciencias naturales, sino tambi\u00e9n ciencias sociales y humanidades.<\/p>\n<p>En este contexto los participantes podr\u00e1n elegir un tema de la siguiente lista:<\/p>\n<h4>Galileo: beneficios cotidianos de las aplicaciones espaciales<\/h4>\n<p>Galileo es el primer Sistema de Posicionamiento Global desarrollado en Europa. Es mejor, m\u00e1s r\u00e1pido y le hemos bautizado con el nombre de uno de nuestros m\u00e1s insignes cient\u00edficos. No solo genera empleo y otros beneficios si no que proporcionar\u00e1 una mayor independencia europea del exterior. \u00bfC\u00f3mo influir\u00e1 en nuestra vida? \u00bfC\u00f3mo modifican los programas espaciales nuestras vidas, y qu\u00e9 beneficios obtenemos?<\/p>\n<p>Temas:<\/p>\n<ul>\n<li>Mejorar el transporte<\/li>\n<li>Mejor respuesta ante las crisis<\/li>\n<li>Facilitar el acceso a servicios de informaci\u00f3n y conocimiento<\/li>\n<li>Mejorar y aumentar la eficacia en agricultura y pesca<\/li>\n<li>Proteger el medio ambiente y combatir el cambio clim\u00e1tico<\/li>\n<li>Incrementar la seguridad nacional<\/li>\n<li>Mejorar la salud de los ciudadanos<\/li>\n<li>Facilitar la observaci\u00f3n de la Tierra<\/li>\n<li>Dotar de comunicaciones m\u00e1s r\u00e1pidas y mejores<\/li>\n<\/ul>\n<h4>Cop\u00e9rnico: Observaci\u00f3n de la tierra<\/h4>\n<p>En el siglo XVI Nicol\u00e1s Cop\u00e9rnico observaba el cielo. Ahora, el proyecto Cop\u00e9rnico de la ESA tambi\u00e9n observa, pero lo hace desde el cielo y mirando a la Tierra. \u00bfC\u00f3mo podemos observar la Tierra? \u00bfC\u00f3mo podemos utilizar los datos obtenidos de la observaci\u00f3n de la Tierra?<\/p>\n<p>Temas:<\/p>\n<ul>\n<li>Proteger el medio ambiente y combatir el cambio clim\u00e1tico<\/li>\n<li>Mejorar la respuesta ante las crisis<\/li>\n<li>Mejorar y aumentar la eficacia en agricultura y pesca<\/li>\n<li>Incrementar la seguridad nacional<\/li>\n<li>Observar la contaminaci\u00f3n lum\u00ednica de la Tierra desde el espacio<\/li>\n<\/ul>\n<h4>Misi\u00f3n Rosetta: Exploraci\u00f3n Espacial<\/h4>\n<p>El primer paso en la Luna fue un gran paso para la humanidad. Otro gran paso en la exploraci\u00f3n espacial ha sido la misi\u00f3n Rosetta que ha culminado con el aterrizaje de la sonda Philae en un cometa. \u00bfCu\u00e1l podr\u00eda ser el pr\u00f3ximo gran salto en la exploraci\u00f3n espacial? \u00bfQu\u00e9 podr\u00edamos encontrar en nuestro universo, y \u00bfc\u00f3mo podr\u00edamos explorarlo m\u00e1s a fondo?<\/p>\n<ul>\n<li>Sistemas de cohetes. \u00bfCu\u00e1les crees que son los sistemas m\u00e1s eficaces y prometedores para el futuro<\/li>\n<li>Europa ha aterrizado en un cometa y en Tit\u00e1n. \u00bfQu\u00e9 beneficios cient\u00edficos nos ha proporcionado?<\/li>\n<li>Exploraci\u00f3n de asteroides. \u00bfC\u00f3mo podemos utilizar sus recursos naturales?<\/li>\n<li>Exploraci\u00f3n de planetas terrestres. \u00bfQu\u00e9 nos ense\u00f1an de la Tierra?<\/li>\n<li>Los vuelos espaciales tripulados. \u00bfCu\u00e1l es tu opini\u00f3n sobre las futuras misiones?<\/li>\n<li>\u00bfC\u00f3mo te planteas la existencia de una ciudad permanente y autosuficiente en la Luna?<\/li>\n<\/ul>\n<h4>Misi\u00f3n Gaia: Observando las estrellas<\/h4>\n<p>Durante cinco a\u00f1os Gaia vigilar\u00e1 el Universo. \u00bfQu\u00e9 crees que va a encontrar all\u00ed y c\u00f3mo podr\u00edamos ayudarla?<\/p>\n<ul>\n<li>C\u00f3mo crees que la Misi\u00f3n Gaia puede modificar nuestra percepci\u00f3n de la parte m\u00e1s cercana de la galaxia al Sol y a nuestro planeta?<\/li>\n<li>Buscando una segunda Tierra. El esfuerzo de Europa en la investigaci\u00f3n de exoplanetas<\/li>\n<li>Argumenta a favor de la b\u00fasqueda de civilizaciones fuera de la tierra. \u00bfPor qu\u00e9 las instituciones deber\u00edan promover este tipo de investigaci\u00f3n? (escribir ensayo).<\/li>\n<li>Grandes telescopios espaciales. \u00bfPor qu\u00e9 es el espacio un buen lugar para observar el Universo?<\/li>\n<li>Observar objetos referenciados por Gaia.<\/li>\n<li>Discutir sobre qu\u00e9 es la vida a partir de la variedad de posibles formas de vida.<\/li>\n<\/ul>\n<h4>M\u00e1s general: establecer v\u00ednculos entre los datos de campo y los de sat\u00e9lite<\/h4>\n<ul>\n<li>Datos meteorol\u00f3gicos de campo<\/li>\n<li>Datos sobre la agricultura (humedad del suelo, desarrollo de la vegetaci\u00f3n, estado de la vegetaci\u00f3n &#8230;)<\/li>\n<li>Propuesta de mapas para el desarrollo de plagas de mosquitos\u2026<\/li>\n<li>Propuesta de mapas para epidemias de gripes u otras enfermedades\u2026<\/li>\n<li>Propuesta de recopilaci\u00f3n de datos en niveles de aguas en r\u00edos, suelos &#8230;<\/li>\n<li>Observaci\u00f3n del cielo: meteoritos, nubes, tormentas &#8230;<\/li>\n<\/ul>\n<p>Los participantes deber\u00e1n elegir el tipo de proyecto en el que les gustar\u00eda trabajar. Puede ser un experimento, un v\u00eddeo, un prototipo, una presentaci\u00f3n, o cualquier otra idea (ver Limitaciones<a href=\"#_ftn1\" name=\"_ftnref1\">[1])<\/a><\/p>\n<p>Comprueba la plantilla de presentaci\u00f3n proporcionada por los organizadores, su utilizaci\u00f3n no es obligatoria pero si se recomienda, se puede encontrar <a href=\"http:\/\/odysseus-contests.eu\/2016\/wp-content\/uploads\/2015\/08\/ODYSSEUS_Project_Worksheet_spanish.docx\" target=\"_blank\">aqu\u00ed<\/a>.<\/p>\n<p>&nbsp;<\/p>\n<p>&nbsp;<\/p>\n<p>&nbsp;<\/p>\n<p><a href=\"#_ftnref1\" name=\"_ftn1\">[1]<\/a> Los archivos electr\u00f3nicos que documenten cada proyecto podr\u00e1n incluir: ensayos con ilustraciones, presentaciones de PowerPoint, posters, enlaces a v\u00eddeos, enlaces a sitios web de proyectos y archivos de audio.<\/p>\n<p>Los formatos permitidos son:<\/p>\n<ul>\n<li><em>Documentos<\/em><em>: Microsoft Word (.docx, .doc), Abobe PDF(.pdf), .txt, Adobe PostScript (.ps), Microsoft PowerPoint (.ppt, .pptx, .pps, .ppsx)<\/em><\/li>\n<li><em>Im\u00e1genes<\/em><em>: .png, .jpg .bmp, .gif<\/em><\/li>\n<li>Videos: Todos los videos se deben cargar en youtube o vimeo y proporcionar el enlace.<\/li>\n<li>Audio: .mp3<\/li>\n<li>Formatos para comprimir: .tar .gz .zip .7z<\/li>\n<\/ul>\n<p>El l\u00edmite m\u00e1ximo del tama\u00f1o total de los archivos no comprimidos es: <strong>20 MB<\/strong><\/p>\n<p>El gasto en materiales de cada proyecto no podr\u00e1 superar los 150\u20ac<\/p>\n<\/div>\n        <\/div>\n      <\/div> <div class=\"panel panel-default\">\n        <div class=\"panel-heading\">\n          <h4 class=\"panel-title\">\n            <a class=\"collapsed\" data-toggle=\"collapse\" data-parent=\"#custom-collapse-0\"\" href=\"#custom-collapse-0-2\">Paso tres<\/a>\n          <\/h4>\n        <\/div>\n        <div id=\"custom-collapse-0-2\" class=\"panel-collapse collapse\">\n          <div class=\"panel-body\"> Los participantes deben llevar a cabo la investigaci\u00f3n centr\u00e1ndose en el tema de su proyecto y el dise\u00f1o de la soluci\u00f3n o la elaboraci\u00f3n final de su trabajo. En esta fase se anima a los participantes a consultar a los mentores sobre la viabilidad y la validez cient\u00edfica de sus ideas.<br \/>\nTodos los participantes deben desarrollar el proyecto de acuerdo con los requisitos de Odysseus \u0399\u0399 para garantizar que no haya plagios y que proporcionan todas las referencias necesarias para la evaluaci\u00f3n del proyecto. <\/div>\n        <\/div>\n      <\/div> <div class=\"panel panel-default\">\n        <div class=\"panel-heading\">\n          <h4 class=\"panel-title\">\n            <a class=\"collapsed\" data-toggle=\"collapse\" data-parent=\"#custom-collapse-0\"\" href=\"#custom-collapse-0-3\">Paso cuatro<\/a>\n          <\/h4>\n        <\/div>\n        <div id=\"custom-collapse-0-3\" class=\"panel-collapse collapse\">\n          <div class=\"panel-body\"> El \u00faltimo paso es subir el proyecto a la p\u00e1gina web de Odysseus. Los participantes pueden desarrollar y presentar su proyecto en cualquiera de las 24 lenguas oficiales de la UE. <\/div>\n        <\/div>\n      <\/div> <\/div>\n","protected":false},"excerpt":{"rendered":"","protected":false},"author":5,"featured_media":0,"parent":3736,"menu_order":10,"comment_status":"closed","ping_status":"closed","template":"","meta":[],"acf":[],"yoast_head":"<!-- This site is optimized with the Yoast SEO plugin v19.14 - https:\/\/yoast.com\/wordpress\/plugins\/seo\/ -->\n<title>Instrucciones - ODYSSEUS II<\/title>\n<meta name=\"robots\" content=\"index, follow, max-snippet:-1, max-image-preview:large, max-video-preview:-1\" \/>\n<link rel=\"canonical\" href=\"https:\/\/odysseus-contests.eu\/2016\/es\/explorers\/instrucciones\/\" \/>\n<meta property=\"og:locale\" content=\"es_ES\" \/>\n<meta property=\"og:type\" content=\"article\" \/>\n<meta property=\"og:title\" content=\"Instrucciones - ODYSSEUS II\" \/>\n<meta property=\"og:url\" content=\"https:\/\/odysseus-contests.eu\/2016\/es\/explorers\/instrucciones\/\" \/>\n<meta property=\"og:site_name\" content=\"ODYSSEUS II\" \/>\n<meta property=\"article:modified_time\" content=\"2015-10-07T13:10:03+00:00\" \/>\n<meta name=\"twitter:card\" content=\"summary_large_image\" \/>\n<meta name=\"twitter:label1\" content=\"Tiempo de lectura\" \/>\n\t<meta name=\"twitter:data1\" content=\"5 minutos\" \/>\n<script type=\"application\/ld+json\" class=\"yoast-schema-graph\">{\"@context\":\"https:\/\/schema.org\",\"@graph\":[{\"@type\":\"WebPage\",\"@id\":\"https:\/\/odysseus-contests.eu\/2016\/es\/explorers\/instrucciones\/\",\"url\":\"https:\/\/odysseus-contests.eu\/2016\/es\/explorers\/instrucciones\/\",\"name\":\"Instrucciones - ODYSSEUS II\",\"isPartOf\":{\"@id\":\"https:\/\/odysseus-contests.eu\/2016\/de\/#website\"},\"datePublished\":\"2015-08-13T08:53:24+00:00\",\"dateModified\":\"2015-10-07T13:10:03+00:00\",\"breadcrumb\":{\"@id\":\"https:\/\/odysseus-contests.eu\/2016\/es\/explorers\/instrucciones\/#breadcrumb\"},\"inLanguage\":\"es\",\"potentialAction\":[{\"@type\":\"ReadAction\",\"target\":[\"https:\/\/odysseus-contests.eu\/2016\/es\/explorers\/instrucciones\/\"]}]},{\"@type\":\"BreadcrumbList\",\"@id\":\"https:\/\/odysseus-contests.eu\/2016\/es\/explorers\/instrucciones\/#breadcrumb\",\"itemListElement\":[{\"@type\":\"ListItem\",\"position\":1,\"name\":\"Home\",\"item\":\"https:\/\/odysseus-contests.eu\/2016\/es\/\"},{\"@type\":\"ListItem\",\"position\":2,\"name\":\"Explorers\",\"item\":\"https:\/\/odysseus-contests.eu\/2016\/es\/explorers\/\"},{\"@type\":\"ListItem\",\"position\":3,\"name\":\"Instrucciones\"}]},{\"@type\":\"WebSite\",\"@id\":\"https:\/\/odysseus-contests.eu\/2016\/de\/#website\",\"url\":\"https:\/\/odysseus-contests.eu\/2016\/de\/\",\"name\":\"ODYSSEUS II\",\"description\":\"European Youth Space Contest\",\"potentialAction\":[{\"@type\":\"SearchAction\",\"target\":{\"@type\":\"EntryPoint\",\"urlTemplate\":\"https:\/\/odysseus-contests.eu\/2016\/de\/?s={search_term_string}\"},\"query-input\":\"required name=search_term_string\"}],\"inLanguage\":\"es\"}]}<\/script>\n<!-- \/ Yoast SEO plugin. -->","yoast_head_json":{"title":"Instrucciones - ODYSSEUS II","robots":{"index":"index","follow":"follow","max-snippet":"max-snippet:-1","max-image-preview":"max-image-preview:large","max-video-preview":"max-video-preview:-1"},"canonical":"https:\/\/odysseus-contests.eu\/2016\/es\/explorers\/instrucciones\/","og_locale":"es_ES","og_type":"article","og_title":"Instrucciones - ODYSSEUS II","og_url":"https:\/\/odysseus-contests.eu\/2016\/es\/explorers\/instrucciones\/","og_site_name":"ODYSSEUS II","article_modified_time":"2015-10-07T13:10:03+00:00","twitter_card":"summary_large_image","twitter_misc":{"Tiempo de lectura":"5 minutos"},"schema":{"@context":"https:\/\/schema.org","@graph":[{"@type":"WebPage","@id":"https:\/\/odysseus-contests.eu\/2016\/es\/explorers\/instrucciones\/","url":"https:\/\/odysseus-contests.eu\/2016\/es\/explorers\/instrucciones\/","name":"Instrucciones - ODYSSEUS II","isPartOf":{"@id":"https:\/\/odysseus-contests.eu\/2016\/de\/#website"},"datePublished":"2015-08-13T08:53:24+00:00","dateModified":"2015-10-07T13:10:03+00:00","breadcrumb":{"@id":"https:\/\/odysseus-contests.eu\/2016\/es\/explorers\/instrucciones\/#breadcrumb"},"inLanguage":"es","potentialAction":[{"@type":"ReadAction","target":["https:\/\/odysseus-contests.eu\/2016\/es\/explorers\/instrucciones\/"]}]},{"@type":"BreadcrumbList","@id":"https:\/\/odysseus-contests.eu\/2016\/es\/explorers\/instrucciones\/#breadcrumb","itemListElement":[{"@type":"ListItem","position":1,"name":"Home","item":"https:\/\/odysseus-contests.eu\/2016\/es\/"},{"@type":"ListItem","position":2,"name":"Explorers","item":"https:\/\/odysseus-contests.eu\/2016\/es\/explorers\/"},{"@type":"ListItem","position":3,"name":"Instrucciones"}]},{"@type":"WebSite","@id":"https:\/\/odysseus-contests.eu\/2016\/de\/#website","url":"https:\/\/odysseus-contests.eu\/2016\/de\/","name":"ODYSSEUS II","description":"European Youth Space Contest","potentialAction":[{"@type":"SearchAction","target":{"@type":"EntryPoint","urlTemplate":"https:\/\/odysseus-contests.eu\/2016\/de\/?s={search_term_string}"},"query-input":"required name=search_term_string"}],"inLanguage":"es"}]}},"_links":{"self":[{"href":"https:\/\/odysseus-contests.eu\/2016\/es\/wp-json\/wp\/v2\/pages\/3746"}],"collection":[{"href":"https:\/\/odysseus-contests.eu\/2016\/es\/wp-json\/wp\/v2\/pages"}],"about":[{"href":"https:\/\/odysseus-contests.eu\/2016\/es\/wp-json\/wp\/v2\/types\/page"}],"author":[{"embeddable":true,"href":"https:\/\/odysseus-contests.eu\/2016\/es\/wp-json\/wp\/v2\/users\/5"}],"replies":[{"embeddable":true,"href":"https:\/\/odysseus-contests.eu\/2016\/es\/wp-json\/wp\/v2\/comments?post=3746"}],"version-history":[{"count":0,"href":"https:\/\/odysseus-contests.eu\/2016\/es\/wp-json\/wp\/v2\/pages\/3746\/revisions"}],"up":[{"embeddable":true,"href":"https:\/\/odysseus-contests.eu\/2016\/es\/wp-json\/wp\/v2\/pages\/3736"}],"wp:attachment":[{"href":"https:\/\/odysseus-contests.eu\/2016\/es\/wp-json\/wp\/v2\/media?parent=3746"}],"curies":[{"name":"wp","href":"https:\/\/api.w.org\/{rel}","templated":true}]}}