{"id":3717,"date":"2015-08-13T11:02:55","date_gmt":"2015-08-13T08:02:55","guid":{"rendered":"http:\/\/odysseus-contests.eu\/2016\/?page_id=3717"},"modified":"2015-09-02T13:21:20","modified_gmt":"2015-09-02T10:21:20","slug":"informacion-general","status":"publish","type":"page","link":"https:\/\/odysseus-contests.eu\/2016\/es\/about-the-contest\/informacion-general\/","title":{"rendered":"Informaci\u00f3n general"},"content":{"rendered":"<p>Los J\u00f3venes y el Desaf\u00edo Espacial \u2013 El Proyecto ODYSSEUS II pretende inspirar y atraer a los j\u00f3venes de toda Europa al mundo de la exploraci\u00f3n espacial, a partir de una serie de actividades educativas que combinar\u00e1n el aprendizaje cient\u00edfico con experiencias pr\u00e1cticas. El proyecto busca despertar vocaciones cient\u00edficas entre los j\u00f3venes a fin de promover el desarrollo de cient\u00edficos cualificados, ingenieros y t\u00e9cnicos en \u00e1reas de inter\u00e9s prioritario para la Uni\u00f3n Europea, como la pol\u00edtica espacial. En este contexto se ha organizado un concurso educativo planteado de forma l\u00fadica, organizado en varias rondas y dirigido a todos los escolares y estudiantes de Europa, independientemente de d\u00f3nde vivan, de su contexto cultural y de su idioma.<\/p>\n<p><img decoding=\"async\" loading=\"lazy\" width=\"700\" height=\"440\" class=\"img-responsive size-full wp-image-4574\" src=\"http:\/\/odysseus-contests.eu\/2016\/wp-content\/uploads\/2015\/08\/Stages_SPANISH-1.jpg\" alt=\"Stages\" srcset=\"https:\/\/odysseus-contests.eu\/2016\/wp-content\/uploads\/2015\/08\/Stages_SPANISH-1.jpg 700w, https:\/\/odysseus-contests.eu\/2016\/wp-content\/uploads\/2015\/08\/Stages_SPANISH-1-300x189.jpg 300w\" sizes=\"(max-width: 700px) 100vw, 700px\" \/><\/p>\n<p><img decoding=\"async\" loading=\"lazy\" width=\"700\" height=\"440\" class=\"img-responsive size-full wp-image-4588\" src=\"http:\/\/odysseus-contests.eu\/2016\/wp-content\/uploads\/2015\/08\/Stages_SPANISH-2.jpg\" alt=\"Stages\" srcset=\"https:\/\/odysseus-contests.eu\/2016\/wp-content\/uploads\/2015\/08\/Stages_SPANISH-2.jpg 700w, https:\/\/odysseus-contests.eu\/2016\/wp-content\/uploads\/2015\/08\/Stages_SPANISH-2-300x189.jpg 300w\" sizes=\"(max-width: 700px) 100vw, 700px\" \/><\/p>\n","protected":false},"excerpt":{"rendered":"<p>Los J\u00f3venes y el Desaf\u00edo Espacial \u2013 El Proyecto ODYSSEUS II pretende inspirar y atraer a los j\u00f3venes de toda Europa al mundo de la exploraci\u00f3n espacial, a partir de una serie de actividades educativas que combinar\u00e1n el aprendizaje cient\u00edfico con experiencias pr\u00e1cticas. El proyecto busca despertar vocaciones cient\u00edficas entre los j\u00f3venes a fin de [&hellip;]<\/p>\n","protected":false},"author":5,"featured_media":0,"parent":3700,"menu_order":0,"comment_status":"closed","ping_status":"closed","template":"","meta":[],"acf":[],"yoast_head":"<!-- This site is optimized with the Yoast SEO plugin v19.14 - https:\/\/yoast.com\/wordpress\/plugins\/seo\/ -->\n<title>Informaci\u00f3n general - ODYSSEUS II<\/title>\n<meta name=\"robots\" content=\"index, follow, max-snippet:-1, max-image-preview:large, max-video-preview:-1\" \/>\n<link rel=\"canonical\" href=\"https:\/\/odysseus-contests.eu\/2016\/es\/about-the-contest\/informacion-general\/\" \/>\n<meta property=\"og:locale\" content=\"es_ES\" \/>\n<meta property=\"og:type\" content=\"article\" \/>\n<meta property=\"og:title\" content=\"Informaci\u00f3n general - ODYSSEUS II\" \/>\n<meta property=\"og:description\" content=\"Los J\u00f3venes y el Desaf\u00edo Espacial \u2013 El Proyecto ODYSSEUS II pretende inspirar y atraer a los j\u00f3venes de toda Europa al mundo de la exploraci\u00f3n espacial, a partir de una serie de actividades educativas que combinar\u00e1n el aprendizaje cient\u00edfico con experiencias pr\u00e1cticas. El proyecto busca despertar vocaciones cient\u00edficas entre los j\u00f3venes a fin de [&hellip;]\" \/>\n<meta property=\"og:url\" content=\"https:\/\/odysseus-contests.eu\/2016\/es\/about-the-contest\/informacion-general\/\" \/>\n<meta property=\"og:site_name\" content=\"ODYSSEUS II\" \/>\n<meta property=\"article:modified_time\" content=\"2015-09-02T10:21:20+00:00\" \/>\n<meta property=\"og:image\" content=\"http:\/\/odysseus-contests.eu\/2016\/wp-content\/uploads\/2015\/08\/Stages_SPANISH-1.jpg\" \/>\n<meta name=\"twitter:card\" content=\"summary_large_image\" \/>\n<meta name=\"twitter:label1\" content=\"Tiempo de lectura\" \/>\n\t<meta name=\"twitter:data1\" content=\"1 minuto\" \/>\n<script type=\"application\/ld+json\" class=\"yoast-schema-graph\">{\"@context\":\"https:\/\/schema.org\",\"@graph\":[{\"@type\":\"WebPage\",\"@id\":\"https:\/\/odysseus-contests.eu\/2016\/es\/about-the-contest\/informacion-general\/\",\"url\":\"https:\/\/odysseus-contests.eu\/2016\/es\/about-the-contest\/informacion-general\/\",\"name\":\"Informaci\u00f3n general - ODYSSEUS II\",\"isPartOf\":{\"@id\":\"https:\/\/odysseus-contests.eu\/2016\/de\/#website\"},\"datePublished\":\"2015-08-13T08:02:55+00:00\",\"dateModified\":\"2015-09-02T10:21:20+00:00\",\"breadcrumb\":{\"@id\":\"https:\/\/odysseus-contests.eu\/2016\/es\/about-the-contest\/informacion-general\/#breadcrumb\"},\"inLanguage\":\"es\",\"potentialAction\":[{\"@type\":\"ReadAction\",\"target\":[\"https:\/\/odysseus-contests.eu\/2016\/es\/about-the-contest\/informacion-general\/\"]}]},{\"@type\":\"BreadcrumbList\",\"@id\":\"https:\/\/odysseus-contests.eu\/2016\/es\/about-the-contest\/informacion-general\/#breadcrumb\",\"itemListElement\":[{\"@type\":\"ListItem\",\"position\":1,\"name\":\"Home\",\"item\":\"https:\/\/odysseus-contests.eu\/2016\/es\/\"},{\"@type\":\"ListItem\",\"position\":2,\"name\":\"Acerca de ODYSSEUS\",\"item\":\"https:\/\/odysseus-contests.eu\/2016\/es\/about-the-contest\/\"},{\"@type\":\"ListItem\",\"position\":3,\"name\":\"Informaci\u00f3n general\"}]},{\"@type\":\"WebSite\",\"@id\":\"https:\/\/odysseus-contests.eu\/2016\/de\/#website\",\"url\":\"https:\/\/odysseus-contests.eu\/2016\/de\/\",\"name\":\"ODYSSEUS II\",\"description\":\"European Youth Space Contest\",\"potentialAction\":[{\"@type\":\"SearchAction\",\"target\":{\"@type\":\"EntryPoint\",\"urlTemplate\":\"https:\/\/odysseus-contests.eu\/2016\/de\/?s={search_term_string}\"},\"query-input\":\"required name=search_term_string\"}],\"inLanguage\":\"es\"}]}<\/script>\n<!-- \/ Yoast SEO plugin. -->","yoast_head_json":{"title":"Informaci\u00f3n general - ODYSSEUS II","robots":{"index":"index","follow":"follow","max-snippet":"max-snippet:-1","max-image-preview":"max-image-preview:large","max-video-preview":"max-video-preview:-1"},"canonical":"https:\/\/odysseus-contests.eu\/2016\/es\/about-the-contest\/informacion-general\/","og_locale":"es_ES","og_type":"article","og_title":"Informaci\u00f3n general - ODYSSEUS II","og_description":"Los J\u00f3venes y el Desaf\u00edo Espacial \u2013 El Proyecto ODYSSEUS II pretende inspirar y atraer a los j\u00f3venes de toda Europa al mundo de la exploraci\u00f3n espacial, a partir de una serie de actividades educativas que combinar\u00e1n el aprendizaje cient\u00edfico con experiencias pr\u00e1cticas. El proyecto busca despertar vocaciones cient\u00edficas entre los j\u00f3venes a fin de [&hellip;]","og_url":"https:\/\/odysseus-contests.eu\/2016\/es\/about-the-contest\/informacion-general\/","og_site_name":"ODYSSEUS II","article_modified_time":"2015-09-02T10:21:20+00:00","og_image":[{"url":"http:\/\/odysseus-contests.eu\/2016\/wp-content\/uploads\/2015\/08\/Stages_SPANISH-1.jpg"}],"twitter_card":"summary_large_image","twitter_misc":{"Tiempo de lectura":"1 minuto"},"schema":{"@context":"https:\/\/schema.org","@graph":[{"@type":"WebPage","@id":"https:\/\/odysseus-contests.eu\/2016\/es\/about-the-contest\/informacion-general\/","url":"https:\/\/odysseus-contests.eu\/2016\/es\/about-the-contest\/informacion-general\/","name":"Informaci\u00f3n general - ODYSSEUS II","isPartOf":{"@id":"https:\/\/odysseus-contests.eu\/2016\/de\/#website"},"datePublished":"2015-08-13T08:02:55+00:00","dateModified":"2015-09-02T10:21:20+00:00","breadcrumb":{"@id":"https:\/\/odysseus-contests.eu\/2016\/es\/about-the-contest\/informacion-general\/#breadcrumb"},"inLanguage":"es","potentialAction":[{"@type":"ReadAction","target":["https:\/\/odysseus-contests.eu\/2016\/es\/about-the-contest\/informacion-general\/"]}]},{"@type":"BreadcrumbList","@id":"https:\/\/odysseus-contests.eu\/2016\/es\/about-the-contest\/informacion-general\/#breadcrumb","itemListElement":[{"@type":"ListItem","position":1,"name":"Home","item":"https:\/\/odysseus-contests.eu\/2016\/es\/"},{"@type":"ListItem","position":2,"name":"Acerca de ODYSSEUS","item":"https:\/\/odysseus-contests.eu\/2016\/es\/about-the-contest\/"},{"@type":"ListItem","position":3,"name":"Informaci\u00f3n general"}]},{"@type":"WebSite","@id":"https:\/\/odysseus-contests.eu\/2016\/de\/#website","url":"https:\/\/odysseus-contests.eu\/2016\/de\/","name":"ODYSSEUS II","description":"European Youth Space Contest","potentialAction":[{"@type":"SearchAction","target":{"@type":"EntryPoint","urlTemplate":"https:\/\/odysseus-contests.eu\/2016\/de\/?s={search_term_string}"},"query-input":"required name=search_term_string"}],"inLanguage":"es"}]}},"_links":{"self":[{"href":"https:\/\/odysseus-contests.eu\/2016\/es\/wp-json\/wp\/v2\/pages\/3717"}],"collection":[{"href":"https:\/\/odysseus-contests.eu\/2016\/es\/wp-json\/wp\/v2\/pages"}],"about":[{"href":"https:\/\/odysseus-contests.eu\/2016\/es\/wp-json\/wp\/v2\/types\/page"}],"author":[{"embeddable":true,"href":"https:\/\/odysseus-contests.eu\/2016\/es\/wp-json\/wp\/v2\/users\/5"}],"replies":[{"embeddable":true,"href":"https:\/\/odysseus-contests.eu\/2016\/es\/wp-json\/wp\/v2\/comments?post=3717"}],"version-history":[{"count":0,"href":"https:\/\/odysseus-contests.eu\/2016\/es\/wp-json\/wp\/v2\/pages\/3717\/revisions"}],"up":[{"embeddable":true,"href":"https:\/\/odysseus-contests.eu\/2016\/es\/wp-json\/wp\/v2\/pages\/3700"}],"wp:attachment":[{"href":"https:\/\/odysseus-contests.eu\/2016\/es\/wp-json\/wp\/v2\/media?parent=3717"}],"curies":[{"name":"wp","href":"https:\/\/api.w.org\/{rel}","templated":true}]}}