{"id":994,"date":"2015-06-26T15:14:48","date_gmt":"2015-06-26T12:14:48","guid":{"rendered":"http:\/\/odysseus-contests.eu\/2016\/?page_id=994"},"modified":"2016-06-05T11:03:32","modified_gmt":"2016-06-05T08:03:32","slug":"assessment-and-selection","status":"publish","type":"page","link":"https:\/\/odysseus-contests.eu\/2016\/de\/skywalker\/assessment-and-selection\/","title":{"rendered":"Bewertung und Auswahl"},"content":{"rendered":"<p>In der Skywalker-Kategorie stimmen die Teilnehmerinnen und Teilnehmern online \u00fcber die Beitr\u00e4ge ab. Alle Teilnehmerinnen und Teilnehmer k\u00f6nnen f\u00fcr ihr Lieblingsbild stimmen, nur nicht f\u00fcr das eigene. Eine Gewinnerin oder ein Gewinner und ein Zweit- und Drittplatzierter werden in jedem Staat in beiden Altersgruppen ausgew\u00e4hlt: 7 bis 10-j\u00e4hrig (<strong>Junior Skywalker<\/strong>) und 11 bis 13-j\u00e4hrig (<strong>Senior Skywalker<\/strong>). Die Gewinnerinnen und Gewinner der einzelnen Staaten und die Zweitplatzierten kommen in die zweite Runde online abstimmen. Das beliebteste Bild der beiden Altersgruppen gewinnt den gro\u00dfen Preis der Skywalker-Kategorie.<\/p>\n","protected":false},"excerpt":{"rendered":"<p>In der Skywalker-Kategorie stimmen die Teilnehmerinnen und Teilnehmern online \u00fcber die Beitr\u00e4ge ab. Alle Teilnehmerinnen und Teilnehmer k\u00f6nnen f\u00fcr ihr Lieblingsbild stimmen, nur nicht f\u00fcr das eigene. Eine Gewinnerin oder ein Gewinner und ein Zweit- und Drittplatzierter werden in jedem Staat in beiden Altersgruppen ausgew\u00e4hlt: 7 bis 10-j\u00e4hrig (Junior Skywalker) und 11 bis 13-j\u00e4hrig (Senior [&hellip;]<\/p>\n","protected":false},"author":1,"featured_media":0,"parent":975,"menu_order":50,"comment_status":"closed","ping_status":"closed","template":"","meta":[],"acf":[],"yoast_head":"<!-- This site is optimized with the Yoast SEO plugin v19.14 - https:\/\/yoast.com\/wordpress\/plugins\/seo\/ -->\n<title>Bewertung und Auswahl - ODYSSEUS II<\/title>\n<meta name=\"robots\" content=\"index, follow, max-snippet:-1, max-image-preview:large, max-video-preview:-1\" \/>\n<link rel=\"canonical\" href=\"https:\/\/odysseus-contests.eu\/2016\/de\/skywalker\/assessment-and-selection\/\" \/>\n<meta property=\"og:locale\" content=\"de_DE\" \/>\n<meta property=\"og:type\" content=\"article\" \/>\n<meta property=\"og:title\" content=\"Bewertung und Auswahl - ODYSSEUS II\" \/>\n<meta property=\"og:description\" content=\"In der Skywalker-Kategorie stimmen die Teilnehmerinnen und Teilnehmern online \u00fcber die Beitr\u00e4ge ab. Alle Teilnehmerinnen und Teilnehmer k\u00f6nnen f\u00fcr ihr Lieblingsbild stimmen, nur nicht f\u00fcr das eigene. Eine Gewinnerin oder ein Gewinner und ein Zweit- und Drittplatzierter werden in jedem Staat in beiden Altersgruppen ausgew\u00e4hlt: 7 bis 10-j\u00e4hrig (Junior Skywalker) und 11 bis 13-j\u00e4hrig (Senior [&hellip;]\" \/>\n<meta property=\"og:url\" content=\"https:\/\/odysseus-contests.eu\/2016\/de\/skywalker\/assessment-and-selection\/\" \/>\n<meta property=\"og:site_name\" content=\"ODYSSEUS II\" \/>\n<meta property=\"article:modified_time\" content=\"2016-06-05T08:03:32+00:00\" \/>\n<meta name=\"twitter:card\" content=\"summary_large_image\" \/>\n<script type=\"application\/ld+json\" class=\"yoast-schema-graph\">{\"@context\":\"https:\/\/schema.org\",\"@graph\":[{\"@type\":\"WebPage\",\"@id\":\"https:\/\/odysseus-contests.eu\/2016\/de\/skywalker\/assessment-and-selection\/\",\"url\":\"https:\/\/odysseus-contests.eu\/2016\/de\/skywalker\/assessment-and-selection\/\",\"name\":\"Bewertung und Auswahl - ODYSSEUS II\",\"isPartOf\":{\"@id\":\"https:\/\/odysseus-contests.eu\/2016\/de\/#website\"},\"datePublished\":\"2015-06-26T12:14:48+00:00\",\"dateModified\":\"2016-06-05T08:03:32+00:00\",\"breadcrumb\":{\"@id\":\"https:\/\/odysseus-contests.eu\/2016\/de\/skywalker\/assessment-and-selection\/#breadcrumb\"},\"inLanguage\":\"de\",\"potentialAction\":[{\"@type\":\"ReadAction\",\"target\":[\"https:\/\/odysseus-contests.eu\/2016\/de\/skywalker\/assessment-and-selection\/\"]}]},{\"@type\":\"BreadcrumbList\",\"@id\":\"https:\/\/odysseus-contests.eu\/2016\/de\/skywalker\/assessment-and-selection\/#breadcrumb\",\"itemListElement\":[{\"@type\":\"ListItem\",\"position\":1,\"name\":\"Home\",\"item\":\"https:\/\/odysseus-contests.eu\/2016\/de\/\"},{\"@type\":\"ListItem\",\"position\":2,\"name\":\"Skywalker\",\"item\":\"https:\/\/odysseus-contests.eu\/2016\/de\/skywalker\/\"},{\"@type\":\"ListItem\",\"position\":3,\"name\":\"Bewertung und Auswahl\"}]},{\"@type\":\"WebSite\",\"@id\":\"https:\/\/odysseus-contests.eu\/2016\/de\/#website\",\"url\":\"https:\/\/odysseus-contests.eu\/2016\/de\/\",\"name\":\"ODYSSEUS II\",\"description\":\"European Youth Space Contest\",\"potentialAction\":[{\"@type\":\"SearchAction\",\"target\":{\"@type\":\"EntryPoint\",\"urlTemplate\":\"https:\/\/odysseus-contests.eu\/2016\/de\/?s={search_term_string}\"},\"query-input\":\"required name=search_term_string\"}],\"inLanguage\":\"de\"}]}<\/script>\n<!-- \/ Yoast SEO plugin. -->","yoast_head_json":{"title":"Bewertung und Auswahl - ODYSSEUS II","robots":{"index":"index","follow":"follow","max-snippet":"max-snippet:-1","max-image-preview":"max-image-preview:large","max-video-preview":"max-video-preview:-1"},"canonical":"https:\/\/odysseus-contests.eu\/2016\/de\/skywalker\/assessment-and-selection\/","og_locale":"de_DE","og_type":"article","og_title":"Bewertung und Auswahl - ODYSSEUS II","og_description":"In der Skywalker-Kategorie stimmen die Teilnehmerinnen und Teilnehmern online \u00fcber die Beitr\u00e4ge ab. Alle Teilnehmerinnen und Teilnehmer k\u00f6nnen f\u00fcr ihr Lieblingsbild stimmen, nur nicht f\u00fcr das eigene. Eine Gewinnerin oder ein Gewinner und ein Zweit- und Drittplatzierter werden in jedem Staat in beiden Altersgruppen ausgew\u00e4hlt: 7 bis 10-j\u00e4hrig (Junior Skywalker) und 11 bis 13-j\u00e4hrig (Senior [&hellip;]","og_url":"https:\/\/odysseus-contests.eu\/2016\/de\/skywalker\/assessment-and-selection\/","og_site_name":"ODYSSEUS II","article_modified_time":"2016-06-05T08:03:32+00:00","twitter_card":"summary_large_image","schema":{"@context":"https:\/\/schema.org","@graph":[{"@type":"WebPage","@id":"https:\/\/odysseus-contests.eu\/2016\/de\/skywalker\/assessment-and-selection\/","url":"https:\/\/odysseus-contests.eu\/2016\/de\/skywalker\/assessment-and-selection\/","name":"Bewertung und Auswahl - ODYSSEUS II","isPartOf":{"@id":"https:\/\/odysseus-contests.eu\/2016\/de\/#website"},"datePublished":"2015-06-26T12:14:48+00:00","dateModified":"2016-06-05T08:03:32+00:00","breadcrumb":{"@id":"https:\/\/odysseus-contests.eu\/2016\/de\/skywalker\/assessment-and-selection\/#breadcrumb"},"inLanguage":"de","potentialAction":[{"@type":"ReadAction","target":["https:\/\/odysseus-contests.eu\/2016\/de\/skywalker\/assessment-and-selection\/"]}]},{"@type":"BreadcrumbList","@id":"https:\/\/odysseus-contests.eu\/2016\/de\/skywalker\/assessment-and-selection\/#breadcrumb","itemListElement":[{"@type":"ListItem","position":1,"name":"Home","item":"https:\/\/odysseus-contests.eu\/2016\/de\/"},{"@type":"ListItem","position":2,"name":"Skywalker","item":"https:\/\/odysseus-contests.eu\/2016\/de\/skywalker\/"},{"@type":"ListItem","position":3,"name":"Bewertung und Auswahl"}]},{"@type":"WebSite","@id":"https:\/\/odysseus-contests.eu\/2016\/de\/#website","url":"https:\/\/odysseus-contests.eu\/2016\/de\/","name":"ODYSSEUS II","description":"European Youth Space Contest","potentialAction":[{"@type":"SearchAction","target":{"@type":"EntryPoint","urlTemplate":"https:\/\/odysseus-contests.eu\/2016\/de\/?s={search_term_string}"},"query-input":"required name=search_term_string"}],"inLanguage":"de"}]}},"_links":{"self":[{"href":"https:\/\/odysseus-contests.eu\/2016\/de\/wp-json\/wp\/v2\/pages\/994"}],"collection":[{"href":"https:\/\/odysseus-contests.eu\/2016\/de\/wp-json\/wp\/v2\/pages"}],"about":[{"href":"https:\/\/odysseus-contests.eu\/2016\/de\/wp-json\/wp\/v2\/types\/page"}],"author":[{"embeddable":true,"href":"https:\/\/odysseus-contests.eu\/2016\/de\/wp-json\/wp\/v2\/users\/1"}],"replies":[{"embeddable":true,"href":"https:\/\/odysseus-contests.eu\/2016\/de\/wp-json\/wp\/v2\/comments?post=994"}],"version-history":[{"count":1,"href":"https:\/\/odysseus-contests.eu\/2016\/de\/wp-json\/wp\/v2\/pages\/994\/revisions"}],"predecessor-version":[{"id":11775,"href":"https:\/\/odysseus-contests.eu\/2016\/de\/wp-json\/wp\/v2\/pages\/994\/revisions\/11775"}],"up":[{"embeddable":true,"href":"https:\/\/odysseus-contests.eu\/2016\/de\/wp-json\/wp\/v2\/pages\/975"}],"wp:attachment":[{"href":"https:\/\/odysseus-contests.eu\/2016\/de\/wp-json\/wp\/v2\/media?parent=994"}],"curies":[{"name":"wp","href":"https:\/\/api.w.org\/{rel}","templated":true}]}}