{"id":982,"date":"2015-06-26T15:12:24","date_gmt":"2015-06-26T12:12:24","guid":{"rendered":"http:\/\/odysseus-contests.eu\/2016\/?page_id=982"},"modified":"2016-08-19T17:06:54","modified_gmt":"2016-08-19T14:06:54","slug":"teilnahmebedingungen","status":"publish","type":"page","link":"https:\/\/odysseus-contests.eu\/2016\/de\/skywalker\/teilnahmebedingungen\/","title":{"rendered":"Teilnahmebedingungen"},"content":{"rendered":"<ul>\n<li>Am Wettbewerb d\u00fcrfen Sch\u00fclerinnen und Sch\u00fcler im Alter von 7 bis 13 Jahren teilnehmen, die zwischen dem 1. April 2003 und dem 31. M\u00e4rz 2010 geboren wurden.<\/li>\n<li>Skywalker senden Bilder ein, die sie selbst gemacht haben. Als Bilder gelten: von Hand gemalte Bilder (Zeichnungen, Gem\u00e4lde, Mosaike usw.) oder elektronische Bilder (Fotographien, mit Computerprogrammen hergestellte Zeichnungen usw.). Bilder, die nicht elektronisch angefertigt wurden, m\u00fcssen gescannt und in einem erlaubten Format hochgeladen werden.<\/li>\n<li>Skywalker treten nicht in Teams an. Ihre Anmeldung muss von einer erwachsenen Person durchgef\u00fchrt werden (Lehrerin, Lehrer, Familienangeh\u00f6rige, Jugendgruppenleiterin, Jugendgruppenleiter).<\/li>\n<li>Pro Skywalker darf nur ein Bild eingesendet werden.<\/li>\n<li>Alle Teilnehmerinnen und Teilnehmer m\u00fcssen ein originales Weltraumwissenschafts-Bild einsenden, das zu einem der Themen ihrer Altersgruppe passt.<\/li>\n<li>Teilnehmerinnen und Teilnehmer k\u00f6nnen ihre Bilder vom 1. September 2016 bis zum 31. M\u00e4rz 2017 einsenden.<\/li>\n<li>Alle eingesendeten Bilder m\u00fcssen von den Teilnehmern f\u00fcr den Wettbewerb gemacht worden sein.<\/li>\n<li>Beim Skywalker-Bilder-Wettbewerb w\u00e4hlen die Teilnehmerinnen und Teilnehmer die besten Bilder bei der Online-Abstimmung selbst aus. Eine Gewinnerin oder ein Gewinner, ein Zweit- und ein Drittplatzierter werden in jedem teilnehmenden EU- oder EWR-Mitgliedsstaat in beiden Altersgruppen ermittelt: sieben- (7) bis (10) zehnj\u00e4hrige (Junior Skywalkers) und elf- (11) bis dreizehnj\u00e4hrige (13) Kinder (Senior Skywalkers). Die Zuteilung zu einer Altersgruppe erfolgt nach dem Alter der Teilnehmer zum Zeitpunkt des Einsendeschlusses (31. M\u00e4rz 2017). Zu den Junior Skywalker z\u00e4hlen Sch\u00fclerinnen und Sch\u00fcler, die zwischen dem 1. April 2006 und dem 31. M\u00e4rz 2010 geboren wurden. Zu den Senior Skywalker z\u00e4hlen Sch\u00fclerinnen und Sch\u00fcler, die zwischen dem 1. April 2003 und dem 31. M\u00e4rz 2006 geboren wurden.<\/li>\n<li>Bevor die Abstimmung der Teilnehmerinnen und Teilnehmer f\u00fcr das beste Bild der eigenen Altersgruppe beginnt, treffen die Preisrichterinnen und Preisrichter eine Vorauswahl, damit die Anzahl der Bilder, \u00fcber die abgestimmt wird, \u00fcberschaubar bleibt.<\/li>\n<li>Skywalker k\u00f6nnen nur \u00fcber Bilder aus ihrem Staat und ihrer Altersgruppe abstimmen.<\/li>\n<li>Alle Bilder von Skywalker aus nicht-EU-Mitgliedsstaaten formieren einen eigenen Block, der gehandhabt wird, als w\u00e4re er ein eigener Staat.<\/li>\n<li>Die Ergebnisse der nationalen Skywalker-Bilder-Wettbewerbe werden am 3. Juni 2017 bekannt gegeben.<\/li>\n<li>Die Online-Abstimmung der nationalen Gewinnerinnen und Gewinnern startet nach Bekanntgabe der Finalistinnen und Finalisten und dauert bis am 3. Juli 2017. Die beiden Gewinnerinnen und Gewinner der Skywalker-Altersgruppen werden in der Preisverleihungs-Gala des Odysseus II Wettbewerbs bekannt gegeben.<\/li>\n<li>Die Skywalker nehmen nicht an den regionalen Halbfinale teil und reisen auch nicht zum europ\u00e4ischen Finale nach Br\u00fcssel oder Toulouse, doch die nationalen Gewinnerinnen und Gewinner werden bekannt gegeben und ihre Bilder werden am Finale in Br\u00fcssel gezeigt.<\/li>\n<li>Jede Teilnehmerin und jeder Teilnehmer muss eine unterschriebene Einverst\u00e4ndniserkl\u00e4rung der Eltern einsenden, um teilzunehmen.<\/li>\n<li>Jeder Skywalker muss eine erwachsene Person haben, die ihm hilft (Lehrerin, Lehrer, Familienangeh\u00f6rige, Gruppenleiter).<\/li>\n<li>Jede erwachsene Person (Lehrerin, Lehrer, Eltern oder Aufpasser) darf bis zu 50 (f\u00fcnfzig) Bilder von 50 (f\u00fcnfzig) verschiedenen Skywalker einsenden, doch f\u00fcr jede\u00a0Einsendung muss eine Einverst\u00e4ndniserkl\u00e4rung eines Elternteils vorliegen.<em><br \/>\n<\/em><\/li>\n<\/ul>\n","protected":false},"excerpt":{"rendered":"<p>Am Wettbewerb d\u00fcrfen Sch\u00fclerinnen und Sch\u00fcler im Alter von 7 bis 13 Jahren teilnehmen, die zwischen dem 1. April 2003 und dem 31. M\u00e4rz 2010 geboren wurden. Skywalker senden Bilder ein, die sie selbst gemacht haben. Als Bilder gelten: von Hand gemalte Bilder (Zeichnungen, Gem\u00e4lde, Mosaike usw.) oder elektronische Bilder (Fotographien, mit Computerprogrammen hergestellte Zeichnungen [&hellip;]<\/p>\n","protected":false},"author":1,"featured_media":0,"parent":975,"menu_order":20,"comment_status":"closed","ping_status":"closed","template":"","meta":[],"acf":[],"yoast_head":"<!-- This site is optimized with the Yoast SEO plugin v19.14 - https:\/\/yoast.com\/wordpress\/plugins\/seo\/ -->\n<title>Teilnahmebedingungen - ODYSSEUS II<\/title>\n<meta name=\"robots\" content=\"index, follow, max-snippet:-1, max-image-preview:large, max-video-preview:-1\" \/>\n<link rel=\"canonical\" href=\"https:\/\/odysseus-contests.eu\/2016\/de\/skywalker\/teilnahmebedingungen\/\" \/>\n<meta property=\"og:locale\" content=\"de_DE\" \/>\n<meta property=\"og:type\" content=\"article\" \/>\n<meta property=\"og:title\" content=\"Teilnahmebedingungen - ODYSSEUS II\" \/>\n<meta property=\"og:description\" content=\"Am Wettbewerb d\u00fcrfen Sch\u00fclerinnen und Sch\u00fcler im Alter von 7 bis 13 Jahren teilnehmen, die zwischen dem 1. April 2003 und dem 31. M\u00e4rz 2010 geboren wurden. Skywalker senden Bilder ein, die sie selbst gemacht haben. Als Bilder gelten: von Hand gemalte Bilder (Zeichnungen, Gem\u00e4lde, Mosaike usw.) oder elektronische Bilder (Fotographien, mit Computerprogrammen hergestellte Zeichnungen [&hellip;]\" \/>\n<meta property=\"og:url\" content=\"https:\/\/odysseus-contests.eu\/2016\/de\/skywalker\/teilnahmebedingungen\/\" \/>\n<meta property=\"og:site_name\" content=\"ODYSSEUS II\" \/>\n<meta property=\"article:modified_time\" content=\"2016-08-19T14:06:54+00:00\" \/>\n<meta name=\"twitter:card\" content=\"summary_large_image\" \/>\n<meta name=\"twitter:label1\" content=\"Gesch\u00e4tzte Lesezeit\" \/>\n\t<meta name=\"twitter:data1\" content=\"2\u00a0Minuten\" \/>\n<script type=\"application\/ld+json\" class=\"yoast-schema-graph\">{\"@context\":\"https:\/\/schema.org\",\"@graph\":[{\"@type\":\"WebPage\",\"@id\":\"https:\/\/odysseus-contests.eu\/2016\/de\/skywalker\/teilnahmebedingungen\/\",\"url\":\"https:\/\/odysseus-contests.eu\/2016\/de\/skywalker\/teilnahmebedingungen\/\",\"name\":\"Teilnahmebedingungen - ODYSSEUS II\",\"isPartOf\":{\"@id\":\"https:\/\/odysseus-contests.eu\/2016\/de\/#website\"},\"datePublished\":\"2015-06-26T12:12:24+00:00\",\"dateModified\":\"2016-08-19T14:06:54+00:00\",\"breadcrumb\":{\"@id\":\"https:\/\/odysseus-contests.eu\/2016\/de\/skywalker\/teilnahmebedingungen\/#breadcrumb\"},\"inLanguage\":\"de\",\"potentialAction\":[{\"@type\":\"ReadAction\",\"target\":[\"https:\/\/odysseus-contests.eu\/2016\/de\/skywalker\/teilnahmebedingungen\/\"]}]},{\"@type\":\"BreadcrumbList\",\"@id\":\"https:\/\/odysseus-contests.eu\/2016\/de\/skywalker\/teilnahmebedingungen\/#breadcrumb\",\"itemListElement\":[{\"@type\":\"ListItem\",\"position\":1,\"name\":\"Home\",\"item\":\"https:\/\/odysseus-contests.eu\/2016\/de\/\"},{\"@type\":\"ListItem\",\"position\":2,\"name\":\"Skywalker\",\"item\":\"https:\/\/odysseus-contests.eu\/2016\/de\/skywalker\/\"},{\"@type\":\"ListItem\",\"position\":3,\"name\":\"Teilnahmebedingungen\"}]},{\"@type\":\"WebSite\",\"@id\":\"https:\/\/odysseus-contests.eu\/2016\/de\/#website\",\"url\":\"https:\/\/odysseus-contests.eu\/2016\/de\/\",\"name\":\"ODYSSEUS II\",\"description\":\"European Youth Space Contest\",\"potentialAction\":[{\"@type\":\"SearchAction\",\"target\":{\"@type\":\"EntryPoint\",\"urlTemplate\":\"https:\/\/odysseus-contests.eu\/2016\/de\/?s={search_term_string}\"},\"query-input\":\"required name=search_term_string\"}],\"inLanguage\":\"de\"}]}<\/script>\n<!-- \/ Yoast SEO plugin. -->","yoast_head_json":{"title":"Teilnahmebedingungen - ODYSSEUS II","robots":{"index":"index","follow":"follow","max-snippet":"max-snippet:-1","max-image-preview":"max-image-preview:large","max-video-preview":"max-video-preview:-1"},"canonical":"https:\/\/odysseus-contests.eu\/2016\/de\/skywalker\/teilnahmebedingungen\/","og_locale":"de_DE","og_type":"article","og_title":"Teilnahmebedingungen - ODYSSEUS II","og_description":"Am Wettbewerb d\u00fcrfen Sch\u00fclerinnen und Sch\u00fcler im Alter von 7 bis 13 Jahren teilnehmen, die zwischen dem 1. April 2003 und dem 31. M\u00e4rz 2010 geboren wurden. Skywalker senden Bilder ein, die sie selbst gemacht haben. Als Bilder gelten: von Hand gemalte Bilder (Zeichnungen, Gem\u00e4lde, Mosaike usw.) oder elektronische Bilder (Fotographien, mit Computerprogrammen hergestellte Zeichnungen [&hellip;]","og_url":"https:\/\/odysseus-contests.eu\/2016\/de\/skywalker\/teilnahmebedingungen\/","og_site_name":"ODYSSEUS II","article_modified_time":"2016-08-19T14:06:54+00:00","twitter_card":"summary_large_image","twitter_misc":{"Gesch\u00e4tzte Lesezeit":"2\u00a0Minuten"},"schema":{"@context":"https:\/\/schema.org","@graph":[{"@type":"WebPage","@id":"https:\/\/odysseus-contests.eu\/2016\/de\/skywalker\/teilnahmebedingungen\/","url":"https:\/\/odysseus-contests.eu\/2016\/de\/skywalker\/teilnahmebedingungen\/","name":"Teilnahmebedingungen - ODYSSEUS II","isPartOf":{"@id":"https:\/\/odysseus-contests.eu\/2016\/de\/#website"},"datePublished":"2015-06-26T12:12:24+00:00","dateModified":"2016-08-19T14:06:54+00:00","breadcrumb":{"@id":"https:\/\/odysseus-contests.eu\/2016\/de\/skywalker\/teilnahmebedingungen\/#breadcrumb"},"inLanguage":"de","potentialAction":[{"@type":"ReadAction","target":["https:\/\/odysseus-contests.eu\/2016\/de\/skywalker\/teilnahmebedingungen\/"]}]},{"@type":"BreadcrumbList","@id":"https:\/\/odysseus-contests.eu\/2016\/de\/skywalker\/teilnahmebedingungen\/#breadcrumb","itemListElement":[{"@type":"ListItem","position":1,"name":"Home","item":"https:\/\/odysseus-contests.eu\/2016\/de\/"},{"@type":"ListItem","position":2,"name":"Skywalker","item":"https:\/\/odysseus-contests.eu\/2016\/de\/skywalker\/"},{"@type":"ListItem","position":3,"name":"Teilnahmebedingungen"}]},{"@type":"WebSite","@id":"https:\/\/odysseus-contests.eu\/2016\/de\/#website","url":"https:\/\/odysseus-contests.eu\/2016\/de\/","name":"ODYSSEUS II","description":"European Youth Space Contest","potentialAction":[{"@type":"SearchAction","target":{"@type":"EntryPoint","urlTemplate":"https:\/\/odysseus-contests.eu\/2016\/de\/?s={search_term_string}"},"query-input":"required name=search_term_string"}],"inLanguage":"de"}]}},"_links":{"self":[{"href":"https:\/\/odysseus-contests.eu\/2016\/de\/wp-json\/wp\/v2\/pages\/982"}],"collection":[{"href":"https:\/\/odysseus-contests.eu\/2016\/de\/wp-json\/wp\/v2\/pages"}],"about":[{"href":"https:\/\/odysseus-contests.eu\/2016\/de\/wp-json\/wp\/v2\/types\/page"}],"author":[{"embeddable":true,"href":"https:\/\/odysseus-contests.eu\/2016\/de\/wp-json\/wp\/v2\/users\/1"}],"replies":[{"embeddable":true,"href":"https:\/\/odysseus-contests.eu\/2016\/de\/wp-json\/wp\/v2\/comments?post=982"}],"version-history":[{"count":3,"href":"https:\/\/odysseus-contests.eu\/2016\/de\/wp-json\/wp\/v2\/pages\/982\/revisions"}],"predecessor-version":[{"id":13333,"href":"https:\/\/odysseus-contests.eu\/2016\/de\/wp-json\/wp\/v2\/pages\/982\/revisions\/13333"}],"up":[{"embeddable":true,"href":"https:\/\/odysseus-contests.eu\/2016\/de\/wp-json\/wp\/v2\/pages\/975"}],"wp:attachment":[{"href":"https:\/\/odysseus-contests.eu\/2016\/de\/wp-json\/wp\/v2\/media?parent=982"}],"curies":[{"name":"wp","href":"https:\/\/api.w.org\/{rel}","templated":true}]}}