{"id":917,"date":"2015-06-25T21:46:43","date_gmt":"2015-06-25T18:46:43","guid":{"rendered":"http:\/\/odysseus-contests.eu\/2016\/?page_id=917"},"modified":"2015-08-08T12:33:18","modified_gmt":"2015-08-08T09:33:18","slug":"impressum-datenschutzbestimmungen","status":"publish","type":"page","link":"https:\/\/odysseus-contests.eu\/2016\/de\/impressum-datenschutzbestimmungen\/","title":{"rendered":"Impressum \/ Datenschutzbestimmungen"},"content":{"rendered":"<p>Danke f\u00fcr den Besuch der Odysseus II Webseite. Der Zugriff auf die Seite und ihr Gebrauch unterliegen den folgenden Gesch\u00e4ftsbedingungen und geltendem Recht.<\/p>\n<p>Wenn nicht anders vereinbart, ist dieser Seiteninhalt einschlie\u00dflich der darin eingef\u00fcgten Texte und Bilder und ihre Zusammenstellung Eigentum des Odysseus II Konsortiums. Alle Markenzeichen, die auf dieser Seite verwendet oder auf die verwiesen wird, sind Eigentum der entsprechenden Eigent\u00fcmer.<\/p>\n<p>Die Verwendung von Inhalten der Odysseus II Wettbewerbs-Webseite geschieht auf eigenes Risiko. Bei der Verwendung von Inhalten, akzeptieren Sie die Richtlinien von Copyright, Markenzeichen, Dienstleistungszeichen, Gesch\u00e4ftsgeheimnis, Markenschutzrecht und anderen solchen Schutzvorkehrungen oder Beschr\u00e4nkungen, die in solchem Inhalt enthalten sind oder damit einhergehen.<\/p>\n<p>Download, Ver\u00f6ffentlichung, Vervielf\u00e4ltigung, Vertrieb, Vorf\u00fchrung, Ausstellung, Vermittlung und anderer Gebrauch dieses Inhalts sind nur f\u00fcr nicht-kommerzielle Bildungszwecke erlaubt.<\/p>\n<p>Wird es nicht anders vereinbart, erkl\u00e4ren Sie, dass Sie Dritten weder die Ver\u00f6ffentlichung, Vervielf\u00e4ltigung, Vermittlung, Vertrieb, \u00dcbertragung, Verkauf, Reproduktion, Vertrieb \u00fcber einen Teillizenz, Vorf\u00fchrung, Ausstellungen noch Inhalte nachzumachen gestatten noch Teile oder den ganzen Inhalt der Odysseus II Wettbewerbs-Webseite f\u00fcr andere Zwecke nutzen, als f\u00fcr diejenigen, die mit den Nutzungsbedingungen oder geltendem Recht und den Einschr\u00e4nkungen \u00fcbereinstimmen.<\/p>\n<p>Die Verlinkung auf die Odysseus II Webseite ist nur f\u00fcr nicht-kommerzielle Bildungswecke erlaubt. Wir behalten uns das Recht vor, Subjekten oder Einzelpersonen die Verlinkung auf die Odysseus II Webseite zu untersagen.<\/p>\n<p>Die Odysseus II Wettbewerbs-Webseite kann Links auf andere Seiten enthalten oder auf solche, auf welchen Odysseus II Wettbewerbsbeitr\u00e4ge eingesendet werden. Wird eine andere Seite angeklickt, verlassen Sie die Odysseus II Wettbewerbs-Webseite. Die Seiten Dritter unterstehen nicht unserer Kontrolle und Sie akzeptieren, dass das Odysseus II Konsortium f\u00fcr andere Seiten nicht verantwortlich ist und andere Seiten nicht unterst\u00fctzt.<\/p>\n<p>Die Verwendung der Odysseus II Wettbewerbs-Webseite ist ohne Garantie, weder explizit noch implizit. Mit dem Gebrauch der Webseite stimmen Sie zu, die Risiken selbst zu tragen. Sie stimmen weiter zu, Signosis Sprl., seine Vorstandsmitglieder, Direktorinnen und Direktoren, Angestellte und Agenten von allen Forderungen schadlos zu halten, die aus der Verwendung der Webseite stammen oder damit in Zusammenhang stehen oder aus dem Unverm\u00f6gen ihrer Verwendung oder der Verlinkung herstammen. Sie stimmen zu, dass weder Signosis Sprl. noch ein anderer Partner des Konsortiums f\u00fcr Sch\u00e4den oder Verlust haften, die sie verursacht oder verursacht haben sollen und die im Zusammenhang mit Informationen dieser Webseite stehen. In keinem Fall wird Signosis Sprl, seine Vorstandsmitglieder, Direktorinnen und Direktoren, Angestellte und Agenten f\u00fcr direkte, indirekte, zuf\u00e4llige oder Folgesch\u00e4den jeder Art mit Bezug auf die Odysseus II Wettbewerbs-Webseite haftbar sein. Der Rechtsmittelverzicht und der Haftungsausschluss treffen auf alle Folgen von Aktivit\u00e4ten zu, auf Garantie und Schadenersatz.<\/p>\n<p>Signosis Sprl. und die Odysseus II Konsortium-Partner \u00fcbernehmen f\u00fcr weitere Verwendungszwecke der Informationen und Inhalte, die auf der Odysseus II Webseite angeboten und zu finden sind, betreffend Genauigkeit, Aktualit\u00e4t, Leistung, Vollst\u00e4ndigkeit oder Eignung keine Garantie. Sie akzeptieren, dass solche Informationen und Materialien Ungenauigkeiten oder Fehler enthalten k\u00f6nnen und Signosis Sprl. lehnt ausdr\u00fccklich und vollumf\u00e4nglich jede Haftung f\u00fcr solche Ungenauigkeiten oder Fehler ab.<\/p>\n<p>Unerlaubte Versuche, Informationen hochzuladen oder zu ver\u00e4ndern oder anderweitig an der Odysseus II Wettbewerbs-Webseite Schaden zu verursachen, ist streng verboten und um zu gew\u00e4hrleisten, dass diese Dienstleistung f\u00fcr alle Nutzerinnen und Nutzer zur Verf\u00fcgung steht, werden auf dem Computersystem Softwareprogramme verwendet, die den Netzwerkverkehr \u00fcberwachen und unerlaubte Upload-Versuche oder Versuche, Informationen zu ver\u00e4ndern oder anderweitig Schaden auf der Odysseus II Wettbewerbs-Webseite zu verursachen, identifizieren.<\/p>\n<p>Die Information, die auf dieser Seite zur Verf\u00fcgung steht, ist kostenlos und dient ausschlie\u00dflich Bildungszwecken und stiftet keine Gesch\u00e4ftsbeziehung zwischen Ihnen und einem der Odysseus II Konsortium-Partner. Links auf dieser Seite f\u00fchren m\u00f6glicherweise zu Dienstleistungsseiten oder Webseiten weiter, die nicht von Odysseus II Konsortium-Partnern unterhalten werden. F\u00fcr solche Dienstleistungen oder Seiten \u00fcbernehmen die Odysseus II Konsortium-Partner keine Garantie und Verantwortung. Ein Link auf eine andere Seite ist keine Billigung dieser Seite oder Dienstleistung. Jeder Gebrauch der dort zur Verf\u00fcgung gestellten Informationen, oder jede andere Seite auf die verlinkt wird, geschieht auf eigenes Risiko.<\/p>\n<p>Sie sind verantwortlich f\u00fcr die Befolgung der Gesetze des Staates, von dem aus Sie auf die Seite zugreifen und erkl\u00e4ren sich damit einverstanden, dass Sie im Falle der Verletzung solcher Gesetze nicht auf die Seite zugreifen oder Informationen von der Seite verwenden. Es sei denn\u00a0ausdr\u00fccklich anders vereinbart, wird jede von Ihnen auf dieser Seite eingesendete Information als nicht-vertraulich und als nicht-urheberrechtlich gesch\u00fctzt betrachtet. Sie stehen daf\u00fcr ein, dass Sie das Recht besitzen, solche Informationen einzusenden und erkl\u00e4ren sich einverstanden, keine Information einzusenden, wenn Sie nicht das Recht dazu besitzen. Wegen der offenen Beschaffenheit des Internets empfehlen wir, dass Sie keine Informationen \u00fcbermitteln, die Sie als vertraulich einstufen.<\/p>\n<p>Haben Sie technische Probleme oder Fragen zur Webseite, senden Sie eine E-Mail an <a href=\"mailto:info@signosis.eu\">info@signosis.eu<\/a><\/p>\n","protected":false},"excerpt":{"rendered":"<p>Danke f\u00fcr den Besuch der Odysseus II Webseite. Der Zugriff auf die Seite und ihr Gebrauch unterliegen den folgenden Gesch\u00e4ftsbedingungen und geltendem Recht. Wenn nicht anders vereinbart, ist dieser Seiteninhalt einschlie\u00dflich der darin eingef\u00fcgten Texte und Bilder und ihre Zusammenstellung Eigentum des Odysseus II Konsortiums. Alle Markenzeichen, die auf dieser Seite verwendet oder auf die [&hellip;]<\/p>\n","protected":false},"author":1,"featured_media":0,"parent":0,"menu_order":0,"comment_status":"closed","ping_status":"closed","template":"","meta":[],"acf":[],"yoast_head":"<!-- This site is optimized with the Yoast SEO plugin v19.14 - https:\/\/yoast.com\/wordpress\/plugins\/seo\/ -->\n<title>Impressum \/ Datenschutzbestimmungen - ODYSSEUS II<\/title>\n<meta name=\"robots\" content=\"index, follow, max-snippet:-1, max-image-preview:large, max-video-preview:-1\" \/>\n<link rel=\"canonical\" href=\"https:\/\/odysseus-contests.eu\/2016\/de\/impressum-datenschutzbestimmungen\/\" \/>\n<meta property=\"og:locale\" content=\"de_DE\" \/>\n<meta property=\"og:type\" content=\"article\" \/>\n<meta property=\"og:title\" content=\"Impressum \/ Datenschutzbestimmungen - ODYSSEUS II\" \/>\n<meta property=\"og:description\" content=\"Danke f\u00fcr den Besuch der Odysseus II Webseite. Der Zugriff auf die Seite und ihr Gebrauch unterliegen den folgenden Gesch\u00e4ftsbedingungen und geltendem Recht. Wenn nicht anders vereinbart, ist dieser Seiteninhalt einschlie\u00dflich der darin eingef\u00fcgten Texte und Bilder und ihre Zusammenstellung Eigentum des Odysseus II Konsortiums. Alle Markenzeichen, die auf dieser Seite verwendet oder auf die [&hellip;]\" \/>\n<meta property=\"og:url\" content=\"https:\/\/odysseus-contests.eu\/2016\/de\/impressum-datenschutzbestimmungen\/\" \/>\n<meta property=\"og:site_name\" content=\"ODYSSEUS II\" \/>\n<meta property=\"article:modified_time\" content=\"2015-08-08T09:33:18+00:00\" \/>\n<meta name=\"twitter:card\" content=\"summary_large_image\" \/>\n<meta name=\"twitter:label1\" content=\"Gesch\u00e4tzte Lesezeit\" \/>\n\t<meta name=\"twitter:data1\" content=\"4\u00a0Minuten\" \/>\n<script type=\"application\/ld+json\" class=\"yoast-schema-graph\">{\"@context\":\"https:\/\/schema.org\",\"@graph\":[{\"@type\":\"WebPage\",\"@id\":\"https:\/\/odysseus-contests.eu\/2016\/de\/impressum-datenschutzbestimmungen\/\",\"url\":\"https:\/\/odysseus-contests.eu\/2016\/de\/impressum-datenschutzbestimmungen\/\",\"name\":\"Impressum \/ Datenschutzbestimmungen - ODYSSEUS II\",\"isPartOf\":{\"@id\":\"https:\/\/odysseus-contests.eu\/2016\/de\/#website\"},\"datePublished\":\"2015-06-25T18:46:43+00:00\",\"dateModified\":\"2015-08-08T09:33:18+00:00\",\"breadcrumb\":{\"@id\":\"https:\/\/odysseus-contests.eu\/2016\/de\/impressum-datenschutzbestimmungen\/#breadcrumb\"},\"inLanguage\":\"de\",\"potentialAction\":[{\"@type\":\"ReadAction\",\"target\":[\"https:\/\/odysseus-contests.eu\/2016\/de\/impressum-datenschutzbestimmungen\/\"]}]},{\"@type\":\"BreadcrumbList\",\"@id\":\"https:\/\/odysseus-contests.eu\/2016\/de\/impressum-datenschutzbestimmungen\/#breadcrumb\",\"itemListElement\":[{\"@type\":\"ListItem\",\"position\":1,\"name\":\"Home\",\"item\":\"https:\/\/odysseus-contests.eu\/2016\/de\/\"},{\"@type\":\"ListItem\",\"position\":2,\"name\":\"Impressum \/ Datenschutzbestimmungen\"}]},{\"@type\":\"WebSite\",\"@id\":\"https:\/\/odysseus-contests.eu\/2016\/de\/#website\",\"url\":\"https:\/\/odysseus-contests.eu\/2016\/de\/\",\"name\":\"ODYSSEUS II\",\"description\":\"European Youth Space Contest\",\"potentialAction\":[{\"@type\":\"SearchAction\",\"target\":{\"@type\":\"EntryPoint\",\"urlTemplate\":\"https:\/\/odysseus-contests.eu\/2016\/de\/?s={search_term_string}\"},\"query-input\":\"required name=search_term_string\"}],\"inLanguage\":\"de\"}]}<\/script>\n<!-- \/ Yoast SEO plugin. -->","yoast_head_json":{"title":"Impressum \/ Datenschutzbestimmungen - ODYSSEUS II","robots":{"index":"index","follow":"follow","max-snippet":"max-snippet:-1","max-image-preview":"max-image-preview:large","max-video-preview":"max-video-preview:-1"},"canonical":"https:\/\/odysseus-contests.eu\/2016\/de\/impressum-datenschutzbestimmungen\/","og_locale":"de_DE","og_type":"article","og_title":"Impressum \/ Datenschutzbestimmungen - ODYSSEUS II","og_description":"Danke f\u00fcr den Besuch der Odysseus II Webseite. Der Zugriff auf die Seite und ihr Gebrauch unterliegen den folgenden Gesch\u00e4ftsbedingungen und geltendem Recht. Wenn nicht anders vereinbart, ist dieser Seiteninhalt einschlie\u00dflich der darin eingef\u00fcgten Texte und Bilder und ihre Zusammenstellung Eigentum des Odysseus II Konsortiums. Alle Markenzeichen, die auf dieser Seite verwendet oder auf die [&hellip;]","og_url":"https:\/\/odysseus-contests.eu\/2016\/de\/impressum-datenschutzbestimmungen\/","og_site_name":"ODYSSEUS II","article_modified_time":"2015-08-08T09:33:18+00:00","twitter_card":"summary_large_image","twitter_misc":{"Gesch\u00e4tzte Lesezeit":"4\u00a0Minuten"},"schema":{"@context":"https:\/\/schema.org","@graph":[{"@type":"WebPage","@id":"https:\/\/odysseus-contests.eu\/2016\/de\/impressum-datenschutzbestimmungen\/","url":"https:\/\/odysseus-contests.eu\/2016\/de\/impressum-datenschutzbestimmungen\/","name":"Impressum \/ Datenschutzbestimmungen - ODYSSEUS II","isPartOf":{"@id":"https:\/\/odysseus-contests.eu\/2016\/de\/#website"},"datePublished":"2015-06-25T18:46:43+00:00","dateModified":"2015-08-08T09:33:18+00:00","breadcrumb":{"@id":"https:\/\/odysseus-contests.eu\/2016\/de\/impressum-datenschutzbestimmungen\/#breadcrumb"},"inLanguage":"de","potentialAction":[{"@type":"ReadAction","target":["https:\/\/odysseus-contests.eu\/2016\/de\/impressum-datenschutzbestimmungen\/"]}]},{"@type":"BreadcrumbList","@id":"https:\/\/odysseus-contests.eu\/2016\/de\/impressum-datenschutzbestimmungen\/#breadcrumb","itemListElement":[{"@type":"ListItem","position":1,"name":"Home","item":"https:\/\/odysseus-contests.eu\/2016\/de\/"},{"@type":"ListItem","position":2,"name":"Impressum \/ Datenschutzbestimmungen"}]},{"@type":"WebSite","@id":"https:\/\/odysseus-contests.eu\/2016\/de\/#website","url":"https:\/\/odysseus-contests.eu\/2016\/de\/","name":"ODYSSEUS II","description":"European Youth Space Contest","potentialAction":[{"@type":"SearchAction","target":{"@type":"EntryPoint","urlTemplate":"https:\/\/odysseus-contests.eu\/2016\/de\/?s={search_term_string}"},"query-input":"required name=search_term_string"}],"inLanguage":"de"}]}},"_links":{"self":[{"href":"https:\/\/odysseus-contests.eu\/2016\/de\/wp-json\/wp\/v2\/pages\/917"}],"collection":[{"href":"https:\/\/odysseus-contests.eu\/2016\/de\/wp-json\/wp\/v2\/pages"}],"about":[{"href":"https:\/\/odysseus-contests.eu\/2016\/de\/wp-json\/wp\/v2\/types\/page"}],"author":[{"embeddable":true,"href":"https:\/\/odysseus-contests.eu\/2016\/de\/wp-json\/wp\/v2\/users\/1"}],"replies":[{"embeddable":true,"href":"https:\/\/odysseus-contests.eu\/2016\/de\/wp-json\/wp\/v2\/comments?post=917"}],"version-history":[{"count":0,"href":"https:\/\/odysseus-contests.eu\/2016\/de\/wp-json\/wp\/v2\/pages\/917\/revisions"}],"wp:attachment":[{"href":"https:\/\/odysseus-contests.eu\/2016\/de\/wp-json\/wp\/v2\/media?parent=917"}],"curies":[{"name":"wp","href":"https:\/\/api.w.org\/{rel}","templated":true}]}}