{"id":911,"date":"2015-06-25T19:30:34","date_gmt":"2015-06-25T16:30:34","guid":{"rendered":"http:\/\/odysseus-contests.eu\/2016\/?page_id=911"},"modified":"2016-08-19T17:01:20","modified_gmt":"2016-08-19T14:01:20","slug":"fragen-und-antworten","status":"publish","type":"page","link":"https:\/\/odysseus-contests.eu\/2016\/de\/explorer\/fragen-und-antworten\/","title":{"rendered":"Fragen und Antworten"},"content":{"rendered":"<p><strong>F: Was ist Odysseus II?<\/strong><\/p>\n<p>A: Odysseus II ist ein europ\u00e4isches Projekt, das von der Europ\u00e4ischen Kommission finanziert wird.\u00a0Das Hauptziel ist die Veranstaltung eines gesamteurop\u00e4ischen Wettbewerbs f\u00fcr Sch\u00fclerinnen, Sch\u00fcler, Studentinnen und Studenten im Alter von sieben (7) bis zweiundzwanzig (22) Jahren \u00fcber Weltraumforschung und Weltraumwissenschaft. Obwohl Odysseus II ein gesamteurop\u00e4ischer Wettbewerb ist, d\u00fcrfen auch Sch\u00fclerinnen, Sch\u00fcler, Studentinnen und Studenten aus nicht-EU-Mitgliedstaaten mitmachen.<\/p>\n<p><strong>F: Ich m\u00f6chte mich zum Wettbewerb anmelden \u2013 Wie kann ich an Odysseus II teilnehmen?<\/strong><\/p>\n<p>A: Du kannst dich ANMELDEN, indem du deine E-Mail-Adresse und ein selbstgew\u00e4hltes Passwort eingibst, die Kategorie Explorer ausw\u00e4hlst und die Teilnahmebedingungen akzeptierst. Dann aktivierst du deinen Account, indem du auf den Link klickst, der dir automatisch per E-Mail zugeschickt wurde, danach loggst du dich ein und f\u00fcllst die Angaben im Anmeldeformular aus (und im Fall eines Paares auch die Angaben deiner Kollegin oder deines Kollegen).<\/p>\n<p><strong>F: Wie alt muss ich sein, um am Odysseus II Wettbewerb teilzunehmen?<\/strong><\/p>\n<p>A: Teilnehmerinnen und Teilnehmer m\u00fcssen zwischen siebzehn (17) und zweiundzwanzig\u00a0(22) Jahre alt (zwischen dem 1. April 1995 und dem 31. M\u00e4rz\u00a02000 geboren) und im akademischen Studienjahr 2016-2017 in einem Studiengang eingeschrieben sein.<\/p>\n<p><strong>F: In welcher Sprache darf ich den Beitrag einsenden?<\/strong><\/p>\n<p>A: Du kannst deinen Beitrag in irgendeiner der folgenden Sprachen einsenden: Bulgarisch, Tschechisch, Kroatisch, D\u00e4nisch, Niederl\u00e4ndisch, Englisch, Estnisch, Finnisch, Franz\u00f6sisch, Deutsch, Griechisch, Ungarisch, Irisch, Italienisch, Lettisch, Litauisch, Maltesisch, Polnisch, Portugiesisch, Rum\u00e4nisch, Slowakisch, Slowenisch, Spanisch\u00a0oder Schwedisch. Teilnehmerinnen und Teilnehmer au\u00dferhalb der EU m\u00fcssen ihre Projekte in einer der genannten europ\u00e4ischen Sprachen einsenden.<\/p>\n<p>Wenn der Beitrag ins internationale Finale weiterkommt, muss die Teilnehmerin oder der Teilnehmer eine Englisch-\u00dcbersetzung vorlegen, falls der Beitrag urspr\u00fcnglich in einer anderen Sprache eingesendet wurde.<\/p>\n<p><strong>F: Gibt es Informationen, wie ein Beitrag erstellt wird?<\/strong><\/p>\n<p>A: Du bist frei, dein eigenes Thema zu w\u00e4hlen, das im Zusammenhang mit einem der Themen des Wettbewerbs steht (sieh dir die Anleitung auf der Explorer-Seite an). Du triffst deine eigene Wahl in Bezug auf Form und Gestaltung deines Beitrags (Text, PowerPointPr\u00e4sentation, Video, Prototyp, Multimedia, Experiment usw.), aber du musst ein Projekt-Arbeitsblatt, in dem die Hintergrundgedanken deines Projekts beschrieben werden, im daf\u00fcr vorgesehen Formular beif\u00fcgen. Du darfst so viele Hilfsdateien wie notwendig sind, hochladen.<\/p>\n<p><strong>F: Wie sende ich einen Beitrag ein?<\/strong><\/p>\n<p>A: Du musst deinen Beitrag nebst seiner Zusammenfassung (in einem daf\u00fcr vorgesehenen Formular) hochladen, indem du auf den Button <strong>Einsenden <\/strong>klickst und die Anweisungen befolgst.<\/p>\n<p><strong>F: Darf ich mehr als einen Beitrag einsenden?<\/strong><\/p>\n<p>A: Nein. Jede Teilnehmerin\u00a0und jeder Teilnehmer darf h\u00f6chstens einen Beitrag am Odysseus\u00a0II Wettbewerb einsenden.<\/p>\n<p><strong>F: Was kann ich tun, wenn ich mein Passwort f\u00fcr die Odysseus Plattform vergess<\/strong>e?<\/p>\n<p>A: Auf der Login-Seite ist ein <strong>Passwort vergessen<\/strong>-Link. Klicke darauf und ein neues Passwort wird dir auf die f\u00fcr den Odysseus II hinterlegte E-Mail-Adresse geschickt.<\/p>\n<p><strong>F: Wann kann ich meinen Beitrag einsenden?<\/strong><\/p>\n<p>A: Die Beitr\u00e4ge k\u00f6nnen zwischen dem 1. September 2016 und dem 15. Januar 2017 um 23:59:59 MEZ eingesendet werden. Die Veranstalter von Odysseus II empfehlen, dass die Beitr\u00e4ge fr\u00fchzeitig eingesendet werden und bis zum Einsendeschluss zu warten.<\/p>\n<p><strong>F: K\u00f6nnen Sie mir beim Hochladen des Beitrags auf die Odysseus Plattform helfen?<\/strong><\/p>\n<p>A: Ja. Befolge die Anweisungen, die im Bereich \u201eEinsenden\u201c bereitstehen. Wenn du Fragen hast oder Hilfe beim Hochladen deines Beitrags ben\u00f6tigst, f\u00fclle das Kontaktformular aus und die Veranstalter helfen dir, sicherzustellen, dass dein Beitrag korrekt hochgeladen wird.<\/p>\n<p><strong>F: Bekomme ich ein Feedback von den Preisrichterinnen und Preisrichtern?<\/strong><\/p>\n<p>A: Alle Teilnehmerinnen und\u00a0Teilnehmer erhalten nach Abschluss des Bewertungsprozesses eine Zusammenfassung der Projekt-Bewertung.<\/p>\n<p><strong>F: Welche Bewertungskriterien werden verwendet?<\/strong><\/p>\n<p>A: Um detaillierte Angaben zu den Bewertungskriterien zu erhalten, siehe im Bereich \u201e<a href=\"http:\/\/odysseus-contests.eu\/2016\/de\/explorer\/bewertung-und-auswahlkriterien\/\">Bewertung und Auswahlkriterien<\/a>\u201c auf der Explorer-Seite nach.<\/p>\n<p><strong>F: Wie viele Teams kommen in die Regionalfinale und in das internationale Finale weiter?<\/strong><\/p>\n<p>A: Die relative Einwohnerzahl der teilnehmenden Staaten und die Anzahl der eingesendeten Beitr\u00e4ge aus den Regionen und in den Themen-Kategorien bestimmen die Anzahl der Teams, die in die n\u00e4chste Auswahlrunde kommen. Die Odysseus II Veranstalter geben auf der offiziellen Webseite bekannt, wie viele Gewinnerinnen und Gewinner am Halbfinale teilnehmen. Die zehn Gewinner-Teams der zehn Regionalfinale nehmen am internationalen Finale teil.<\/p>\n<p><strong>F: Kann ich die anderen Beitr\u00e4ge sehen, die f\u00fcr den Odysseus II Wettbewerb eingesendet werden?<\/strong><\/p>\n<p>A: Ja, alle Eintr\u00e4ge k\u00f6nnen auf der Odysseus II Webseite in der Galerie nach Einsendeschluss angeschaut werden.<\/p>\n<p><strong>F: Wann erfahre ich, dass ich f\u00fcr das Regionalfinale ausgew\u00e4hlt wurde?<\/strong><\/p>\n<p>A: Die Gewinnerinnen und Gewinner der nationalen Ausscheidung werden nach dem 28. Februar 2017 bekannt gegeben.<\/p>\n<p><strong>F: Wie wird bekannt gemacht, dass ich das Regionalfinale gewonnen habe?<\/strong><\/p>\n<p>A: Am Ende der Regionalfinale und nach dem Bewertungsprozess der Preisrichter werden die Gewinnerinnen und Gewinner verk\u00fcndet. Die Gewinnerinnen und Gewinner der Regionalfinale werden\u00a0auf der Odysseus II Wettbewerbs-Webseite am 30. April 2017 ver\u00f6ffentlicht.<\/p>\n<p><strong>F: Welche Preise kann ich gewinnen?<\/strong><\/p>\n<p>A: Um detaillierte Angaben zu den Preisen zu erhalten, siehe unter \u201e<a href=\"http:\/\/odysseus-contests.eu\/2016\/de\/teilnahmebedingungen\/preise\/\" target=\"_blank\">Preise<\/a>\u201c nach.<\/p>\n","protected":false},"excerpt":{"rendered":"<p>F: Was ist Odysseus II? A: Odysseus II ist ein europ\u00e4isches Projekt, das von der Europ\u00e4ischen Kommission finanziert wird.\u00a0Das Hauptziel ist die Veranstaltung eines gesamteurop\u00e4ischen Wettbewerbs f\u00fcr Sch\u00fclerinnen, Sch\u00fcler, Studentinnen und Studenten im Alter von sieben (7) bis zweiundzwanzig (22) Jahren \u00fcber Weltraumforschung und Weltraumwissenschaft. Obwohl Odysseus II ein gesamteurop\u00e4ischer Wettbewerb ist, d\u00fcrfen auch Sch\u00fclerinnen, [&hellip;]<\/p>\n","protected":false},"author":1,"featured_media":0,"parent":852,"menu_order":100,"comment_status":"closed","ping_status":"closed","template":"","meta":[],"acf":[],"yoast_head":"<!-- This site is optimized with the Yoast SEO plugin v19.14 - https:\/\/yoast.com\/wordpress\/plugins\/seo\/ -->\n<title>Fragen und Antworten - ODYSSEUS II<\/title>\n<meta name=\"robots\" content=\"index, follow, max-snippet:-1, max-image-preview:large, max-video-preview:-1\" \/>\n<link rel=\"canonical\" href=\"https:\/\/odysseus-contests.eu\/2016\/de\/explorer\/fragen-und-antworten\/\" \/>\n<meta property=\"og:locale\" content=\"de_DE\" \/>\n<meta property=\"og:type\" content=\"article\" \/>\n<meta property=\"og:title\" content=\"Fragen und Antworten - ODYSSEUS II\" \/>\n<meta property=\"og:description\" content=\"F: Was ist Odysseus II? A: Odysseus II ist ein europ\u00e4isches Projekt, das von der Europ\u00e4ischen Kommission finanziert wird.\u00a0Das Hauptziel ist die Veranstaltung eines gesamteurop\u00e4ischen Wettbewerbs f\u00fcr Sch\u00fclerinnen, Sch\u00fcler, Studentinnen und Studenten im Alter von sieben (7) bis zweiundzwanzig (22) Jahren \u00fcber Weltraumforschung und Weltraumwissenschaft. Obwohl Odysseus II ein gesamteurop\u00e4ischer Wettbewerb ist, d\u00fcrfen auch Sch\u00fclerinnen, [&hellip;]\" \/>\n<meta property=\"og:url\" content=\"https:\/\/odysseus-contests.eu\/2016\/de\/explorer\/fragen-und-antworten\/\" \/>\n<meta property=\"og:site_name\" content=\"ODYSSEUS II\" \/>\n<meta property=\"article:modified_time\" content=\"2016-08-19T14:01:20+00:00\" \/>\n<meta name=\"twitter:card\" content=\"summary_large_image\" \/>\n<meta name=\"twitter:label1\" content=\"Gesch\u00e4tzte Lesezeit\" \/>\n\t<meta name=\"twitter:data1\" content=\"4\u00a0Minuten\" \/>\n<script type=\"application\/ld+json\" class=\"yoast-schema-graph\">{\"@context\":\"https:\/\/schema.org\",\"@graph\":[{\"@type\":\"WebPage\",\"@id\":\"https:\/\/odysseus-contests.eu\/2016\/de\/explorer\/fragen-und-antworten\/\",\"url\":\"https:\/\/odysseus-contests.eu\/2016\/de\/explorer\/fragen-und-antworten\/\",\"name\":\"Fragen und Antworten - ODYSSEUS II\",\"isPartOf\":{\"@id\":\"https:\/\/odysseus-contests.eu\/2016\/de\/#website\"},\"datePublished\":\"2015-06-25T16:30:34+00:00\",\"dateModified\":\"2016-08-19T14:01:20+00:00\",\"breadcrumb\":{\"@id\":\"https:\/\/odysseus-contests.eu\/2016\/de\/explorer\/fragen-und-antworten\/#breadcrumb\"},\"inLanguage\":\"de\",\"potentialAction\":[{\"@type\":\"ReadAction\",\"target\":[\"https:\/\/odysseus-contests.eu\/2016\/de\/explorer\/fragen-und-antworten\/\"]}]},{\"@type\":\"BreadcrumbList\",\"@id\":\"https:\/\/odysseus-contests.eu\/2016\/de\/explorer\/fragen-und-antworten\/#breadcrumb\",\"itemListElement\":[{\"@type\":\"ListItem\",\"position\":1,\"name\":\"Home\",\"item\":\"https:\/\/odysseus-contests.eu\/2016\/de\/\"},{\"@type\":\"ListItem\",\"position\":2,\"name\":\"Explorer\",\"item\":\"https:\/\/odysseus-contests.eu\/2016\/de\/explorer\/\"},{\"@type\":\"ListItem\",\"position\":3,\"name\":\"Fragen und Antworten\"}]},{\"@type\":\"WebSite\",\"@id\":\"https:\/\/odysseus-contests.eu\/2016\/de\/#website\",\"url\":\"https:\/\/odysseus-contests.eu\/2016\/de\/\",\"name\":\"ODYSSEUS II\",\"description\":\"European Youth Space Contest\",\"potentialAction\":[{\"@type\":\"SearchAction\",\"target\":{\"@type\":\"EntryPoint\",\"urlTemplate\":\"https:\/\/odysseus-contests.eu\/2016\/de\/?s={search_term_string}\"},\"query-input\":\"required name=search_term_string\"}],\"inLanguage\":\"de\"}]}<\/script>\n<!-- \/ Yoast SEO plugin. -->","yoast_head_json":{"title":"Fragen und Antworten - ODYSSEUS II","robots":{"index":"index","follow":"follow","max-snippet":"max-snippet:-1","max-image-preview":"max-image-preview:large","max-video-preview":"max-video-preview:-1"},"canonical":"https:\/\/odysseus-contests.eu\/2016\/de\/explorer\/fragen-und-antworten\/","og_locale":"de_DE","og_type":"article","og_title":"Fragen und Antworten - ODYSSEUS II","og_description":"F: Was ist Odysseus II? A: Odysseus II ist ein europ\u00e4isches Projekt, das von der Europ\u00e4ischen Kommission finanziert wird.\u00a0Das Hauptziel ist die Veranstaltung eines gesamteurop\u00e4ischen Wettbewerbs f\u00fcr Sch\u00fclerinnen, Sch\u00fcler, Studentinnen und Studenten im Alter von sieben (7) bis zweiundzwanzig (22) Jahren \u00fcber Weltraumforschung und Weltraumwissenschaft. Obwohl Odysseus II ein gesamteurop\u00e4ischer Wettbewerb ist, d\u00fcrfen auch Sch\u00fclerinnen, [&hellip;]","og_url":"https:\/\/odysseus-contests.eu\/2016\/de\/explorer\/fragen-und-antworten\/","og_site_name":"ODYSSEUS II","article_modified_time":"2016-08-19T14:01:20+00:00","twitter_card":"summary_large_image","twitter_misc":{"Gesch\u00e4tzte Lesezeit":"4\u00a0Minuten"},"schema":{"@context":"https:\/\/schema.org","@graph":[{"@type":"WebPage","@id":"https:\/\/odysseus-contests.eu\/2016\/de\/explorer\/fragen-und-antworten\/","url":"https:\/\/odysseus-contests.eu\/2016\/de\/explorer\/fragen-und-antworten\/","name":"Fragen und Antworten - ODYSSEUS II","isPartOf":{"@id":"https:\/\/odysseus-contests.eu\/2016\/de\/#website"},"datePublished":"2015-06-25T16:30:34+00:00","dateModified":"2016-08-19T14:01:20+00:00","breadcrumb":{"@id":"https:\/\/odysseus-contests.eu\/2016\/de\/explorer\/fragen-und-antworten\/#breadcrumb"},"inLanguage":"de","potentialAction":[{"@type":"ReadAction","target":["https:\/\/odysseus-contests.eu\/2016\/de\/explorer\/fragen-und-antworten\/"]}]},{"@type":"BreadcrumbList","@id":"https:\/\/odysseus-contests.eu\/2016\/de\/explorer\/fragen-und-antworten\/#breadcrumb","itemListElement":[{"@type":"ListItem","position":1,"name":"Home","item":"https:\/\/odysseus-contests.eu\/2016\/de\/"},{"@type":"ListItem","position":2,"name":"Explorer","item":"https:\/\/odysseus-contests.eu\/2016\/de\/explorer\/"},{"@type":"ListItem","position":3,"name":"Fragen und Antworten"}]},{"@type":"WebSite","@id":"https:\/\/odysseus-contests.eu\/2016\/de\/#website","url":"https:\/\/odysseus-contests.eu\/2016\/de\/","name":"ODYSSEUS II","description":"European Youth Space Contest","potentialAction":[{"@type":"SearchAction","target":{"@type":"EntryPoint","urlTemplate":"https:\/\/odysseus-contests.eu\/2016\/de\/?s={search_term_string}"},"query-input":"required name=search_term_string"}],"inLanguage":"de"}]}},"_links":{"self":[{"href":"https:\/\/odysseus-contests.eu\/2016\/de\/wp-json\/wp\/v2\/pages\/911"}],"collection":[{"href":"https:\/\/odysseus-contests.eu\/2016\/de\/wp-json\/wp\/v2\/pages"}],"about":[{"href":"https:\/\/odysseus-contests.eu\/2016\/de\/wp-json\/wp\/v2\/types\/page"}],"author":[{"embeddable":true,"href":"https:\/\/odysseus-contests.eu\/2016\/de\/wp-json\/wp\/v2\/users\/1"}],"replies":[{"embeddable":true,"href":"https:\/\/odysseus-contests.eu\/2016\/de\/wp-json\/wp\/v2\/comments?post=911"}],"version-history":[{"count":6,"href":"https:\/\/odysseus-contests.eu\/2016\/de\/wp-json\/wp\/v2\/pages\/911\/revisions"}],"predecessor-version":[{"id":13329,"href":"https:\/\/odysseus-contests.eu\/2016\/de\/wp-json\/wp\/v2\/pages\/911\/revisions\/13329"}],"up":[{"embeddable":true,"href":"https:\/\/odysseus-contests.eu\/2016\/de\/wp-json\/wp\/v2\/pages\/852"}],"wp:attachment":[{"href":"https:\/\/odysseus-contests.eu\/2016\/de\/wp-json\/wp\/v2\/media?parent=911"}],"curies":[{"name":"wp","href":"https:\/\/api.w.org\/{rel}","templated":true}]}}