{"id":895,"date":"2015-06-25T19:05:54","date_gmt":"2015-06-25T16:05:54","guid":{"rendered":"http:\/\/odysseus-contests.eu\/2016\/?page_id=895"},"modified":"2016-01-05T15:42:10","modified_gmt":"2016-01-05T12:42:10","slug":"bewertung-und-auswahlkriterien","status":"publish","type":"page","link":"https:\/\/odysseus-contests.eu\/2016\/de\/explorer\/bewertung-und-auswahlkriterien\/","title":{"rendered":"Bewertung und Auswahlkriterien"},"content":{"rendered":"<p style=\"text-align: justify;\">Die eingesendeten Projekte werden zuerst auf nationaler Ebene bewertet. Dies geschieht zwischen dem 16. Januar und dem 28. Februar 2016 online. Werden Projekte f\u00fcr die regionale Runde ausgew\u00e4hlt, werden die Teilnehmerinnen und Teilnehmer mit allen anderen Halbfinalistinnen und Halbfinalisten aus den umliegenden Staaten zum Halbfinale eingeladen. Die Halbfinale der Regionen finden zwischen 15. M\u00e4rz und 26. April 2016 statt. Die Gewinnerinnen oder Gewinner der Regionen treffen sich in Br\u00fcssel oder Toulouse zum internationalen Finale, um ihre Projekte einer Expertengruppe von internationalen Preisrichtern und Preisrichterinnen zu pr\u00e4sentieren. Dieses Finale findet zwischen dem 4. und 7. Juli 2016 statt.<\/p>\n<p style=\"text-align: justify;\">Die Projekte werden anhand folgender Kriterien bewertet:<\/p>\n<ul style=\"text-align: justify;\">\n<li><strong>Akademisches Niveau <\/strong>(Gewichtungsfaktor 20%)<\/li>\n<\/ul>\n<p style=\"padding-left: 30px; text-align: justify;\">Eine Einsendung hat ein hohes akademisches Niveau, wenn die verwendeten Argumente gut belegt sind, wenn wissenschaftliche Methoden angewendet werden, um die Ergebnisse glaubw\u00fcrdig und beweisbar zu machen, wenn zitiert wird, wenn wissenschaftliche und bildungswissenschaftliche Ressourcen und Schauk\u00e4sten kritisch verwendet werden und wenn daraus ersichtlich wird, dass die Teilnehmerinnen und Teilnehmer sich \u00fcber den relevanten Sachverhalt Wissen angeeignet und ein Verst\u00e4ndnis der grundlegenden Konzepte und Themen haben, das f\u00fcr ihr Projekt wichtig ist.<\/p>\n<ul style=\"text-align: justify;\">\n<li><strong>Bezug zum Thema <\/strong>(Gewichtungsfaktor 10%)<\/li>\n<\/ul>\n<p style=\"padding-left: 30px; text-align: justify;\">Mit diesem Kriterium wird bemessen, in welchem Ausma\u00df das Projekt f\u00fcr die ausgew\u00e4hlte, thematische Kategorie relevant ist und wie das Thema begrenzt wird. Wichtige Theorien und Literatur zum ausgew\u00e4hlten Thema m\u00fcssen angegeben und angemessen verwendet werden.<\/p>\n<ul style=\"text-align: justify;\">\n<li><strong>Probleml\u00f6sungskapazit\u00e4t <\/strong>(Gewichtungsfaktor 15%)<\/li>\n<\/ul>\n<p style=\"padding-left: 30px; text-align: justify;\">Dieses Kriterium bewertet den Denkprozess und die Herangehensweise an das Thema, wie das Thema abgehandelt wird, wie Daten bestimmt und Informationen erhoben werden, wie die Planung und die L\u00f6sung ausschaut oder wie alternative L\u00f6sungen herangezogen werden und wie die ausgew\u00e4hlte L\u00f6sung beurteilt wird.<\/p>\n<ul style=\"text-align: justify;\">\n<li><strong>Originalit\u00e4t <\/strong>(Gewichtungsfaktor 20%)<\/li>\n<\/ul>\n<p style=\"padding-left: 30px; text-align: justify;\">Schl\u00fcsselkriterium f\u00fcr die Bewertung der Originalit\u00e4t ist, dass das Projekt Produkt einer Teamarbeit und dass es einmalig, neu oder ungew\u00f6hnlich ist. Selbst wenn ein Beitrag auf Grundlage von anderen Arbeiten entsteht, z\u00e4hlt es als original, wenn das Team daraus eine neue Idee entwickelt oder eine neue Pr\u00e4sentationsweise des Problems daraus macht oder eine neue Herangehensweise oder Methode eingesetzt wird oder wenn diese auf eine innovative Art und Weise geschieht.<\/p>\n<ul style=\"text-align: justify;\">\n<li><strong>Soziale Relevanz <\/strong>(Gewichtungsfaktor 10%)<\/li>\n<\/ul>\n<p style=\"padding-left: 30px; text-align: justify;\">Mit sozialer Relevanz wird bewertet wie und in welchem Ausma\u00df der Beitrag L\u00f6sungen und Ideen vorschl\u00e4gt, die langfristig direkt oder indirekt zum Gemeinwohl beitragen und\/oder in welchem Ausma\u00df der Beitrag einer aktuellen Herausforderung unserer Gesellschaft gewidmet ist (z.B. Klimawandel, Haushalt mit Energiereserven, Wasser und Nahrung).<\/p>\n<ul style=\"text-align: justify;\">\n<li><strong>Pr\u00e4sentation <\/strong>(Gewichtungsfaktor 10%)<\/li>\n<\/ul>\n<p style=\"padding-left: 30px; text-align: justify;\">Mit diesem Kriterium wird Form und Struktur des Gesamtbeitrags bewertet und wie klar der Gegenstand, die Methode und das Ergebnis pr\u00e4sentiert werden sowie die logische Organisation und Koh\u00e4renz der Ideen, die Deutlichkeit des Ausdrucks und die Verwendung von zus\u00e4tzlichen Hilfsmitteln und Techniken (Fotos, Zeichnungen, Dias, Audiodateien, Videos etc.).<\/p>\n<ul style=\"text-align: justify;\">\n<li><strong>Technische Leistung und praktischer Gehalt <\/strong>(Gewichtungsfaktor 10%)<\/li>\n<\/ul>\n<p style=\"padding-left: 30px; text-align: justify;\">Ein Beitrag hat eine hohe technische Leistung, wenn der konzeptuelle Rahmen oder die Theorie klar beschrieben sind, die Hintergrundliteratur angegeben sowie Aussehen und Schl\u00fcsselvariablen des Projekts angegeben werden. Die Preisrichterinnen und Preisrichter bewerten auch den praktischen Gehalt, n\u00e4mlich Beobachtung, Pr\u00e4zision, Kommunikation, F\u00e4higkeit zum Aufzeichnen und zur tabellarischen Darstellung der Ergebnisse, der Verwendung von technologischen Tools oder rein praktische Fertigkeiten wie Zusammenbauen, L\u00f6ten, mit Holz arbeiten.<\/p>\n<ul style=\"text-align: justify;\">\n<li><strong>Nachhaltigkeit und Umweltbewusstsein <\/strong>(Gewichtungsfaktor 5%)<\/li>\n<\/ul>\n<p style=\"padding-left: 30px; text-align: justify;\">Dieses Kriterium bewertet das Faktum, wie Umweltthemen ins Projekt integriert sind, z.B. mit Untersuchungen und Diskussionen oder \u00fcber die Nachhaltigkeit des Projekts oder mit der Verwendung von umweltfreundlichen Materialien oder Methoden zur Projekt-Pr\u00e4sentation.<\/p>\n<p style=\"text-align: justify;\">Preisrichter und Preisrichterinnen zeichnen aber nicht nur die Gewinner, sondern auch andere Teams aus, zum Beispiel f\u00fcr: die auff\u00e4lligste Graphik, das originellste Problem, die professionellste Pr\u00e4sentation, den k\u00fcnstlerischsten Beitrag, die beste Einbindung von Musik ins Projekt, das umweltbewussteste Projekt.<br \/>\nJede Teilnehmerin, jeder Teilnehmer oder jedes Paar wird von den Preisrichtern eine Zusammenfassung\u00a0der Bewertung erhalten.<\/p>\n","protected":false},"excerpt":{"rendered":"<p>Die eingesendeten Projekte werden zuerst auf nationaler Ebene bewertet. Dies geschieht zwischen dem 16. Januar und dem 28. Februar 2016 online. Werden Projekte f\u00fcr die regionale Runde ausgew\u00e4hlt, werden die Teilnehmerinnen und Teilnehmer mit allen anderen Halbfinalistinnen und Halbfinalisten aus den umliegenden Staaten zum Halbfinale eingeladen. Die Halbfinale der Regionen finden zwischen 15. M\u00e4rz und [&hellip;]<\/p>\n","protected":false},"author":1,"featured_media":0,"parent":852,"menu_order":50,"comment_status":"closed","ping_status":"closed","template":"","meta":[],"acf":[],"yoast_head":"<!-- This site is optimized with the Yoast SEO plugin v19.14 - https:\/\/yoast.com\/wordpress\/plugins\/seo\/ -->\n<title>Bewertung und Auswahlkriterien - ODYSSEUS II<\/title>\n<meta name=\"robots\" content=\"index, follow, max-snippet:-1, max-image-preview:large, max-video-preview:-1\" \/>\n<link rel=\"canonical\" href=\"https:\/\/odysseus-contests.eu\/2016\/de\/explorer\/bewertung-und-auswahlkriterien\/\" \/>\n<meta property=\"og:locale\" content=\"de_DE\" \/>\n<meta property=\"og:type\" content=\"article\" \/>\n<meta property=\"og:title\" content=\"Bewertung und Auswahlkriterien - ODYSSEUS II\" \/>\n<meta property=\"og:description\" content=\"Die eingesendeten Projekte werden zuerst auf nationaler Ebene bewertet. Dies geschieht zwischen dem 16. Januar und dem 28. Februar 2016 online. Werden Projekte f\u00fcr die regionale Runde ausgew\u00e4hlt, werden die Teilnehmerinnen und Teilnehmer mit allen anderen Halbfinalistinnen und Halbfinalisten aus den umliegenden Staaten zum Halbfinale eingeladen. Die Halbfinale der Regionen finden zwischen 15. M\u00e4rz und [&hellip;]\" \/>\n<meta property=\"og:url\" content=\"https:\/\/odysseus-contests.eu\/2016\/de\/explorer\/bewertung-und-auswahlkriterien\/\" \/>\n<meta property=\"og:site_name\" content=\"ODYSSEUS II\" \/>\n<meta property=\"article:modified_time\" content=\"2016-01-05T12:42:10+00:00\" \/>\n<meta name=\"twitter:card\" content=\"summary_large_image\" \/>\n<meta name=\"twitter:label1\" content=\"Gesch\u00e4tzte Lesezeit\" \/>\n\t<meta name=\"twitter:data1\" content=\"3\u00a0Minuten\" \/>\n<script type=\"application\/ld+json\" class=\"yoast-schema-graph\">{\"@context\":\"https:\/\/schema.org\",\"@graph\":[{\"@type\":\"WebPage\",\"@id\":\"https:\/\/odysseus-contests.eu\/2016\/de\/explorer\/bewertung-und-auswahlkriterien\/\",\"url\":\"https:\/\/odysseus-contests.eu\/2016\/de\/explorer\/bewertung-und-auswahlkriterien\/\",\"name\":\"Bewertung und Auswahlkriterien - ODYSSEUS II\",\"isPartOf\":{\"@id\":\"https:\/\/odysseus-contests.eu\/2016\/de\/#website\"},\"datePublished\":\"2015-06-25T16:05:54+00:00\",\"dateModified\":\"2016-01-05T12:42:10+00:00\",\"breadcrumb\":{\"@id\":\"https:\/\/odysseus-contests.eu\/2016\/de\/explorer\/bewertung-und-auswahlkriterien\/#breadcrumb\"},\"inLanguage\":\"de\",\"potentialAction\":[{\"@type\":\"ReadAction\",\"target\":[\"https:\/\/odysseus-contests.eu\/2016\/de\/explorer\/bewertung-und-auswahlkriterien\/\"]}]},{\"@type\":\"BreadcrumbList\",\"@id\":\"https:\/\/odysseus-contests.eu\/2016\/de\/explorer\/bewertung-und-auswahlkriterien\/#breadcrumb\",\"itemListElement\":[{\"@type\":\"ListItem\",\"position\":1,\"name\":\"Home\",\"item\":\"https:\/\/odysseus-contests.eu\/2016\/de\/\"},{\"@type\":\"ListItem\",\"position\":2,\"name\":\"Explorer\",\"item\":\"https:\/\/odysseus-contests.eu\/2016\/de\/explorer\/\"},{\"@type\":\"ListItem\",\"position\":3,\"name\":\"Bewertung und Auswahlkriterien\"}]},{\"@type\":\"WebSite\",\"@id\":\"https:\/\/odysseus-contests.eu\/2016\/de\/#website\",\"url\":\"https:\/\/odysseus-contests.eu\/2016\/de\/\",\"name\":\"ODYSSEUS II\",\"description\":\"European Youth Space Contest\",\"potentialAction\":[{\"@type\":\"SearchAction\",\"target\":{\"@type\":\"EntryPoint\",\"urlTemplate\":\"https:\/\/odysseus-contests.eu\/2016\/de\/?s={search_term_string}\"},\"query-input\":\"required name=search_term_string\"}],\"inLanguage\":\"de\"}]}<\/script>\n<!-- \/ Yoast SEO plugin. -->","yoast_head_json":{"title":"Bewertung und Auswahlkriterien - ODYSSEUS II","robots":{"index":"index","follow":"follow","max-snippet":"max-snippet:-1","max-image-preview":"max-image-preview:large","max-video-preview":"max-video-preview:-1"},"canonical":"https:\/\/odysseus-contests.eu\/2016\/de\/explorer\/bewertung-und-auswahlkriterien\/","og_locale":"de_DE","og_type":"article","og_title":"Bewertung und Auswahlkriterien - ODYSSEUS II","og_description":"Die eingesendeten Projekte werden zuerst auf nationaler Ebene bewertet. Dies geschieht zwischen dem 16. Januar und dem 28. Februar 2016 online. Werden Projekte f\u00fcr die regionale Runde ausgew\u00e4hlt, werden die Teilnehmerinnen und Teilnehmer mit allen anderen Halbfinalistinnen und Halbfinalisten aus den umliegenden Staaten zum Halbfinale eingeladen. Die Halbfinale der Regionen finden zwischen 15. M\u00e4rz und [&hellip;]","og_url":"https:\/\/odysseus-contests.eu\/2016\/de\/explorer\/bewertung-und-auswahlkriterien\/","og_site_name":"ODYSSEUS II","article_modified_time":"2016-01-05T12:42:10+00:00","twitter_card":"summary_large_image","twitter_misc":{"Gesch\u00e4tzte Lesezeit":"3\u00a0Minuten"},"schema":{"@context":"https:\/\/schema.org","@graph":[{"@type":"WebPage","@id":"https:\/\/odysseus-contests.eu\/2016\/de\/explorer\/bewertung-und-auswahlkriterien\/","url":"https:\/\/odysseus-contests.eu\/2016\/de\/explorer\/bewertung-und-auswahlkriterien\/","name":"Bewertung und Auswahlkriterien - ODYSSEUS II","isPartOf":{"@id":"https:\/\/odysseus-contests.eu\/2016\/de\/#website"},"datePublished":"2015-06-25T16:05:54+00:00","dateModified":"2016-01-05T12:42:10+00:00","breadcrumb":{"@id":"https:\/\/odysseus-contests.eu\/2016\/de\/explorer\/bewertung-und-auswahlkriterien\/#breadcrumb"},"inLanguage":"de","potentialAction":[{"@type":"ReadAction","target":["https:\/\/odysseus-contests.eu\/2016\/de\/explorer\/bewertung-und-auswahlkriterien\/"]}]},{"@type":"BreadcrumbList","@id":"https:\/\/odysseus-contests.eu\/2016\/de\/explorer\/bewertung-und-auswahlkriterien\/#breadcrumb","itemListElement":[{"@type":"ListItem","position":1,"name":"Home","item":"https:\/\/odysseus-contests.eu\/2016\/de\/"},{"@type":"ListItem","position":2,"name":"Explorer","item":"https:\/\/odysseus-contests.eu\/2016\/de\/explorer\/"},{"@type":"ListItem","position":3,"name":"Bewertung und Auswahlkriterien"}]},{"@type":"WebSite","@id":"https:\/\/odysseus-contests.eu\/2016\/de\/#website","url":"https:\/\/odysseus-contests.eu\/2016\/de\/","name":"ODYSSEUS II","description":"European Youth Space Contest","potentialAction":[{"@type":"SearchAction","target":{"@type":"EntryPoint","urlTemplate":"https:\/\/odysseus-contests.eu\/2016\/de\/?s={search_term_string}"},"query-input":"required name=search_term_string"}],"inLanguage":"de"}]}},"_links":{"self":[{"href":"https:\/\/odysseus-contests.eu\/2016\/de\/wp-json\/wp\/v2\/pages\/895"}],"collection":[{"href":"https:\/\/odysseus-contests.eu\/2016\/de\/wp-json\/wp\/v2\/pages"}],"about":[{"href":"https:\/\/odysseus-contests.eu\/2016\/de\/wp-json\/wp\/v2\/types\/page"}],"author":[{"embeddable":true,"href":"https:\/\/odysseus-contests.eu\/2016\/de\/wp-json\/wp\/v2\/users\/1"}],"replies":[{"embeddable":true,"href":"https:\/\/odysseus-contests.eu\/2016\/de\/wp-json\/wp\/v2\/comments?post=895"}],"version-history":[{"count":1,"href":"https:\/\/odysseus-contests.eu\/2016\/de\/wp-json\/wp\/v2\/pages\/895\/revisions"}],"predecessor-version":[{"id":6928,"href":"https:\/\/odysseus-contests.eu\/2016\/de\/wp-json\/wp\/v2\/pages\/895\/revisions\/6928"}],"up":[{"embeddable":true,"href":"https:\/\/odysseus-contests.eu\/2016\/de\/wp-json\/wp\/v2\/pages\/852"}],"wp:attachment":[{"href":"https:\/\/odysseus-contests.eu\/2016\/de\/wp-json\/wp\/v2\/media?parent=895"}],"curies":[{"name":"wp","href":"https:\/\/api.w.org\/{rel}","templated":true}]}}