{"id":887,"date":"2015-06-25T19:00:25","date_gmt":"2015-06-25T16:00:25","guid":{"rendered":"http:\/\/odysseus-contests.eu\/2016\/?page_id=887"},"modified":"2015-08-08T12:09:39","modified_gmt":"2015-08-08T09:09:39","slug":"preise","status":"publish","type":"page","link":"https:\/\/odysseus-contests.eu\/2016\/de\/explorer\/preise\/","title":{"rendered":"Preise"},"content":{"rendered":"<p><img decoding=\"async\" loading=\"lazy\" class=\"img-responsive alignleft wp-image-331 size-full\" src=\"http:\/\/odysseus-contests.eu\/2016\/wp-content\/uploads\/2015\/05\/content-prizes-explorers1.jpg\" alt=\"content-prizes-explorers\" width=\"700\" height=\"400\" srcset=\"https:\/\/odysseus-contests.eu\/2016\/wp-content\/uploads\/2015\/05\/content-prizes-explorers1.jpg 700w, https:\/\/odysseus-contests.eu\/2016\/wp-content\/uploads\/2015\/05\/content-prizes-explorers1-300x171.jpg 300w\" sizes=\"(max-width: 700px) 100vw, 700px\" \/><\/p>\n<p><strong>Nationale Ausscheidung in den EU-Mitgliedsstaaten<\/strong><\/p>\n<p>Alle Teilnehmerinnen und Teilnehmer erhalten ein Zertifikat, das die Teilnahme am Odysseus II Wettbewerb best\u00e4tigt.<\/p>\n<p>Die besten Teilnehmerinnen und Teilnehmer\u00a0der nationalen Ausscheidungen in den EU-Mitgliedsstaaten erhalten eine Medaille und ein Odysseus II Souvenir-Set und ihre Projekte werden vollst\u00e4ndig im Bereich \u201eHall of Fame\u201c der Odysseus II Webseite ver\u00f6ffentlicht. Die besten Teilnehmerinnen und Teilnehmer kommen weiter in die regionalen Halbfinale und nehmen an einer Reihe von Weltraum-Aktivit\u00e4ten, Veranstaltungen und Ausfl\u00fcgen teil, die von einem der folgenden Staaten organisiert werden: \u00d6sterreich, Belgien, Tschechien, D\u00e4nemark, Frankreich, Griechenland, Italien, Polen, Spanien oder Gro\u00dfbritannien.<\/p>\n<p><strong>Regionale Halbfinale<\/strong><\/p>\n<p>Jedes Teammitglied der Gewinner-Projekte der Halbfinale in den Regionen erh\u00e4lt ein computergesteuertes Teleskop (Celestron Nexstar oder \u00e4hnliches Modell) und kommt weiter zum internationalen Finale nach Br\u00fcssel oder Toulouse.<\/p>\n<p><strong>Das internationale Finale<\/strong><\/p>\n<p>Die Teilnehmerinnen und Teilnehmer, die zum Gewinner-Projekt des internationalen Finales beitragen, gewinnen eine Reise ins Guiana Space Centre, wo die Mitglieder an Weltraum-Aktivit\u00e4ten und gef\u00fchrten Tours teilnehmen. Am Finale erhalten sie das \u201aEuropean Youth Space Ambassador\u2018 Diplom.<br \/>\nDie besten f\u00fcnf Teilnehmerinnen und Teilnehmer erhalten ein ESA-Praktikum oder ein Praktikum in der europ\u00e4ischen Weltraumluftfahrt-Industrie. Diese Praktika k\u00f6nnen zwischen drei und sechs Monate dauern und die Reisekosten werden ersetzt, die Krankenversicherung \u00fcbernommen und die Studentinnen und Studenten erhalten monatlich ein Taschengeld zur Deckung ihrer Lebenskosten.<\/p>\n<p>Der Gegenwert der Preise wird nicht ausbezahlt.<\/p>\n","protected":false},"excerpt":{"rendered":"<p>Nationale Ausscheidung in den EU-Mitgliedsstaaten Alle Teilnehmerinnen und Teilnehmer erhalten ein Zertifikat, das die Teilnahme am Odysseus II Wettbewerb best\u00e4tigt. Die besten Teilnehmerinnen und Teilnehmer\u00a0der nationalen Ausscheidungen in den EU-Mitgliedsstaaten erhalten eine Medaille und ein Odysseus II Souvenir-Set und ihre Projekte werden vollst\u00e4ndig im Bereich \u201eHall of Fame\u201c der Odysseus II Webseite ver\u00f6ffentlicht. Die besten [&hellip;]<\/p>\n","protected":false},"author":1,"featured_media":0,"parent":852,"menu_order":40,"comment_status":"closed","ping_status":"closed","template":"","meta":[],"acf":[],"yoast_head":"<!-- This site is optimized with the Yoast SEO plugin v19.14 - https:\/\/yoast.com\/wordpress\/plugins\/seo\/ -->\n<title>Preise - ODYSSEUS II<\/title>\n<meta name=\"robots\" content=\"index, follow, max-snippet:-1, max-image-preview:large, max-video-preview:-1\" \/>\n<link rel=\"canonical\" href=\"https:\/\/odysseus-contests.eu\/2016\/de\/explorer\/preise\/\" \/>\n<meta property=\"og:locale\" content=\"de_DE\" \/>\n<meta property=\"og:type\" content=\"article\" \/>\n<meta property=\"og:title\" content=\"Preise - ODYSSEUS II\" \/>\n<meta property=\"og:description\" content=\"Nationale Ausscheidung in den EU-Mitgliedsstaaten Alle Teilnehmerinnen und Teilnehmer erhalten ein Zertifikat, das die Teilnahme am Odysseus II Wettbewerb best\u00e4tigt. Die besten Teilnehmerinnen und Teilnehmer\u00a0der nationalen Ausscheidungen in den EU-Mitgliedsstaaten erhalten eine Medaille und ein Odysseus II Souvenir-Set und ihre Projekte werden vollst\u00e4ndig im Bereich \u201eHall of Fame\u201c der Odysseus II Webseite ver\u00f6ffentlicht. Die besten [&hellip;]\" \/>\n<meta property=\"og:url\" content=\"https:\/\/odysseus-contests.eu\/2016\/de\/explorer\/preise\/\" \/>\n<meta property=\"og:site_name\" content=\"ODYSSEUS II\" \/>\n<meta property=\"article:modified_time\" content=\"2015-08-08T09:09:39+00:00\" \/>\n<meta property=\"og:image\" content=\"http:\/\/odysseus-contests.eu\/2016\/wp-content\/uploads\/2015\/05\/content-prizes-explorers1.jpg\" \/>\n<meta name=\"twitter:card\" content=\"summary_large_image\" \/>\n<meta name=\"twitter:label1\" content=\"Gesch\u00e4tzte Lesezeit\" \/>\n\t<meta name=\"twitter:data1\" content=\"1\u00a0Minute\" \/>\n<script type=\"application\/ld+json\" class=\"yoast-schema-graph\">{\"@context\":\"https:\/\/schema.org\",\"@graph\":[{\"@type\":\"WebPage\",\"@id\":\"https:\/\/odysseus-contests.eu\/2016\/de\/explorer\/preise\/\",\"url\":\"https:\/\/odysseus-contests.eu\/2016\/de\/explorer\/preise\/\",\"name\":\"Preise - ODYSSEUS II\",\"isPartOf\":{\"@id\":\"https:\/\/odysseus-contests.eu\/2016\/de\/#website\"},\"datePublished\":\"2015-06-25T16:00:25+00:00\",\"dateModified\":\"2015-08-08T09:09:39+00:00\",\"breadcrumb\":{\"@id\":\"https:\/\/odysseus-contests.eu\/2016\/de\/explorer\/preise\/#breadcrumb\"},\"inLanguage\":\"de\",\"potentialAction\":[{\"@type\":\"ReadAction\",\"target\":[\"https:\/\/odysseus-contests.eu\/2016\/de\/explorer\/preise\/\"]}]},{\"@type\":\"BreadcrumbList\",\"@id\":\"https:\/\/odysseus-contests.eu\/2016\/de\/explorer\/preise\/#breadcrumb\",\"itemListElement\":[{\"@type\":\"ListItem\",\"position\":1,\"name\":\"Home\",\"item\":\"https:\/\/odysseus-contests.eu\/2016\/de\/\"},{\"@type\":\"ListItem\",\"position\":2,\"name\":\"Explorer\",\"item\":\"https:\/\/odysseus-contests.eu\/2016\/de\/explorer\/\"},{\"@type\":\"ListItem\",\"position\":3,\"name\":\"Preise\"}]},{\"@type\":\"WebSite\",\"@id\":\"https:\/\/odysseus-contests.eu\/2016\/de\/#website\",\"url\":\"https:\/\/odysseus-contests.eu\/2016\/de\/\",\"name\":\"ODYSSEUS II\",\"description\":\"European Youth Space Contest\",\"potentialAction\":[{\"@type\":\"SearchAction\",\"target\":{\"@type\":\"EntryPoint\",\"urlTemplate\":\"https:\/\/odysseus-contests.eu\/2016\/de\/?s={search_term_string}\"},\"query-input\":\"required name=search_term_string\"}],\"inLanguage\":\"de\"}]}<\/script>\n<!-- \/ Yoast SEO plugin. -->","yoast_head_json":{"title":"Preise - ODYSSEUS II","robots":{"index":"index","follow":"follow","max-snippet":"max-snippet:-1","max-image-preview":"max-image-preview:large","max-video-preview":"max-video-preview:-1"},"canonical":"https:\/\/odysseus-contests.eu\/2016\/de\/explorer\/preise\/","og_locale":"de_DE","og_type":"article","og_title":"Preise - ODYSSEUS II","og_description":"Nationale Ausscheidung in den EU-Mitgliedsstaaten Alle Teilnehmerinnen und Teilnehmer erhalten ein Zertifikat, das die Teilnahme am Odysseus II Wettbewerb best\u00e4tigt. Die besten Teilnehmerinnen und Teilnehmer\u00a0der nationalen Ausscheidungen in den EU-Mitgliedsstaaten erhalten eine Medaille und ein Odysseus II Souvenir-Set und ihre Projekte werden vollst\u00e4ndig im Bereich \u201eHall of Fame\u201c der Odysseus II Webseite ver\u00f6ffentlicht. Die besten [&hellip;]","og_url":"https:\/\/odysseus-contests.eu\/2016\/de\/explorer\/preise\/","og_site_name":"ODYSSEUS II","article_modified_time":"2015-08-08T09:09:39+00:00","og_image":[{"url":"http:\/\/odysseus-contests.eu\/2016\/wp-content\/uploads\/2015\/05\/content-prizes-explorers1.jpg"}],"twitter_card":"summary_large_image","twitter_misc":{"Gesch\u00e4tzte Lesezeit":"1\u00a0Minute"},"schema":{"@context":"https:\/\/schema.org","@graph":[{"@type":"WebPage","@id":"https:\/\/odysseus-contests.eu\/2016\/de\/explorer\/preise\/","url":"https:\/\/odysseus-contests.eu\/2016\/de\/explorer\/preise\/","name":"Preise - ODYSSEUS II","isPartOf":{"@id":"https:\/\/odysseus-contests.eu\/2016\/de\/#website"},"datePublished":"2015-06-25T16:00:25+00:00","dateModified":"2015-08-08T09:09:39+00:00","breadcrumb":{"@id":"https:\/\/odysseus-contests.eu\/2016\/de\/explorer\/preise\/#breadcrumb"},"inLanguage":"de","potentialAction":[{"@type":"ReadAction","target":["https:\/\/odysseus-contests.eu\/2016\/de\/explorer\/preise\/"]}]},{"@type":"BreadcrumbList","@id":"https:\/\/odysseus-contests.eu\/2016\/de\/explorer\/preise\/#breadcrumb","itemListElement":[{"@type":"ListItem","position":1,"name":"Home","item":"https:\/\/odysseus-contests.eu\/2016\/de\/"},{"@type":"ListItem","position":2,"name":"Explorer","item":"https:\/\/odysseus-contests.eu\/2016\/de\/explorer\/"},{"@type":"ListItem","position":3,"name":"Preise"}]},{"@type":"WebSite","@id":"https:\/\/odysseus-contests.eu\/2016\/de\/#website","url":"https:\/\/odysseus-contests.eu\/2016\/de\/","name":"ODYSSEUS II","description":"European Youth Space Contest","potentialAction":[{"@type":"SearchAction","target":{"@type":"EntryPoint","urlTemplate":"https:\/\/odysseus-contests.eu\/2016\/de\/?s={search_term_string}"},"query-input":"required name=search_term_string"}],"inLanguage":"de"}]}},"_links":{"self":[{"href":"https:\/\/odysseus-contests.eu\/2016\/de\/wp-json\/wp\/v2\/pages\/887"}],"collection":[{"href":"https:\/\/odysseus-contests.eu\/2016\/de\/wp-json\/wp\/v2\/pages"}],"about":[{"href":"https:\/\/odysseus-contests.eu\/2016\/de\/wp-json\/wp\/v2\/types\/page"}],"author":[{"embeddable":true,"href":"https:\/\/odysseus-contests.eu\/2016\/de\/wp-json\/wp\/v2\/users\/1"}],"replies":[{"embeddable":true,"href":"https:\/\/odysseus-contests.eu\/2016\/de\/wp-json\/wp\/v2\/comments?post=887"}],"version-history":[{"count":0,"href":"https:\/\/odysseus-contests.eu\/2016\/de\/wp-json\/wp\/v2\/pages\/887\/revisions"}],"up":[{"embeddable":true,"href":"https:\/\/odysseus-contests.eu\/2016\/de\/wp-json\/wp\/v2\/pages\/852"}],"wp:attachment":[{"href":"https:\/\/odysseus-contests.eu\/2016\/de\/wp-json\/wp\/v2\/media?parent=887"}],"curies":[{"name":"wp","href":"https:\/\/api.w.org\/{rel}","templated":true}]}}