{"id":1151,"date":"2015-06-29T22:02:10","date_gmt":"2015-06-29T19:02:10","guid":{"rendered":"http:\/\/odysseus-contests.eu\/2016\/?page_id=1151"},"modified":"2015-08-11T13:53:58","modified_gmt":"2015-08-11T10:53:58","slug":"pionier-kategorie","status":"publish","type":"page","link":"https:\/\/odysseus-contests.eu\/2016\/de\/preise\/pionier-kategorie\/","title":{"rendered":"Kategorie der Pioniere"},"content":{"rendered":"<p><strong>Gro\u00dfer Preis<\/strong><\/p>\n<ul>\n<li>Reise zum Guiana Space Centre (Flugticket, Unterkunft im Hotel, Verpflegung, Versicherung, Teilnahme an Veranstaltungen, Besichtigungen und F\u00fchrungen im Space Centre und andere H\u00f6hepunkte f\u00fcr alle Teammitglieder und ihre Begleitlehrkraft).<\/li>\n<\/ul>\n<p><strong>Preise der Finalistinnen und Finalisten<\/strong><\/p>\n<ul>\n<li>Ein qualitativ hochwertiges Teleskop (Celestron Nexstar oder ein \u00e4hnliches Modell) f\u00fcr jedes Teammitglied der 10 Teams im Final \u2013 Gewinnerinnen und Gewinner der regionalen Halbfinale.<\/li>\n<li>Reise zum Veranstaltungsort des internationalen Finals (Reisekosten, Unterkunft im Hotel, Verpflegung, Versicherung, Besichtigungen und Teilnahme an Veranstaltungen f\u00fcr alle Teammitglieder und Begleitlehrkr\u00e4fte).<\/li>\n<\/ul>\n<p><strong>Gewinnerinnen und Gewinner der Mitgliedsstaaten<\/strong><\/p>\n<ul>\n<li>Reise zum Veranstaltungsort des regionalen Halbfinals<a href=\"#_ftn1\" name=\"_ftnref1\">[1]<\/a> (Reisekosten, Unterkunft im Hotel, Verpflegung, Versicherung, Besichtigungen und Teilnahme an Veranstaltungen).<\/li>\n<li>Odysseus II Wettbewerb Souvenir-Set<\/li>\n<li>Medaille f\u00fcr die Gewinnerin oder den Gewinner<\/li>\n<\/ul>\n<p>Alle Teilnehmerinnen und Teilnehmer erhalten ein Teilnahmezertifikat des Odysseus II Wettbewerbs.<\/p>\n<ul>\n<li><a href=\"#_ftnref1\" name=\"_ftn1\">[1]<\/a> <em>Die zehn Halbfinale werden in den folgenden Staaten veranstaltet: \u00d6sterreich, Belgien, Tschechien, D\u00e4nemark, Frankreich, Griechenland, Italien, Polen, Spanien, Gro\u00dfbritannien<\/em><\/li>\n<\/ul>\n<p><em>\u00a0<\/em><\/p>\n","protected":false},"excerpt":{"rendered":"<p>Gro\u00dfer Preis Reise zum Guiana Space Centre (Flugticket, Unterkunft im Hotel, Verpflegung, Versicherung, Teilnahme an Veranstaltungen, Besichtigungen und F\u00fchrungen im Space Centre und andere H\u00f6hepunkte f\u00fcr alle Teammitglieder und ihre Begleitlehrkraft). Preise der Finalistinnen und Finalisten Ein qualitativ hochwertiges Teleskop (Celestron Nexstar oder ein \u00e4hnliches Modell) f\u00fcr jedes Teammitglied der 10 Teams im Final \u2013 [&hellip;]<\/p>\n","protected":false},"author":1,"featured_media":371,"parent":1114,"menu_order":0,"comment_status":"closed","ping_status":"closed","template":"","meta":[],"acf":[],"yoast_head":"<!-- This site is optimized with the Yoast SEO plugin v19.14 - https:\/\/yoast.com\/wordpress\/plugins\/seo\/ -->\n<title>Kategorie der Pioniere - ODYSSEUS II<\/title>\n<meta name=\"robots\" content=\"index, follow, max-snippet:-1, max-image-preview:large, max-video-preview:-1\" \/>\n<link rel=\"canonical\" href=\"https:\/\/odysseus-contests.eu\/2016\/de\/preise\/pionier-kategorie\/\" \/>\n<meta property=\"og:locale\" content=\"de_DE\" \/>\n<meta property=\"og:type\" content=\"article\" \/>\n<meta property=\"og:title\" content=\"Kategorie der Pioniere - ODYSSEUS II\" \/>\n<meta property=\"og:description\" content=\"Gro\u00dfer Preis Reise zum Guiana Space Centre (Flugticket, Unterkunft im Hotel, Verpflegung, Versicherung, Teilnahme an Veranstaltungen, Besichtigungen und F\u00fchrungen im Space Centre und andere H\u00f6hepunkte f\u00fcr alle Teammitglieder und ihre Begleitlehrkraft). Preise der Finalistinnen und Finalisten Ein qualitativ hochwertiges Teleskop (Celestron Nexstar oder ein \u00e4hnliches Modell) f\u00fcr jedes Teammitglied der 10 Teams im Final \u2013 [&hellip;]\" \/>\n<meta property=\"og:url\" content=\"https:\/\/odysseus-contests.eu\/2016\/de\/preise\/pionier-kategorie\/\" \/>\n<meta property=\"og:site_name\" content=\"ODYSSEUS II\" \/>\n<meta property=\"article:modified_time\" content=\"2015-08-11T10:53:58+00:00\" \/>\n<meta property=\"og:image\" content=\"https:\/\/odysseus-contests.eu\/2016\/wp-content\/uploads\/2015\/05\/about-prizes-pioneers-main.jpg\" \/>\n\t<meta property=\"og:image:width\" content=\"1920\" \/>\n\t<meta property=\"og:image:height\" content=\"666\" \/>\n\t<meta property=\"og:image:type\" content=\"image\/jpeg\" \/>\n<meta name=\"twitter:card\" content=\"summary_large_image\" \/>\n<meta name=\"twitter:label1\" content=\"Gesch\u00e4tzte Lesezeit\" \/>\n\t<meta name=\"twitter:data1\" content=\"1\u00a0Minute\" \/>\n<script type=\"application\/ld+json\" class=\"yoast-schema-graph\">{\"@context\":\"https:\/\/schema.org\",\"@graph\":[{\"@type\":\"WebPage\",\"@id\":\"https:\/\/odysseus-contests.eu\/2016\/de\/preise\/pionier-kategorie\/\",\"url\":\"https:\/\/odysseus-contests.eu\/2016\/de\/preise\/pionier-kategorie\/\",\"name\":\"Kategorie der Pioniere - ODYSSEUS II\",\"isPartOf\":{\"@id\":\"https:\/\/odysseus-contests.eu\/2016\/de\/#website\"},\"datePublished\":\"2015-06-29T19:02:10+00:00\",\"dateModified\":\"2015-08-11T10:53:58+00:00\",\"breadcrumb\":{\"@id\":\"https:\/\/odysseus-contests.eu\/2016\/de\/preise\/pionier-kategorie\/#breadcrumb\"},\"inLanguage\":\"de\",\"potentialAction\":[{\"@type\":\"ReadAction\",\"target\":[\"https:\/\/odysseus-contests.eu\/2016\/de\/preise\/pionier-kategorie\/\"]}]},{\"@type\":\"BreadcrumbList\",\"@id\":\"https:\/\/odysseus-contests.eu\/2016\/de\/preise\/pionier-kategorie\/#breadcrumb\",\"itemListElement\":[{\"@type\":\"ListItem\",\"position\":1,\"name\":\"Home\",\"item\":\"https:\/\/odysseus-contests.eu\/2016\/de\/\"},{\"@type\":\"ListItem\",\"position\":2,\"name\":\"Preise\",\"item\":\"https:\/\/odysseus-contests.eu\/2016\/de\/preise\/\"},{\"@type\":\"ListItem\",\"position\":3,\"name\":\"Kategorie der Pioniere\"}]},{\"@type\":\"WebSite\",\"@id\":\"https:\/\/odysseus-contests.eu\/2016\/de\/#website\",\"url\":\"https:\/\/odysseus-contests.eu\/2016\/de\/\",\"name\":\"ODYSSEUS II\",\"description\":\"European Youth Space Contest\",\"potentialAction\":[{\"@type\":\"SearchAction\",\"target\":{\"@type\":\"EntryPoint\",\"urlTemplate\":\"https:\/\/odysseus-contests.eu\/2016\/de\/?s={search_term_string}\"},\"query-input\":\"required name=search_term_string\"}],\"inLanguage\":\"de\"}]}<\/script>\n<!-- \/ Yoast SEO plugin. -->","yoast_head_json":{"title":"Kategorie der Pioniere - ODYSSEUS II","robots":{"index":"index","follow":"follow","max-snippet":"max-snippet:-1","max-image-preview":"max-image-preview:large","max-video-preview":"max-video-preview:-1"},"canonical":"https:\/\/odysseus-contests.eu\/2016\/de\/preise\/pionier-kategorie\/","og_locale":"de_DE","og_type":"article","og_title":"Kategorie der Pioniere - ODYSSEUS II","og_description":"Gro\u00dfer Preis Reise zum Guiana Space Centre (Flugticket, Unterkunft im Hotel, Verpflegung, Versicherung, Teilnahme an Veranstaltungen, Besichtigungen und F\u00fchrungen im Space Centre und andere H\u00f6hepunkte f\u00fcr alle Teammitglieder und ihre Begleitlehrkraft). Preise der Finalistinnen und Finalisten Ein qualitativ hochwertiges Teleskop (Celestron Nexstar oder ein \u00e4hnliches Modell) f\u00fcr jedes Teammitglied der 10 Teams im Final \u2013 [&hellip;]","og_url":"https:\/\/odysseus-contests.eu\/2016\/de\/preise\/pionier-kategorie\/","og_site_name":"ODYSSEUS II","article_modified_time":"2015-08-11T10:53:58+00:00","og_image":[{"width":1920,"height":666,"url":"https:\/\/odysseus-contests.eu\/2016\/wp-content\/uploads\/2015\/05\/about-prizes-pioneers-main.jpg","type":"image\/jpeg"}],"twitter_card":"summary_large_image","twitter_misc":{"Gesch\u00e4tzte Lesezeit":"1\u00a0Minute"},"schema":{"@context":"https:\/\/schema.org","@graph":[{"@type":"WebPage","@id":"https:\/\/odysseus-contests.eu\/2016\/de\/preise\/pionier-kategorie\/","url":"https:\/\/odysseus-contests.eu\/2016\/de\/preise\/pionier-kategorie\/","name":"Kategorie der Pioniere - ODYSSEUS II","isPartOf":{"@id":"https:\/\/odysseus-contests.eu\/2016\/de\/#website"},"datePublished":"2015-06-29T19:02:10+00:00","dateModified":"2015-08-11T10:53:58+00:00","breadcrumb":{"@id":"https:\/\/odysseus-contests.eu\/2016\/de\/preise\/pionier-kategorie\/#breadcrumb"},"inLanguage":"de","potentialAction":[{"@type":"ReadAction","target":["https:\/\/odysseus-contests.eu\/2016\/de\/preise\/pionier-kategorie\/"]}]},{"@type":"BreadcrumbList","@id":"https:\/\/odysseus-contests.eu\/2016\/de\/preise\/pionier-kategorie\/#breadcrumb","itemListElement":[{"@type":"ListItem","position":1,"name":"Home","item":"https:\/\/odysseus-contests.eu\/2016\/de\/"},{"@type":"ListItem","position":2,"name":"Preise","item":"https:\/\/odysseus-contests.eu\/2016\/de\/preise\/"},{"@type":"ListItem","position":3,"name":"Kategorie der Pioniere"}]},{"@type":"WebSite","@id":"https:\/\/odysseus-contests.eu\/2016\/de\/#website","url":"https:\/\/odysseus-contests.eu\/2016\/de\/","name":"ODYSSEUS II","description":"European Youth Space Contest","potentialAction":[{"@type":"SearchAction","target":{"@type":"EntryPoint","urlTemplate":"https:\/\/odysseus-contests.eu\/2016\/de\/?s={search_term_string}"},"query-input":"required name=search_term_string"}],"inLanguage":"de"}]}},"_links":{"self":[{"href":"https:\/\/odysseus-contests.eu\/2016\/de\/wp-json\/wp\/v2\/pages\/1151"}],"collection":[{"href":"https:\/\/odysseus-contests.eu\/2016\/de\/wp-json\/wp\/v2\/pages"}],"about":[{"href":"https:\/\/odysseus-contests.eu\/2016\/de\/wp-json\/wp\/v2\/types\/page"}],"author":[{"embeddable":true,"href":"https:\/\/odysseus-contests.eu\/2016\/de\/wp-json\/wp\/v2\/users\/1"}],"replies":[{"embeddable":true,"href":"https:\/\/odysseus-contests.eu\/2016\/de\/wp-json\/wp\/v2\/comments?post=1151"}],"version-history":[{"count":0,"href":"https:\/\/odysseus-contests.eu\/2016\/de\/wp-json\/wp\/v2\/pages\/1151\/revisions"}],"up":[{"embeddable":true,"href":"https:\/\/odysseus-contests.eu\/2016\/de\/wp-json\/wp\/v2\/pages\/1114"}],"wp:featuredmedia":[{"embeddable":true,"href":"https:\/\/odysseus-contests.eu\/2016\/de\/wp-json\/wp\/v2\/media\/371"}],"wp:attachment":[{"href":"https:\/\/odysseus-contests.eu\/2016\/de\/wp-json\/wp\/v2\/media?parent=1151"}],"curies":[{"name":"wp","href":"https:\/\/api.w.org\/{rel}","templated":true}]}}