{"id":1146,"date":"2015-06-29T21:41:49","date_gmt":"2015-06-29T18:41:49","guid":{"rendered":"http:\/\/odysseus-contests.eu\/2016\/?page_id=1146"},"modified":"2015-08-11T15:02:09","modified_gmt":"2015-08-11T12:02:09","slug":"veranstalter-und-veranstalterinnen","status":"publish","type":"page","link":"https:\/\/odysseus-contests.eu\/2016\/de\/teilnahmebedingungen\/veranstalter-und-veranstalterinnen\/","title":{"rendered":"Veranstalterinnen und Veranstalter"},"content":{"rendered":"<ul>\n<li>Der Odysseus II Wettbewerb wird von einem internationalen Konsortium von Institutionen aus 10 EU-Mitgliedsstaaten veranstaltet,\u00a0von der Europ\u00e4ischen Kommission finanziert und von Signosis Consulting Company in Br\u00fcssel geleitet. Eine vollst\u00e4ndige Liste aller Konsortiums-Mitglieder ist auf der Odysseus II Webseite und auf anderen, von den Veranstaltern ausgew\u00e4hlten Kommunikationskan\u00e4len und\u00a0Social Media ver\u00f6ffentlicht.<\/li>\n<li>Die Veranstalter stellen die Webseite als Infrastruktur zur Verf\u00fcgung, womit sich die Teilnehmerinnen und Teilnehmer zur Wettbewerbsteilnahme anmelden und wor\u00fcber sie ihre Projekte zur Bewertung einsenden. Die Online-Abstimmung f\u00fcr das beste Skywalker-Bild in jedem Staat findet auch \u00fcber die Odysseus II Wettbewerbs-Webseite statt.<\/li>\n<li>Die lokalen Veranstalter richten in jedem EU-Mitgliedsstaat ein Mentoren-Netzwerk ein, das den Teilnehmerinnen und Teilnehmern der Pionier- und Explorer-Kategorie als Ressource dient.<\/li>\n<li>Die Veranstalter fordern Angaben zu Geschlecht und Staatsangeh\u00f6rigkeit der Teilnehmerinnen und Teilnehmer ein, doch diese Information dient nur statistischen Zwecken und nicht als Teilnahme- oder Bewertungskriterium.<\/li>\n<li>Die Veranstalter ver\u00f6ffentlichen Angaben \u00fcber die Teilnahmequote in den Mitgliedsstaaten, das Alter und Geschlecht auf der Webseite.<\/li>\n<li>Die Veranstalter behalten sich das Recht vor, die Preise, Teilnahmebedingungen, Gesch\u00e4ftsbedingungen jederzeit aus triftigem Grund zu \u00e4ndern oder ihnen etwas hinzuzuf\u00fcgen.<\/li>\n<\/ul>\n","protected":false},"excerpt":{"rendered":"<p>Der Odysseus II Wettbewerb wird von einem internationalen Konsortium von Institutionen aus 10 EU-Mitgliedsstaaten veranstaltet,\u00a0von der Europ\u00e4ischen Kommission finanziert und von Signosis Consulting Company in Br\u00fcssel geleitet. Eine vollst\u00e4ndige Liste aller Konsortiums-Mitglieder ist auf der Odysseus II Webseite und auf anderen, von den Veranstaltern ausgew\u00e4hlten Kommunikationskan\u00e4len und\u00a0Social Media ver\u00f6ffentlicht. Die Veranstalter stellen die Webseite als [&hellip;]<\/p>\n","protected":false},"author":1,"featured_media":0,"parent":1095,"menu_order":140,"comment_status":"closed","ping_status":"closed","template":"","meta":[],"acf":[],"yoast_head":"<!-- This site is optimized with the Yoast SEO plugin v19.14 - https:\/\/yoast.com\/wordpress\/plugins\/seo\/ -->\n<title>Veranstalterinnen und Veranstalter - ODYSSEUS II<\/title>\n<meta name=\"robots\" content=\"index, follow, max-snippet:-1, max-image-preview:large, max-video-preview:-1\" \/>\n<link rel=\"canonical\" href=\"https:\/\/odysseus-contests.eu\/2016\/de\/teilnahmebedingungen\/veranstalter-und-veranstalterinnen\/\" \/>\n<meta property=\"og:locale\" content=\"de_DE\" \/>\n<meta property=\"og:type\" content=\"article\" \/>\n<meta property=\"og:title\" content=\"Veranstalterinnen und Veranstalter - ODYSSEUS II\" \/>\n<meta property=\"og:description\" content=\"Der Odysseus II Wettbewerb wird von einem internationalen Konsortium von Institutionen aus 10 EU-Mitgliedsstaaten veranstaltet,\u00a0von der Europ\u00e4ischen Kommission finanziert und von Signosis Consulting Company in Br\u00fcssel geleitet. Eine vollst\u00e4ndige Liste aller Konsortiums-Mitglieder ist auf der Odysseus II Webseite und auf anderen, von den Veranstaltern ausgew\u00e4hlten Kommunikationskan\u00e4len und\u00a0Social Media ver\u00f6ffentlicht. Die Veranstalter stellen die Webseite als [&hellip;]\" \/>\n<meta property=\"og:url\" content=\"https:\/\/odysseus-contests.eu\/2016\/de\/teilnahmebedingungen\/veranstalter-und-veranstalterinnen\/\" \/>\n<meta property=\"og:site_name\" content=\"ODYSSEUS II\" \/>\n<meta property=\"article:modified_time\" content=\"2015-08-11T12:02:09+00:00\" \/>\n<meta name=\"twitter:card\" content=\"summary_large_image\" \/>\n<meta name=\"twitter:label1\" content=\"Gesch\u00e4tzte Lesezeit\" \/>\n\t<meta name=\"twitter:data1\" content=\"1\u00a0Minute\" \/>\n<script type=\"application\/ld+json\" class=\"yoast-schema-graph\">{\"@context\":\"https:\/\/schema.org\",\"@graph\":[{\"@type\":\"WebPage\",\"@id\":\"https:\/\/odysseus-contests.eu\/2016\/de\/teilnahmebedingungen\/veranstalter-und-veranstalterinnen\/\",\"url\":\"https:\/\/odysseus-contests.eu\/2016\/de\/teilnahmebedingungen\/veranstalter-und-veranstalterinnen\/\",\"name\":\"Veranstalterinnen und Veranstalter - ODYSSEUS II\",\"isPartOf\":{\"@id\":\"https:\/\/odysseus-contests.eu\/2016\/de\/#website\"},\"datePublished\":\"2015-06-29T18:41:49+00:00\",\"dateModified\":\"2015-08-11T12:02:09+00:00\",\"breadcrumb\":{\"@id\":\"https:\/\/odysseus-contests.eu\/2016\/de\/teilnahmebedingungen\/veranstalter-und-veranstalterinnen\/#breadcrumb\"},\"inLanguage\":\"de\",\"potentialAction\":[{\"@type\":\"ReadAction\",\"target\":[\"https:\/\/odysseus-contests.eu\/2016\/de\/teilnahmebedingungen\/veranstalter-und-veranstalterinnen\/\"]}]},{\"@type\":\"BreadcrumbList\",\"@id\":\"https:\/\/odysseus-contests.eu\/2016\/de\/teilnahmebedingungen\/veranstalter-und-veranstalterinnen\/#breadcrumb\",\"itemListElement\":[{\"@type\":\"ListItem\",\"position\":1,\"name\":\"Home\",\"item\":\"https:\/\/odysseus-contests.eu\/2016\/de\/\"},{\"@type\":\"ListItem\",\"position\":2,\"name\":\"Teilnahmebedingungen\",\"item\":\"https:\/\/odysseus-contests.eu\/2016\/de\/teilnahmebedingungen\/\"},{\"@type\":\"ListItem\",\"position\":3,\"name\":\"Veranstalterinnen und Veranstalter\"}]},{\"@type\":\"WebSite\",\"@id\":\"https:\/\/odysseus-contests.eu\/2016\/de\/#website\",\"url\":\"https:\/\/odysseus-contests.eu\/2016\/de\/\",\"name\":\"ODYSSEUS II\",\"description\":\"European Youth Space Contest\",\"potentialAction\":[{\"@type\":\"SearchAction\",\"target\":{\"@type\":\"EntryPoint\",\"urlTemplate\":\"https:\/\/odysseus-contests.eu\/2016\/de\/?s={search_term_string}\"},\"query-input\":\"required name=search_term_string\"}],\"inLanguage\":\"de\"}]}<\/script>\n<!-- \/ Yoast SEO plugin. -->","yoast_head_json":{"title":"Veranstalterinnen und Veranstalter - ODYSSEUS II","robots":{"index":"index","follow":"follow","max-snippet":"max-snippet:-1","max-image-preview":"max-image-preview:large","max-video-preview":"max-video-preview:-1"},"canonical":"https:\/\/odysseus-contests.eu\/2016\/de\/teilnahmebedingungen\/veranstalter-und-veranstalterinnen\/","og_locale":"de_DE","og_type":"article","og_title":"Veranstalterinnen und Veranstalter - ODYSSEUS II","og_description":"Der Odysseus II Wettbewerb wird von einem internationalen Konsortium von Institutionen aus 10 EU-Mitgliedsstaaten veranstaltet,\u00a0von der Europ\u00e4ischen Kommission finanziert und von Signosis Consulting Company in Br\u00fcssel geleitet. Eine vollst\u00e4ndige Liste aller Konsortiums-Mitglieder ist auf der Odysseus II Webseite und auf anderen, von den Veranstaltern ausgew\u00e4hlten Kommunikationskan\u00e4len und\u00a0Social Media ver\u00f6ffentlicht. Die Veranstalter stellen die Webseite als [&hellip;]","og_url":"https:\/\/odysseus-contests.eu\/2016\/de\/teilnahmebedingungen\/veranstalter-und-veranstalterinnen\/","og_site_name":"ODYSSEUS II","article_modified_time":"2015-08-11T12:02:09+00:00","twitter_card":"summary_large_image","twitter_misc":{"Gesch\u00e4tzte Lesezeit":"1\u00a0Minute"},"schema":{"@context":"https:\/\/schema.org","@graph":[{"@type":"WebPage","@id":"https:\/\/odysseus-contests.eu\/2016\/de\/teilnahmebedingungen\/veranstalter-und-veranstalterinnen\/","url":"https:\/\/odysseus-contests.eu\/2016\/de\/teilnahmebedingungen\/veranstalter-und-veranstalterinnen\/","name":"Veranstalterinnen und Veranstalter - ODYSSEUS II","isPartOf":{"@id":"https:\/\/odysseus-contests.eu\/2016\/de\/#website"},"datePublished":"2015-06-29T18:41:49+00:00","dateModified":"2015-08-11T12:02:09+00:00","breadcrumb":{"@id":"https:\/\/odysseus-contests.eu\/2016\/de\/teilnahmebedingungen\/veranstalter-und-veranstalterinnen\/#breadcrumb"},"inLanguage":"de","potentialAction":[{"@type":"ReadAction","target":["https:\/\/odysseus-contests.eu\/2016\/de\/teilnahmebedingungen\/veranstalter-und-veranstalterinnen\/"]}]},{"@type":"BreadcrumbList","@id":"https:\/\/odysseus-contests.eu\/2016\/de\/teilnahmebedingungen\/veranstalter-und-veranstalterinnen\/#breadcrumb","itemListElement":[{"@type":"ListItem","position":1,"name":"Home","item":"https:\/\/odysseus-contests.eu\/2016\/de\/"},{"@type":"ListItem","position":2,"name":"Teilnahmebedingungen","item":"https:\/\/odysseus-contests.eu\/2016\/de\/teilnahmebedingungen\/"},{"@type":"ListItem","position":3,"name":"Veranstalterinnen und Veranstalter"}]},{"@type":"WebSite","@id":"https:\/\/odysseus-contests.eu\/2016\/de\/#website","url":"https:\/\/odysseus-contests.eu\/2016\/de\/","name":"ODYSSEUS II","description":"European Youth Space Contest","potentialAction":[{"@type":"SearchAction","target":{"@type":"EntryPoint","urlTemplate":"https:\/\/odysseus-contests.eu\/2016\/de\/?s={search_term_string}"},"query-input":"required name=search_term_string"}],"inLanguage":"de"}]}},"_links":{"self":[{"href":"https:\/\/odysseus-contests.eu\/2016\/de\/wp-json\/wp\/v2\/pages\/1146"}],"collection":[{"href":"https:\/\/odysseus-contests.eu\/2016\/de\/wp-json\/wp\/v2\/pages"}],"about":[{"href":"https:\/\/odysseus-contests.eu\/2016\/de\/wp-json\/wp\/v2\/types\/page"}],"author":[{"embeddable":true,"href":"https:\/\/odysseus-contests.eu\/2016\/de\/wp-json\/wp\/v2\/users\/1"}],"replies":[{"embeddable":true,"href":"https:\/\/odysseus-contests.eu\/2016\/de\/wp-json\/wp\/v2\/comments?post=1146"}],"version-history":[{"count":0,"href":"https:\/\/odysseus-contests.eu\/2016\/de\/wp-json\/wp\/v2\/pages\/1146\/revisions"}],"up":[{"embeddable":true,"href":"https:\/\/odysseus-contests.eu\/2016\/de\/wp-json\/wp\/v2\/pages\/1095"}],"wp:attachment":[{"href":"https:\/\/odysseus-contests.eu\/2016\/de\/wp-json\/wp\/v2\/media?parent=1146"}],"curies":[{"name":"wp","href":"https:\/\/api.w.org\/{rel}","templated":true}]}}