{"id":1136,"date":"2015-06-29T21:36:48","date_gmt":"2015-06-29T18:36:48","guid":{"rendered":"http:\/\/odysseus-contests.eu\/2016\/?page_id=1136"},"modified":"2015-08-11T14:22:15","modified_gmt":"2015-08-11T11:22:15","slug":"begleitlehrkrafte-und-mentoren","status":"publish","type":"page","link":"https:\/\/odysseus-contests.eu\/2016\/de\/teilnahmebedingungen\/begleitlehrkrafte-und-mentoren\/","title":{"rendered":"Begleitlehrkr\u00e4fte und Mentoren"},"content":{"rendered":"<ul>\n<li>Begleitlehrkr\u00e4fte von Teams sowie Studentinnen und Studenten m\u00fcssen die Teilnahmebedingungen und das Kleingedruckte zur Kenntnis nehmen.<\/li>\n<li>Jedes Pionier-Team muss eine Begleitlehrkraft haben und jeder Skywalker eine Lehrerin, einen Lehrer, einen Angeh\u00f6rigen, eine Gruppenleiterin oder einen Gruppenleiter, der ihnen hilft.<\/li>\n<li>Mentorinnen und Mentoren beraten die Pioniere und Explorer ausschlie\u00dflich technisch und wissenschaftlich und die Anzahl Beitr\u00e4ge, f\u00fcr die sie als Beraterin oder Berater agieren, ist nicht beschr\u00e4nkt.<\/li>\n<li>Siehe auf der <a href=\"http:\/\/odysseus-contests.eu\/2016\/de\/pioniere\/\" target=\"_blank\">Pionier-Seite<\/a> (f\u00fcr Begleitlehrkr\u00e4fte) und in den Bereichen <a href=\"http:\/\/odysseus-contests.eu\/2016\/de\/ressourcen\/das-mentoren-netzwerk\/\" target=\"_blank\">Mentoren<\/a> und <a href=\"http:\/\/odysseus-contests.eu\/2016\/de\/ressourcen\/preisrichterinnen-preisrichter\/\" target=\"_blank\">Bewertung<\/a> nach, um mehr Informationen zu erhalten (Links).<\/li>\n<\/ul>\n","protected":false},"excerpt":{"rendered":"<p>Begleitlehrkr\u00e4fte von Teams sowie Studentinnen und Studenten m\u00fcssen die Teilnahmebedingungen und das Kleingedruckte zur Kenntnis nehmen. Jedes Pionier-Team muss eine Begleitlehrkraft haben und jeder Skywalker eine Lehrerin, einen Lehrer, einen Angeh\u00f6rigen, eine Gruppenleiterin oder einen Gruppenleiter, der ihnen hilft. Mentorinnen und Mentoren beraten die Pioniere und Explorer ausschlie\u00dflich technisch und wissenschaftlich und die Anzahl Beitr\u00e4ge, [&hellip;]<\/p>\n","protected":false},"author":1,"featured_media":0,"parent":1095,"menu_order":130,"comment_status":"closed","ping_status":"closed","template":"","meta":[],"acf":[],"yoast_head":"<!-- This site is optimized with the Yoast SEO plugin v19.14 - https:\/\/yoast.com\/wordpress\/plugins\/seo\/ -->\n<title>Begleitlehrkr\u00e4fte und Mentoren - ODYSSEUS II<\/title>\n<meta name=\"robots\" content=\"index, follow, max-snippet:-1, max-image-preview:large, max-video-preview:-1\" \/>\n<link rel=\"canonical\" href=\"https:\/\/odysseus-contests.eu\/2016\/de\/teilnahmebedingungen\/begleitlehrkrafte-und-mentoren\/\" \/>\n<meta property=\"og:locale\" content=\"de_DE\" \/>\n<meta property=\"og:type\" content=\"article\" \/>\n<meta property=\"og:title\" content=\"Begleitlehrkr\u00e4fte und Mentoren - ODYSSEUS II\" \/>\n<meta property=\"og:description\" content=\"Begleitlehrkr\u00e4fte von Teams sowie Studentinnen und Studenten m\u00fcssen die Teilnahmebedingungen und das Kleingedruckte zur Kenntnis nehmen. Jedes Pionier-Team muss eine Begleitlehrkraft haben und jeder Skywalker eine Lehrerin, einen Lehrer, einen Angeh\u00f6rigen, eine Gruppenleiterin oder einen Gruppenleiter, der ihnen hilft. Mentorinnen und Mentoren beraten die Pioniere und Explorer ausschlie\u00dflich technisch und wissenschaftlich und die Anzahl Beitr\u00e4ge, [&hellip;]\" \/>\n<meta property=\"og:url\" content=\"https:\/\/odysseus-contests.eu\/2016\/de\/teilnahmebedingungen\/begleitlehrkrafte-und-mentoren\/\" \/>\n<meta property=\"og:site_name\" content=\"ODYSSEUS II\" \/>\n<meta property=\"article:modified_time\" content=\"2015-08-11T11:22:15+00:00\" \/>\n<meta name=\"twitter:card\" content=\"summary_large_image\" \/>\n<script type=\"application\/ld+json\" class=\"yoast-schema-graph\">{\"@context\":\"https:\/\/schema.org\",\"@graph\":[{\"@type\":\"WebPage\",\"@id\":\"https:\/\/odysseus-contests.eu\/2016\/de\/teilnahmebedingungen\/begleitlehrkrafte-und-mentoren\/\",\"url\":\"https:\/\/odysseus-contests.eu\/2016\/de\/teilnahmebedingungen\/begleitlehrkrafte-und-mentoren\/\",\"name\":\"Begleitlehrkr\u00e4fte und Mentoren - ODYSSEUS II\",\"isPartOf\":{\"@id\":\"https:\/\/odysseus-contests.eu\/2016\/de\/#website\"},\"datePublished\":\"2015-06-29T18:36:48+00:00\",\"dateModified\":\"2015-08-11T11:22:15+00:00\",\"breadcrumb\":{\"@id\":\"https:\/\/odysseus-contests.eu\/2016\/de\/teilnahmebedingungen\/begleitlehrkrafte-und-mentoren\/#breadcrumb\"},\"inLanguage\":\"de\",\"potentialAction\":[{\"@type\":\"ReadAction\",\"target\":[\"https:\/\/odysseus-contests.eu\/2016\/de\/teilnahmebedingungen\/begleitlehrkrafte-und-mentoren\/\"]}]},{\"@type\":\"BreadcrumbList\",\"@id\":\"https:\/\/odysseus-contests.eu\/2016\/de\/teilnahmebedingungen\/begleitlehrkrafte-und-mentoren\/#breadcrumb\",\"itemListElement\":[{\"@type\":\"ListItem\",\"position\":1,\"name\":\"Home\",\"item\":\"https:\/\/odysseus-contests.eu\/2016\/de\/\"},{\"@type\":\"ListItem\",\"position\":2,\"name\":\"Teilnahmebedingungen\",\"item\":\"https:\/\/odysseus-contests.eu\/2016\/de\/teilnahmebedingungen\/\"},{\"@type\":\"ListItem\",\"position\":3,\"name\":\"Begleitlehrkr\u00e4fte und Mentoren\"}]},{\"@type\":\"WebSite\",\"@id\":\"https:\/\/odysseus-contests.eu\/2016\/de\/#website\",\"url\":\"https:\/\/odysseus-contests.eu\/2016\/de\/\",\"name\":\"ODYSSEUS II\",\"description\":\"European Youth Space Contest\",\"potentialAction\":[{\"@type\":\"SearchAction\",\"target\":{\"@type\":\"EntryPoint\",\"urlTemplate\":\"https:\/\/odysseus-contests.eu\/2016\/de\/?s={search_term_string}\"},\"query-input\":\"required name=search_term_string\"}],\"inLanguage\":\"de\"}]}<\/script>\n<!-- \/ Yoast SEO plugin. -->","yoast_head_json":{"title":"Begleitlehrkr\u00e4fte und Mentoren - ODYSSEUS II","robots":{"index":"index","follow":"follow","max-snippet":"max-snippet:-1","max-image-preview":"max-image-preview:large","max-video-preview":"max-video-preview:-1"},"canonical":"https:\/\/odysseus-contests.eu\/2016\/de\/teilnahmebedingungen\/begleitlehrkrafte-und-mentoren\/","og_locale":"de_DE","og_type":"article","og_title":"Begleitlehrkr\u00e4fte und Mentoren - ODYSSEUS II","og_description":"Begleitlehrkr\u00e4fte von Teams sowie Studentinnen und Studenten m\u00fcssen die Teilnahmebedingungen und das Kleingedruckte zur Kenntnis nehmen. Jedes Pionier-Team muss eine Begleitlehrkraft haben und jeder Skywalker eine Lehrerin, einen Lehrer, einen Angeh\u00f6rigen, eine Gruppenleiterin oder einen Gruppenleiter, der ihnen hilft. Mentorinnen und Mentoren beraten die Pioniere und Explorer ausschlie\u00dflich technisch und wissenschaftlich und die Anzahl Beitr\u00e4ge, [&hellip;]","og_url":"https:\/\/odysseus-contests.eu\/2016\/de\/teilnahmebedingungen\/begleitlehrkrafte-und-mentoren\/","og_site_name":"ODYSSEUS II","article_modified_time":"2015-08-11T11:22:15+00:00","twitter_card":"summary_large_image","schema":{"@context":"https:\/\/schema.org","@graph":[{"@type":"WebPage","@id":"https:\/\/odysseus-contests.eu\/2016\/de\/teilnahmebedingungen\/begleitlehrkrafte-und-mentoren\/","url":"https:\/\/odysseus-contests.eu\/2016\/de\/teilnahmebedingungen\/begleitlehrkrafte-und-mentoren\/","name":"Begleitlehrkr\u00e4fte und Mentoren - ODYSSEUS II","isPartOf":{"@id":"https:\/\/odysseus-contests.eu\/2016\/de\/#website"},"datePublished":"2015-06-29T18:36:48+00:00","dateModified":"2015-08-11T11:22:15+00:00","breadcrumb":{"@id":"https:\/\/odysseus-contests.eu\/2016\/de\/teilnahmebedingungen\/begleitlehrkrafte-und-mentoren\/#breadcrumb"},"inLanguage":"de","potentialAction":[{"@type":"ReadAction","target":["https:\/\/odysseus-contests.eu\/2016\/de\/teilnahmebedingungen\/begleitlehrkrafte-und-mentoren\/"]}]},{"@type":"BreadcrumbList","@id":"https:\/\/odysseus-contests.eu\/2016\/de\/teilnahmebedingungen\/begleitlehrkrafte-und-mentoren\/#breadcrumb","itemListElement":[{"@type":"ListItem","position":1,"name":"Home","item":"https:\/\/odysseus-contests.eu\/2016\/de\/"},{"@type":"ListItem","position":2,"name":"Teilnahmebedingungen","item":"https:\/\/odysseus-contests.eu\/2016\/de\/teilnahmebedingungen\/"},{"@type":"ListItem","position":3,"name":"Begleitlehrkr\u00e4fte und Mentoren"}]},{"@type":"WebSite","@id":"https:\/\/odysseus-contests.eu\/2016\/de\/#website","url":"https:\/\/odysseus-contests.eu\/2016\/de\/","name":"ODYSSEUS II","description":"European Youth Space Contest","potentialAction":[{"@type":"SearchAction","target":{"@type":"EntryPoint","urlTemplate":"https:\/\/odysseus-contests.eu\/2016\/de\/?s={search_term_string}"},"query-input":"required name=search_term_string"}],"inLanguage":"de"}]}},"_links":{"self":[{"href":"https:\/\/odysseus-contests.eu\/2016\/de\/wp-json\/wp\/v2\/pages\/1136"}],"collection":[{"href":"https:\/\/odysseus-contests.eu\/2016\/de\/wp-json\/wp\/v2\/pages"}],"about":[{"href":"https:\/\/odysseus-contests.eu\/2016\/de\/wp-json\/wp\/v2\/types\/page"}],"author":[{"embeddable":true,"href":"https:\/\/odysseus-contests.eu\/2016\/de\/wp-json\/wp\/v2\/users\/1"}],"replies":[{"embeddable":true,"href":"https:\/\/odysseus-contests.eu\/2016\/de\/wp-json\/wp\/v2\/comments?post=1136"}],"version-history":[{"count":0,"href":"https:\/\/odysseus-contests.eu\/2016\/de\/wp-json\/wp\/v2\/pages\/1136\/revisions"}],"up":[{"embeddable":true,"href":"https:\/\/odysseus-contests.eu\/2016\/de\/wp-json\/wp\/v2\/pages\/1095"}],"wp:attachment":[{"href":"https:\/\/odysseus-contests.eu\/2016\/de\/wp-json\/wp\/v2\/media?parent=1136"}],"curies":[{"name":"wp","href":"https:\/\/api.w.org\/{rel}","templated":true}]}}