{"id":1133,"date":"2015-06-29T21:35:59","date_gmt":"2015-06-29T18:35:59","guid":{"rendered":"http:\/\/odysseus-contests.eu\/2016\/?page_id=1133"},"modified":"2015-08-11T15:01:03","modified_gmt":"2015-08-11T12:01:03","slug":"rights-and-protection-of-minors","status":"publish","type":"page","link":"https:\/\/odysseus-contests.eu\/2016\/de\/teilnahmebedingungen\/rights-and-protection-of-minors\/","title":{"rendered":"Rechte und Schutz von Minderj\u00e4hrigen"},"content":{"rendered":"<ul>\n<li>Die Begleitlehrkraft hat die pers\u00f6nliche Verantwortung vollst\u00e4ndige und korrekte Angaben von jedem Teammitglied \u00fcber das Odysseus II Webseite-Anmeldeformular zu machen.<\/li>\n<li>Alle Teilnehmer, die noch nicht 18 Jahre alt sind, m\u00fcssen eine elterliche Einwilligungserkl\u00e4rung zur Wettbewerbsteilnahme abgeben. Alle Finalistinnen und Finalisten, die noch nicht 18 Jahre alt sind, m\u00fcssen eine elterliche Einwilligungserkl\u00e4rung f\u00fcr die Teilnahme und die Reise ans Finale abgeben.<\/li>\n<li>Die Begleitlehrkraft ist\u00a0f\u00fcr die \u00dcbermittlung der unterschriebenen, elterlichen Einwilligungserkl\u00e4rungen von allen ihren Teilnehmerinnen und Teilnehmern an die Veranstalter verantwortlich.<\/li>\n<li>Alle Gewinnerinnen und Gewinner jeder Etappe werden auf Gruppenfotos abgebildet und erkl\u00e4ren sich damit einverstanden, dass ihre auf den Fotos abgebildeten Gesichter auf der Odysseus II Wettbewerbs-Webseite, auf anderen \u00d6ffentlichkeits-Webseiten und im gedruckten Wettbewerbs-Material f\u00fcr\u00a0\u00d6ffentlichkeitsarbeit verwendet werden.<\/li>\n<\/ul>\n","protected":false},"excerpt":{"rendered":"<p>Die Begleitlehrkraft hat die pers\u00f6nliche Verantwortung vollst\u00e4ndige und korrekte Angaben von jedem Teammitglied \u00fcber das Odysseus II Webseite-Anmeldeformular zu machen. Alle Teilnehmer, die noch nicht 18 Jahre alt sind, m\u00fcssen eine elterliche Einwilligungserkl\u00e4rung zur Wettbewerbsteilnahme abgeben. Alle Finalistinnen und Finalisten, die noch nicht 18 Jahre alt sind, m\u00fcssen eine elterliche Einwilligungserkl\u00e4rung f\u00fcr die Teilnahme und [&hellip;]<\/p>\n","protected":false},"author":1,"featured_media":0,"parent":1095,"menu_order":0,"comment_status":"closed","ping_status":"closed","template":"","meta":[],"acf":[],"yoast_head":"<!-- This site is optimized with the Yoast SEO plugin v19.14 - https:\/\/yoast.com\/wordpress\/plugins\/seo\/ -->\n<title>Rechte und Schutz von Minderj\u00e4hrigen - ODYSSEUS II<\/title>\n<meta name=\"robots\" content=\"index, follow, max-snippet:-1, max-image-preview:large, max-video-preview:-1\" \/>\n<link rel=\"canonical\" href=\"https:\/\/odysseus-contests.eu\/2016\/de\/teilnahmebedingungen\/rights-and-protection-of-minors\/\" \/>\n<meta property=\"og:locale\" content=\"de_DE\" \/>\n<meta property=\"og:type\" content=\"article\" \/>\n<meta property=\"og:title\" content=\"Rechte und Schutz von Minderj\u00e4hrigen - ODYSSEUS II\" \/>\n<meta property=\"og:description\" content=\"Die Begleitlehrkraft hat die pers\u00f6nliche Verantwortung vollst\u00e4ndige und korrekte Angaben von jedem Teammitglied \u00fcber das Odysseus II Webseite-Anmeldeformular zu machen. Alle Teilnehmer, die noch nicht 18 Jahre alt sind, m\u00fcssen eine elterliche Einwilligungserkl\u00e4rung zur Wettbewerbsteilnahme abgeben. Alle Finalistinnen und Finalisten, die noch nicht 18 Jahre alt sind, m\u00fcssen eine elterliche Einwilligungserkl\u00e4rung f\u00fcr die Teilnahme und [&hellip;]\" \/>\n<meta property=\"og:url\" content=\"https:\/\/odysseus-contests.eu\/2016\/de\/teilnahmebedingungen\/rights-and-protection-of-minors\/\" \/>\n<meta property=\"og:site_name\" content=\"ODYSSEUS II\" \/>\n<meta property=\"article:modified_time\" content=\"2015-08-11T12:01:03+00:00\" \/>\n<meta name=\"twitter:card\" content=\"summary_large_image\" \/>\n<meta name=\"twitter:label1\" content=\"Gesch\u00e4tzte Lesezeit\" \/>\n\t<meta name=\"twitter:data1\" content=\"1\u00a0Minute\" \/>\n<script type=\"application\/ld+json\" class=\"yoast-schema-graph\">{\"@context\":\"https:\/\/schema.org\",\"@graph\":[{\"@type\":\"WebPage\",\"@id\":\"https:\/\/odysseus-contests.eu\/2016\/de\/teilnahmebedingungen\/rights-and-protection-of-minors\/\",\"url\":\"https:\/\/odysseus-contests.eu\/2016\/de\/teilnahmebedingungen\/rights-and-protection-of-minors\/\",\"name\":\"Rechte und Schutz von Minderj\u00e4hrigen - ODYSSEUS II\",\"isPartOf\":{\"@id\":\"https:\/\/odysseus-contests.eu\/2016\/de\/#website\"},\"datePublished\":\"2015-06-29T18:35:59+00:00\",\"dateModified\":\"2015-08-11T12:01:03+00:00\",\"breadcrumb\":{\"@id\":\"https:\/\/odysseus-contests.eu\/2016\/de\/teilnahmebedingungen\/rights-and-protection-of-minors\/#breadcrumb\"},\"inLanguage\":\"de\",\"potentialAction\":[{\"@type\":\"ReadAction\",\"target\":[\"https:\/\/odysseus-contests.eu\/2016\/de\/teilnahmebedingungen\/rights-and-protection-of-minors\/\"]}]},{\"@type\":\"BreadcrumbList\",\"@id\":\"https:\/\/odysseus-contests.eu\/2016\/de\/teilnahmebedingungen\/rights-and-protection-of-minors\/#breadcrumb\",\"itemListElement\":[{\"@type\":\"ListItem\",\"position\":1,\"name\":\"Home\",\"item\":\"https:\/\/odysseus-contests.eu\/2016\/de\/\"},{\"@type\":\"ListItem\",\"position\":2,\"name\":\"Teilnahmebedingungen\",\"item\":\"https:\/\/odysseus-contests.eu\/2016\/de\/teilnahmebedingungen\/\"},{\"@type\":\"ListItem\",\"position\":3,\"name\":\"Rechte und Schutz von Minderj\u00e4hrigen\"}]},{\"@type\":\"WebSite\",\"@id\":\"https:\/\/odysseus-contests.eu\/2016\/de\/#website\",\"url\":\"https:\/\/odysseus-contests.eu\/2016\/de\/\",\"name\":\"ODYSSEUS II\",\"description\":\"European Youth Space Contest\",\"potentialAction\":[{\"@type\":\"SearchAction\",\"target\":{\"@type\":\"EntryPoint\",\"urlTemplate\":\"https:\/\/odysseus-contests.eu\/2016\/de\/?s={search_term_string}\"},\"query-input\":\"required name=search_term_string\"}],\"inLanguage\":\"de\"}]}<\/script>\n<!-- \/ Yoast SEO plugin. -->","yoast_head_json":{"title":"Rechte und Schutz von Minderj\u00e4hrigen - ODYSSEUS II","robots":{"index":"index","follow":"follow","max-snippet":"max-snippet:-1","max-image-preview":"max-image-preview:large","max-video-preview":"max-video-preview:-1"},"canonical":"https:\/\/odysseus-contests.eu\/2016\/de\/teilnahmebedingungen\/rights-and-protection-of-minors\/","og_locale":"de_DE","og_type":"article","og_title":"Rechte und Schutz von Minderj\u00e4hrigen - ODYSSEUS II","og_description":"Die Begleitlehrkraft hat die pers\u00f6nliche Verantwortung vollst\u00e4ndige und korrekte Angaben von jedem Teammitglied \u00fcber das Odysseus II Webseite-Anmeldeformular zu machen. Alle Teilnehmer, die noch nicht 18 Jahre alt sind, m\u00fcssen eine elterliche Einwilligungserkl\u00e4rung zur Wettbewerbsteilnahme abgeben. Alle Finalistinnen und Finalisten, die noch nicht 18 Jahre alt sind, m\u00fcssen eine elterliche Einwilligungserkl\u00e4rung f\u00fcr die Teilnahme und [&hellip;]","og_url":"https:\/\/odysseus-contests.eu\/2016\/de\/teilnahmebedingungen\/rights-and-protection-of-minors\/","og_site_name":"ODYSSEUS II","article_modified_time":"2015-08-11T12:01:03+00:00","twitter_card":"summary_large_image","twitter_misc":{"Gesch\u00e4tzte Lesezeit":"1\u00a0Minute"},"schema":{"@context":"https:\/\/schema.org","@graph":[{"@type":"WebPage","@id":"https:\/\/odysseus-contests.eu\/2016\/de\/teilnahmebedingungen\/rights-and-protection-of-minors\/","url":"https:\/\/odysseus-contests.eu\/2016\/de\/teilnahmebedingungen\/rights-and-protection-of-minors\/","name":"Rechte und Schutz von Minderj\u00e4hrigen - ODYSSEUS II","isPartOf":{"@id":"https:\/\/odysseus-contests.eu\/2016\/de\/#website"},"datePublished":"2015-06-29T18:35:59+00:00","dateModified":"2015-08-11T12:01:03+00:00","breadcrumb":{"@id":"https:\/\/odysseus-contests.eu\/2016\/de\/teilnahmebedingungen\/rights-and-protection-of-minors\/#breadcrumb"},"inLanguage":"de","potentialAction":[{"@type":"ReadAction","target":["https:\/\/odysseus-contests.eu\/2016\/de\/teilnahmebedingungen\/rights-and-protection-of-minors\/"]}]},{"@type":"BreadcrumbList","@id":"https:\/\/odysseus-contests.eu\/2016\/de\/teilnahmebedingungen\/rights-and-protection-of-minors\/#breadcrumb","itemListElement":[{"@type":"ListItem","position":1,"name":"Home","item":"https:\/\/odysseus-contests.eu\/2016\/de\/"},{"@type":"ListItem","position":2,"name":"Teilnahmebedingungen","item":"https:\/\/odysseus-contests.eu\/2016\/de\/teilnahmebedingungen\/"},{"@type":"ListItem","position":3,"name":"Rechte und Schutz von Minderj\u00e4hrigen"}]},{"@type":"WebSite","@id":"https:\/\/odysseus-contests.eu\/2016\/de\/#website","url":"https:\/\/odysseus-contests.eu\/2016\/de\/","name":"ODYSSEUS II","description":"European Youth Space Contest","potentialAction":[{"@type":"SearchAction","target":{"@type":"EntryPoint","urlTemplate":"https:\/\/odysseus-contests.eu\/2016\/de\/?s={search_term_string}"},"query-input":"required name=search_term_string"}],"inLanguage":"de"}]}},"_links":{"self":[{"href":"https:\/\/odysseus-contests.eu\/2016\/de\/wp-json\/wp\/v2\/pages\/1133"}],"collection":[{"href":"https:\/\/odysseus-contests.eu\/2016\/de\/wp-json\/wp\/v2\/pages"}],"about":[{"href":"https:\/\/odysseus-contests.eu\/2016\/de\/wp-json\/wp\/v2\/types\/page"}],"author":[{"embeddable":true,"href":"https:\/\/odysseus-contests.eu\/2016\/de\/wp-json\/wp\/v2\/users\/1"}],"replies":[{"embeddable":true,"href":"https:\/\/odysseus-contests.eu\/2016\/de\/wp-json\/wp\/v2\/comments?post=1133"}],"version-history":[{"count":0,"href":"https:\/\/odysseus-contests.eu\/2016\/de\/wp-json\/wp\/v2\/pages\/1133\/revisions"}],"up":[{"embeddable":true,"href":"https:\/\/odysseus-contests.eu\/2016\/de\/wp-json\/wp\/v2\/pages\/1095"}],"wp:attachment":[{"href":"https:\/\/odysseus-contests.eu\/2016\/de\/wp-json\/wp\/v2\/media?parent=1133"}],"curies":[{"name":"wp","href":"https:\/\/api.w.org\/{rel}","templated":true}]}}