{"id":1131,"date":"2015-06-29T21:35:13","date_gmt":"2015-06-29T18:35:13","guid":{"rendered":"http:\/\/odysseus-contests.eu\/2016\/?page_id=1131"},"modified":"2015-08-11T14:18:44","modified_gmt":"2015-08-11T11:18:44","slug":"ausschluss-und-streitigkeiten","status":"publish","type":"page","link":"https:\/\/odysseus-contests.eu\/2016\/de\/teilnahmebedingungen\/ausschluss-und-streitigkeiten\/","title":{"rendered":"Ausschluss und Streitigkeiten"},"content":{"rendered":"<ul>\n<li>Einsendungen, die nach Mitternacht (MEZ) des letzten, genannten Tages der Einsendefrist des Odysseus II Wettbewerbs erfolgen und Einsendungen, die nicht mit den Teilnahmebedingungen, Rechtsbegriffen und Richtlinien, die auf der Wettbewerbs-Webseite erkl\u00e4rt werden, \u00fcbereinstimmen, werden im Ermessen der Veranstalter ausgeschlossen.<\/li>\n<li>Die von den Preisrichterinnen und Preisrichtern getroffenen Entscheidungen sind endg\u00fcltig, auf Berufung wird nicht eingegangen und Verhandlungen mit den Teams, mit den Begleitlehrkr\u00e4ften oder den Mentorinnen und Mentoren werden nicht gef\u00fchrt.<\/li>\n<li>Teams, die gegen die dargelegten Regeln versto\u00dfen, werden vom Odysseus II\u00a0Wettbewerb ausgeschlossen.<\/li>\n<li>Unangemessenes Verhalten w\u00e4hrend der Reise zu den Halbfinalen oder ans europ\u00e4ische Finale f\u00fchrt zum Ausschluss und zur vorzeitigen Heimreise, was im Ermessen der Veranstalter des betroffenen Finals liegt.<\/li>\n<\/ul>\n","protected":false},"excerpt":{"rendered":"<p>Einsendungen, die nach Mitternacht (MEZ) des letzten, genannten Tages der Einsendefrist des Odysseus II Wettbewerbs erfolgen und Einsendungen, die nicht mit den Teilnahmebedingungen, Rechtsbegriffen und Richtlinien, die auf der Wettbewerbs-Webseite erkl\u00e4rt werden, \u00fcbereinstimmen, werden im Ermessen der Veranstalter ausgeschlossen. Die von den Preisrichterinnen und Preisrichtern getroffenen Entscheidungen sind endg\u00fcltig, auf Berufung wird nicht eingegangen und [&hellip;]<\/p>\n","protected":false},"author":1,"featured_media":0,"parent":1095,"menu_order":100,"comment_status":"closed","ping_status":"closed","template":"","meta":[],"acf":[],"yoast_head":"<!-- This site is optimized with the Yoast SEO plugin v19.14 - https:\/\/yoast.com\/wordpress\/plugins\/seo\/ -->\n<title>Ausschluss und Streitigkeiten - ODYSSEUS II<\/title>\n<meta name=\"robots\" content=\"index, follow, max-snippet:-1, max-image-preview:large, max-video-preview:-1\" \/>\n<link rel=\"canonical\" href=\"https:\/\/odysseus-contests.eu\/2016\/de\/teilnahmebedingungen\/ausschluss-und-streitigkeiten\/\" \/>\n<meta property=\"og:locale\" content=\"de_DE\" \/>\n<meta property=\"og:type\" content=\"article\" \/>\n<meta property=\"og:title\" content=\"Ausschluss und Streitigkeiten - ODYSSEUS II\" \/>\n<meta property=\"og:description\" content=\"Einsendungen, die nach Mitternacht (MEZ) des letzten, genannten Tages der Einsendefrist des Odysseus II Wettbewerbs erfolgen und Einsendungen, die nicht mit den Teilnahmebedingungen, Rechtsbegriffen und Richtlinien, die auf der Wettbewerbs-Webseite erkl\u00e4rt werden, \u00fcbereinstimmen, werden im Ermessen der Veranstalter ausgeschlossen. Die von den Preisrichterinnen und Preisrichtern getroffenen Entscheidungen sind endg\u00fcltig, auf Berufung wird nicht eingegangen und [&hellip;]\" \/>\n<meta property=\"og:url\" content=\"https:\/\/odysseus-contests.eu\/2016\/de\/teilnahmebedingungen\/ausschluss-und-streitigkeiten\/\" \/>\n<meta property=\"og:site_name\" content=\"ODYSSEUS II\" \/>\n<meta property=\"article:modified_time\" content=\"2015-08-11T11:18:44+00:00\" \/>\n<meta name=\"twitter:card\" content=\"summary_large_image\" \/>\n<meta name=\"twitter:label1\" content=\"Gesch\u00e4tzte Lesezeit\" \/>\n\t<meta name=\"twitter:data1\" content=\"1\u00a0Minute\" \/>\n<script type=\"application\/ld+json\" class=\"yoast-schema-graph\">{\"@context\":\"https:\/\/schema.org\",\"@graph\":[{\"@type\":\"WebPage\",\"@id\":\"https:\/\/odysseus-contests.eu\/2016\/de\/teilnahmebedingungen\/ausschluss-und-streitigkeiten\/\",\"url\":\"https:\/\/odysseus-contests.eu\/2016\/de\/teilnahmebedingungen\/ausschluss-und-streitigkeiten\/\",\"name\":\"Ausschluss und Streitigkeiten - ODYSSEUS II\",\"isPartOf\":{\"@id\":\"https:\/\/odysseus-contests.eu\/2016\/de\/#website\"},\"datePublished\":\"2015-06-29T18:35:13+00:00\",\"dateModified\":\"2015-08-11T11:18:44+00:00\",\"breadcrumb\":{\"@id\":\"https:\/\/odysseus-contests.eu\/2016\/de\/teilnahmebedingungen\/ausschluss-und-streitigkeiten\/#breadcrumb\"},\"inLanguage\":\"de\",\"potentialAction\":[{\"@type\":\"ReadAction\",\"target\":[\"https:\/\/odysseus-contests.eu\/2016\/de\/teilnahmebedingungen\/ausschluss-und-streitigkeiten\/\"]}]},{\"@type\":\"BreadcrumbList\",\"@id\":\"https:\/\/odysseus-contests.eu\/2016\/de\/teilnahmebedingungen\/ausschluss-und-streitigkeiten\/#breadcrumb\",\"itemListElement\":[{\"@type\":\"ListItem\",\"position\":1,\"name\":\"Home\",\"item\":\"https:\/\/odysseus-contests.eu\/2016\/de\/\"},{\"@type\":\"ListItem\",\"position\":2,\"name\":\"Teilnahmebedingungen\",\"item\":\"https:\/\/odysseus-contests.eu\/2016\/de\/teilnahmebedingungen\/\"},{\"@type\":\"ListItem\",\"position\":3,\"name\":\"Ausschluss und Streitigkeiten\"}]},{\"@type\":\"WebSite\",\"@id\":\"https:\/\/odysseus-contests.eu\/2016\/de\/#website\",\"url\":\"https:\/\/odysseus-contests.eu\/2016\/de\/\",\"name\":\"ODYSSEUS II\",\"description\":\"European Youth Space Contest\",\"potentialAction\":[{\"@type\":\"SearchAction\",\"target\":{\"@type\":\"EntryPoint\",\"urlTemplate\":\"https:\/\/odysseus-contests.eu\/2016\/de\/?s={search_term_string}\"},\"query-input\":\"required name=search_term_string\"}],\"inLanguage\":\"de\"}]}<\/script>\n<!-- \/ Yoast SEO plugin. -->","yoast_head_json":{"title":"Ausschluss und Streitigkeiten - ODYSSEUS II","robots":{"index":"index","follow":"follow","max-snippet":"max-snippet:-1","max-image-preview":"max-image-preview:large","max-video-preview":"max-video-preview:-1"},"canonical":"https:\/\/odysseus-contests.eu\/2016\/de\/teilnahmebedingungen\/ausschluss-und-streitigkeiten\/","og_locale":"de_DE","og_type":"article","og_title":"Ausschluss und Streitigkeiten - ODYSSEUS II","og_description":"Einsendungen, die nach Mitternacht (MEZ) des letzten, genannten Tages der Einsendefrist des Odysseus II Wettbewerbs erfolgen und Einsendungen, die nicht mit den Teilnahmebedingungen, Rechtsbegriffen und Richtlinien, die auf der Wettbewerbs-Webseite erkl\u00e4rt werden, \u00fcbereinstimmen, werden im Ermessen der Veranstalter ausgeschlossen. Die von den Preisrichterinnen und Preisrichtern getroffenen Entscheidungen sind endg\u00fcltig, auf Berufung wird nicht eingegangen und [&hellip;]","og_url":"https:\/\/odysseus-contests.eu\/2016\/de\/teilnahmebedingungen\/ausschluss-und-streitigkeiten\/","og_site_name":"ODYSSEUS II","article_modified_time":"2015-08-11T11:18:44+00:00","twitter_card":"summary_large_image","twitter_misc":{"Gesch\u00e4tzte Lesezeit":"1\u00a0Minute"},"schema":{"@context":"https:\/\/schema.org","@graph":[{"@type":"WebPage","@id":"https:\/\/odysseus-contests.eu\/2016\/de\/teilnahmebedingungen\/ausschluss-und-streitigkeiten\/","url":"https:\/\/odysseus-contests.eu\/2016\/de\/teilnahmebedingungen\/ausschluss-und-streitigkeiten\/","name":"Ausschluss und Streitigkeiten - ODYSSEUS II","isPartOf":{"@id":"https:\/\/odysseus-contests.eu\/2016\/de\/#website"},"datePublished":"2015-06-29T18:35:13+00:00","dateModified":"2015-08-11T11:18:44+00:00","breadcrumb":{"@id":"https:\/\/odysseus-contests.eu\/2016\/de\/teilnahmebedingungen\/ausschluss-und-streitigkeiten\/#breadcrumb"},"inLanguage":"de","potentialAction":[{"@type":"ReadAction","target":["https:\/\/odysseus-contests.eu\/2016\/de\/teilnahmebedingungen\/ausschluss-und-streitigkeiten\/"]}]},{"@type":"BreadcrumbList","@id":"https:\/\/odysseus-contests.eu\/2016\/de\/teilnahmebedingungen\/ausschluss-und-streitigkeiten\/#breadcrumb","itemListElement":[{"@type":"ListItem","position":1,"name":"Home","item":"https:\/\/odysseus-contests.eu\/2016\/de\/"},{"@type":"ListItem","position":2,"name":"Teilnahmebedingungen","item":"https:\/\/odysseus-contests.eu\/2016\/de\/teilnahmebedingungen\/"},{"@type":"ListItem","position":3,"name":"Ausschluss und Streitigkeiten"}]},{"@type":"WebSite","@id":"https:\/\/odysseus-contests.eu\/2016\/de\/#website","url":"https:\/\/odysseus-contests.eu\/2016\/de\/","name":"ODYSSEUS II","description":"European Youth Space Contest","potentialAction":[{"@type":"SearchAction","target":{"@type":"EntryPoint","urlTemplate":"https:\/\/odysseus-contests.eu\/2016\/de\/?s={search_term_string}"},"query-input":"required name=search_term_string"}],"inLanguage":"de"}]}},"_links":{"self":[{"href":"https:\/\/odysseus-contests.eu\/2016\/de\/wp-json\/wp\/v2\/pages\/1131"}],"collection":[{"href":"https:\/\/odysseus-contests.eu\/2016\/de\/wp-json\/wp\/v2\/pages"}],"about":[{"href":"https:\/\/odysseus-contests.eu\/2016\/de\/wp-json\/wp\/v2\/types\/page"}],"author":[{"embeddable":true,"href":"https:\/\/odysseus-contests.eu\/2016\/de\/wp-json\/wp\/v2\/users\/1"}],"replies":[{"embeddable":true,"href":"https:\/\/odysseus-contests.eu\/2016\/de\/wp-json\/wp\/v2\/comments?post=1131"}],"version-history":[{"count":0,"href":"https:\/\/odysseus-contests.eu\/2016\/de\/wp-json\/wp\/v2\/pages\/1131\/revisions"}],"up":[{"embeddable":true,"href":"https:\/\/odysseus-contests.eu\/2016\/de\/wp-json\/wp\/v2\/pages\/1095"}],"wp:attachment":[{"href":"https:\/\/odysseus-contests.eu\/2016\/de\/wp-json\/wp\/v2\/media?parent=1131"}],"curies":[{"name":"wp","href":"https:\/\/api.w.org\/{rel}","templated":true}]}}