{"id":1130,"date":"2015-06-29T21:34:16","date_gmt":"2015-06-29T18:34:16","guid":{"rendered":"http:\/\/odysseus-contests.eu\/2016\/?page_id=1130"},"modified":"2015-08-11T14:57:34","modified_gmt":"2015-08-11T11:57:34","slug":"veroffentlichung-und-publicity","status":"publish","type":"page","link":"https:\/\/odysseus-contests.eu\/2016\/de\/teilnahmebedingungen\/veroffentlichung-und-publicity\/","title":{"rendered":"Ver\u00f6ffentlichung und Publicity"},"content":{"rendered":"<ul>\n<li>Eingesendetes Material wird nicht zur\u00fcckgegeben und als Eigentum des \u201cOdysseus II Projekts\u201c darf es f\u00fcr Publicity, \u00f6ffentliche Ausstellungen, \u00d6ffentlichkeitsarbeit und f\u00fcr andere Non-Profit-Zwecke verwendet werden.<\/li>\n<li>Nach\u00a0Ablauf der Einsendefrist werden alle Beitr\u00e4ge \u00fcber das Odysseus II Wettbewerb-Portal der \u00d6ffentlichkeit zug\u00e4nglich gemacht.<\/li>\n<li>Jede Anmeldung von einem Team verleiht dem Odysseus II Wettbewerb das Recht, die\u00a0Namen, das Alter und die Staatsangeh\u00f6rigkeit der Teammitglieder, die gewinnen, auf\u00a0der Odysseus II Webseite zu ver\u00f6ffentlichen.<\/li>\n<li>Die Wettbewerbsveranstalter k\u00f6nnen Teams dazu auffordern, die Gegenst\u00e4nde, die zu einem Beitrag geh\u00f6ren, f\u00fcr eine Ausstellung nach Br\u00fcssel zu schicken. Die Kosten des Versands werden vom Veranstalter getragen.<\/li>\n<li>Die Teammitglieder des Teams, welches das europ\u00e4ische Finale gewinnt, agieren als \u201cEuropean Youth Space Ambassadors\u201d und nehmen sofort nach dem Finale an \u00d6ffentlichkeitsaktivit\u00e4ten teil. Diese umschlie\u00dfen Interviews und Geschichten f\u00fcr die Odysseus II Wettbewerbs-Webseite und andere Initiativen f\u00fcr die \u00d6ffentlichkeit.<\/li>\n<\/ul>\n","protected":false},"excerpt":{"rendered":"<p>Eingesendetes Material wird nicht zur\u00fcckgegeben und als Eigentum des \u201cOdysseus II Projekts\u201c darf es f\u00fcr Publicity, \u00f6ffentliche Ausstellungen, \u00d6ffentlichkeitsarbeit und f\u00fcr andere Non-Profit-Zwecke verwendet werden. Nach\u00a0Ablauf der Einsendefrist werden alle Beitr\u00e4ge \u00fcber das Odysseus II Wettbewerb-Portal der \u00d6ffentlichkeit zug\u00e4nglich gemacht. Jede Anmeldung von einem Team verleiht dem Odysseus II Wettbewerb das Recht, die\u00a0Namen, das Alter [&hellip;]<\/p>\n","protected":false},"author":1,"featured_media":0,"parent":1095,"menu_order":90,"comment_status":"closed","ping_status":"closed","template":"","meta":[],"acf":[],"yoast_head":"<!-- This site is optimized with the Yoast SEO plugin v19.14 - https:\/\/yoast.com\/wordpress\/plugins\/seo\/ -->\n<title>Ver\u00f6ffentlichung und Publicity - ODYSSEUS II<\/title>\n<meta name=\"robots\" content=\"index, follow, max-snippet:-1, max-image-preview:large, max-video-preview:-1\" \/>\n<link rel=\"canonical\" href=\"https:\/\/odysseus-contests.eu\/2016\/de\/teilnahmebedingungen\/veroffentlichung-und-publicity\/\" \/>\n<meta property=\"og:locale\" content=\"de_DE\" \/>\n<meta property=\"og:type\" content=\"article\" \/>\n<meta property=\"og:title\" content=\"Ver\u00f6ffentlichung und Publicity - ODYSSEUS II\" \/>\n<meta property=\"og:description\" content=\"Eingesendetes Material wird nicht zur\u00fcckgegeben und als Eigentum des \u201cOdysseus II Projekts\u201c darf es f\u00fcr Publicity, \u00f6ffentliche Ausstellungen, \u00d6ffentlichkeitsarbeit und f\u00fcr andere Non-Profit-Zwecke verwendet werden. Nach\u00a0Ablauf der Einsendefrist werden alle Beitr\u00e4ge \u00fcber das Odysseus II Wettbewerb-Portal der \u00d6ffentlichkeit zug\u00e4nglich gemacht. Jede Anmeldung von einem Team verleiht dem Odysseus II Wettbewerb das Recht, die\u00a0Namen, das Alter [&hellip;]\" \/>\n<meta property=\"og:url\" content=\"https:\/\/odysseus-contests.eu\/2016\/de\/teilnahmebedingungen\/veroffentlichung-und-publicity\/\" \/>\n<meta property=\"og:site_name\" content=\"ODYSSEUS II\" \/>\n<meta property=\"article:modified_time\" content=\"2015-08-11T11:57:34+00:00\" \/>\n<meta name=\"twitter:card\" content=\"summary_large_image\" \/>\n<meta name=\"twitter:label1\" content=\"Gesch\u00e4tzte Lesezeit\" \/>\n\t<meta name=\"twitter:data1\" content=\"1\u00a0Minute\" \/>\n<script type=\"application\/ld+json\" class=\"yoast-schema-graph\">{\"@context\":\"https:\/\/schema.org\",\"@graph\":[{\"@type\":\"WebPage\",\"@id\":\"https:\/\/odysseus-contests.eu\/2016\/de\/teilnahmebedingungen\/veroffentlichung-und-publicity\/\",\"url\":\"https:\/\/odysseus-contests.eu\/2016\/de\/teilnahmebedingungen\/veroffentlichung-und-publicity\/\",\"name\":\"Ver\u00f6ffentlichung und Publicity - ODYSSEUS II\",\"isPartOf\":{\"@id\":\"https:\/\/odysseus-contests.eu\/2016\/de\/#website\"},\"datePublished\":\"2015-06-29T18:34:16+00:00\",\"dateModified\":\"2015-08-11T11:57:34+00:00\",\"breadcrumb\":{\"@id\":\"https:\/\/odysseus-contests.eu\/2016\/de\/teilnahmebedingungen\/veroffentlichung-und-publicity\/#breadcrumb\"},\"inLanguage\":\"de\",\"potentialAction\":[{\"@type\":\"ReadAction\",\"target\":[\"https:\/\/odysseus-contests.eu\/2016\/de\/teilnahmebedingungen\/veroffentlichung-und-publicity\/\"]}]},{\"@type\":\"BreadcrumbList\",\"@id\":\"https:\/\/odysseus-contests.eu\/2016\/de\/teilnahmebedingungen\/veroffentlichung-und-publicity\/#breadcrumb\",\"itemListElement\":[{\"@type\":\"ListItem\",\"position\":1,\"name\":\"Home\",\"item\":\"https:\/\/odysseus-contests.eu\/2016\/de\/\"},{\"@type\":\"ListItem\",\"position\":2,\"name\":\"Teilnahmebedingungen\",\"item\":\"https:\/\/odysseus-contests.eu\/2016\/de\/teilnahmebedingungen\/\"},{\"@type\":\"ListItem\",\"position\":3,\"name\":\"Ver\u00f6ffentlichung und Publicity\"}]},{\"@type\":\"WebSite\",\"@id\":\"https:\/\/odysseus-contests.eu\/2016\/de\/#website\",\"url\":\"https:\/\/odysseus-contests.eu\/2016\/de\/\",\"name\":\"ODYSSEUS II\",\"description\":\"European Youth Space Contest\",\"potentialAction\":[{\"@type\":\"SearchAction\",\"target\":{\"@type\":\"EntryPoint\",\"urlTemplate\":\"https:\/\/odysseus-contests.eu\/2016\/de\/?s={search_term_string}\"},\"query-input\":\"required name=search_term_string\"}],\"inLanguage\":\"de\"}]}<\/script>\n<!-- \/ Yoast SEO plugin. -->","yoast_head_json":{"title":"Ver\u00f6ffentlichung und Publicity - ODYSSEUS II","robots":{"index":"index","follow":"follow","max-snippet":"max-snippet:-1","max-image-preview":"max-image-preview:large","max-video-preview":"max-video-preview:-1"},"canonical":"https:\/\/odysseus-contests.eu\/2016\/de\/teilnahmebedingungen\/veroffentlichung-und-publicity\/","og_locale":"de_DE","og_type":"article","og_title":"Ver\u00f6ffentlichung und Publicity - ODYSSEUS II","og_description":"Eingesendetes Material wird nicht zur\u00fcckgegeben und als Eigentum des \u201cOdysseus II Projekts\u201c darf es f\u00fcr Publicity, \u00f6ffentliche Ausstellungen, \u00d6ffentlichkeitsarbeit und f\u00fcr andere Non-Profit-Zwecke verwendet werden. Nach\u00a0Ablauf der Einsendefrist werden alle Beitr\u00e4ge \u00fcber das Odysseus II Wettbewerb-Portal der \u00d6ffentlichkeit zug\u00e4nglich gemacht. Jede Anmeldung von einem Team verleiht dem Odysseus II Wettbewerb das Recht, die\u00a0Namen, das Alter [&hellip;]","og_url":"https:\/\/odysseus-contests.eu\/2016\/de\/teilnahmebedingungen\/veroffentlichung-und-publicity\/","og_site_name":"ODYSSEUS II","article_modified_time":"2015-08-11T11:57:34+00:00","twitter_card":"summary_large_image","twitter_misc":{"Gesch\u00e4tzte Lesezeit":"1\u00a0Minute"},"schema":{"@context":"https:\/\/schema.org","@graph":[{"@type":"WebPage","@id":"https:\/\/odysseus-contests.eu\/2016\/de\/teilnahmebedingungen\/veroffentlichung-und-publicity\/","url":"https:\/\/odysseus-contests.eu\/2016\/de\/teilnahmebedingungen\/veroffentlichung-und-publicity\/","name":"Ver\u00f6ffentlichung und Publicity - ODYSSEUS II","isPartOf":{"@id":"https:\/\/odysseus-contests.eu\/2016\/de\/#website"},"datePublished":"2015-06-29T18:34:16+00:00","dateModified":"2015-08-11T11:57:34+00:00","breadcrumb":{"@id":"https:\/\/odysseus-contests.eu\/2016\/de\/teilnahmebedingungen\/veroffentlichung-und-publicity\/#breadcrumb"},"inLanguage":"de","potentialAction":[{"@type":"ReadAction","target":["https:\/\/odysseus-contests.eu\/2016\/de\/teilnahmebedingungen\/veroffentlichung-und-publicity\/"]}]},{"@type":"BreadcrumbList","@id":"https:\/\/odysseus-contests.eu\/2016\/de\/teilnahmebedingungen\/veroffentlichung-und-publicity\/#breadcrumb","itemListElement":[{"@type":"ListItem","position":1,"name":"Home","item":"https:\/\/odysseus-contests.eu\/2016\/de\/"},{"@type":"ListItem","position":2,"name":"Teilnahmebedingungen","item":"https:\/\/odysseus-contests.eu\/2016\/de\/teilnahmebedingungen\/"},{"@type":"ListItem","position":3,"name":"Ver\u00f6ffentlichung und Publicity"}]},{"@type":"WebSite","@id":"https:\/\/odysseus-contests.eu\/2016\/de\/#website","url":"https:\/\/odysseus-contests.eu\/2016\/de\/","name":"ODYSSEUS II","description":"European Youth Space Contest","potentialAction":[{"@type":"SearchAction","target":{"@type":"EntryPoint","urlTemplate":"https:\/\/odysseus-contests.eu\/2016\/de\/?s={search_term_string}"},"query-input":"required name=search_term_string"}],"inLanguage":"de"}]}},"_links":{"self":[{"href":"https:\/\/odysseus-contests.eu\/2016\/de\/wp-json\/wp\/v2\/pages\/1130"}],"collection":[{"href":"https:\/\/odysseus-contests.eu\/2016\/de\/wp-json\/wp\/v2\/pages"}],"about":[{"href":"https:\/\/odysseus-contests.eu\/2016\/de\/wp-json\/wp\/v2\/types\/page"}],"author":[{"embeddable":true,"href":"https:\/\/odysseus-contests.eu\/2016\/de\/wp-json\/wp\/v2\/users\/1"}],"replies":[{"embeddable":true,"href":"https:\/\/odysseus-contests.eu\/2016\/de\/wp-json\/wp\/v2\/comments?post=1130"}],"version-history":[{"count":0,"href":"https:\/\/odysseus-contests.eu\/2016\/de\/wp-json\/wp\/v2\/pages\/1130\/revisions"}],"up":[{"embeddable":true,"href":"https:\/\/odysseus-contests.eu\/2016\/de\/wp-json\/wp\/v2\/pages\/1095"}],"wp:attachment":[{"href":"https:\/\/odysseus-contests.eu\/2016\/de\/wp-json\/wp\/v2\/media?parent=1130"}],"curies":[{"name":"wp","href":"https:\/\/api.w.org\/{rel}","templated":true}]}}