{"id":1124,"date":"2015-06-29T21:30:05","date_gmt":"2015-06-29T18:30:05","guid":{"rendered":"http:\/\/odysseus-contests.eu\/2016\/?page_id=1124"},"modified":"2015-08-11T14:13:39","modified_gmt":"2015-08-11T11:13:39","slug":"originalitat","status":"publish","type":"page","link":"https:\/\/odysseus-contests.eu\/2016\/de\/teilnahmebedingungen\/originalitat\/","title":{"rendered":"Originalit\u00e4t"},"content":{"rendered":"<ul>\n<li>Alle eingesendeten Beitr\u00e4ge m\u00fcssen das Werk der Teilnehmerinnen und Teilnehmer sein, das sie speziell f\u00fcr diesen Wettbewerb hergestellt haben. Die Beitr\u00e4ge d\u00fcrfen vor dem Einsenden von den Teilnehmerinnen und Teilnehmern weder zum Ver\u00f6ffentlichen gegeben noch ver\u00f6ffentlicht worden sein noch d\u00fcrfen sie damit bei einem anderen Studentinnen- und Studenten-Wettbewerb mitgemacht haben.<\/li>\n<li>Die eingesendeten Arbeiten sollen in allen Kategorien originales Bildmaterial, Daten, Untersuchungen, Erfindungen, Modelle oder Experimente der Teilnehmerinnen und Teilnehmer enthalten.<\/li>\n<li>Teilnehmerinnen und Teilnehmer erkl\u00e4ren, dass ihre Beitr\u00e4ge das geistige Eigentum von Dritten weder missachten noch verletzten, einschlie\u00dflich Copyright, Markennamen, Datenschutz.<\/li>\n<li>Material von Dritten darf sparsam und bei Einwilligung verwendet werden.<\/li>\n<li>Jede Form von Plagiat ist streng verboten und f\u00fchrt zum Ausschluss der Teilnehmerin oder des Teilnehmers; die Duplizierung von Gedanken oder Werken von anderen Personen ist erlaubt, muss aber angegeben werden.<\/li>\n<\/ul>\n","protected":false},"excerpt":{"rendered":"<p>Alle eingesendeten Beitr\u00e4ge m\u00fcssen das Werk der Teilnehmerinnen und Teilnehmer sein, das sie speziell f\u00fcr diesen Wettbewerb hergestellt haben. Die Beitr\u00e4ge d\u00fcrfen vor dem Einsenden von den Teilnehmerinnen und Teilnehmern weder zum Ver\u00f6ffentlichen gegeben noch ver\u00f6ffentlicht worden sein noch d\u00fcrfen sie damit bei einem anderen Studentinnen- und Studenten-Wettbewerb mitgemacht haben. Die eingesendeten Arbeiten sollen in [&hellip;]<\/p>\n","protected":false},"author":1,"featured_media":0,"parent":1095,"menu_order":60,"comment_status":"closed","ping_status":"closed","template":"","meta":[],"acf":[],"yoast_head":"<!-- This site is optimized with the Yoast SEO plugin v19.14 - https:\/\/yoast.com\/wordpress\/plugins\/seo\/ -->\n<title>Originalit\u00e4t - ODYSSEUS II<\/title>\n<meta name=\"robots\" content=\"index, follow, max-snippet:-1, max-image-preview:large, max-video-preview:-1\" \/>\n<link rel=\"canonical\" href=\"https:\/\/odysseus-contests.eu\/2016\/de\/teilnahmebedingungen\/originalitat\/\" \/>\n<meta property=\"og:locale\" content=\"de_DE\" \/>\n<meta property=\"og:type\" content=\"article\" \/>\n<meta property=\"og:title\" content=\"Originalit\u00e4t - ODYSSEUS II\" \/>\n<meta property=\"og:description\" content=\"Alle eingesendeten Beitr\u00e4ge m\u00fcssen das Werk der Teilnehmerinnen und Teilnehmer sein, das sie speziell f\u00fcr diesen Wettbewerb hergestellt haben. Die Beitr\u00e4ge d\u00fcrfen vor dem Einsenden von den Teilnehmerinnen und Teilnehmern weder zum Ver\u00f6ffentlichen gegeben noch ver\u00f6ffentlicht worden sein noch d\u00fcrfen sie damit bei einem anderen Studentinnen- und Studenten-Wettbewerb mitgemacht haben. Die eingesendeten Arbeiten sollen in [&hellip;]\" \/>\n<meta property=\"og:url\" content=\"https:\/\/odysseus-contests.eu\/2016\/de\/teilnahmebedingungen\/originalitat\/\" \/>\n<meta property=\"og:site_name\" content=\"ODYSSEUS II\" \/>\n<meta property=\"article:modified_time\" content=\"2015-08-11T11:13:39+00:00\" \/>\n<meta name=\"twitter:card\" content=\"summary_large_image\" \/>\n<meta name=\"twitter:label1\" content=\"Gesch\u00e4tzte Lesezeit\" \/>\n\t<meta name=\"twitter:data1\" content=\"1\u00a0Minute\" \/>\n<script type=\"application\/ld+json\" class=\"yoast-schema-graph\">{\"@context\":\"https:\/\/schema.org\",\"@graph\":[{\"@type\":\"WebPage\",\"@id\":\"https:\/\/odysseus-contests.eu\/2016\/de\/teilnahmebedingungen\/originalitat\/\",\"url\":\"https:\/\/odysseus-contests.eu\/2016\/de\/teilnahmebedingungen\/originalitat\/\",\"name\":\"Originalit\u00e4t - ODYSSEUS II\",\"isPartOf\":{\"@id\":\"https:\/\/odysseus-contests.eu\/2016\/de\/#website\"},\"datePublished\":\"2015-06-29T18:30:05+00:00\",\"dateModified\":\"2015-08-11T11:13:39+00:00\",\"breadcrumb\":{\"@id\":\"https:\/\/odysseus-contests.eu\/2016\/de\/teilnahmebedingungen\/originalitat\/#breadcrumb\"},\"inLanguage\":\"de\",\"potentialAction\":[{\"@type\":\"ReadAction\",\"target\":[\"https:\/\/odysseus-contests.eu\/2016\/de\/teilnahmebedingungen\/originalitat\/\"]}]},{\"@type\":\"BreadcrumbList\",\"@id\":\"https:\/\/odysseus-contests.eu\/2016\/de\/teilnahmebedingungen\/originalitat\/#breadcrumb\",\"itemListElement\":[{\"@type\":\"ListItem\",\"position\":1,\"name\":\"Home\",\"item\":\"https:\/\/odysseus-contests.eu\/2016\/de\/\"},{\"@type\":\"ListItem\",\"position\":2,\"name\":\"Teilnahmebedingungen\",\"item\":\"https:\/\/odysseus-contests.eu\/2016\/de\/teilnahmebedingungen\/\"},{\"@type\":\"ListItem\",\"position\":3,\"name\":\"Originalit\u00e4t\"}]},{\"@type\":\"WebSite\",\"@id\":\"https:\/\/odysseus-contests.eu\/2016\/de\/#website\",\"url\":\"https:\/\/odysseus-contests.eu\/2016\/de\/\",\"name\":\"ODYSSEUS II\",\"description\":\"European Youth Space Contest\",\"potentialAction\":[{\"@type\":\"SearchAction\",\"target\":{\"@type\":\"EntryPoint\",\"urlTemplate\":\"https:\/\/odysseus-contests.eu\/2016\/de\/?s={search_term_string}\"},\"query-input\":\"required name=search_term_string\"}],\"inLanguage\":\"de\"}]}<\/script>\n<!-- \/ Yoast SEO plugin. -->","yoast_head_json":{"title":"Originalit\u00e4t - ODYSSEUS II","robots":{"index":"index","follow":"follow","max-snippet":"max-snippet:-1","max-image-preview":"max-image-preview:large","max-video-preview":"max-video-preview:-1"},"canonical":"https:\/\/odysseus-contests.eu\/2016\/de\/teilnahmebedingungen\/originalitat\/","og_locale":"de_DE","og_type":"article","og_title":"Originalit\u00e4t - ODYSSEUS II","og_description":"Alle eingesendeten Beitr\u00e4ge m\u00fcssen das Werk der Teilnehmerinnen und Teilnehmer sein, das sie speziell f\u00fcr diesen Wettbewerb hergestellt haben. Die Beitr\u00e4ge d\u00fcrfen vor dem Einsenden von den Teilnehmerinnen und Teilnehmern weder zum Ver\u00f6ffentlichen gegeben noch ver\u00f6ffentlicht worden sein noch d\u00fcrfen sie damit bei einem anderen Studentinnen- und Studenten-Wettbewerb mitgemacht haben. Die eingesendeten Arbeiten sollen in [&hellip;]","og_url":"https:\/\/odysseus-contests.eu\/2016\/de\/teilnahmebedingungen\/originalitat\/","og_site_name":"ODYSSEUS II","article_modified_time":"2015-08-11T11:13:39+00:00","twitter_card":"summary_large_image","twitter_misc":{"Gesch\u00e4tzte Lesezeit":"1\u00a0Minute"},"schema":{"@context":"https:\/\/schema.org","@graph":[{"@type":"WebPage","@id":"https:\/\/odysseus-contests.eu\/2016\/de\/teilnahmebedingungen\/originalitat\/","url":"https:\/\/odysseus-contests.eu\/2016\/de\/teilnahmebedingungen\/originalitat\/","name":"Originalit\u00e4t - ODYSSEUS II","isPartOf":{"@id":"https:\/\/odysseus-contests.eu\/2016\/de\/#website"},"datePublished":"2015-06-29T18:30:05+00:00","dateModified":"2015-08-11T11:13:39+00:00","breadcrumb":{"@id":"https:\/\/odysseus-contests.eu\/2016\/de\/teilnahmebedingungen\/originalitat\/#breadcrumb"},"inLanguage":"de","potentialAction":[{"@type":"ReadAction","target":["https:\/\/odysseus-contests.eu\/2016\/de\/teilnahmebedingungen\/originalitat\/"]}]},{"@type":"BreadcrumbList","@id":"https:\/\/odysseus-contests.eu\/2016\/de\/teilnahmebedingungen\/originalitat\/#breadcrumb","itemListElement":[{"@type":"ListItem","position":1,"name":"Home","item":"https:\/\/odysseus-contests.eu\/2016\/de\/"},{"@type":"ListItem","position":2,"name":"Teilnahmebedingungen","item":"https:\/\/odysseus-contests.eu\/2016\/de\/teilnahmebedingungen\/"},{"@type":"ListItem","position":3,"name":"Originalit\u00e4t"}]},{"@type":"WebSite","@id":"https:\/\/odysseus-contests.eu\/2016\/de\/#website","url":"https:\/\/odysseus-contests.eu\/2016\/de\/","name":"ODYSSEUS II","description":"European Youth Space Contest","potentialAction":[{"@type":"SearchAction","target":{"@type":"EntryPoint","urlTemplate":"https:\/\/odysseus-contests.eu\/2016\/de\/?s={search_term_string}"},"query-input":"required name=search_term_string"}],"inLanguage":"de"}]}},"_links":{"self":[{"href":"https:\/\/odysseus-contests.eu\/2016\/de\/wp-json\/wp\/v2\/pages\/1124"}],"collection":[{"href":"https:\/\/odysseus-contests.eu\/2016\/de\/wp-json\/wp\/v2\/pages"}],"about":[{"href":"https:\/\/odysseus-contests.eu\/2016\/de\/wp-json\/wp\/v2\/types\/page"}],"author":[{"embeddable":true,"href":"https:\/\/odysseus-contests.eu\/2016\/de\/wp-json\/wp\/v2\/users\/1"}],"replies":[{"embeddable":true,"href":"https:\/\/odysseus-contests.eu\/2016\/de\/wp-json\/wp\/v2\/comments?post=1124"}],"version-history":[{"count":0,"href":"https:\/\/odysseus-contests.eu\/2016\/de\/wp-json\/wp\/v2\/pages\/1124\/revisions"}],"up":[{"embeddable":true,"href":"https:\/\/odysseus-contests.eu\/2016\/de\/wp-json\/wp\/v2\/pages\/1095"}],"wp:attachment":[{"href":"https:\/\/odysseus-contests.eu\/2016\/de\/wp-json\/wp\/v2\/media?parent=1124"}],"curies":[{"name":"wp","href":"https:\/\/api.w.org\/{rel}","templated":true}]}}