{"id":1119,"date":"2015-06-29T21:27:28","date_gmt":"2015-06-29T18:27:28","guid":{"rendered":"http:\/\/odysseus-contests.eu\/2016\/?page_id=1119"},"modified":"2015-08-11T14:08:45","modified_gmt":"2015-08-11T11:08:45","slug":"teams","status":"publish","type":"page","link":"https:\/\/odysseus-contests.eu\/2016\/de\/teilnahmebedingungen\/teams\/","title":{"rendered":"Teams"},"content":{"rendered":"<ul>\n<li>Skywalker senden Bilder ein, die sie selbst gestaltet haben.<\/li>\n<li>Pioniere arbeiten in Teams mit zwei bis drei Mitgliedern unter der Leitung einer Lehrkraft. Die Sch\u00fclerinnen und Sch\u00fcler im Team k\u00f6nnen verschiedene Schulen eines Staates besuchen, so lange das Alterskriterium ber\u00fccksichtigt wird. Jedes Team\u00a0darf einen Mentor zur wissenschaftlichen oder technischen Beratung beiziehen (Siehe unter Mentoren).<\/li>\n<li>Explorer treten einzeln oder in Paaren an und brauchen keine Begleitlehrkraft, aber sie d\u00fcrfen einen beratenden Mentor beiziehen\u00a0(Siehe unter Mentoren).<\/li>\n<li>Weitere Informationen zu den Teams findest du in der Rubrik Teilnahmebedingungen der Pioniere und Teilnahmebedingungen der Explorer (Links)<\/li>\n<\/ul>\n","protected":false},"excerpt":{"rendered":"<p>Skywalker senden Bilder ein, die sie selbst gestaltet haben. Pioniere arbeiten in Teams mit zwei bis drei Mitgliedern unter der Leitung einer Lehrkraft. Die Sch\u00fclerinnen und Sch\u00fcler im Team k\u00f6nnen verschiedene Schulen eines Staates besuchen, so lange das Alterskriterium ber\u00fccksichtigt wird. Jedes Team\u00a0darf einen Mentor zur wissenschaftlichen oder technischen Beratung beiziehen (Siehe unter Mentoren). Explorer [&hellip;]<\/p>\n","protected":false},"author":1,"featured_media":0,"parent":1095,"menu_order":0,"comment_status":"closed","ping_status":"closed","template":"","meta":[],"acf":[],"yoast_head":"<!-- This site is optimized with the Yoast SEO plugin v19.14 - https:\/\/yoast.com\/wordpress\/plugins\/seo\/ -->\n<title>Teams - ODYSSEUS II<\/title>\n<meta name=\"robots\" content=\"index, follow, max-snippet:-1, max-image-preview:large, max-video-preview:-1\" \/>\n<link rel=\"canonical\" href=\"https:\/\/odysseus-contests.eu\/2016\/de\/teilnahmebedingungen\/teams\/\" \/>\n<meta property=\"og:locale\" content=\"de_DE\" \/>\n<meta property=\"og:type\" content=\"article\" \/>\n<meta property=\"og:title\" content=\"Teams - ODYSSEUS II\" \/>\n<meta property=\"og:description\" content=\"Skywalker senden Bilder ein, die sie selbst gestaltet haben. Pioniere arbeiten in Teams mit zwei bis drei Mitgliedern unter der Leitung einer Lehrkraft. Die Sch\u00fclerinnen und Sch\u00fcler im Team k\u00f6nnen verschiedene Schulen eines Staates besuchen, so lange das Alterskriterium ber\u00fccksichtigt wird. Jedes Team\u00a0darf einen Mentor zur wissenschaftlichen oder technischen Beratung beiziehen (Siehe unter Mentoren). Explorer [&hellip;]\" \/>\n<meta property=\"og:url\" content=\"https:\/\/odysseus-contests.eu\/2016\/de\/teilnahmebedingungen\/teams\/\" \/>\n<meta property=\"og:site_name\" content=\"ODYSSEUS II\" \/>\n<meta property=\"article:modified_time\" content=\"2015-08-11T11:08:45+00:00\" \/>\n<meta name=\"twitter:card\" content=\"summary_large_image\" \/>\n<script type=\"application\/ld+json\" class=\"yoast-schema-graph\">{\"@context\":\"https:\/\/schema.org\",\"@graph\":[{\"@type\":\"WebPage\",\"@id\":\"https:\/\/odysseus-contests.eu\/2016\/de\/teilnahmebedingungen\/teams\/\",\"url\":\"https:\/\/odysseus-contests.eu\/2016\/de\/teilnahmebedingungen\/teams\/\",\"name\":\"Teams - ODYSSEUS II\",\"isPartOf\":{\"@id\":\"https:\/\/odysseus-contests.eu\/2016\/de\/#website\"},\"datePublished\":\"2015-06-29T18:27:28+00:00\",\"dateModified\":\"2015-08-11T11:08:45+00:00\",\"breadcrumb\":{\"@id\":\"https:\/\/odysseus-contests.eu\/2016\/de\/teilnahmebedingungen\/teams\/#breadcrumb\"},\"inLanguage\":\"de\",\"potentialAction\":[{\"@type\":\"ReadAction\",\"target\":[\"https:\/\/odysseus-contests.eu\/2016\/de\/teilnahmebedingungen\/teams\/\"]}]},{\"@type\":\"BreadcrumbList\",\"@id\":\"https:\/\/odysseus-contests.eu\/2016\/de\/teilnahmebedingungen\/teams\/#breadcrumb\",\"itemListElement\":[{\"@type\":\"ListItem\",\"position\":1,\"name\":\"Home\",\"item\":\"https:\/\/odysseus-contests.eu\/2016\/de\/\"},{\"@type\":\"ListItem\",\"position\":2,\"name\":\"Teilnahmebedingungen\",\"item\":\"https:\/\/odysseus-contests.eu\/2016\/de\/teilnahmebedingungen\/\"},{\"@type\":\"ListItem\",\"position\":3,\"name\":\"Teams\"}]},{\"@type\":\"WebSite\",\"@id\":\"https:\/\/odysseus-contests.eu\/2016\/de\/#website\",\"url\":\"https:\/\/odysseus-contests.eu\/2016\/de\/\",\"name\":\"ODYSSEUS II\",\"description\":\"European Youth Space Contest\",\"potentialAction\":[{\"@type\":\"SearchAction\",\"target\":{\"@type\":\"EntryPoint\",\"urlTemplate\":\"https:\/\/odysseus-contests.eu\/2016\/de\/?s={search_term_string}\"},\"query-input\":\"required name=search_term_string\"}],\"inLanguage\":\"de\"}]}<\/script>\n<!-- \/ Yoast SEO plugin. -->","yoast_head_json":{"title":"Teams - ODYSSEUS II","robots":{"index":"index","follow":"follow","max-snippet":"max-snippet:-1","max-image-preview":"max-image-preview:large","max-video-preview":"max-video-preview:-1"},"canonical":"https:\/\/odysseus-contests.eu\/2016\/de\/teilnahmebedingungen\/teams\/","og_locale":"de_DE","og_type":"article","og_title":"Teams - ODYSSEUS II","og_description":"Skywalker senden Bilder ein, die sie selbst gestaltet haben. Pioniere arbeiten in Teams mit zwei bis drei Mitgliedern unter der Leitung einer Lehrkraft. Die Sch\u00fclerinnen und Sch\u00fcler im Team k\u00f6nnen verschiedene Schulen eines Staates besuchen, so lange das Alterskriterium ber\u00fccksichtigt wird. Jedes Team\u00a0darf einen Mentor zur wissenschaftlichen oder technischen Beratung beiziehen (Siehe unter Mentoren). Explorer [&hellip;]","og_url":"https:\/\/odysseus-contests.eu\/2016\/de\/teilnahmebedingungen\/teams\/","og_site_name":"ODYSSEUS II","article_modified_time":"2015-08-11T11:08:45+00:00","twitter_card":"summary_large_image","schema":{"@context":"https:\/\/schema.org","@graph":[{"@type":"WebPage","@id":"https:\/\/odysseus-contests.eu\/2016\/de\/teilnahmebedingungen\/teams\/","url":"https:\/\/odysseus-contests.eu\/2016\/de\/teilnahmebedingungen\/teams\/","name":"Teams - ODYSSEUS II","isPartOf":{"@id":"https:\/\/odysseus-contests.eu\/2016\/de\/#website"},"datePublished":"2015-06-29T18:27:28+00:00","dateModified":"2015-08-11T11:08:45+00:00","breadcrumb":{"@id":"https:\/\/odysseus-contests.eu\/2016\/de\/teilnahmebedingungen\/teams\/#breadcrumb"},"inLanguage":"de","potentialAction":[{"@type":"ReadAction","target":["https:\/\/odysseus-contests.eu\/2016\/de\/teilnahmebedingungen\/teams\/"]}]},{"@type":"BreadcrumbList","@id":"https:\/\/odysseus-contests.eu\/2016\/de\/teilnahmebedingungen\/teams\/#breadcrumb","itemListElement":[{"@type":"ListItem","position":1,"name":"Home","item":"https:\/\/odysseus-contests.eu\/2016\/de\/"},{"@type":"ListItem","position":2,"name":"Teilnahmebedingungen","item":"https:\/\/odysseus-contests.eu\/2016\/de\/teilnahmebedingungen\/"},{"@type":"ListItem","position":3,"name":"Teams"}]},{"@type":"WebSite","@id":"https:\/\/odysseus-contests.eu\/2016\/de\/#website","url":"https:\/\/odysseus-contests.eu\/2016\/de\/","name":"ODYSSEUS II","description":"European Youth Space Contest","potentialAction":[{"@type":"SearchAction","target":{"@type":"EntryPoint","urlTemplate":"https:\/\/odysseus-contests.eu\/2016\/de\/?s={search_term_string}"},"query-input":"required name=search_term_string"}],"inLanguage":"de"}]}},"_links":{"self":[{"href":"https:\/\/odysseus-contests.eu\/2016\/de\/wp-json\/wp\/v2\/pages\/1119"}],"collection":[{"href":"https:\/\/odysseus-contests.eu\/2016\/de\/wp-json\/wp\/v2\/pages"}],"about":[{"href":"https:\/\/odysseus-contests.eu\/2016\/de\/wp-json\/wp\/v2\/types\/page"}],"author":[{"embeddable":true,"href":"https:\/\/odysseus-contests.eu\/2016\/de\/wp-json\/wp\/v2\/users\/1"}],"replies":[{"embeddable":true,"href":"https:\/\/odysseus-contests.eu\/2016\/de\/wp-json\/wp\/v2\/comments?post=1119"}],"version-history":[{"count":0,"href":"https:\/\/odysseus-contests.eu\/2016\/de\/wp-json\/wp\/v2\/pages\/1119\/revisions"}],"up":[{"embeddable":true,"href":"https:\/\/odysseus-contests.eu\/2016\/de\/wp-json\/wp\/v2\/pages\/1095"}],"wp:attachment":[{"href":"https:\/\/odysseus-contests.eu\/2016\/de\/wp-json\/wp\/v2\/media?parent=1119"}],"curies":[{"name":"wp","href":"https:\/\/api.w.org\/{rel}","templated":true}]}}