{"id":1116,"date":"2015-06-29T21:13:17","date_gmt":"2015-06-29T18:13:17","guid":{"rendered":"http:\/\/odysseus-contests.eu\/2016\/?page_id=1116"},"modified":"2015-08-11T14:14:31","modified_gmt":"2015-08-11T11:14:31","slug":"preise","status":"publish","type":"page","link":"https:\/\/odysseus-contests.eu\/2016\/de\/teilnahmebedingungen\/preise\/","title":{"rendered":"Preise"},"content":{"rendered":"<ul>\n<li>Die Odysseus II Wettbewerbs-Preise der Gewinnerinnen, Gewinner und Zweitplatzierten werden nicht ausbezahlt und sind nicht \u00fcbertragbar.<\/li>\n<li>Die Veranstalter behalten sich ein halbes Jahr das Recht vor, einen verliehenen Preis abzuerkennen und zur\u00fcckzufordern, wenn ein Team oder ein einzelner Explorer die auf dieser Seite dargelegten Teilnahmebedingungen nicht einh\u00e4lt.<\/li>\n<\/ul>\n","protected":false},"excerpt":{"rendered":"<p>Die Odysseus II Wettbewerbs-Preise der Gewinnerinnen, Gewinner und Zweitplatzierten werden nicht ausbezahlt und sind nicht \u00fcbertragbar. Die Veranstalter behalten sich ein halbes Jahr das Recht vor, einen verliehenen Preis abzuerkennen und zur\u00fcckzufordern, wenn ein Team oder ein einzelner Explorer die auf dieser Seite dargelegten Teilnahmebedingungen nicht einh\u00e4lt.<\/p>\n","protected":false},"author":1,"featured_media":0,"parent":1095,"menu_order":80,"comment_status":"closed","ping_status":"closed","template":"","meta":[],"acf":[],"yoast_head":"<!-- This site is optimized with the Yoast SEO plugin v19.14 - https:\/\/yoast.com\/wordpress\/plugins\/seo\/ -->\n<title>Preise - ODYSSEUS II<\/title>\n<meta name=\"robots\" content=\"index, follow, max-snippet:-1, max-image-preview:large, max-video-preview:-1\" \/>\n<link rel=\"canonical\" href=\"https:\/\/odysseus-contests.eu\/2016\/de\/teilnahmebedingungen\/preise\/\" \/>\n<meta property=\"og:locale\" content=\"de_DE\" \/>\n<meta property=\"og:type\" content=\"article\" \/>\n<meta property=\"og:title\" content=\"Preise - ODYSSEUS II\" \/>\n<meta property=\"og:description\" content=\"Die Odysseus II Wettbewerbs-Preise der Gewinnerinnen, Gewinner und Zweitplatzierten werden nicht ausbezahlt und sind nicht \u00fcbertragbar. Die Veranstalter behalten sich ein halbes Jahr das Recht vor, einen verliehenen Preis abzuerkennen und zur\u00fcckzufordern, wenn ein Team oder ein einzelner Explorer die auf dieser Seite dargelegten Teilnahmebedingungen nicht einh\u00e4lt.\" \/>\n<meta property=\"og:url\" content=\"https:\/\/odysseus-contests.eu\/2016\/de\/teilnahmebedingungen\/preise\/\" \/>\n<meta property=\"og:site_name\" content=\"ODYSSEUS II\" \/>\n<meta property=\"article:modified_time\" content=\"2015-08-11T11:14:31+00:00\" \/>\n<meta name=\"twitter:card\" content=\"summary_large_image\" \/>\n<script type=\"application\/ld+json\" class=\"yoast-schema-graph\">{\"@context\":\"https:\/\/schema.org\",\"@graph\":[{\"@type\":\"WebPage\",\"@id\":\"https:\/\/odysseus-contests.eu\/2016\/de\/teilnahmebedingungen\/preise\/\",\"url\":\"https:\/\/odysseus-contests.eu\/2016\/de\/teilnahmebedingungen\/preise\/\",\"name\":\"Preise - ODYSSEUS II\",\"isPartOf\":{\"@id\":\"https:\/\/odysseus-contests.eu\/2016\/de\/#website\"},\"datePublished\":\"2015-06-29T18:13:17+00:00\",\"dateModified\":\"2015-08-11T11:14:31+00:00\",\"breadcrumb\":{\"@id\":\"https:\/\/odysseus-contests.eu\/2016\/de\/teilnahmebedingungen\/preise\/#breadcrumb\"},\"inLanguage\":\"de\",\"potentialAction\":[{\"@type\":\"ReadAction\",\"target\":[\"https:\/\/odysseus-contests.eu\/2016\/de\/teilnahmebedingungen\/preise\/\"]}]},{\"@type\":\"BreadcrumbList\",\"@id\":\"https:\/\/odysseus-contests.eu\/2016\/de\/teilnahmebedingungen\/preise\/#breadcrumb\",\"itemListElement\":[{\"@type\":\"ListItem\",\"position\":1,\"name\":\"Home\",\"item\":\"https:\/\/odysseus-contests.eu\/2016\/de\/\"},{\"@type\":\"ListItem\",\"position\":2,\"name\":\"Teilnahmebedingungen\",\"item\":\"https:\/\/odysseus-contests.eu\/2016\/de\/teilnahmebedingungen\/\"},{\"@type\":\"ListItem\",\"position\":3,\"name\":\"Preise\"}]},{\"@type\":\"WebSite\",\"@id\":\"https:\/\/odysseus-contests.eu\/2016\/de\/#website\",\"url\":\"https:\/\/odysseus-contests.eu\/2016\/de\/\",\"name\":\"ODYSSEUS II\",\"description\":\"European Youth Space Contest\",\"potentialAction\":[{\"@type\":\"SearchAction\",\"target\":{\"@type\":\"EntryPoint\",\"urlTemplate\":\"https:\/\/odysseus-contests.eu\/2016\/de\/?s={search_term_string}\"},\"query-input\":\"required name=search_term_string\"}],\"inLanguage\":\"de\"}]}<\/script>\n<!-- \/ Yoast SEO plugin. -->","yoast_head_json":{"title":"Preise - ODYSSEUS II","robots":{"index":"index","follow":"follow","max-snippet":"max-snippet:-1","max-image-preview":"max-image-preview:large","max-video-preview":"max-video-preview:-1"},"canonical":"https:\/\/odysseus-contests.eu\/2016\/de\/teilnahmebedingungen\/preise\/","og_locale":"de_DE","og_type":"article","og_title":"Preise - ODYSSEUS II","og_description":"Die Odysseus II Wettbewerbs-Preise der Gewinnerinnen, Gewinner und Zweitplatzierten werden nicht ausbezahlt und sind nicht \u00fcbertragbar. Die Veranstalter behalten sich ein halbes Jahr das Recht vor, einen verliehenen Preis abzuerkennen und zur\u00fcckzufordern, wenn ein Team oder ein einzelner Explorer die auf dieser Seite dargelegten Teilnahmebedingungen nicht einh\u00e4lt.","og_url":"https:\/\/odysseus-contests.eu\/2016\/de\/teilnahmebedingungen\/preise\/","og_site_name":"ODYSSEUS II","article_modified_time":"2015-08-11T11:14:31+00:00","twitter_card":"summary_large_image","schema":{"@context":"https:\/\/schema.org","@graph":[{"@type":"WebPage","@id":"https:\/\/odysseus-contests.eu\/2016\/de\/teilnahmebedingungen\/preise\/","url":"https:\/\/odysseus-contests.eu\/2016\/de\/teilnahmebedingungen\/preise\/","name":"Preise - ODYSSEUS II","isPartOf":{"@id":"https:\/\/odysseus-contests.eu\/2016\/de\/#website"},"datePublished":"2015-06-29T18:13:17+00:00","dateModified":"2015-08-11T11:14:31+00:00","breadcrumb":{"@id":"https:\/\/odysseus-contests.eu\/2016\/de\/teilnahmebedingungen\/preise\/#breadcrumb"},"inLanguage":"de","potentialAction":[{"@type":"ReadAction","target":["https:\/\/odysseus-contests.eu\/2016\/de\/teilnahmebedingungen\/preise\/"]}]},{"@type":"BreadcrumbList","@id":"https:\/\/odysseus-contests.eu\/2016\/de\/teilnahmebedingungen\/preise\/#breadcrumb","itemListElement":[{"@type":"ListItem","position":1,"name":"Home","item":"https:\/\/odysseus-contests.eu\/2016\/de\/"},{"@type":"ListItem","position":2,"name":"Teilnahmebedingungen","item":"https:\/\/odysseus-contests.eu\/2016\/de\/teilnahmebedingungen\/"},{"@type":"ListItem","position":3,"name":"Preise"}]},{"@type":"WebSite","@id":"https:\/\/odysseus-contests.eu\/2016\/de\/#website","url":"https:\/\/odysseus-contests.eu\/2016\/de\/","name":"ODYSSEUS II","description":"European Youth Space Contest","potentialAction":[{"@type":"SearchAction","target":{"@type":"EntryPoint","urlTemplate":"https:\/\/odysseus-contests.eu\/2016\/de\/?s={search_term_string}"},"query-input":"required name=search_term_string"}],"inLanguage":"de"}]}},"_links":{"self":[{"href":"https:\/\/odysseus-contests.eu\/2016\/de\/wp-json\/wp\/v2\/pages\/1116"}],"collection":[{"href":"https:\/\/odysseus-contests.eu\/2016\/de\/wp-json\/wp\/v2\/pages"}],"about":[{"href":"https:\/\/odysseus-contests.eu\/2016\/de\/wp-json\/wp\/v2\/types\/page"}],"author":[{"embeddable":true,"href":"https:\/\/odysseus-contests.eu\/2016\/de\/wp-json\/wp\/v2\/users\/1"}],"replies":[{"embeddable":true,"href":"https:\/\/odysseus-contests.eu\/2016\/de\/wp-json\/wp\/v2\/comments?post=1116"}],"version-history":[{"count":0,"href":"https:\/\/odysseus-contests.eu\/2016\/de\/wp-json\/wp\/v2\/pages\/1116\/revisions"}],"up":[{"embeddable":true,"href":"https:\/\/odysseus-contests.eu\/2016\/de\/wp-json\/wp\/v2\/pages\/1095"}],"wp:attachment":[{"href":"https:\/\/odysseus-contests.eu\/2016\/de\/wp-json\/wp\/v2\/media?parent=1116"}],"curies":[{"name":"wp","href":"https:\/\/api.w.org\/{rel}","templated":true}]}}