{"id":1099,"date":"2015-06-26T17:40:39","date_gmt":"2015-06-26T14:40:39","guid":{"rendered":"http:\/\/odysseus-contests.eu\/2016\/?page_id=1099"},"modified":"2016-08-19T17:11:17","modified_gmt":"2016-08-19T14:11:17","slug":"teilnahmebdingungen","status":"publish","type":"page","link":"https:\/\/odysseus-contests.eu\/2016\/de\/teilnahmebedingungen\/teilnahmebdingungen\/","title":{"rendered":"Teilnahmebedingungen"},"content":{"rendered":"<ul>\n<li>Sch\u00fclerinnen und Sch\u00fcler sowie Studentinnen und Studenten ohne akademischen Abschluss im Alter von 7 bis 22 Jahren d\u00fcrfen am Wettbewerb teilnehmen. Fallen die Teilnehmerinnen oder Teilnehmer am Ende der Einsendefrist\u00a0in eine der erlaubten Alterskategorien, d\u00fcrfen sie teilnehmen:\n<ul>\n<li>Skywalker: 7 bis 13 Jahre alt (Sch\u00fclerinnen und Sch\u00fcler, die zwischen dem 1. April 2003 und dem 31. M\u00e4rz 2010 geboren wurden),<\/li>\n<li>Pioniere: 14 bis 18 Jahre alt (Sch\u00fclerinnen und Sch\u00fcler, die zwischen dem 1. April 1998 und dem 31. M\u00e4rz 2003 geboren wurden),<\/li>\n<li>Explorer: 17 bis 22 Jahre alt (Studentinnen und Studenten ohne akademischen Abschluss, die zwischen dem 1. April 1999 und dem 31. M\u00e4rz 2000 geboren wurden).<\/li>\n<\/ul>\n<\/li>\n<\/ul>\n<ul>\n<li>Die Teilnahme am Wettbewerb ist kostenlos und die Reisekosten und Unterkunft (Flug- und Zugticket, \u00dcbernachtung, Verpflegung, Versicherung) zur Teilnahme an den Regionalfinalen und am europ\u00e4ischen Finale werden von den Odysseus II Veranstaltern innerhalb einer angemessenen Obergrenze gedeckt. Kosten f\u00fcr andere Transportmittel und andere Ausgaben m\u00fcssen von den Teilnehmerinnen und Teilnehmern oder ihren Sponsoren bezahlt werden. Halbfinalistinnen und Halbfinalisten aus nicht-EU-Mitgliedsstaaten m\u00fcssen die Reisekosten zum Veranstaltungsort selbst \u00fcbernehmen.<\/li>\n<li>Sch\u00fclerinnen, Sch\u00fcler, Studentinnen und Studenten d\u00fcrfen am Wettbewerb teilnehmen, wenn sie im akademischen Jahr ihren Wohnsitz in einem EU-Mitgliedsstaat haben, namentlich: in \u00d6sterreich, Belgien, Bulgarien, Kroatien, Zypern, Tschechien, D\u00e4nemark, Estland, Finnland, Frankreich, Deutschland, Griechenland, Ungarn, Irland, Italien, Lettland, Litauen, Luxemburg, Malta, Niederlande, Polen, Portugal, Rum\u00e4nien, Slowakei, Slowenien, Spanien, Schweden\u00a0oder Gro\u00dfbritannien.<\/li>\n<li>Sch\u00fclerinnen, Sch\u00fcler, Studentinnen und Studenten aus einem nicht-EU-Mitgliedsstaat d\u00fcrfen auch teilnehmen (z.B. Albanien, Armenien, Wei\u00dfrussland, Georgien, Island, Israel, Liechtenstein, Moldawien, Montenegro, Norwegen, Mazedonien, Russland, Serbien, Schweiz, Monako, San Marino, T\u00fcrkei oder Ukraine), aber sie m\u00fcssen all ihr Material in einer der 24 offiziellen EU-Sprachen einsenden. Nota bene: Die Aufz\u00e4hlung ist nicht vollst\u00e4ndig und Teilnehmerinnen und Teilnehmer aus anderen Staaten sind zur Teilnahme eingeladen, so lange sie die anderen Teilnahmebedingungen erf\u00fcllen.<\/li>\n<li>Familienangeh\u00f6rige der Veranstalterinnen und Veranstalter d\u00fcrfen nicht am Wettbewerb teilnehmen.<\/li>\n<\/ul>\n","protected":false},"excerpt":{"rendered":"<p>Sch\u00fclerinnen und Sch\u00fcler sowie Studentinnen und Studenten ohne akademischen Abschluss im Alter von 7 bis 22 Jahren d\u00fcrfen am Wettbewerb teilnehmen. Fallen die Teilnehmerinnen oder Teilnehmer am Ende der Einsendefrist\u00a0in eine der erlaubten Alterskategorien, d\u00fcrfen sie teilnehmen: Skywalker: 7 bis 13 Jahre alt (Sch\u00fclerinnen und Sch\u00fcler, die zwischen dem 1. April 2003 und dem 31. [&hellip;]<\/p>\n","protected":false},"author":1,"featured_media":0,"parent":1095,"menu_order":10,"comment_status":"closed","ping_status":"closed","template":"","meta":[],"acf":[],"yoast_head":"<!-- This site is optimized with the Yoast SEO plugin v19.14 - https:\/\/yoast.com\/wordpress\/plugins\/seo\/ -->\n<title>Teilnahmebedingungen - ODYSSEUS II<\/title>\n<meta name=\"robots\" content=\"index, follow, max-snippet:-1, max-image-preview:large, max-video-preview:-1\" \/>\n<link rel=\"canonical\" href=\"https:\/\/odysseus-contests.eu\/2016\/de\/teilnahmebedingungen\/teilnahmebdingungen\/\" \/>\n<meta property=\"og:locale\" content=\"de_DE\" \/>\n<meta property=\"og:type\" content=\"article\" \/>\n<meta property=\"og:title\" content=\"Teilnahmebedingungen - ODYSSEUS II\" \/>\n<meta property=\"og:description\" content=\"Sch\u00fclerinnen und Sch\u00fcler sowie Studentinnen und Studenten ohne akademischen Abschluss im Alter von 7 bis 22 Jahren d\u00fcrfen am Wettbewerb teilnehmen. Fallen die Teilnehmerinnen oder Teilnehmer am Ende der Einsendefrist\u00a0in eine der erlaubten Alterskategorien, d\u00fcrfen sie teilnehmen: Skywalker: 7 bis 13 Jahre alt (Sch\u00fclerinnen und Sch\u00fcler, die zwischen dem 1. April 2003 und dem 31. [&hellip;]\" \/>\n<meta property=\"og:url\" content=\"https:\/\/odysseus-contests.eu\/2016\/de\/teilnahmebedingungen\/teilnahmebdingungen\/\" \/>\n<meta property=\"og:site_name\" content=\"ODYSSEUS II\" \/>\n<meta property=\"article:modified_time\" content=\"2016-08-19T14:11:17+00:00\" \/>\n<meta name=\"twitter:card\" content=\"summary_large_image\" \/>\n<meta name=\"twitter:label1\" content=\"Gesch\u00e4tzte Lesezeit\" \/>\n\t<meta name=\"twitter:data1\" content=\"2\u00a0Minuten\" \/>\n<script type=\"application\/ld+json\" class=\"yoast-schema-graph\">{\"@context\":\"https:\/\/schema.org\",\"@graph\":[{\"@type\":\"WebPage\",\"@id\":\"https:\/\/odysseus-contests.eu\/2016\/de\/teilnahmebedingungen\/teilnahmebdingungen\/\",\"url\":\"https:\/\/odysseus-contests.eu\/2016\/de\/teilnahmebedingungen\/teilnahmebdingungen\/\",\"name\":\"Teilnahmebedingungen - ODYSSEUS II\",\"isPartOf\":{\"@id\":\"https:\/\/odysseus-contests.eu\/2016\/de\/#website\"},\"datePublished\":\"2015-06-26T14:40:39+00:00\",\"dateModified\":\"2016-08-19T14:11:17+00:00\",\"breadcrumb\":{\"@id\":\"https:\/\/odysseus-contests.eu\/2016\/de\/teilnahmebedingungen\/teilnahmebdingungen\/#breadcrumb\"},\"inLanguage\":\"de\",\"potentialAction\":[{\"@type\":\"ReadAction\",\"target\":[\"https:\/\/odysseus-contests.eu\/2016\/de\/teilnahmebedingungen\/teilnahmebdingungen\/\"]}]},{\"@type\":\"BreadcrumbList\",\"@id\":\"https:\/\/odysseus-contests.eu\/2016\/de\/teilnahmebedingungen\/teilnahmebdingungen\/#breadcrumb\",\"itemListElement\":[{\"@type\":\"ListItem\",\"position\":1,\"name\":\"Home\",\"item\":\"https:\/\/odysseus-contests.eu\/2016\/de\/\"},{\"@type\":\"ListItem\",\"position\":2,\"name\":\"Teilnahmebedingungen\",\"item\":\"https:\/\/odysseus-contests.eu\/2016\/de\/teilnahmebedingungen\/\"},{\"@type\":\"ListItem\",\"position\":3,\"name\":\"Teilnahmebedingungen\"}]},{\"@type\":\"WebSite\",\"@id\":\"https:\/\/odysseus-contests.eu\/2016\/de\/#website\",\"url\":\"https:\/\/odysseus-contests.eu\/2016\/de\/\",\"name\":\"ODYSSEUS II\",\"description\":\"European Youth Space Contest\",\"potentialAction\":[{\"@type\":\"SearchAction\",\"target\":{\"@type\":\"EntryPoint\",\"urlTemplate\":\"https:\/\/odysseus-contests.eu\/2016\/de\/?s={search_term_string}\"},\"query-input\":\"required name=search_term_string\"}],\"inLanguage\":\"de\"}]}<\/script>\n<!-- \/ Yoast SEO plugin. -->","yoast_head_json":{"title":"Teilnahmebedingungen - ODYSSEUS II","robots":{"index":"index","follow":"follow","max-snippet":"max-snippet:-1","max-image-preview":"max-image-preview:large","max-video-preview":"max-video-preview:-1"},"canonical":"https:\/\/odysseus-contests.eu\/2016\/de\/teilnahmebedingungen\/teilnahmebdingungen\/","og_locale":"de_DE","og_type":"article","og_title":"Teilnahmebedingungen - ODYSSEUS II","og_description":"Sch\u00fclerinnen und Sch\u00fcler sowie Studentinnen und Studenten ohne akademischen Abschluss im Alter von 7 bis 22 Jahren d\u00fcrfen am Wettbewerb teilnehmen. Fallen die Teilnehmerinnen oder Teilnehmer am Ende der Einsendefrist\u00a0in eine der erlaubten Alterskategorien, d\u00fcrfen sie teilnehmen: Skywalker: 7 bis 13 Jahre alt (Sch\u00fclerinnen und Sch\u00fcler, die zwischen dem 1. April 2003 und dem 31. [&hellip;]","og_url":"https:\/\/odysseus-contests.eu\/2016\/de\/teilnahmebedingungen\/teilnahmebdingungen\/","og_site_name":"ODYSSEUS II","article_modified_time":"2016-08-19T14:11:17+00:00","twitter_card":"summary_large_image","twitter_misc":{"Gesch\u00e4tzte Lesezeit":"2\u00a0Minuten"},"schema":{"@context":"https:\/\/schema.org","@graph":[{"@type":"WebPage","@id":"https:\/\/odysseus-contests.eu\/2016\/de\/teilnahmebedingungen\/teilnahmebdingungen\/","url":"https:\/\/odysseus-contests.eu\/2016\/de\/teilnahmebedingungen\/teilnahmebdingungen\/","name":"Teilnahmebedingungen - ODYSSEUS II","isPartOf":{"@id":"https:\/\/odysseus-contests.eu\/2016\/de\/#website"},"datePublished":"2015-06-26T14:40:39+00:00","dateModified":"2016-08-19T14:11:17+00:00","breadcrumb":{"@id":"https:\/\/odysseus-contests.eu\/2016\/de\/teilnahmebedingungen\/teilnahmebdingungen\/#breadcrumb"},"inLanguage":"de","potentialAction":[{"@type":"ReadAction","target":["https:\/\/odysseus-contests.eu\/2016\/de\/teilnahmebedingungen\/teilnahmebdingungen\/"]}]},{"@type":"BreadcrumbList","@id":"https:\/\/odysseus-contests.eu\/2016\/de\/teilnahmebedingungen\/teilnahmebdingungen\/#breadcrumb","itemListElement":[{"@type":"ListItem","position":1,"name":"Home","item":"https:\/\/odysseus-contests.eu\/2016\/de\/"},{"@type":"ListItem","position":2,"name":"Teilnahmebedingungen","item":"https:\/\/odysseus-contests.eu\/2016\/de\/teilnahmebedingungen\/"},{"@type":"ListItem","position":3,"name":"Teilnahmebedingungen"}]},{"@type":"WebSite","@id":"https:\/\/odysseus-contests.eu\/2016\/de\/#website","url":"https:\/\/odysseus-contests.eu\/2016\/de\/","name":"ODYSSEUS II","description":"European Youth Space Contest","potentialAction":[{"@type":"SearchAction","target":{"@type":"EntryPoint","urlTemplate":"https:\/\/odysseus-contests.eu\/2016\/de\/?s={search_term_string}"},"query-input":"required name=search_term_string"}],"inLanguage":"de"}]}},"_links":{"self":[{"href":"https:\/\/odysseus-contests.eu\/2016\/de\/wp-json\/wp\/v2\/pages\/1099"}],"collection":[{"href":"https:\/\/odysseus-contests.eu\/2016\/de\/wp-json\/wp\/v2\/pages"}],"about":[{"href":"https:\/\/odysseus-contests.eu\/2016\/de\/wp-json\/wp\/v2\/types\/page"}],"author":[{"embeddable":true,"href":"https:\/\/odysseus-contests.eu\/2016\/de\/wp-json\/wp\/v2\/users\/1"}],"replies":[{"embeddable":true,"href":"https:\/\/odysseus-contests.eu\/2016\/de\/wp-json\/wp\/v2\/comments?post=1099"}],"version-history":[{"count":1,"href":"https:\/\/odysseus-contests.eu\/2016\/de\/wp-json\/wp\/v2\/pages\/1099\/revisions"}],"predecessor-version":[{"id":13338,"href":"https:\/\/odysseus-contests.eu\/2016\/de\/wp-json\/wp\/v2\/pages\/1099\/revisions\/13338"}],"up":[{"embeddable":true,"href":"https:\/\/odysseus-contests.eu\/2016\/de\/wp-json\/wp\/v2\/pages\/1095"}],"wp:attachment":[{"href":"https:\/\/odysseus-contests.eu\/2016\/de\/wp-json\/wp\/v2\/media?parent=1099"}],"curies":[{"name":"wp","href":"https:\/\/api.w.org\/{rel}","templated":true}]}}