{"id":1022,"date":"2015-06-26T17:18:46","date_gmt":"2015-06-26T14:18:46","guid":{"rendered":"http:\/\/odysseus-contests.eu\/2016\/?page_id=1022"},"modified":"2016-01-26T16:49:07","modified_gmt":"2016-01-26T13:49:07","slug":"beirat","status":"publish","type":"page","link":"https:\/\/odysseus-contests.eu\/2016\/de\/the-odysseus-ii-project\/beirat\/","title":{"rendered":"Beirat"},"content":{"rendered":"<p style=\"text-align: justify;\"><b><img decoding=\"async\" loading=\"lazy\" class=\"alignleft size-full wp-image-419\" src=\"http:\/\/odysseus-contests.eu\/2016\/wp-content\/uploads\/2015\/05\/image001.png\" alt=\"image001\" width=\"155\" height=\"215\" \/><\/b><\/p>\n<p><strong>Jean-Pierre Swings<\/strong> ist Honorarprofessor der Universit\u00e4t Li\u00e8ge (Belgien), von der er sein Masterdiplom zum Weltraum-Ingenieur und sein PhD- und DSc-Diplom in Astrophysik erhielt. Seine Interessensgebiete liegen unter anderem in der Sonnenphysik, in der Spektralanalyse und auf Objekten mit Infrarot-Exzess. Von der beobachtenden Astrophysik wechselte er allm\u00e4hlich zur \u201eAstro-Politik\u201c, als Generalsekret\u00e4r des Internationalen Astronomischen Verbands, als Mitglied in zahlreichen Komitees der Europ\u00e4ischen Weltraumagentur, als Mitglied des Rats der Europ\u00e4ischen S\u00fcdsternwarte und als Mitglied der Europ\u00e4ischen Astronomischen Gesellschaft, von welcher er eines der vier Gr\u00fcndungsmitglieder war. Jean-Pierre Swings ist Vorsitzender des Europ\u00e4ischen Weltraumwissenschafts-Komitees der Europ\u00e4ischen Wissenschafts-Stiftung und Mitglied des Beirats des siebten Rahmenprogramms der Europ\u00e4ischen Kommission. (Odysseus Mitglied der internationalen Jury 2012-2013)<\/p>\n<p style=\"text-align: justify;\"><b>\u00a0<\/b><\/p>\n<p style=\"text-align: justify;\"><b><img decoding=\"async\" loading=\"lazy\" class=\"alignleft size-full wp-image-425\" src=\"http:\/\/odysseus-contests.eu\/2016\/wp-content\/uploads\/2015\/05\/image003.png\" alt=\"image003\" width=\"149\" height=\"215\" \/><\/b><strong>Athena Coustenis\u00a0<\/strong>ist Forschungsdirektorin des \u201eNationalen Zentrums f\u00fcr wissenschaftliche Forschung\u201c (CNRS) in Frankreich. Ihr Fachgebiet ist Planetenkunde (Erforschung des Sonnensystems mit erd- und weltraumbasierten Beobachtungen). Ihre astronomische Forschung umfasst die Erforschung der Atmosph\u00e4re und die Oberfl\u00e4che der Planeten, ihr Schwerpunkt liegt auf Titan, dem Satelliten von Saturn, der viele \u00c4hnlichkeiten mit der Erde hat. Sie arbeitet auch zum Thema Exoplaneten. In den letzten Jahren hat sie viel zu zuk\u00fcnftigen Weltraum-Missionen beigetragen. (Odysseus Mitglied der internationalen Jury 2012-2013)<\/p>\n<p>&nbsp;<\/p>\n<p style=\"text-align: justify;\"><b><img decoding=\"async\" loading=\"lazy\" class=\"alignleft size-full wp-image-430\" src=\"http:\/\/odysseus-contests.eu\/2016\/wp-content\/uploads\/2015\/05\/image005.png\" alt=\"image005\" width=\"155\" height=\"203\" \/>Frank De Winne\u00a0<\/b>ist ESA-Astronaut. Bevor er zum Astronauten-Korps der Europ\u00e4ischen Weltraum Agentur kam, war er erfahrener Testpilot der belgischen Luftwaffe. Im Jahr 2002 nahm De Winne an der Odissea-Mission teil, dem St\u00fctzflug zur Internationalen Weltraum Station ISS. W\u00e4hrend der elft\u00e4gigen Mission f\u00fchrte er ein Programm mit 23 Experimenten durch. De Winnes zweite Mission hie\u00df OasISS, fand von Mai bis Dezember 2009 statt und war ein Langzeitflug auf der ISS. W\u00e4hrend diesem Flug wurde De Winne zum ersten, europ\u00e4ischen Kommandanten der ISS ernannt. W\u00e4hrend der Mission wurde ein umfangreiches Benutzungsprogramm sowie wissenschaftlich motivierte \u00d6ffentlichkeitsarbeit durchgef\u00fchrt. Am 1. August 2012 wurde De Winne zum Pr\u00e4sident der Abteilung des Zentrums der Europ\u00e4ischen Astronauten ernannt. (Odysseus Mitglied der internationalen Jury 2012-2013)<\/p>\n<p><b><img decoding=\"async\" loading=\"lazy\" class=\"alignleft size-full wp-image-436\" src=\"http:\/\/odysseus-contests.eu\/2016\/wp-content\/uploads\/2015\/05\/image007.png\" alt=\"image007\" width=\"155\" height=\"215\" \/><\/b><\/p>\n<p style=\"text-align: justify;\"><strong>Manolis K. Georgoulis<\/strong> ist Forscher am Wissenschaftszentrum f\u00fcr Astronomie und angewandter Mathematik der Akademie in Athen. Er ist griechischer Abgeordnete des Komitees des Wissenschaftsprogramms der ESA (ESA\/SPC) (von 2011\u2013 heute), Vizepr\u00e4sident der Europ\u00e4ischen Sonnenphysik Division (ESPD) der Europ\u00e4ischen Physik-Gesellschaft (EPS) (von 2011-2014), ernanntes Mitglied des nationalen, griechischen Komitees f\u00fcr Astronomie (GNCA) (von 2012- heute), und Marie Curie Mitglied der Europ\u00e4ischen Kommission (von 2010-2014). 1993 erhielt er einen B.Sc.-Titel in Physik der Aristoteles-Universit\u00e4t in Thessaloniki und im Jahr 2000 von derselben Universit\u00e4t einen Ph.D.-Titel in Sonnenplasma-Physik. Er nahm an drei Weltraumissionen der NASA und zwei der ESA als Mitglied des Forschungsteams teil. (Odysseus Mitglied der internationalen Jury 2012-2013)<\/p>\n<p style=\"text-align: justify;\"><b><img decoding=\"async\" loading=\"lazy\" class=\"alignleft wp-image-441\" src=\"http:\/\/odysseus-contests.eu\/2016\/wp-content\/uploads\/2015\/05\/image009.jpg\" alt=\"image009\" width=\"170\" height=\"187\" srcset=\"https:\/\/odysseus-contests.eu\/2016\/wp-content\/uploads\/2015\/05\/image009.jpg 282w, https:\/\/odysseus-contests.eu\/2016\/wp-content\/uploads\/2015\/05\/image009-272x300.jpg 272w\" sizes=\"(max-width: 170px) 100vw, 170px\" \/><\/b><\/p>\n<p><strong>Ya\u00ebl Naz\u00e9 <\/strong>ist Forschungs-Associate FNRS an der Universit\u00e4t Li\u00e8ge (Belgien). Sie studiert Sternmassen mit Beobachtungen auf vielen unterschiedlichen Wellenl\u00e4ngen, die aus erd- und weltraumbasierten Daten gewonnen werden (im M\u00e4rz 2014 hatte sie 39 Publikationen als Autorin und 49 als Co-Autorin in referierten Zeitschriften und den Hirsch-Index=25). Sie arbeitete als Expertin in der Sterngruppe verschiedener Observatorien mit (ESA, ESO, NASA) und als Sachverst\u00e4ndige bei der Zeitschrift \u201eAstrophysical Journal\u201c. Sie beteiligt sich an zahlreichen, f\u00e4cher\u00fcbergreifenden Forschungsaktivit\u00e4ten und an \u00d6ffentlichkeitsarbeit (inkl. 9 publizierte B\u00fccher).<\/p>\n<p style=\"text-align: justify;\"><b>\u00a0<\/b><\/p>\n<p>\u00a0 \u00a0 <b><img decoding=\"async\" loading=\"lazy\" class=\"alignleft size-full wp-image-446\" src=\"http:\/\/odysseus-contests.eu\/2016\/wp-content\/uploads\/2015\/05\/image011.jpg\" alt=\"image011\" width=\"184\" height=\"207\" \/>Rosa M. Ros Ferr\u00e9<\/b> ist Vizepr\u00e4sidentin der Internationalen Astronomischen Union (IAU),\u00a0Vizepr\u00e4sidentin der Europ\u00e4ischen Vereinigung f\u00fcr Astronomische Ausbildung (EAAE) und Direktorin des Programms \u201eCiencia en Acci\u00f3n\u201c und \u201eAdopta una Estrella\u201c. Sie unterrichtet Mathematik f\u00fcr Ingenieure der Aeronautik, Telematik und Telekommunikation an der \u201eEscola Polit\u00e8cnica Superior de Castelldefels\u201c. Sie ist Vorstandsmitglied der \u201eJunta Directiva\u201c-Publikation der \u201eAsociaci\u00f3n para la Ense\u00f1anza de la Astronom\u00eda\u201d (ApEA), beratendes Mitglied des Exekutivkomitees von \u201cUniverse Awareness\u201d (UNAWE), beratendes Mitglied des Exekutivkomitees EIROforum und Mitglied von \u201cAdvisory Panel\u201d der \u201cPhysics Education\u201d. Sie ist seit 1994 spanische Abgeordnete f\u00fcr IAU Comm. 46, seit 1999 spanische Abgeordnete f\u00fcr \u201ePhysics on Stage\u201c und \u201eScience on Stage\u201c und seit 2006 spanische Abgeordnete f\u00fcr \u201eUNAWE \u2013 Explora el Universo\u201c.<\/p>\n","protected":false},"excerpt":{"rendered":"<p>Jean-Pierre Swings ist Honorarprofessor der Universit\u00e4t Li\u00e8ge (Belgien), von der er sein Masterdiplom zum Weltraum-Ingenieur und sein PhD- und DSc-Diplom in Astrophysik erhielt. Seine Interessensgebiete liegen unter anderem in der Sonnenphysik, in der Spektralanalyse und auf Objekten mit Infrarot-Exzess. Von der beobachtenden Astrophysik wechselte er allm\u00e4hlich zur \u201eAstro-Politik\u201c, als Generalsekret\u00e4r des Internationalen Astronomischen Verbands, als [&hellip;]<\/p>\n","protected":false},"author":1,"featured_media":0,"parent":1014,"menu_order":40,"comment_status":"closed","ping_status":"closed","template":"","meta":[],"acf":[],"yoast_head":"<!-- This site is optimized with the Yoast SEO plugin v19.14 - https:\/\/yoast.com\/wordpress\/plugins\/seo\/ -->\n<title>Beirat - ODYSSEUS II<\/title>\n<meta name=\"robots\" content=\"index, follow, max-snippet:-1, max-image-preview:large, max-video-preview:-1\" \/>\n<link rel=\"canonical\" href=\"https:\/\/odysseus-contests.eu\/2016\/de\/the-odysseus-ii-project\/beirat\/\" \/>\n<meta property=\"og:locale\" content=\"de_DE\" \/>\n<meta property=\"og:type\" content=\"article\" \/>\n<meta property=\"og:title\" content=\"Beirat - ODYSSEUS II\" \/>\n<meta property=\"og:description\" content=\"Jean-Pierre Swings ist Honorarprofessor der Universit\u00e4t Li\u00e8ge (Belgien), von der er sein Masterdiplom zum Weltraum-Ingenieur und sein PhD- und DSc-Diplom in Astrophysik erhielt. Seine Interessensgebiete liegen unter anderem in der Sonnenphysik, in der Spektralanalyse und auf Objekten mit Infrarot-Exzess. Von der beobachtenden Astrophysik wechselte er allm\u00e4hlich zur \u201eAstro-Politik\u201c, als Generalsekret\u00e4r des Internationalen Astronomischen Verbands, als [&hellip;]\" \/>\n<meta property=\"og:url\" content=\"https:\/\/odysseus-contests.eu\/2016\/de\/the-odysseus-ii-project\/beirat\/\" \/>\n<meta property=\"og:site_name\" content=\"ODYSSEUS II\" \/>\n<meta property=\"article:modified_time\" content=\"2016-01-26T13:49:07+00:00\" \/>\n<meta property=\"og:image\" content=\"http:\/\/odysseus-contests.eu\/2016\/wp-content\/uploads\/2015\/05\/image001.png\" \/>\n<meta name=\"twitter:card\" content=\"summary_large_image\" \/>\n<meta name=\"twitter:label1\" content=\"Gesch\u00e4tzte Lesezeit\" \/>\n\t<meta name=\"twitter:data1\" content=\"3\u00a0Minuten\" \/>\n<script type=\"application\/ld+json\" class=\"yoast-schema-graph\">{\"@context\":\"https:\/\/schema.org\",\"@graph\":[{\"@type\":\"WebPage\",\"@id\":\"https:\/\/odysseus-contests.eu\/2016\/de\/the-odysseus-ii-project\/beirat\/\",\"url\":\"https:\/\/odysseus-contests.eu\/2016\/de\/the-odysseus-ii-project\/beirat\/\",\"name\":\"Beirat - ODYSSEUS II\",\"isPartOf\":{\"@id\":\"https:\/\/odysseus-contests.eu\/2016\/de\/#website\"},\"datePublished\":\"2015-06-26T14:18:46+00:00\",\"dateModified\":\"2016-01-26T13:49:07+00:00\",\"breadcrumb\":{\"@id\":\"https:\/\/odysseus-contests.eu\/2016\/de\/the-odysseus-ii-project\/beirat\/#breadcrumb\"},\"inLanguage\":\"de\",\"potentialAction\":[{\"@type\":\"ReadAction\",\"target\":[\"https:\/\/odysseus-contests.eu\/2016\/de\/the-odysseus-ii-project\/beirat\/\"]}]},{\"@type\":\"BreadcrumbList\",\"@id\":\"https:\/\/odysseus-contests.eu\/2016\/de\/the-odysseus-ii-project\/beirat\/#breadcrumb\",\"itemListElement\":[{\"@type\":\"ListItem\",\"position\":1,\"name\":\"Home\",\"item\":\"https:\/\/odysseus-contests.eu\/2016\/de\/\"},{\"@type\":\"ListItem\",\"position\":2,\"name\":\"Das Odysseus II Projekt\",\"item\":\"https:\/\/odysseus-contests.eu\/2016\/de\/the-odysseus-ii-project\/\"},{\"@type\":\"ListItem\",\"position\":3,\"name\":\"Beirat\"}]},{\"@type\":\"WebSite\",\"@id\":\"https:\/\/odysseus-contests.eu\/2016\/de\/#website\",\"url\":\"https:\/\/odysseus-contests.eu\/2016\/de\/\",\"name\":\"ODYSSEUS II\",\"description\":\"European Youth Space Contest\",\"potentialAction\":[{\"@type\":\"SearchAction\",\"target\":{\"@type\":\"EntryPoint\",\"urlTemplate\":\"https:\/\/odysseus-contests.eu\/2016\/de\/?s={search_term_string}\"},\"query-input\":\"required name=search_term_string\"}],\"inLanguage\":\"de\"}]}<\/script>\n<!-- \/ Yoast SEO plugin. -->","yoast_head_json":{"title":"Beirat - ODYSSEUS II","robots":{"index":"index","follow":"follow","max-snippet":"max-snippet:-1","max-image-preview":"max-image-preview:large","max-video-preview":"max-video-preview:-1"},"canonical":"https:\/\/odysseus-contests.eu\/2016\/de\/the-odysseus-ii-project\/beirat\/","og_locale":"de_DE","og_type":"article","og_title":"Beirat - ODYSSEUS II","og_description":"Jean-Pierre Swings ist Honorarprofessor der Universit\u00e4t Li\u00e8ge (Belgien), von der er sein Masterdiplom zum Weltraum-Ingenieur und sein PhD- und DSc-Diplom in Astrophysik erhielt. Seine Interessensgebiete liegen unter anderem in der Sonnenphysik, in der Spektralanalyse und auf Objekten mit Infrarot-Exzess. Von der beobachtenden Astrophysik wechselte er allm\u00e4hlich zur \u201eAstro-Politik\u201c, als Generalsekret\u00e4r des Internationalen Astronomischen Verbands, als [&hellip;]","og_url":"https:\/\/odysseus-contests.eu\/2016\/de\/the-odysseus-ii-project\/beirat\/","og_site_name":"ODYSSEUS II","article_modified_time":"2016-01-26T13:49:07+00:00","og_image":[{"url":"http:\/\/odysseus-contests.eu\/2016\/wp-content\/uploads\/2015\/05\/image001.png"}],"twitter_card":"summary_large_image","twitter_misc":{"Gesch\u00e4tzte Lesezeit":"3\u00a0Minuten"},"schema":{"@context":"https:\/\/schema.org","@graph":[{"@type":"WebPage","@id":"https:\/\/odysseus-contests.eu\/2016\/de\/the-odysseus-ii-project\/beirat\/","url":"https:\/\/odysseus-contests.eu\/2016\/de\/the-odysseus-ii-project\/beirat\/","name":"Beirat - ODYSSEUS II","isPartOf":{"@id":"https:\/\/odysseus-contests.eu\/2016\/de\/#website"},"datePublished":"2015-06-26T14:18:46+00:00","dateModified":"2016-01-26T13:49:07+00:00","breadcrumb":{"@id":"https:\/\/odysseus-contests.eu\/2016\/de\/the-odysseus-ii-project\/beirat\/#breadcrumb"},"inLanguage":"de","potentialAction":[{"@type":"ReadAction","target":["https:\/\/odysseus-contests.eu\/2016\/de\/the-odysseus-ii-project\/beirat\/"]}]},{"@type":"BreadcrumbList","@id":"https:\/\/odysseus-contests.eu\/2016\/de\/the-odysseus-ii-project\/beirat\/#breadcrumb","itemListElement":[{"@type":"ListItem","position":1,"name":"Home","item":"https:\/\/odysseus-contests.eu\/2016\/de\/"},{"@type":"ListItem","position":2,"name":"Das Odysseus II Projekt","item":"https:\/\/odysseus-contests.eu\/2016\/de\/the-odysseus-ii-project\/"},{"@type":"ListItem","position":3,"name":"Beirat"}]},{"@type":"WebSite","@id":"https:\/\/odysseus-contests.eu\/2016\/de\/#website","url":"https:\/\/odysseus-contests.eu\/2016\/de\/","name":"ODYSSEUS II","description":"European Youth Space Contest","potentialAction":[{"@type":"SearchAction","target":{"@type":"EntryPoint","urlTemplate":"https:\/\/odysseus-contests.eu\/2016\/de\/?s={search_term_string}"},"query-input":"required name=search_term_string"}],"inLanguage":"de"}]}},"_links":{"self":[{"href":"https:\/\/odysseus-contests.eu\/2016\/de\/wp-json\/wp\/v2\/pages\/1022"}],"collection":[{"href":"https:\/\/odysseus-contests.eu\/2016\/de\/wp-json\/wp\/v2\/pages"}],"about":[{"href":"https:\/\/odysseus-contests.eu\/2016\/de\/wp-json\/wp\/v2\/types\/page"}],"author":[{"embeddable":true,"href":"https:\/\/odysseus-contests.eu\/2016\/de\/wp-json\/wp\/v2\/users\/1"}],"replies":[{"embeddable":true,"href":"https:\/\/odysseus-contests.eu\/2016\/de\/wp-json\/wp\/v2\/comments?post=1022"}],"version-history":[{"count":2,"href":"https:\/\/odysseus-contests.eu\/2016\/de\/wp-json\/wp\/v2\/pages\/1022\/revisions"}],"predecessor-version":[{"id":7274,"href":"https:\/\/odysseus-contests.eu\/2016\/de\/wp-json\/wp\/v2\/pages\/1022\/revisions\/7274"}],"up":[{"embeddable":true,"href":"https:\/\/odysseus-contests.eu\/2016\/de\/wp-json\/wp\/v2\/pages\/1014"}],"wp:attachment":[{"href":"https:\/\/odysseus-contests.eu\/2016\/de\/wp-json\/wp\/v2\/media?parent=1022"}],"curies":[{"name":"wp","href":"https:\/\/api.w.org\/{rel}","templated":true}]}}