{"id":1016,"date":"2015-06-26T17:14:18","date_gmt":"2015-06-26T14:14:18","guid":{"rendered":"http:\/\/odysseus-contests.eu\/2016\/?page_id=1016"},"modified":"2015-08-12T23:02:00","modified_gmt":"2015-08-12T20:02:00","slug":"das-odysseus-ii-projekt","status":"publish","type":"page","link":"https:\/\/odysseus-contests.eu\/2016\/de\/the-odysseus-ii-project\/das-odysseus-ii-projekt\/","title":{"rendered":"Das Odysseus II Projekt"},"content":{"rendered":"<p>Das \u201cYouth for Space Challenge \u2013 ODYSSEUS II\u201d-Projekt m\u00f6chte junge Menschen aus ganz Europa inspirieren und mit einer Reihe von Bildungsaktivit\u00e4ten, die wissenschaftliches Lernen mit einem Praxisbezug verbinden, von der Weltraumforschung begeistern. Mit der Veranstaltung eines unterhaltsamen Bildungswettbewerbs, der in mehreren Etappen stattfindet, der Sch\u00fclerinnen, Sch\u00fcler, Studentinnen und Studenten in ganz Europa anspricht, wo immer sie auch leben und unabh\u00e4ngig von ihrem kulturellen Hintergrund und ihrer Muttersprache, f\u00f6rdert das Projekt die Entwicklung von Nachwuchswissenschaftlerinnen und Nachwuchswissenschaftlern, Ingenieurinnen und Ingenieuren, Technikerinnen und Technikern in Bereichen, die f\u00fcr die Schwerpunkte der europ\u00e4ischen Weltraumpolitik wichtig sind.<\/p>\n<p>Der Odysseus II Wettbewerb baut auf den Ergebnissen des <a href=\"http:\/\/www.odysseus-contests.eu\" target=\"_blank\">Odysseus-Projekts<\/a> auf und schafft f\u00fcr die europ\u00e4ische Jugend Lerngelegenheiten in der Weltraumwissenschaft und \u2013Technologie. Mit den verschiedenen Etappen des Wettbewerbs (Schuljahr, akademisches Jahr 2015-2016 und Schuljahr, akademische Jahr 2016-2017) m\u00f6chte das Odysseus II Projekt die Aufmerksamkeit von unz\u00e4hligen Sch\u00fclerinnen und Sch\u00fclern aus ganz Europa und weltweit erregen.<\/p>\n<p>Das ODYSSEUS II Projekt wird vom Forschungs- und Entwicklungsprogramm Horizon 2020 der Europ\u00e4ischen Union finanziert und tr\u00e4gt die F\u00f6rderungsvereinbarungsnummer 640218. Ungef\u00e4hr zwei (2) Millionen Euro stammen aus Mitteln der Europ\u00e4ischen Kommission im Rahmen von EU HORIZON 2020, der Projektstart war am 1. Januar 2015 und das Projekt l\u00e4uft bis am 31. Dezember 2017. Ein starkes Konsortium aus vierzehn (14) Partnern und vier (4) unterst\u00fctzenden Organisationen aus elf (11) europ\u00e4ischen Mitgliedsstaaten arbeiten zusammen, um der europ\u00e4ischen Jugend Lerngelegenheit in der Weltraumwissenschaft und \u2013Technologie zu bieten.<\/p>\n","protected":false},"excerpt":{"rendered":"<p>Das \u201cYouth for Space Challenge \u2013 ODYSSEUS II\u201d-Projekt m\u00f6chte junge Menschen aus ganz Europa inspirieren und mit einer Reihe von Bildungsaktivit\u00e4ten, die wissenschaftliches Lernen mit einem Praxisbezug verbinden, von der Weltraumforschung begeistern. Mit der Veranstaltung eines unterhaltsamen Bildungswettbewerbs, der in mehreren Etappen stattfindet, der Sch\u00fclerinnen, Sch\u00fcler, Studentinnen und Studenten in ganz Europa anspricht, wo immer [&hellip;]<\/p>\n","protected":false},"author":1,"featured_media":0,"parent":1014,"menu_order":10,"comment_status":"closed","ping_status":"closed","template":"","meta":[],"acf":[],"yoast_head":"<!-- This site is optimized with the Yoast SEO plugin v19.14 - https:\/\/yoast.com\/wordpress\/plugins\/seo\/ -->\n<title>Das Odysseus II Projekt - ODYSSEUS II<\/title>\n<meta name=\"robots\" content=\"index, follow, max-snippet:-1, max-image-preview:large, max-video-preview:-1\" \/>\n<link rel=\"canonical\" href=\"https:\/\/odysseus-contests.eu\/2016\/de\/the-odysseus-ii-project\/das-odysseus-ii-projekt\/\" \/>\n<meta property=\"og:locale\" content=\"de_DE\" \/>\n<meta property=\"og:type\" content=\"article\" \/>\n<meta property=\"og:title\" content=\"Das Odysseus II Projekt - ODYSSEUS II\" \/>\n<meta property=\"og:description\" content=\"Das \u201cYouth for Space Challenge \u2013 ODYSSEUS II\u201d-Projekt m\u00f6chte junge Menschen aus ganz Europa inspirieren und mit einer Reihe von Bildungsaktivit\u00e4ten, die wissenschaftliches Lernen mit einem Praxisbezug verbinden, von der Weltraumforschung begeistern. Mit der Veranstaltung eines unterhaltsamen Bildungswettbewerbs, der in mehreren Etappen stattfindet, der Sch\u00fclerinnen, Sch\u00fcler, Studentinnen und Studenten in ganz Europa anspricht, wo immer [&hellip;]\" \/>\n<meta property=\"og:url\" content=\"https:\/\/odysseus-contests.eu\/2016\/de\/the-odysseus-ii-project\/das-odysseus-ii-projekt\/\" \/>\n<meta property=\"og:site_name\" content=\"ODYSSEUS II\" \/>\n<meta property=\"article:modified_time\" content=\"2015-08-12T20:02:00+00:00\" \/>\n<meta name=\"twitter:card\" content=\"summary_large_image\" \/>\n<meta name=\"twitter:label1\" content=\"Gesch\u00e4tzte Lesezeit\" \/>\n\t<meta name=\"twitter:data1\" content=\"1\u00a0Minute\" \/>\n<script type=\"application\/ld+json\" class=\"yoast-schema-graph\">{\"@context\":\"https:\/\/schema.org\",\"@graph\":[{\"@type\":\"WebPage\",\"@id\":\"https:\/\/odysseus-contests.eu\/2016\/de\/the-odysseus-ii-project\/das-odysseus-ii-projekt\/\",\"url\":\"https:\/\/odysseus-contests.eu\/2016\/de\/the-odysseus-ii-project\/das-odysseus-ii-projekt\/\",\"name\":\"Das Odysseus II Projekt - ODYSSEUS II\",\"isPartOf\":{\"@id\":\"https:\/\/odysseus-contests.eu\/2016\/de\/#website\"},\"datePublished\":\"2015-06-26T14:14:18+00:00\",\"dateModified\":\"2015-08-12T20:02:00+00:00\",\"breadcrumb\":{\"@id\":\"https:\/\/odysseus-contests.eu\/2016\/de\/the-odysseus-ii-project\/das-odysseus-ii-projekt\/#breadcrumb\"},\"inLanguage\":\"de\",\"potentialAction\":[{\"@type\":\"ReadAction\",\"target\":[\"https:\/\/odysseus-contests.eu\/2016\/de\/the-odysseus-ii-project\/das-odysseus-ii-projekt\/\"]}]},{\"@type\":\"BreadcrumbList\",\"@id\":\"https:\/\/odysseus-contests.eu\/2016\/de\/the-odysseus-ii-project\/das-odysseus-ii-projekt\/#breadcrumb\",\"itemListElement\":[{\"@type\":\"ListItem\",\"position\":1,\"name\":\"Home\",\"item\":\"https:\/\/odysseus-contests.eu\/2016\/de\/\"},{\"@type\":\"ListItem\",\"position\":2,\"name\":\"Das Odysseus II Projekt\",\"item\":\"https:\/\/odysseus-contests.eu\/2016\/de\/the-odysseus-ii-project\/\"},{\"@type\":\"ListItem\",\"position\":3,\"name\":\"Das Odysseus II Projekt\"}]},{\"@type\":\"WebSite\",\"@id\":\"https:\/\/odysseus-contests.eu\/2016\/de\/#website\",\"url\":\"https:\/\/odysseus-contests.eu\/2016\/de\/\",\"name\":\"ODYSSEUS II\",\"description\":\"European Youth Space Contest\",\"potentialAction\":[{\"@type\":\"SearchAction\",\"target\":{\"@type\":\"EntryPoint\",\"urlTemplate\":\"https:\/\/odysseus-contests.eu\/2016\/de\/?s={search_term_string}\"},\"query-input\":\"required name=search_term_string\"}],\"inLanguage\":\"de\"}]}<\/script>\n<!-- \/ Yoast SEO plugin. -->","yoast_head_json":{"title":"Das Odysseus II Projekt - ODYSSEUS II","robots":{"index":"index","follow":"follow","max-snippet":"max-snippet:-1","max-image-preview":"max-image-preview:large","max-video-preview":"max-video-preview:-1"},"canonical":"https:\/\/odysseus-contests.eu\/2016\/de\/the-odysseus-ii-project\/das-odysseus-ii-projekt\/","og_locale":"de_DE","og_type":"article","og_title":"Das Odysseus II Projekt - ODYSSEUS II","og_description":"Das \u201cYouth for Space Challenge \u2013 ODYSSEUS II\u201d-Projekt m\u00f6chte junge Menschen aus ganz Europa inspirieren und mit einer Reihe von Bildungsaktivit\u00e4ten, die wissenschaftliches Lernen mit einem Praxisbezug verbinden, von der Weltraumforschung begeistern. Mit der Veranstaltung eines unterhaltsamen Bildungswettbewerbs, der in mehreren Etappen stattfindet, der Sch\u00fclerinnen, Sch\u00fcler, Studentinnen und Studenten in ganz Europa anspricht, wo immer [&hellip;]","og_url":"https:\/\/odysseus-contests.eu\/2016\/de\/the-odysseus-ii-project\/das-odysseus-ii-projekt\/","og_site_name":"ODYSSEUS II","article_modified_time":"2015-08-12T20:02:00+00:00","twitter_card":"summary_large_image","twitter_misc":{"Gesch\u00e4tzte Lesezeit":"1\u00a0Minute"},"schema":{"@context":"https:\/\/schema.org","@graph":[{"@type":"WebPage","@id":"https:\/\/odysseus-contests.eu\/2016\/de\/the-odysseus-ii-project\/das-odysseus-ii-projekt\/","url":"https:\/\/odysseus-contests.eu\/2016\/de\/the-odysseus-ii-project\/das-odysseus-ii-projekt\/","name":"Das Odysseus II Projekt - ODYSSEUS II","isPartOf":{"@id":"https:\/\/odysseus-contests.eu\/2016\/de\/#website"},"datePublished":"2015-06-26T14:14:18+00:00","dateModified":"2015-08-12T20:02:00+00:00","breadcrumb":{"@id":"https:\/\/odysseus-contests.eu\/2016\/de\/the-odysseus-ii-project\/das-odysseus-ii-projekt\/#breadcrumb"},"inLanguage":"de","potentialAction":[{"@type":"ReadAction","target":["https:\/\/odysseus-contests.eu\/2016\/de\/the-odysseus-ii-project\/das-odysseus-ii-projekt\/"]}]},{"@type":"BreadcrumbList","@id":"https:\/\/odysseus-contests.eu\/2016\/de\/the-odysseus-ii-project\/das-odysseus-ii-projekt\/#breadcrumb","itemListElement":[{"@type":"ListItem","position":1,"name":"Home","item":"https:\/\/odysseus-contests.eu\/2016\/de\/"},{"@type":"ListItem","position":2,"name":"Das Odysseus II Projekt","item":"https:\/\/odysseus-contests.eu\/2016\/de\/the-odysseus-ii-project\/"},{"@type":"ListItem","position":3,"name":"Das Odysseus II Projekt"}]},{"@type":"WebSite","@id":"https:\/\/odysseus-contests.eu\/2016\/de\/#website","url":"https:\/\/odysseus-contests.eu\/2016\/de\/","name":"ODYSSEUS II","description":"European Youth Space Contest","potentialAction":[{"@type":"SearchAction","target":{"@type":"EntryPoint","urlTemplate":"https:\/\/odysseus-contests.eu\/2016\/de\/?s={search_term_string}"},"query-input":"required name=search_term_string"}],"inLanguage":"de"}]}},"_links":{"self":[{"href":"https:\/\/odysseus-contests.eu\/2016\/de\/wp-json\/wp\/v2\/pages\/1016"}],"collection":[{"href":"https:\/\/odysseus-contests.eu\/2016\/de\/wp-json\/wp\/v2\/pages"}],"about":[{"href":"https:\/\/odysseus-contests.eu\/2016\/de\/wp-json\/wp\/v2\/types\/page"}],"author":[{"embeddable":true,"href":"https:\/\/odysseus-contests.eu\/2016\/de\/wp-json\/wp\/v2\/users\/1"}],"replies":[{"embeddable":true,"href":"https:\/\/odysseus-contests.eu\/2016\/de\/wp-json\/wp\/v2\/comments?post=1016"}],"version-history":[{"count":0,"href":"https:\/\/odysseus-contests.eu\/2016\/de\/wp-json\/wp\/v2\/pages\/1016\/revisions"}],"up":[{"embeddable":true,"href":"https:\/\/odysseus-contests.eu\/2016\/de\/wp-json\/wp\/v2\/pages\/1014"}],"wp:attachment":[{"href":"https:\/\/odysseus-contests.eu\/2016\/de\/wp-json\/wp\/v2\/media?parent=1016"}],"curies":[{"name":"wp","href":"https:\/\/api.w.org\/{rel}","templated":true}]}}