{"id":1010,"date":"2015-06-26T17:09:13","date_gmt":"2015-06-26T14:09:13","guid":{"rendered":"http:\/\/odysseus-contests.eu\/2016\/?page_id=1010"},"modified":"2016-01-05T15:53:06","modified_gmt":"2016-01-05T12:53:06","slug":"preisrichterinnen-preisrichter","status":"publish","type":"page","link":"https:\/\/odysseus-contests.eu\/2016\/de\/ressourcen\/preisrichterinnen-preisrichter\/","title":{"rendered":"Preisrichterinnen, Preisrichter"},"content":{"rendered":"<p>Alle Beitr\u00e4ge werden von den Preisrichter-Kommissionen in den EU-Mitgliedstaaten bewertet, die aus hocherfahrenen Preisrichterinnen oder Preisrichtern bestehen. Jede Bewertungskommission auf nationaler Ebene besteht aus Naturwissenschafts-Lehrern, Expertinnen und Experten der Weltraumforschung sowie aus Lehrkr\u00e4ften von Schulen, Universit\u00e4ten oder anderen Bildungsprogrammen mit naturwissenschaftlichem Hintergrund.<br \/>\nDie Preisrichterinnen und Preisrichter auf regionaler Ebene sind ebenfalls Volont\u00e4re mit Erfahrung in Weltraumforschung, Ingenieurwesen und Bildung. Ihre Reisekosten zur Teilnahme an den Halbfinalen und am Finale werden vom Odysseus II Projekt getragen.<br \/>\nDas internationale, wissenschaftliche Komitee besteht auch aus Experten der Weltraumforschung und Lehrkr\u00e4ften mit naturwissenschaftlichem Hintergrund. Begleitlehrkr\u00e4fte von angemeldeten Teams k\u00f6nnen nicht als Preisrichterinnen oder Preisrichter agieren.<\/p>\n","protected":false},"excerpt":{"rendered":"<p>Alle Beitr\u00e4ge werden von den Preisrichter-Kommissionen in den EU-Mitgliedstaaten bewertet, die aus hocherfahrenen Preisrichterinnen oder Preisrichtern bestehen. Jede Bewertungskommission auf nationaler Ebene besteht aus Naturwissenschafts-Lehrern, Expertinnen und Experten der Weltraumforschung sowie aus Lehrkr\u00e4ften von Schulen, Universit\u00e4ten oder anderen Bildungsprogrammen mit naturwissenschaftlichem Hintergrund. Die Preisrichterinnen und Preisrichter auf regionaler Ebene sind ebenfalls Volont\u00e4re mit Erfahrung in [&hellip;]<\/p>\n","protected":false},"author":1,"featured_media":0,"parent":1003,"menu_order":0,"comment_status":"closed","ping_status":"closed","template":"template_evaluators.php","meta":[],"acf":[],"yoast_head":"<!-- This site is optimized with the Yoast SEO plugin v19.14 - https:\/\/yoast.com\/wordpress\/plugins\/seo\/ -->\n<title>Preisrichterinnen, Preisrichter - ODYSSEUS II<\/title>\n<meta name=\"robots\" content=\"index, follow, max-snippet:-1, max-image-preview:large, max-video-preview:-1\" \/>\n<link rel=\"canonical\" href=\"https:\/\/odysseus-contests.eu\/2016\/de\/ressourcen\/preisrichterinnen-preisrichter\/\" \/>\n<meta property=\"og:locale\" content=\"de_DE\" \/>\n<meta property=\"og:type\" content=\"article\" \/>\n<meta property=\"og:title\" content=\"Preisrichterinnen, Preisrichter - ODYSSEUS II\" \/>\n<meta property=\"og:description\" content=\"Alle Beitr\u00e4ge werden von den Preisrichter-Kommissionen in den EU-Mitgliedstaaten bewertet, die aus hocherfahrenen Preisrichterinnen oder Preisrichtern bestehen. Jede Bewertungskommission auf nationaler Ebene besteht aus Naturwissenschafts-Lehrern, Expertinnen und Experten der Weltraumforschung sowie aus Lehrkr\u00e4ften von Schulen, Universit\u00e4ten oder anderen Bildungsprogrammen mit naturwissenschaftlichem Hintergrund. Die Preisrichterinnen und Preisrichter auf regionaler Ebene sind ebenfalls Volont\u00e4re mit Erfahrung in [&hellip;]\" \/>\n<meta property=\"og:url\" content=\"https:\/\/odysseus-contests.eu\/2016\/de\/ressourcen\/preisrichterinnen-preisrichter\/\" \/>\n<meta property=\"og:site_name\" content=\"ODYSSEUS II\" \/>\n<meta property=\"article:modified_time\" content=\"2016-01-05T12:53:06+00:00\" \/>\n<meta name=\"twitter:card\" content=\"summary_large_image\" \/>\n<meta name=\"twitter:label1\" content=\"Gesch\u00e4tzte Lesezeit\" \/>\n\t<meta name=\"twitter:data1\" content=\"1\u00a0Minute\" \/>\n<script type=\"application\/ld+json\" class=\"yoast-schema-graph\">{\"@context\":\"https:\/\/schema.org\",\"@graph\":[{\"@type\":\"WebPage\",\"@id\":\"https:\/\/odysseus-contests.eu\/2016\/de\/ressourcen\/preisrichterinnen-preisrichter\/\",\"url\":\"https:\/\/odysseus-contests.eu\/2016\/de\/ressourcen\/preisrichterinnen-preisrichter\/\",\"name\":\"Preisrichterinnen, Preisrichter - ODYSSEUS II\",\"isPartOf\":{\"@id\":\"https:\/\/odysseus-contests.eu\/2016\/de\/#website\"},\"datePublished\":\"2015-06-26T14:09:13+00:00\",\"dateModified\":\"2016-01-05T12:53:06+00:00\",\"breadcrumb\":{\"@id\":\"https:\/\/odysseus-contests.eu\/2016\/de\/ressourcen\/preisrichterinnen-preisrichter\/#breadcrumb\"},\"inLanguage\":\"de\",\"potentialAction\":[{\"@type\":\"ReadAction\",\"target\":[\"https:\/\/odysseus-contests.eu\/2016\/de\/ressourcen\/preisrichterinnen-preisrichter\/\"]}]},{\"@type\":\"BreadcrumbList\",\"@id\":\"https:\/\/odysseus-contests.eu\/2016\/de\/ressourcen\/preisrichterinnen-preisrichter\/#breadcrumb\",\"itemListElement\":[{\"@type\":\"ListItem\",\"position\":1,\"name\":\"Home\",\"item\":\"https:\/\/odysseus-contests.eu\/2016\/de\/\"},{\"@type\":\"ListItem\",\"position\":2,\"name\":\"Ressourcen\",\"item\":\"https:\/\/odysseus-contests.eu\/2016\/de\/ressourcen\/\"},{\"@type\":\"ListItem\",\"position\":3,\"name\":\"Preisrichterinnen, Preisrichter\"}]},{\"@type\":\"WebSite\",\"@id\":\"https:\/\/odysseus-contests.eu\/2016\/de\/#website\",\"url\":\"https:\/\/odysseus-contests.eu\/2016\/de\/\",\"name\":\"ODYSSEUS II\",\"description\":\"European Youth Space Contest\",\"potentialAction\":[{\"@type\":\"SearchAction\",\"target\":{\"@type\":\"EntryPoint\",\"urlTemplate\":\"https:\/\/odysseus-contests.eu\/2016\/de\/?s={search_term_string}\"},\"query-input\":\"required name=search_term_string\"}],\"inLanguage\":\"de\"}]}<\/script>\n<!-- \/ Yoast SEO plugin. -->","yoast_head_json":{"title":"Preisrichterinnen, Preisrichter - ODYSSEUS II","robots":{"index":"index","follow":"follow","max-snippet":"max-snippet:-1","max-image-preview":"max-image-preview:large","max-video-preview":"max-video-preview:-1"},"canonical":"https:\/\/odysseus-contests.eu\/2016\/de\/ressourcen\/preisrichterinnen-preisrichter\/","og_locale":"de_DE","og_type":"article","og_title":"Preisrichterinnen, Preisrichter - ODYSSEUS II","og_description":"Alle Beitr\u00e4ge werden von den Preisrichter-Kommissionen in den EU-Mitgliedstaaten bewertet, die aus hocherfahrenen Preisrichterinnen oder Preisrichtern bestehen. Jede Bewertungskommission auf nationaler Ebene besteht aus Naturwissenschafts-Lehrern, Expertinnen und Experten der Weltraumforschung sowie aus Lehrkr\u00e4ften von Schulen, Universit\u00e4ten oder anderen Bildungsprogrammen mit naturwissenschaftlichem Hintergrund. Die Preisrichterinnen und Preisrichter auf regionaler Ebene sind ebenfalls Volont\u00e4re mit Erfahrung in [&hellip;]","og_url":"https:\/\/odysseus-contests.eu\/2016\/de\/ressourcen\/preisrichterinnen-preisrichter\/","og_site_name":"ODYSSEUS II","article_modified_time":"2016-01-05T12:53:06+00:00","twitter_card":"summary_large_image","twitter_misc":{"Gesch\u00e4tzte Lesezeit":"1\u00a0Minute"},"schema":{"@context":"https:\/\/schema.org","@graph":[{"@type":"WebPage","@id":"https:\/\/odysseus-contests.eu\/2016\/de\/ressourcen\/preisrichterinnen-preisrichter\/","url":"https:\/\/odysseus-contests.eu\/2016\/de\/ressourcen\/preisrichterinnen-preisrichter\/","name":"Preisrichterinnen, Preisrichter - ODYSSEUS II","isPartOf":{"@id":"https:\/\/odysseus-contests.eu\/2016\/de\/#website"},"datePublished":"2015-06-26T14:09:13+00:00","dateModified":"2016-01-05T12:53:06+00:00","breadcrumb":{"@id":"https:\/\/odysseus-contests.eu\/2016\/de\/ressourcen\/preisrichterinnen-preisrichter\/#breadcrumb"},"inLanguage":"de","potentialAction":[{"@type":"ReadAction","target":["https:\/\/odysseus-contests.eu\/2016\/de\/ressourcen\/preisrichterinnen-preisrichter\/"]}]},{"@type":"BreadcrumbList","@id":"https:\/\/odysseus-contests.eu\/2016\/de\/ressourcen\/preisrichterinnen-preisrichter\/#breadcrumb","itemListElement":[{"@type":"ListItem","position":1,"name":"Home","item":"https:\/\/odysseus-contests.eu\/2016\/de\/"},{"@type":"ListItem","position":2,"name":"Ressourcen","item":"https:\/\/odysseus-contests.eu\/2016\/de\/ressourcen\/"},{"@type":"ListItem","position":3,"name":"Preisrichterinnen, Preisrichter"}]},{"@type":"WebSite","@id":"https:\/\/odysseus-contests.eu\/2016\/de\/#website","url":"https:\/\/odysseus-contests.eu\/2016\/de\/","name":"ODYSSEUS II","description":"European Youth Space Contest","potentialAction":[{"@type":"SearchAction","target":{"@type":"EntryPoint","urlTemplate":"https:\/\/odysseus-contests.eu\/2016\/de\/?s={search_term_string}"},"query-input":"required name=search_term_string"}],"inLanguage":"de"}]}},"_links":{"self":[{"href":"https:\/\/odysseus-contests.eu\/2016\/de\/wp-json\/wp\/v2\/pages\/1010"}],"collection":[{"href":"https:\/\/odysseus-contests.eu\/2016\/de\/wp-json\/wp\/v2\/pages"}],"about":[{"href":"https:\/\/odysseus-contests.eu\/2016\/de\/wp-json\/wp\/v2\/types\/page"}],"author":[{"embeddable":true,"href":"https:\/\/odysseus-contests.eu\/2016\/de\/wp-json\/wp\/v2\/users\/1"}],"replies":[{"embeddable":true,"href":"https:\/\/odysseus-contests.eu\/2016\/de\/wp-json\/wp\/v2\/comments?post=1010"}],"version-history":[{"count":1,"href":"https:\/\/odysseus-contests.eu\/2016\/de\/wp-json\/wp\/v2\/pages\/1010\/revisions"}],"predecessor-version":[{"id":6936,"href":"https:\/\/odysseus-contests.eu\/2016\/de\/wp-json\/wp\/v2\/pages\/1010\/revisions\/6936"}],"up":[{"embeddable":true,"href":"https:\/\/odysseus-contests.eu\/2016\/de\/wp-json\/wp\/v2\/pages\/1003"}],"wp:attachment":[{"href":"https:\/\/odysseus-contests.eu\/2016\/de\/wp-json\/wp\/v2\/media?parent=1010"}],"curies":[{"name":"wp","href":"https:\/\/api.w.org\/{rel}","templated":true}]}}