{"id":1008,"date":"2015-06-26T17:03:08","date_gmt":"2015-06-26T14:03:08","guid":{"rendered":"http:\/\/odysseus-contests.eu\/2016\/?page_id=1008"},"modified":"2015-08-07T17:27:32","modified_gmt":"2015-08-07T14:27:32","slug":"das-mentoren-netzwerk","status":"publish","type":"page","link":"https:\/\/odysseus-contests.eu\/2016\/de\/ressourcen\/das-mentoren-netzwerk\/","title":{"rendered":"Das Mentorinnen- und Mentoren-Netzwerk"},"content":{"rendered":"<p><strong>Wie es funktioniert<\/strong><\/p>\n<p>Um den Wettbewerbsteilnehmerinnen und \u2013Teilnehmern der Pionier- und Explorer-Kategorie gr\u00f6\u00dftm\u00f6gliche Unterst\u00fctzung und Beratung zu erm\u00f6glichen, stellen die Odysseus II Wettbewerbsveranstalter ein Netzwerk von freiwilligen Mentorinnen und Mentoren zusammen. Teilnehmerinnen und Teilnehmer d\u00fcrfen diese um Unterst\u00fctzung bitten, doch wenn eine Teilnehmerin oder ein Teilnehmer mit einem Mentor, der nicht auf der Liste steht, zusammenarbeiten m\u00f6chte, sind externen Mentor erlaubt, die nicht im von den Veranstalter zur Verf\u00fcgung gestellten Netzwerk aufgef\u00fchrt sind. Mentorinnen und Mentoren d\u00fcrfen als Beraterin oder Berater von so vielen Einsendungen agieren, wie es Anfragen gibt.<\/p>\n<p><strong>Was bieten Mentorinnen und Mentoren an?<\/strong><\/p>\n<p>Mentorinnen und Mentoren unterst\u00fctzen die Wettbewerbsteilnehmerinnen und \u2013Teilnehmer, indem sie technische und wissenschaftliche Ratschl\u00e4ge geben. Mentorinnen und Mentoren d\u00fcrfen den Rahmen eines geeigneten Projekts oder Problems f\u00fcr die Teilnehmerinnen und Teilnehmer definieren. Sie d\u00fcrfen keinen Projekt-Inhalt erschaffen, der zur Bewertung f\u00fcr den Wettbewerb eingesendet wird.<\/p>\n<p><strong>Wer sind die Mentorinnen und Mentoren?<\/strong><\/p>\n<p>Mentorinnen und Mentoren sind Personen mit speziellen, wissenschaftlichen Expertisen und Weltraum-Wissen (z.B. Lehrerinnen, Lehrer, Forscherinnen, Forscher, Professorinnen, Professoren, Technikerinnen, Techniker) und arbeiten oder arbeiteten in der Weltraum-Industrie oder als Forscher, Lehrer oder als Person, die den Weltraum der \u00d6ffentlichkeit n\u00e4her bringt.<\/p>\n<p><strong>Wie kontaktiere ich eine Mentorin oder einen Mentor?<\/strong><\/p>\n<p>Auf der Karte auf dieser Seite findest du Informationen \u00fcber den Standort der Mentorinnen und Mentoren. Klickst du auf eine Stecknadel, erscheinen ihre Namen und die Kontaktdetails. Dann sendest du der Mentorin oder dem Mentoren eine E-Mail auf die angegebene E-Mail-Adresse.<\/p>\n<p><strong>Anmeldung f\u00fcr freiwillige Mentorinnen und Mentoren<\/strong><\/p>\n<p>M\u00f6chten Sie sich als freiwillige Mentorin oder freiwilligen Mentor anmelden, klicken Sie bitte auf den <a href=\"http:\/\/odysseus-contests.eu\/2016\/mentors-registration\/\" target=\"_blank\">Anmeldebutton<\/a> und befolgen die Anweisungen. Wir freuen uns sehr, Sie beim Odysseus II Wettbewerb zu begr\u00fc\u00dfen!<\/p>\n","protected":false},"excerpt":{"rendered":"<p>Wie es funktioniert Um den Wettbewerbsteilnehmerinnen und \u2013Teilnehmern der Pionier- und Explorer-Kategorie gr\u00f6\u00dftm\u00f6gliche Unterst\u00fctzung und Beratung zu erm\u00f6glichen, stellen die Odysseus II Wettbewerbsveranstalter ein Netzwerk von freiwilligen Mentorinnen und Mentoren zusammen. Teilnehmerinnen und Teilnehmer d\u00fcrfen diese um Unterst\u00fctzung bitten, doch wenn eine Teilnehmerin oder ein Teilnehmer mit einem Mentor, der nicht auf der Liste steht, [&hellip;]<\/p>\n","protected":false},"author":1,"featured_media":0,"parent":1003,"menu_order":0,"comment_status":"closed","ping_status":"closed","template":"template_mentors.php","meta":[],"acf":[],"yoast_head":"<!-- This site is optimized with the Yoast SEO plugin v19.14 - https:\/\/yoast.com\/wordpress\/plugins\/seo\/ -->\n<title>Das Mentorinnen- und Mentoren-Netzwerk - ODYSSEUS II<\/title>\n<meta name=\"robots\" content=\"index, follow, max-snippet:-1, max-image-preview:large, max-video-preview:-1\" \/>\n<link rel=\"canonical\" href=\"https:\/\/odysseus-contests.eu\/2016\/de\/ressourcen\/das-mentoren-netzwerk\/\" \/>\n<meta property=\"og:locale\" content=\"de_DE\" \/>\n<meta property=\"og:type\" content=\"article\" \/>\n<meta property=\"og:title\" content=\"Das Mentorinnen- und Mentoren-Netzwerk - ODYSSEUS II\" \/>\n<meta property=\"og:description\" content=\"Wie es funktioniert Um den Wettbewerbsteilnehmerinnen und \u2013Teilnehmern der Pionier- und Explorer-Kategorie gr\u00f6\u00dftm\u00f6gliche Unterst\u00fctzung und Beratung zu erm\u00f6glichen, stellen die Odysseus II Wettbewerbsveranstalter ein Netzwerk von freiwilligen Mentorinnen und Mentoren zusammen. Teilnehmerinnen und Teilnehmer d\u00fcrfen diese um Unterst\u00fctzung bitten, doch wenn eine Teilnehmerin oder ein Teilnehmer mit einem Mentor, der nicht auf der Liste steht, [&hellip;]\" \/>\n<meta property=\"og:url\" content=\"https:\/\/odysseus-contests.eu\/2016\/de\/ressourcen\/das-mentoren-netzwerk\/\" \/>\n<meta property=\"og:site_name\" content=\"ODYSSEUS II\" \/>\n<meta property=\"article:modified_time\" content=\"2015-08-07T14:27:32+00:00\" \/>\n<meta name=\"twitter:card\" content=\"summary_large_image\" \/>\n<meta name=\"twitter:label1\" content=\"Gesch\u00e4tzte Lesezeit\" \/>\n\t<meta name=\"twitter:data1\" content=\"1\u00a0Minute\" \/>\n<script type=\"application\/ld+json\" class=\"yoast-schema-graph\">{\"@context\":\"https:\/\/schema.org\",\"@graph\":[{\"@type\":\"WebPage\",\"@id\":\"https:\/\/odysseus-contests.eu\/2016\/de\/ressourcen\/das-mentoren-netzwerk\/\",\"url\":\"https:\/\/odysseus-contests.eu\/2016\/de\/ressourcen\/das-mentoren-netzwerk\/\",\"name\":\"Das Mentorinnen- und Mentoren-Netzwerk - ODYSSEUS II\",\"isPartOf\":{\"@id\":\"https:\/\/odysseus-contests.eu\/2016\/de\/#website\"},\"datePublished\":\"2015-06-26T14:03:08+00:00\",\"dateModified\":\"2015-08-07T14:27:32+00:00\",\"breadcrumb\":{\"@id\":\"https:\/\/odysseus-contests.eu\/2016\/de\/ressourcen\/das-mentoren-netzwerk\/#breadcrumb\"},\"inLanguage\":\"de\",\"potentialAction\":[{\"@type\":\"ReadAction\",\"target\":[\"https:\/\/odysseus-contests.eu\/2016\/de\/ressourcen\/das-mentoren-netzwerk\/\"]}]},{\"@type\":\"BreadcrumbList\",\"@id\":\"https:\/\/odysseus-contests.eu\/2016\/de\/ressourcen\/das-mentoren-netzwerk\/#breadcrumb\",\"itemListElement\":[{\"@type\":\"ListItem\",\"position\":1,\"name\":\"Home\",\"item\":\"https:\/\/odysseus-contests.eu\/2016\/de\/\"},{\"@type\":\"ListItem\",\"position\":2,\"name\":\"Ressourcen\",\"item\":\"https:\/\/odysseus-contests.eu\/2016\/de\/ressourcen\/\"},{\"@type\":\"ListItem\",\"position\":3,\"name\":\"Das Mentorinnen- und Mentoren-Netzwerk\"}]},{\"@type\":\"WebSite\",\"@id\":\"https:\/\/odysseus-contests.eu\/2016\/de\/#website\",\"url\":\"https:\/\/odysseus-contests.eu\/2016\/de\/\",\"name\":\"ODYSSEUS II\",\"description\":\"European Youth Space Contest\",\"potentialAction\":[{\"@type\":\"SearchAction\",\"target\":{\"@type\":\"EntryPoint\",\"urlTemplate\":\"https:\/\/odysseus-contests.eu\/2016\/de\/?s={search_term_string}\"},\"query-input\":\"required name=search_term_string\"}],\"inLanguage\":\"de\"}]}<\/script>\n<!-- \/ Yoast SEO plugin. -->","yoast_head_json":{"title":"Das Mentorinnen- und Mentoren-Netzwerk - ODYSSEUS II","robots":{"index":"index","follow":"follow","max-snippet":"max-snippet:-1","max-image-preview":"max-image-preview:large","max-video-preview":"max-video-preview:-1"},"canonical":"https:\/\/odysseus-contests.eu\/2016\/de\/ressourcen\/das-mentoren-netzwerk\/","og_locale":"de_DE","og_type":"article","og_title":"Das Mentorinnen- und Mentoren-Netzwerk - ODYSSEUS II","og_description":"Wie es funktioniert Um den Wettbewerbsteilnehmerinnen und \u2013Teilnehmern der Pionier- und Explorer-Kategorie gr\u00f6\u00dftm\u00f6gliche Unterst\u00fctzung und Beratung zu erm\u00f6glichen, stellen die Odysseus II Wettbewerbsveranstalter ein Netzwerk von freiwilligen Mentorinnen und Mentoren zusammen. Teilnehmerinnen und Teilnehmer d\u00fcrfen diese um Unterst\u00fctzung bitten, doch wenn eine Teilnehmerin oder ein Teilnehmer mit einem Mentor, der nicht auf der Liste steht, [&hellip;]","og_url":"https:\/\/odysseus-contests.eu\/2016\/de\/ressourcen\/das-mentoren-netzwerk\/","og_site_name":"ODYSSEUS II","article_modified_time":"2015-08-07T14:27:32+00:00","twitter_card":"summary_large_image","twitter_misc":{"Gesch\u00e4tzte Lesezeit":"1\u00a0Minute"},"schema":{"@context":"https:\/\/schema.org","@graph":[{"@type":"WebPage","@id":"https:\/\/odysseus-contests.eu\/2016\/de\/ressourcen\/das-mentoren-netzwerk\/","url":"https:\/\/odysseus-contests.eu\/2016\/de\/ressourcen\/das-mentoren-netzwerk\/","name":"Das Mentorinnen- und Mentoren-Netzwerk - ODYSSEUS II","isPartOf":{"@id":"https:\/\/odysseus-contests.eu\/2016\/de\/#website"},"datePublished":"2015-06-26T14:03:08+00:00","dateModified":"2015-08-07T14:27:32+00:00","breadcrumb":{"@id":"https:\/\/odysseus-contests.eu\/2016\/de\/ressourcen\/das-mentoren-netzwerk\/#breadcrumb"},"inLanguage":"de","potentialAction":[{"@type":"ReadAction","target":["https:\/\/odysseus-contests.eu\/2016\/de\/ressourcen\/das-mentoren-netzwerk\/"]}]},{"@type":"BreadcrumbList","@id":"https:\/\/odysseus-contests.eu\/2016\/de\/ressourcen\/das-mentoren-netzwerk\/#breadcrumb","itemListElement":[{"@type":"ListItem","position":1,"name":"Home","item":"https:\/\/odysseus-contests.eu\/2016\/de\/"},{"@type":"ListItem","position":2,"name":"Ressourcen","item":"https:\/\/odysseus-contests.eu\/2016\/de\/ressourcen\/"},{"@type":"ListItem","position":3,"name":"Das Mentorinnen- und Mentoren-Netzwerk"}]},{"@type":"WebSite","@id":"https:\/\/odysseus-contests.eu\/2016\/de\/#website","url":"https:\/\/odysseus-contests.eu\/2016\/de\/","name":"ODYSSEUS II","description":"European Youth Space Contest","potentialAction":[{"@type":"SearchAction","target":{"@type":"EntryPoint","urlTemplate":"https:\/\/odysseus-contests.eu\/2016\/de\/?s={search_term_string}"},"query-input":"required name=search_term_string"}],"inLanguage":"de"}]}},"_links":{"self":[{"href":"https:\/\/odysseus-contests.eu\/2016\/de\/wp-json\/wp\/v2\/pages\/1008"}],"collection":[{"href":"https:\/\/odysseus-contests.eu\/2016\/de\/wp-json\/wp\/v2\/pages"}],"about":[{"href":"https:\/\/odysseus-contests.eu\/2016\/de\/wp-json\/wp\/v2\/types\/page"}],"author":[{"embeddable":true,"href":"https:\/\/odysseus-contests.eu\/2016\/de\/wp-json\/wp\/v2\/users\/1"}],"replies":[{"embeddable":true,"href":"https:\/\/odysseus-contests.eu\/2016\/de\/wp-json\/wp\/v2\/comments?post=1008"}],"version-history":[{"count":0,"href":"https:\/\/odysseus-contests.eu\/2016\/de\/wp-json\/wp\/v2\/pages\/1008\/revisions"}],"up":[{"embeddable":true,"href":"https:\/\/odysseus-contests.eu\/2016\/de\/wp-json\/wp\/v2\/pages\/1003"}],"wp:attachment":[{"href":"https:\/\/odysseus-contests.eu\/2016\/de\/wp-json\/wp\/v2\/media?parent=1008"}],"curies":[{"name":"wp","href":"https:\/\/api.w.org\/{rel}","templated":true}]}}