{"id":707,"date":"2015-06-21T00:46:54","date_gmt":"2015-06-20T21:46:54","guid":{"rendered":"http:\/\/odysseus-contests.eu\/2016\/?page_id=707"},"modified":"2015-12-16T18:59:19","modified_gmt":"2015-12-16T15:59:19","slug":"bibliotek","status":"publish","type":"page","link":"https:\/\/odysseus-contests.eu\/2016\/da\/bibliotek\/","title":{"rendered":"Bibliotek"},"content":{"rendered":"<p>Odysseus-biblioteket pr\u00e6senterer elever og studerende for en lille samling af materiale og ressourcer om rumvidenskab og \u2013teknologi. Biblioteket er b\u00e5de underholdende og l\u00e6rerigt for at give adgang til interessante links om rummet, der har et indhold, der kan inspirere deltagerne til at udvikle interessante bidrag til konkurrencen, samt at blive bedre informeret. Alle konkurrenter udfordres til at lave deres egne forskning, der kan belyse og dokumentere deres id\u00e9er. Deltagerne m\u00e5 godt bruge id\u00e9er, materiale og viden der findes ude p\u00e5 nettet eller i biblioteker, s\u00e5 l\u00e6nge de refererer disse kilder og ikke plagierer eller kopierer andres arbejde uden henvisning i projektet, de indsender til konkurrencen.<\/p>\n<p>Den danske hjemmeside for ESA Astronaut Andreas Mogensen: <a href=\"http:\/\/rumrejsen.dk\">rumrejsen.dk<\/a><\/p>\n<p>DTU Space hjemmeside med artikler om institutets mange rumprojekter: \u00a0<a href=\"http:\/\/www.space.dtu.dk\/\">www.space.dtu.dk\/<\/a><\/p>\n<p>Danske undervisningssider hos den Europ\u00e6iske Rumorganisation ESA: <a href=\"http:\/\/www.esa.int\/SPECIALS\/Eduspace_DK\/index.html\">www.esa.int\/SPECIALS\/Eduspace_DK\/index.html<\/a><\/p>\n<p>Den danske l\u00e6ringsportal om rumfart og universet: <a href=\"http:\/\/www.rummet.dk\">www.rummet.dk<\/a><\/p>\n<p>Tycho Brahe Planetariets websider om\u00a0 astronomi og rumfart: <a href=\"http:\/\/planetariet.dk\/astronomi-og-rumfart\">planetariet.dk\/astronomi-og-rumfart<\/a><\/p>\n<p>Kroppedal Museums websider om astronomi: <a href=\"http:\/\/kroppedal.dk\/astronomi\/\">kroppedal.dk\/astronomi\/<\/a><\/p>\n<p>Kvant \u2013 den danske tidskrift for fysik og astronomi \u00a0(\u00e6ldre udgaver kan downloades): <a href=\"http:\/\/www.kvant.dk\/index.php\">www.kvant.dk\/index.php<\/a><\/p>\n<p>Videnskab.dk s sider om astronomi: <a href=\"http:\/\/videnskab.dk\/emne\/astronomi\">videnskab.dk\/emne\/astronomi<\/a><\/p>\n<p>Videnskab.dk s sider om rumfart: <a href=\"http:\/\/videnskab.dk\/emne\/rumfart\">videnskab.dk\/emne\/rumfart<\/a><\/p>\n<p>Astronomibladet: Dansk netblad om astronomi og rumfart: <a href=\"http:\/\/www.astronomibladet.dk\/\">www.astronomibladet.dk\/<\/a><\/p>\n<p>Niels Bohrs Institutets websider om astronomi og rumforskning: <a href=\"http:\/\/www.nbi.ku.dk\/Forskning\/Astronomi\/\">www.nbi.ku.dk\/Forskning\/Astronomi\/<\/a><\/p>\n<p>Undervisningsartikler om fysik og astronomi, skrevet af forskere p\u00e5 Niels Bohr Institutet: <a href=\"http:\/\/fysikleksikon.nbi.ku.dk\">fysikleksikon.nbi.ku.dk<\/a><\/p>\n<p>Dansk Selskab for Rumfartsforskning: <a href=\"http:\/\/rumfart.dk\/\">rumfart.dk\/<\/a><\/p>\n<p>Gymnasieastronomi i Danmark, is\u00e6r p\u00e5 Rosborg Gymnasium i Vejle: <a href=\"http:\/\/www.astro-gym.dk\">astro-gym.dk<\/a><\/p>\n<p>Aalborg Universitets websider for Studenter Satelliter (CubeSats): <a href=\"http:\/\/www.space.aau.dk\/index.php?n=Main.HomePage\">www.space.aau.dk\/index.php?n=Main.HomePage<\/a> (p\u00e5 engelsk)<\/p>\n<p>Copenhagen Suborbitals, verdens eneste private rumprogram: <a href=\"http:\/\/copenhagensuborbitals.com\/\">copenhagensuborbitals.com\/<\/a>\u00a0 (p\u00e5 engelsk)<\/p>\n<p>&nbsp;<\/p>\n","protected":false},"excerpt":{"rendered":"<p>Odysseus-biblioteket pr\u00e6senterer elever og studerende for en lille samling af materiale og ressourcer om rumvidenskab og \u2013teknologi. Biblioteket er b\u00e5de underholdende og l\u00e6rerigt for at give adgang til interessante links om rummet, der har et indhold, der kan inspirere deltagerne til at udvikle interessante bidrag til konkurrencen, samt at blive bedre informeret. Alle konkurrenter udfordres [&hellip;]<\/p>\n","protected":false},"author":1,"featured_media":0,"parent":0,"menu_order":0,"comment_status":"closed","ping_status":"closed","template":"","meta":[],"acf":[],"yoast_head":"<!-- This site is optimized with the Yoast SEO plugin v19.14 - https:\/\/yoast.com\/wordpress\/plugins\/seo\/ -->\n<title>Bibliotek - ODYSSEUS II<\/title>\n<meta name=\"robots\" content=\"index, follow, max-snippet:-1, max-image-preview:large, max-video-preview:-1\" \/>\n<link rel=\"canonical\" href=\"https:\/\/odysseus-contests.eu\/2016\/da\/bibliotek\/\" \/>\n<meta property=\"og:locale\" content=\"da_DK\" \/>\n<meta property=\"og:type\" content=\"article\" \/>\n<meta property=\"og:title\" content=\"Bibliotek - ODYSSEUS II\" \/>\n<meta property=\"og:description\" content=\"Odysseus-biblioteket pr\u00e6senterer elever og studerende for en lille samling af materiale og ressourcer om rumvidenskab og \u2013teknologi. Biblioteket er b\u00e5de underholdende og l\u00e6rerigt for at give adgang til interessante links om rummet, der har et indhold, der kan inspirere deltagerne til at udvikle interessante bidrag til konkurrencen, samt at blive bedre informeret. Alle konkurrenter udfordres [&hellip;]\" \/>\n<meta property=\"og:url\" content=\"https:\/\/odysseus-contests.eu\/2016\/da\/bibliotek\/\" \/>\n<meta property=\"og:site_name\" content=\"ODYSSEUS II\" \/>\n<meta property=\"article:modified_time\" content=\"2015-12-16T15:59:19+00:00\" \/>\n<meta name=\"twitter:card\" content=\"summary_large_image\" \/>\n<meta name=\"twitter:label1\" content=\"Estimeret l\u00e6setid\" \/>\n\t<meta name=\"twitter:data1\" content=\"2 minutter\" \/>\n<script type=\"application\/ld+json\" class=\"yoast-schema-graph\">{\"@context\":\"https:\/\/schema.org\",\"@graph\":[{\"@type\":\"WebPage\",\"@id\":\"https:\/\/odysseus-contests.eu\/2016\/da\/bibliotek\/\",\"url\":\"https:\/\/odysseus-contests.eu\/2016\/da\/bibliotek\/\",\"name\":\"Bibliotek - ODYSSEUS II\",\"isPartOf\":{\"@id\":\"https:\/\/odysseus-contests.eu\/2016\/de\/#website\"},\"datePublished\":\"2015-06-20T21:46:54+00:00\",\"dateModified\":\"2015-12-16T15:59:19+00:00\",\"breadcrumb\":{\"@id\":\"https:\/\/odysseus-contests.eu\/2016\/da\/bibliotek\/#breadcrumb\"},\"inLanguage\":\"da-DK\",\"potentialAction\":[{\"@type\":\"ReadAction\",\"target\":[\"https:\/\/odysseus-contests.eu\/2016\/da\/bibliotek\/\"]}]},{\"@type\":\"BreadcrumbList\",\"@id\":\"https:\/\/odysseus-contests.eu\/2016\/da\/bibliotek\/#breadcrumb\",\"itemListElement\":[{\"@type\":\"ListItem\",\"position\":1,\"name\":\"Home\",\"item\":\"https:\/\/odysseus-contests.eu\/2016\/da\/\"},{\"@type\":\"ListItem\",\"position\":2,\"name\":\"Bibliotek\"}]},{\"@type\":\"WebSite\",\"@id\":\"https:\/\/odysseus-contests.eu\/2016\/de\/#website\",\"url\":\"https:\/\/odysseus-contests.eu\/2016\/de\/\",\"name\":\"ODYSSEUS II\",\"description\":\"Europ\u00e6isk Rumkonkurrence for Unger\",\"potentialAction\":[{\"@type\":\"SearchAction\",\"target\":{\"@type\":\"EntryPoint\",\"urlTemplate\":\"https:\/\/odysseus-contests.eu\/2016\/de\/?s={search_term_string}\"},\"query-input\":\"required name=search_term_string\"}],\"inLanguage\":\"da-DK\"}]}<\/script>\n<!-- \/ Yoast SEO plugin. -->","yoast_head_json":{"title":"Bibliotek - ODYSSEUS II","robots":{"index":"index","follow":"follow","max-snippet":"max-snippet:-1","max-image-preview":"max-image-preview:large","max-video-preview":"max-video-preview:-1"},"canonical":"https:\/\/odysseus-contests.eu\/2016\/da\/bibliotek\/","og_locale":"da_DK","og_type":"article","og_title":"Bibliotek - ODYSSEUS II","og_description":"Odysseus-biblioteket pr\u00e6senterer elever og studerende for en lille samling af materiale og ressourcer om rumvidenskab og \u2013teknologi. Biblioteket er b\u00e5de underholdende og l\u00e6rerigt for at give adgang til interessante links om rummet, der har et indhold, der kan inspirere deltagerne til at udvikle interessante bidrag til konkurrencen, samt at blive bedre informeret. Alle konkurrenter udfordres [&hellip;]","og_url":"https:\/\/odysseus-contests.eu\/2016\/da\/bibliotek\/","og_site_name":"ODYSSEUS II","article_modified_time":"2015-12-16T15:59:19+00:00","twitter_card":"summary_large_image","twitter_misc":{"Estimeret l\u00e6setid":"2 minutter"},"schema":{"@context":"https:\/\/schema.org","@graph":[{"@type":"WebPage","@id":"https:\/\/odysseus-contests.eu\/2016\/da\/bibliotek\/","url":"https:\/\/odysseus-contests.eu\/2016\/da\/bibliotek\/","name":"Bibliotek - ODYSSEUS II","isPartOf":{"@id":"https:\/\/odysseus-contests.eu\/2016\/de\/#website"},"datePublished":"2015-06-20T21:46:54+00:00","dateModified":"2015-12-16T15:59:19+00:00","breadcrumb":{"@id":"https:\/\/odysseus-contests.eu\/2016\/da\/bibliotek\/#breadcrumb"},"inLanguage":"da-DK","potentialAction":[{"@type":"ReadAction","target":["https:\/\/odysseus-contests.eu\/2016\/da\/bibliotek\/"]}]},{"@type":"BreadcrumbList","@id":"https:\/\/odysseus-contests.eu\/2016\/da\/bibliotek\/#breadcrumb","itemListElement":[{"@type":"ListItem","position":1,"name":"Home","item":"https:\/\/odysseus-contests.eu\/2016\/da\/"},{"@type":"ListItem","position":2,"name":"Bibliotek"}]},{"@type":"WebSite","@id":"https:\/\/odysseus-contests.eu\/2016\/de\/#website","url":"https:\/\/odysseus-contests.eu\/2016\/de\/","name":"ODYSSEUS II","description":"Europ\u00e6isk Rumkonkurrence for Unger","potentialAction":[{"@type":"SearchAction","target":{"@type":"EntryPoint","urlTemplate":"https:\/\/odysseus-contests.eu\/2016\/de\/?s={search_term_string}"},"query-input":"required name=search_term_string"}],"inLanguage":"da-DK"}]}},"_links":{"self":[{"href":"https:\/\/odysseus-contests.eu\/2016\/da\/wp-json\/wp\/v2\/pages\/707"}],"collection":[{"href":"https:\/\/odysseus-contests.eu\/2016\/da\/wp-json\/wp\/v2\/pages"}],"about":[{"href":"https:\/\/odysseus-contests.eu\/2016\/da\/wp-json\/wp\/v2\/types\/page"}],"author":[{"embeddable":true,"href":"https:\/\/odysseus-contests.eu\/2016\/da\/wp-json\/wp\/v2\/users\/1"}],"replies":[{"embeddable":true,"href":"https:\/\/odysseus-contests.eu\/2016\/da\/wp-json\/wp\/v2\/comments?post=707"}],"version-history":[{"count":2,"href":"https:\/\/odysseus-contests.eu\/2016\/da\/wp-json\/wp\/v2\/pages\/707\/revisions"}],"predecessor-version":[{"id":6711,"href":"https:\/\/odysseus-contests.eu\/2016\/da\/wp-json\/wp\/v2\/pages\/707\/revisions\/6711"}],"wp:attachment":[{"href":"https:\/\/odysseus-contests.eu\/2016\/da\/wp-json\/wp\/v2\/media?parent=707"}],"curies":[{"name":"wp","href":"https:\/\/api.w.org\/{rel}","templated":true}]}}